{"id":9991,"date":"2018-07-30T20:53:23","date_gmt":"2018-07-30T18:53:23","guid":{"rendered":"http:\/\/woerrlein-naturfoto.de\/wordpress\/?page_id=9991"},"modified":"2021-12-19T14:19:08","modified_gmt":"2021-12-19T13:19:08","slug":"zweigestreifte-quelljungfer","status":"publish","type":"page","link":"https:\/\/woerrlein-naturfoto.de\/wordpress\/sonstige-libellen-a-z\/zweigestreifte-quelljungfer\/","title":{"rendered":"Zweigestreifte Quelljungfer"},"content":{"rendered":"<p><span style=\"color: #ffff00;\"><a style=\"color: #ffff00;\" href=\"http:\/\/woerrlein-naturfoto.de\/wordpress\/insekten\/\">Insekten <\/a><\/span>-&gt;<span style=\"color: #ffff00;\"><a style=\"color: #ffff00;\" href=\"http:\/\/woerrlein-naturfoto.de\/wordpress\/hauptseite-insekten\/insekten\/libellen\/\"> Libellen <\/a><\/span>-&gt;<span style=\"color: #ffff00;\"> <a style=\"color: #ffff00;\" href=\"http:\/\/woerrlein-naturfoto.de\/wordpress\/hauptseite-insekten\/insekten\/libellen\/wildes-durcheinander\/\">wildes Durcheinander<\/a><\/span><br \/>\n<a title=\"Insekten A-Z\" href=\"http:\/\/woerrlein-naturfoto.de\/wordpress\/insekten-a-z\/\">Insekten von A-Z<\/a><br \/>\nzur Galerie <a title=\"wildes Durcheinander\" href=\"http:\/\/woerrlein-naturfoto.de\/wordpress\/hauptseite-insekten\/insekten\/libellen\/wildes-durcheinander\/\">sonstige Libellen<\/a><\/p>\n<p><img loading=\"lazy\" decoding=\"async\" class=\"alignleft wp-image-9958\" src=\"http:\/\/woerrlein-naturfoto.de\/wordpress\/wp-content\/uploads\/2015\/01\/Zweigestreifte_Quelljungfer_AW14153L_6419x4279-600x400.jpg\" alt=\"\" width=\"600\" height=\"400\" \/>Die <b>Zweigestreifte Quelljungfer<\/b> (<i>Cordulegaster boltonii<\/i>) ist eine sehr gro\u00dfe, an sauberen, kleinen Flie\u00dfgew\u00e4ssern vorkommende Libelle aus der Unterordnung der Gro\u00dflibellen. Sie ist durch eine schmale Gelbstreifung auf schwarzer Grundfarbe gekennzeichnet. Die Art gilt als gef\u00e4hrdet und ist in Deutschland gesetzlich \u201ebesonders gesch\u00fctzt\u201c.<br \/>\nDie Imago der Zweigestreiften Quellenjungfer erreicht bei den Weibchen K\u00f6rperl\u00e4ngen um die 85 Millimeter, womit noch die gr\u00f6\u00dften Edellibellen-Arten \u00fcbertroffen werden. Die Fl\u00fcgel haben Spannweiten zwischen neun und elf Zentimetern. Wie bei allen Vertretern der Quelljungfern ber\u00fchren sich die Augen nur in einem Punkt. Der Thorax ist schwarz und weist gelbe Antehumeralstreifen und Seitenbinden auf. Der ebenfalls schwarze Hinterleib hat gelbe, in der Mitte meistens unterbrochene Querbinden, wobei sich jeweils eine breitere in der Segmentmitte und eine schm\u00e4lere am hinteren Rand des Segmentes befindet. Die F\u00e4rbung ist bei beiden Geschlechtern etwa gleich. Das hinten zwischen den Augen gelegene Hinterhauptdreieck ist gelb.<br \/>\nZweigestreifte Quelljungfern leben an Bergb\u00e4chen und an sandgr\u00fcndigen Tieflandb\u00e4chen mit einer recht guten Wasserqualit\u00e4t. Manchmal handelt es sich nur um schmale Rinnsale, wohingegen breitere Flie\u00dfgew\u00e4sser gemieden werden. Das Areal der Art erstreckt sich von Nordwestafrika und der Iberischen Halbinsel \u00fcber West- und Mitteleuropa bis nach Russland im Osten und Mittelskandinavien im Norden. In Deutschland kommt <i>Cordulegaster boltonii<\/i> zerstreut vom Norddeutschen Tiefland (z.\u00a0B. L\u00fcneburger Heide) bis in die Alpen vor. Schwerpunkte der Verbreitung und H\u00e4ufigkeit sind gew\u00e4sserreiche R\u00e4nder der Mittelgebirge, in Jungmor\u00e4nengebieten Ostdeutschlands auch B\u00e4che an Endmor\u00e4nen und in Urstromt\u00e4lern.<\/p>\n<p><strong>Flugzeit:<\/strong>\u00a0\u00a0\u00a0\u00a0 Anfang Juni bis Ende September<\/p>\n<p>Zur Galerie <a title=\"wildes Durcheinander\" href=\"http:\/\/woerrlein-naturfoto.de\/wordpress\/hauptseite-insekten\/insekten\/libellen\/wildes-durcheinander\/\">sonstige Libellen<\/a><\/p>\n<p><em>Quelle des Textauszuges und weitere Infos bei <\/em><a href=\"https:\/\/de.wikipedia.org\/wiki\/Zweigestreifte_Quelljungfer\" target=\"_blank\" rel=\"noopener noreferrer\">Wikipedia<\/a><em> (<\/em><a href=\"http:\/\/www.gnu.org\/licenses\/fdl-1.3.txt\" target=\"_blank\" rel=\"noopener noreferrer\">GNU-Lizenz<\/a><em>)\u2013 mein Dank gilt den <\/em><a href=\"https:\/\/de.wikipedia.org\/wiki\/Zweigestreifte_Quelljungfer\" target=\"_blank\" rel=\"noopener noreferrer\">Autoren<\/a><em>.<\/em><\/p>\n","protected":false},"excerpt":{"rendered":"<p>Insekten -&gt; Libellen -&gt; wildes Durcheinander Insekten von A-Z zur Galerie sonstige Libellen Die Zweigestreifte Quelljungfer (Cordulegaster boltonii) ist eine sehr gro\u00dfe, an sauberen, kleinen Flie\u00dfgew\u00e4ssern vorkommende Libelle aus der Unterordnung der Gro\u00dflibellen. Sie ist durch eine schmale Gelbstreifung auf schwarzer Grundfarbe gekennzeichnet. Die Art gilt als gef\u00e4hrdet und ist in Deutschland gesetzlich \u201ebesonders gesch\u00fctzt\u201c. &hellip; <a href=\"https:\/\/woerrlein-naturfoto.de\/wordpress\/sonstige-libellen-a-z\/zweigestreifte-quelljungfer\/\" class=\"more-link\"><span class=\"screen-reader-text\">Zweigestreifte Quelljungfer<\/span> weiterlesen <span class=\"meta-nav\">&rarr;<\/span><\/a><\/p>\n","protected":false},"author":1,"featured_media":0,"parent":3655,"menu_order":0,"comment_status":"closed","ping_status":"closed","template":"page-templates\/full-width.php","meta":{"footnotes":""},"class_list":["post-9991","page","type-page","status-publish","hentry"],"_links":{"self":[{"href":"https:\/\/woerrlein-naturfoto.de\/wordpress\/wp-json\/wp\/v2\/pages\/9991","targetHints":{"allow":["GET"]}}],"collection":[{"href":"https:\/\/woerrlein-naturfoto.de\/wordpress\/wp-json\/wp\/v2\/pages"}],"about":[{"href":"https:\/\/woerrlein-naturfoto.de\/wordpress\/wp-json\/wp\/v2\/types\/page"}],"author":[{"embeddable":true,"href":"https:\/\/woerrlein-naturfoto.de\/wordpress\/wp-json\/wp\/v2\/users\/1"}],"replies":[{"embeddable":true,"href":"https:\/\/woerrlein-naturfoto.de\/wordpress\/wp-json\/wp\/v2\/comments?post=9991"}],"version-history":[{"count":5,"href":"https:\/\/woerrlein-naturfoto.de\/wordpress\/wp-json\/wp\/v2\/pages\/9991\/revisions"}],"predecessor-version":[{"id":14501,"href":"https:\/\/woerrlein-naturfoto.de\/wordpress\/wp-json\/wp\/v2\/pages\/9991\/revisions\/14501"}],"up":[{"embeddable":true,"href":"https:\/\/woerrlein-naturfoto.de\/wordpress\/wp-json\/wp\/v2\/pages\/3655"}],"wp:attachment":[{"href":"https:\/\/woerrlein-naturfoto.de\/wordpress\/wp-json\/wp\/v2\/media?parent=9991"}],"curies":[{"name":"wp","href":"https:\/\/api.w.org\/{rel}","templated":true}]}}