{"id":999,"date":"2014-08-24T17:13:19","date_gmt":"2014-08-24T15:13:19","guid":{"rendered":"http:\/\/woerrlein-naturfoto.de\/wordpress\/?page_id=999"},"modified":"2018-01-14T17:12:44","modified_gmt":"2018-01-14T16:12:44","slug":"skua","status":"publish","type":"page","link":"https:\/\/woerrlein-naturfoto.de\/wordpress\/moewen-a-z\/skua\/","title":{"rendered":"Skua"},"content":{"rendered":"<p><a href=\"http:\/\/woerrlein-naturfoto.de\/wordpress\/voegel\/\"><span style=\"color: #ffff66;\">V\u00f6gel<\/span> <\/a>-&gt;<a href=\"http:\/\/woerrlein-naturfoto.de\/wordpress\/hauptseite-voegel\/voegel\/watvoegel-2\"> <span style=\"color: #ffff66;\">Watv\u00f6gel<\/span> <\/a>-&gt;<a href=\"http:\/\/woerrlein-naturfoto.de\/wordpress\/hauptseite-voegel\/voegel\/watvoegel\/moewen-2\/\"> <span style=\"color: #ffff66;\">M\u00f6wen<\/span><\/a><br \/>\n<a title=\"V\u00f6gel von A-Z\" href=\"http:\/\/woerrlein-naturfoto.de\/wordpress\/voegel\/voegel_von_a-z\/\">V\u00f6gel von A-Z<\/a><br \/>\nZur Galerie <a title=\"M\u00f6wen\" href=\"http:\/\/woerrlein-naturfoto.de\/wordpress\/hauptseite-voegel\/voegel\/watvoegel\/moewen-2\/\">M\u00f6wen<\/a><\/p>\n<p><img loading=\"lazy\" decoding=\"async\" class=\"alignleft wp-image-938\" src=\"http:\/\/woerrlein-naturfoto.de\/wordpress\/wp-content\/uploads\/Skua_17449_v-600x400.jpg\" alt=\"Skua_17449_v.jpg\" width=\"600\" height=\"400\" \/><\/p>\n<p>Die <strong>Skua <\/strong>oder<strong> Gro\u00dfe Raubm\u00f6we<\/strong><em> (Stercorarius skua)<\/em> ist die gr\u00f6\u00dfte Raubm\u00f6we und ein au\u00dferordentlich aggressiver Vogel, der jeden Eindringling in Nestn\u00e4he, auch Menschen , beherzt angreift. Sie br\u00fcten in lockeren Kolonien die h\u00e4ufig in der N\u00e4he anderer Seevogelkolonien liegen. Dadurch ist leichte Beute w\u00e4hrend der ganzen Saison garantiert. Die Raubm\u00f6wen verfolgen fliegende, Futter tragende Seev\u00f6gel, zwingen sie ihre Beute fallen zu lassen und fangen diese dann auf. Nat\u00fcrlich k\u00f6nnen sie auch selbst Fische fangen.<\/p>\n<p>L\u00e4nge: 53-66 cm\u00a0\u00a0 Spannweite: 125-140 cm\u00a0\u00a0 Gewicht: 1,2-1,8 kg\u00a0\u00a0 Gelege: 2 Eier<\/p>\n<p>Zur Galerie <a title=\"M\u00f6wen\" href=\"http:\/\/woerrlein-naturfoto.de\/wordpress\/hauptseite-voegel\/voegel\/watvoegel\/moewen-2\/\">M\u00f6wen<\/a><\/p>\n","protected":false},"excerpt":{"rendered":"<p>V\u00f6gel -&gt; Watv\u00f6gel -&gt; M\u00f6wen V\u00f6gel von A-Z Zur Galerie M\u00f6wen Die Skua oder Gro\u00dfe Raubm\u00f6we (Stercorarius skua) ist die gr\u00f6\u00dfte Raubm\u00f6we und ein au\u00dferordentlich aggressiver Vogel, der jeden Eindringling in Nestn\u00e4he, auch Menschen , beherzt angreift. Sie br\u00fcten in lockeren Kolonien die h\u00e4ufig in der N\u00e4he anderer Seevogelkolonien liegen. Dadurch ist leichte Beute w\u00e4hrend &hellip; <a href=\"https:\/\/woerrlein-naturfoto.de\/wordpress\/moewen-a-z\/skua\/\" class=\"more-link\"><span class=\"screen-reader-text\">Skua<\/span> weiterlesen <span class=\"meta-nav\">&rarr;<\/span><\/a><\/p>\n","protected":false},"author":1,"featured_media":0,"parent":961,"menu_order":0,"comment_status":"closed","ping_status":"closed","template":"page-templates\/full-width.php","meta":{"footnotes":""},"class_list":["post-999","page","type-page","status-publish","hentry"],"_links":{"self":[{"href":"https:\/\/woerrlein-naturfoto.de\/wordpress\/wp-json\/wp\/v2\/pages\/999","targetHints":{"allow":["GET"]}}],"collection":[{"href":"https:\/\/woerrlein-naturfoto.de\/wordpress\/wp-json\/wp\/v2\/pages"}],"about":[{"href":"https:\/\/woerrlein-naturfoto.de\/wordpress\/wp-json\/wp\/v2\/types\/page"}],"author":[{"embeddable":true,"href":"https:\/\/woerrlein-naturfoto.de\/wordpress\/wp-json\/wp\/v2\/users\/1"}],"replies":[{"embeddable":true,"href":"https:\/\/woerrlein-naturfoto.de\/wordpress\/wp-json\/wp\/v2\/comments?post=999"}],"version-history":[{"count":9,"href":"https:\/\/woerrlein-naturfoto.de\/wordpress\/wp-json\/wp\/v2\/pages\/999\/revisions"}],"predecessor-version":[{"id":9580,"href":"https:\/\/woerrlein-naturfoto.de\/wordpress\/wp-json\/wp\/v2\/pages\/999\/revisions\/9580"}],"up":[{"embeddable":true,"href":"https:\/\/woerrlein-naturfoto.de\/wordpress\/wp-json\/wp\/v2\/pages\/961"}],"wp:attachment":[{"href":"https:\/\/woerrlein-naturfoto.de\/wordpress\/wp-json\/wp\/v2\/media?parent=999"}],"curies":[{"name":"wp","href":"https:\/\/api.w.org\/{rel}","templated":true}]}}