{"id":9942,"date":"2018-06-14T12:55:58","date_gmt":"2018-06-14T10:55:58","guid":{"rendered":"http:\/\/woerrlein-naturfoto.de\/wordpress\/?page_id=9942"},"modified":"2018-07-30T21:32:42","modified_gmt":"2018-07-30T19:32:42","slug":"schnatterente","status":"publish","type":"page","link":"https:\/\/woerrlein-naturfoto.de\/wordpress\/gruendelenten-a-z\/schnatterente\/","title":{"rendered":"Schnatterente"},"content":{"rendered":"<p><a href=\"http:\/\/woerrlein-naturfoto.de\/wordpress\/voegel\/\"><span style=\"color: #ffff66;\">V\u00f6gel<\/span> <\/a>-&gt;<a href=\"http:\/\/woerrlein-naturfoto.de\/wordpress\/voegel\/gaensevoegel\/\"> <span style=\"color: #ffff66;\">G\u00e4nsev\u00f6gel<\/span> <\/a>-&gt;<a href=\"http:\/\/woerrlein-naturfoto.de\/wordpress\/hauptseite-voegel\/voegel\/gaensevoegel-2\/gruendelenten\/\"> <span style=\"color: #ffff66;\">Gr\u00fcndelenten<\/span><\/a><a title=\"G\u00e4nsev\u00f6gel\" href=\"http:\/\/woerrlein-naturfoto.de\/wordpress\/voegel\/gaensevoegel\/\"><br \/>\n<\/a><a href=\"http:\/\/woerrlein-naturfoto.de\/wordpress\/voegel_von_a-z\/\">V\u00f6gel von A-Z<\/a><br \/>\nzur Galerie <a title=\"Gr\u00fcndelenten\" href=\"http:\/\/woerrlein-naturfoto.de\/wordpress\/hauptseite-voegel\/voegel\/gaensevoegel-2\/gruendelenten\/\">Gr\u00fcndelenten<\/a><code><br \/>\n<\/code><\/p>\n<p><img loading=\"lazy\" decoding=\"async\" class=\"alignleft wp-image-9908\" src=\"http:\/\/woerrlein-naturfoto.de\/wordpress\/wp-content\/uploads\/2018\/06\/Schnatterente_D180401_0793-600x400.jpg\" alt=\"\" width=\"600\" height=\"400\" srcset=\"https:\/\/woerrlein-naturfoto.de\/wordpress\/wp-content\/uploads\/2018\/06\/Schnatterente_D180401_0793-600x400.jpg 600w, https:\/\/woerrlein-naturfoto.de\/wordpress\/wp-content\/uploads\/2018\/06\/Schnatterente_D180401_0793-768x512.jpg 768w, https:\/\/woerrlein-naturfoto.de\/wordpress\/wp-content\/uploads\/2018\/06\/Schnatterente_D180401_0793-120x80.jpg 120w, https:\/\/woerrlein-naturfoto.de\/wordpress\/wp-content\/uploads\/2018\/06\/Schnatterente_D180401_0793.jpg 1000w\" sizes=\"auto, (max-width: 600px) 100vw, 600px\" \/>Die <b>Schnatterente<\/b> (<i>Mareca strepera<\/i>), in \u00e4lterer Literatur auch <b>Mittelente<\/b> oder <b>Knarrente<\/b> genannt, ist eine Vogelart aus der Familie der Entenv\u00f6gel. Der mittlerweile altert\u00fcmliche Begriff Mittelente dr\u00fcckt aus, dass ihre K\u00f6rpergr\u00f6\u00dfe zwischen der der kleineren europ\u00e4ischen Entenarten und der Stockente liegt. Der Begriff Schnatterente weist dagegen auf die Art ihrer Nahrungsaufnahme hin. Diese unterscheidet sich allerdings nicht von der anderer Gr\u00fcndelenten.<br \/>\nDie M\u00e4nnchen der Schnatterente sind auch in ihrem Prachtkleid unauff\u00e4llig und gleichen aus der Entfernung den Weibchen der eigentlichen Enten. Auffallend am Erpel ist lediglich das Schuppenmuster in zarten Graut\u00f6nen, das aber nur aus der N\u00e4he auff\u00e4llt. Die Schnatterente, f\u00fcr die keine Unterarten unterschieden werden, ist im gesamten mitteleurop\u00e4ischen Gebiet ein nicht sehr h\u00e4ufiger Brut- und Jahresvogel. Sie ist au\u00dferdem ein regelm\u00e4\u00dfiger und zum Teil h\u00e4ufiger Durchzieher auf ihrem Zug in die \u00dcberwinterungsquartiere und zur\u00fcck. Im Nordosten Mitteleuropas l\u00e4sst sich zunehmend eine \u00dcberwinterungsneigung dieser Art feststellen.<\/p>\n<p>L\u00e4nge: 45-55 cm\u00a0\u00a0 Spannweite: 85-95 cm\u00a0\u00a0 Gewicht: 600-900 g\u00a0\u00a0 Gelege: 8-12 Eier<\/p>\n<p>zur Galerie <a title=\"Gr\u00fcndelenten\" href=\"http:\/\/woerrlein-naturfoto.de\/wordpress\/hauptseite-voegel\/voegel\/gaensevoegel-2\/gruendelenten\/\">Gr\u00fcndelenten<\/a><code><br \/>\n<\/code><\/p>\n<p><em>Quelle des Textauszuges und weitere Infos bei <\/em><a href=\"https:\/\/de.wikipedia.org\/wiki\/Schnatterente\" target=\"_blank\" rel=\"noopener noreferrer\">Wikipedia<\/a> <em>(<\/em><a href=\"http:\/\/www.gnu.org\/licenses\/fdl-1.3.txt\" target=\"_blank\" rel=\"noopener noreferrer\">GNU-Lizenz<\/a><em>)<\/em> \u2013 <em>mein Dank gilt den<\/em> <a href=\"https:\/\/de.wikipedia.org\/w\/index.php?title=Schnatterente&amp;action=history\" target=\"_blank\" rel=\"noopener noreferrer\">Autoren<\/a>.<\/p>\n","protected":false},"excerpt":{"rendered":"<p>V\u00f6gel -&gt; G\u00e4nsev\u00f6gel -&gt; Gr\u00fcndelenten V\u00f6gel von A-Z zur Galerie Gr\u00fcndelenten Die Schnatterente (Mareca strepera), in \u00e4lterer Literatur auch Mittelente oder Knarrente genannt, ist eine Vogelart aus der Familie der Entenv\u00f6gel. Der mittlerweile altert\u00fcmliche Begriff Mittelente dr\u00fcckt aus, dass ihre K\u00f6rpergr\u00f6\u00dfe zwischen der der kleineren europ\u00e4ischen Entenarten und der Stockente liegt. Der Begriff Schnatterente weist &hellip; <a href=\"https:\/\/woerrlein-naturfoto.de\/wordpress\/gruendelenten-a-z\/schnatterente\/\" class=\"more-link\"><span class=\"screen-reader-text\">Schnatterente<\/span> weiterlesen <span class=\"meta-nav\">&rarr;<\/span><\/a><\/p>\n","protected":false},"author":1,"featured_media":0,"parent":2234,"menu_order":0,"comment_status":"closed","ping_status":"closed","template":"page-templates\/full-width.php","meta":{"footnotes":""},"class_list":["post-9942","page","type-page","status-publish","hentry"],"_links":{"self":[{"href":"https:\/\/woerrlein-naturfoto.de\/wordpress\/wp-json\/wp\/v2\/pages\/9942","targetHints":{"allow":["GET"]}}],"collection":[{"href":"https:\/\/woerrlein-naturfoto.de\/wordpress\/wp-json\/wp\/v2\/pages"}],"about":[{"href":"https:\/\/woerrlein-naturfoto.de\/wordpress\/wp-json\/wp\/v2\/types\/page"}],"author":[{"embeddable":true,"href":"https:\/\/woerrlein-naturfoto.de\/wordpress\/wp-json\/wp\/v2\/users\/1"}],"replies":[{"embeddable":true,"href":"https:\/\/woerrlein-naturfoto.de\/wordpress\/wp-json\/wp\/v2\/comments?post=9942"}],"version-history":[{"count":5,"href":"https:\/\/woerrlein-naturfoto.de\/wordpress\/wp-json\/wp\/v2\/pages\/9942\/revisions"}],"predecessor-version":[{"id":10002,"href":"https:\/\/woerrlein-naturfoto.de\/wordpress\/wp-json\/wp\/v2\/pages\/9942\/revisions\/10002"}],"up":[{"embeddable":true,"href":"https:\/\/woerrlein-naturfoto.de\/wordpress\/wp-json\/wp\/v2\/pages\/2234"}],"wp:attachment":[{"href":"https:\/\/woerrlein-naturfoto.de\/wordpress\/wp-json\/wp\/v2\/media?parent=9942"}],"curies":[{"name":"wp","href":"https:\/\/api.w.org\/{rel}","templated":true}]}}