{"id":9776,"date":"2018-04-22T13:59:39","date_gmt":"2018-04-22T11:59:39","guid":{"rendered":"http:\/\/woerrlein-naturfoto.de\/wordpress\/?page_id=9776"},"modified":"2021-12-16T13:43:18","modified_gmt":"2021-12-16T12:43:18","slug":"spinnenragwurz","status":"publish","type":"page","link":"https:\/\/woerrlein-naturfoto.de\/wordpress\/ragwurzen-a-z\/spinnenragwurz\/","title":{"rendered":"Spinnenragwurz"},"content":{"rendered":"<p><span style=\"color: #ffff66;\"><a style=\"color: #ffff66;\" href=\"http:\/\/woerrlein-naturfoto.de\/wordpress\/hauptseite-pflanzen\/pflanzen\/\"><span style=\"color: #ffff00;\">Pflanzen<\/span><\/a> <\/span>-&gt;<span style=\"color: #ffff66;\"><a style=\"color: #ffff66;\" href=\"http:\/\/woerrlein-naturfoto.de\/wordpress\/hauptseite-pflanzen\/pflanzen\/blueten-i-orchideen-2\/\"><span style=\"color: #ffff00;\">Orchideen<\/span><\/a> <\/span>-&gt;<span style=\"color: #ffff00;\"><a style=\"color: #ffff00;\" href=\"https:\/\/woerrlein-naturfoto.de\/wordpress\/hauptseite-pflanzen\/pflanzen\/blueten-i-orchideen-2\/ragwurzen-ophris\/\"> Ragwurzen (Ophrys)<\/a><\/span><br \/>\n<a href=\"http:\/\/woerrlein-naturfoto.de\/wordpress\/pflanzen-von-a-z\/\">Pflanzen von A-Z<\/a><br \/>\nZur Galerie<a href=\"https:\/\/woerrlein-naturfoto.de\/wordpress\/hauptseite-pflanzen\/pflanzen\/blueten-i-orchideen-2\/ragwurzen-ophris\/\"> Ragwurzen<\/a><code><br \/>\n<\/code><\/p>\n<p><img loading=\"lazy\" decoding=\"async\" class=\"alignleft wp-image-9756\" src=\"http:\/\/woerrlein-naturfoto.de\/wordpress\/wp-content\/uploads\/2015\/01\/Spinnenragwurz_D170423_2228-400x600.jpg\" alt=\"\" width=\"267\" height=\"400\" \/>Die <b>Gro\u00dfe Spinnen-Ragwurz<\/b> oder auch nur <b>Spinnen-Ragwurz<\/b> (<i>Ophrys sphegodes<\/i>) ist eine Vertreterin der Gattung Ragwurzen aus der Familie der Orchideen.<br \/>\nEs ist eine ausdauernde krautige Pflanze. Die Kelchbl\u00e4tter sind gr\u00fcn oder wei\u00dflich-rosa gef\u00e4rbt, w\u00e4hrend die kahlen und oft welligen Kronbl\u00e4tter gelbgr\u00fcn bis braunrot erscheinen. Die rote bis braune Lippe ist, wenn \u00fcberhaupt, nur schwach geteilt. Ganz selten kommen tief dreilappige Varianten vor.\u00a0 F\u00fcr die Gro\u00dfe Spinnen-Ragwurz wurde k\u00fcrzlich nachgewiesen, dass der Sexuallockstoff der best\u00e4ubenden Sand- oder Erdbiene Andrena nigroaena mit dem Duftstoff der Pflanze nahezu identisch ist.<br \/>\nMan findet diese Art in lichten W\u00e4ldern, Macchien, Garriguen und Magerrasen mit frischen bis m\u00e4\u00dfig trockenen, aber stets basenreichen B\u00f6den. Im Gebirge findet man diese Pflanzen-Art bis zu einer H\u00f6he von 1300 Metern \u00fcber NN.<\/p>\n<p><strong>Bl\u00fctezeit:<\/strong>\u00a0\u00a0\u00a0\u00a0 Ende April bis Mitte Juni<\/p>\n<p>Zur Galerie<a href=\"https:\/\/woerrlein-naturfoto.de\/wordpress\/hauptseite-pflanzen\/pflanzen\/blueten-i-orchideen-2\/ragwurzen-ophris\/\"> Ragwurzen<\/a><\/p>\n<p><em>Quelle des Textauszuges und weitere Infos bei <\/em><a href=\"https:\/\/de.wikipedia.org\/wiki\/Gro%C3%9Fe_Spinnen-Ragwurz\" target=\"_blank\" rel=\"noopener noreferrer\">Wikipedia<\/a><em> (<\/em><a href=\"http:\/\/www.gnu.org\/licenses\/fdl-1.3.txt\" target=\"_blank\" rel=\"noopener noreferrer\">GNU-Lizenz<\/a><em>)\u2013 mein Dank gilt den <\/em><a href=\"https:\/\/de.wikipedia.org\/w\/index.php?title=Gro%C3%9Fe_Spinnen-Ragwurz&amp;action=history\" target=\"_blank\" rel=\"noopener noreferrer\">Autoren<\/a><em>.<\/em><\/p>\n","protected":false},"excerpt":{"rendered":"<p>Pflanzen -&gt;Orchideen -&gt; Ragwurzen (Ophrys) Pflanzen von A-Z Zur Galerie Ragwurzen Die Gro\u00dfe Spinnen-Ragwurz oder auch nur Spinnen-Ragwurz (Ophrys sphegodes) ist eine Vertreterin der Gattung Ragwurzen aus der Familie der Orchideen. Es ist eine ausdauernde krautige Pflanze. Die Kelchbl\u00e4tter sind gr\u00fcn oder wei\u00dflich-rosa gef\u00e4rbt, w\u00e4hrend die kahlen und oft welligen Kronbl\u00e4tter gelbgr\u00fcn bis braunrot erscheinen. &hellip; <a href=\"https:\/\/woerrlein-naturfoto.de\/wordpress\/ragwurzen-a-z\/spinnenragwurz\/\" class=\"more-link\"><span class=\"screen-reader-text\">Spinnenragwurz<\/span> weiterlesen <span class=\"meta-nav\">&rarr;<\/span><\/a><\/p>\n","protected":false},"author":1,"featured_media":0,"parent":14232,"menu_order":0,"comment_status":"closed","ping_status":"closed","template":"page-templates\/full-width.php","meta":{"footnotes":""},"class_list":["post-9776","page","type-page","status-publish","hentry"],"_links":{"self":[{"href":"https:\/\/woerrlein-naturfoto.de\/wordpress\/wp-json\/wp\/v2\/pages\/9776","targetHints":{"allow":["GET"]}}],"collection":[{"href":"https:\/\/woerrlein-naturfoto.de\/wordpress\/wp-json\/wp\/v2\/pages"}],"about":[{"href":"https:\/\/woerrlein-naturfoto.de\/wordpress\/wp-json\/wp\/v2\/types\/page"}],"author":[{"embeddable":true,"href":"https:\/\/woerrlein-naturfoto.de\/wordpress\/wp-json\/wp\/v2\/users\/1"}],"replies":[{"embeddable":true,"href":"https:\/\/woerrlein-naturfoto.de\/wordpress\/wp-json\/wp\/v2\/comments?post=9776"}],"version-history":[{"count":14,"href":"https:\/\/woerrlein-naturfoto.de\/wordpress\/wp-json\/wp\/v2\/pages\/9776\/revisions"}],"predecessor-version":[{"id":14302,"href":"https:\/\/woerrlein-naturfoto.de\/wordpress\/wp-json\/wp\/v2\/pages\/9776\/revisions\/14302"}],"up":[{"embeddable":true,"href":"https:\/\/woerrlein-naturfoto.de\/wordpress\/wp-json\/wp\/v2\/pages\/14232"}],"wp:attachment":[{"href":"https:\/\/woerrlein-naturfoto.de\/wordpress\/wp-json\/wp\/v2\/media?parent=9776"}],"curies":[{"name":"wp","href":"https:\/\/api.w.org\/{rel}","templated":true}]}}