{"id":9705,"date":"2018-04-12T21:25:07","date_gmt":"2018-04-12T19:25:07","guid":{"rendered":"http:\/\/woerrlein-naturfoto.de\/wordpress\/?page_id=9705"},"modified":"2021-12-13T11:45:15","modified_gmt":"2021-12-13T10:45:15","slug":"datenschutzerklaerung","status":"publish","type":"page","link":"https:\/\/woerrlein-naturfoto.de\/wordpress\/datenschutzerklaerung\/","title":{"rendered":"DATENSCHUTZERKL\u00c4RUNG"},"content":{"rendered":"<p>Wir nehmen den Schutz Ihrer pers\u00f6nlichen Daten sehr ernst und halten\u00a0 uns an die Regeln der Datenschutzgesetze. Personenbezogene Daten werden auf dieser Webseite nur im notwendigen Umfang erhoben. In keinem Fall werden die erhobenen Daten verkauft oder aus anderen Gr\u00fcnden an Dritte weitergegeben.<\/p>\n<p>Die nachfolgende Erkl\u00e4rung gibt Ihnen einen \u00dcberblick dar\u00fcber, wie wir diesen Schutz gew\u00e4hrleisten und welche Art von Daten zu welchem Zweck erhoben werden.<\/p>\n<h4><strong><u>Datenerhebung<\/u><\/strong><\/h4>\n<p>Daten von Besuchern werden vom Betreiber dieses Internetauftrittes nur durch die Mail, die durch Ausf\u00fcllen der Felder des Kontaktformulares erzeugt wird, erhoben und gespeichert.<br \/>\nDurch den Provider werden die IP-Adressen der Besucher erfasst und in Logfiles gespeichert. Nach Beendigung der Verbindung werden die IP-Adressen anonymisiert und nach sp\u00e4testens sieben Tagen gel\u00f6scht. Auf diesen Log-Daten beruht die vom Provider zu Verf\u00fcgung gestellten Statistik \u00fcber die Besuche dieser Website.<\/p>\n<h4><strong><u>Kontakt<\/u><\/strong><\/h4>\n<p>Treten Sie per E-Mail oder Kontaktformular (E-MAIL AN UNS) mit uns in Kontakt,\u00a0 wird die Korrespondenz archiviert, sowie die Kontaktdaten im Adressbuch unseres Mailprogrammes gespeichert.<\/p>\n<h4><strong><u>Auskunft, Berichtigung, L\u00f6schung und Widerspruch<\/u><\/strong><\/h4>\n<p>Sie haben das Recht, jederzeit Auskunft \u00fcber Ihre bei uns gespeicherten personenbezogenen Daten zu erhalten. Ebenso haben Sie das Recht auf Berichtigung oder, abgesehen von der vorgeschriebenen Datenspeicherung zu einer Gesch\u00e4ftsabwicklung, L\u00f6schung Ihrer personenbezogenen Daten. Bitte wenden Sie sich dazu an uns. Dazu k\u00f6nnen Sie diesen Link <a href=\"http:\/\/woerrlein-naturfoto.de\/wordpress\/kontakt\/\" target=\"_blank\" rel=\"noopener noreferrer\">E-MAIL\u00a0 AN\u00a0 UNS<\/a> verwenden.<\/p>\n<h4><strong><u>\u00c4nderung unserer Datenschutzbestimmungen<\/u><\/strong><u><\/u><\/h4>\n<p>Wir behalten uns vor, diese Datenschutzerkl\u00e4rung gelegentlich anzupassen, damit sie stets den aktuellen rechtlichen Anforderungen entspricht oder um \u00c4nderungen unserer Leistungen in der Datenschutzerkl\u00e4rung umzusetzen, z. B. bei der Einf\u00fchrung neuer Services. F\u00fcr Ihren erneuten Besuch gilt dann die neue Datenschutzerkl\u00e4rung.<\/p>\n<h4><strong><u>Fragen<\/u><\/strong><u><\/u><\/h4>\n<p>Wenn Sie Fragen zum Datenschutz haben, schreiben Sie uns (siehe <a href=\"http:\/\/woerrlein-naturfoto.de\/wordpress\/impressum\/\" target=\"_blank\" rel=\"noopener noreferrer\">Impressum<\/a>) oder verwenden den Link <a href=\"http:\/\/woerrlein-naturfoto.de\/wordpress\/kontakt\/\" target=\"_blank\" rel=\"noopener noreferrer\">E-MAIL\u00a0 AN\u00a0 UNS<\/a>.<\/p>\n<p><a href=\"javascript:history.back()\">zur&uuml;ck<\/a><\/p>\n","protected":false},"excerpt":{"rendered":"<p>Wir nehmen den Schutz Ihrer pers\u00f6nlichen Daten sehr ernst und halten\u00a0 uns an die Regeln der Datenschutzgesetze. Personenbezogene Daten werden auf dieser Webseite nur im notwendigen Umfang erhoben. In keinem Fall werden die erhobenen Daten verkauft oder aus anderen Gr\u00fcnden an Dritte weitergegeben. Die nachfolgende Erkl\u00e4rung gibt Ihnen einen \u00dcberblick dar\u00fcber, wie wir diesen Schutz &hellip; <a href=\"https:\/\/woerrlein-naturfoto.de\/wordpress\/datenschutzerklaerung\/\" class=\"more-link\"><span class=\"screen-reader-text\">DATENSCHUTZERKL\u00c4RUNG<\/span> weiterlesen <span class=\"meta-nav\">&rarr;<\/span><\/a><\/p>\n","protected":false},"author":1,"featured_media":0,"parent":0,"menu_order":0,"comment_status":"closed","ping_status":"closed","template":"","meta":{"footnotes":""},"class_list":["post-9705","page","type-page","status-publish","hentry"],"_links":{"self":[{"href":"https:\/\/woerrlein-naturfoto.de\/wordpress\/wp-json\/wp\/v2\/pages\/9705","targetHints":{"allow":["GET"]}}],"collection":[{"href":"https:\/\/woerrlein-naturfoto.de\/wordpress\/wp-json\/wp\/v2\/pages"}],"about":[{"href":"https:\/\/woerrlein-naturfoto.de\/wordpress\/wp-json\/wp\/v2\/types\/page"}],"author":[{"embeddable":true,"href":"https:\/\/woerrlein-naturfoto.de\/wordpress\/wp-json\/wp\/v2\/users\/1"}],"replies":[{"embeddable":true,"href":"https:\/\/woerrlein-naturfoto.de\/wordpress\/wp-json\/wp\/v2\/comments?post=9705"}],"version-history":[{"count":45,"href":"https:\/\/woerrlein-naturfoto.de\/wordpress\/wp-json\/wp\/v2\/pages\/9705\/revisions"}],"predecessor-version":[{"id":14199,"href":"https:\/\/woerrlein-naturfoto.de\/wordpress\/wp-json\/wp\/v2\/pages\/9705\/revisions\/14199"}],"wp:attachment":[{"href":"https:\/\/woerrlein-naturfoto.de\/wordpress\/wp-json\/wp\/v2\/media?parent=9705"}],"curies":[{"name":"wp","href":"https:\/\/api.w.org\/{rel}","templated":true}]}}