{"id":963,"date":"2014-08-24T16:33:26","date_gmt":"2014-08-24T14:33:26","guid":{"rendered":"http:\/\/woerrlein-naturfoto.de\/wordpress\/?page_id=963"},"modified":"2015-02-16T12:51:38","modified_gmt":"2015-02-16T11:51:38","slug":"lachmoewen","status":"publish","type":"page","link":"https:\/\/woerrlein-naturfoto.de\/wordpress\/moewen-a-z\/lachmoewen\/","title":{"rendered":"Lachm\u00f6we"},"content":{"rendered":"<p><a href=\"http:\/\/woerrlein-naturfoto.de\/wordpress\/voegel\/\"><span style=\"color: #ffff66;\">V\u00f6gel<\/span> <\/a>-&gt;<a href=\"http:\/\/woerrlein-naturfoto.de\/wordpress\/hauptseite-voegel\/voegel\/watvoegel-2\"> <span style=\"color: #ffff66;\">Watv\u00f6gel<\/span> <\/a>-&gt;<a href=\"http:\/\/woerrlein-naturfoto.de\/wordpress\/hauptseite-voegel\/voegel\/watvoegel\/moewen-2\/\"> <span style=\"color: #ffff66;\">M\u00f6wen<\/span><\/a><br \/>\n<a title=\"V\u00f6gel von A-Z\" href=\"http:\/\/woerrlein-naturfoto.de\/wordpress\/voegel\/voegel_von_a-z\/\">V\u00f6gel von A-Z<\/a><br \/>\nZur Galerie <a title=\"M\u00f6wen\" href=\"http:\/\/woerrlein-naturfoto.de\/wordpress\/hauptseite-voegel\/voegel\/watvoegel\/moewen-2\/\">M\u00f6wen<\/a><\/p>\n<p><img loading=\"lazy\" decoding=\"async\" class=\"alignleft wp-image-934\" src=\"http:\/\/woerrlein-naturfoto.de\/wordpress\/wp-content\/uploads\/Lachmoewen_AW23138v-600x401.jpg\" alt=\"Lachmoewen_AW23138v.jpg\" width=\"600\" height=\"401\" srcset=\"https:\/\/woerrlein-naturfoto.de\/wordpress\/wp-content\/uploads\/Lachmoewen_AW23138v-600x401.jpg 600w, https:\/\/woerrlein-naturfoto.de\/wordpress\/wp-content\/uploads\/Lachmoewen_AW23138v-120x80.jpg 120w, https:\/\/woerrlein-naturfoto.de\/wordpress\/wp-content\/uploads\/Lachmoewen_AW23138v.jpg 1000w\" sizes=\"auto, (max-width: 600px) 100vw, 600px\" \/><\/p>\n<p>Die <b>Lachm\u00f6we<\/b> (<i>Larus ridibundus<\/i>) ist eine Vogelart aus der Familie der M\u00f6wen. Diese kleine M\u00f6wenart besiedelt weite Teile der n\u00f6rdlichen <a href=\"de.wikipedia.org\/wiki\/Pal\u00e4arktis\" target=\"_blank\">Pal\u00e4arktis<\/a> von Island und Irland bis Kamtschatka. Lachm\u00f6wen br\u00fcten in den Verlandungszonen gr\u00f6\u00dferer Gew\u00e4sser vor allem im Binnenland, seit einiger Zeit jedoch auch zunehmend an K\u00fcsten. Die Art ist im n\u00f6rdlichen Mitteleuropa ein h\u00e4ufiger Brutvogel und verbringt auch den Winter in gro\u00dfer Zahl in Mittel- und Westeuropa. Das Nahrungsspektrum der Lachm\u00f6we ist sehr breit und umfasst sowohl pflanzliche als auch tierische Anteile, wobei letztere meist \u00fcberwiegen. Zur Nahrung z\u00e4hlen vor allem Regenw\u00fcrmer, Vielborster, Krebstiere, verschiedenste Insekten, kleine Fische sowie Getreidek\u00f6rner und andere Pflanzensamen, regelm\u00e4\u00dfig auch kleine Wirbeltiere lebend oder als Aas. In der Garnelenfischerei sind sie regelm\u00e4\u00dfig Schiffsfolger. Sie folgen au\u00dferdem auf Agrarland ackernden Traktoren, wobei sie die durch den Maschineneinsatz freigelegten Regenw\u00fcrmer fressen.\u00a0Lachm\u00f6wen sind im Alter von zwei Jahren geschlechtsreif, ein erstmaliges Br\u00fcten erfolgt jedoch meist erst im vierten Kalenderjahr. Lachm\u00f6wen f\u00fchren eine monogame Saisonehe. Auf Grund ihrer Brutplatztreue ist eine Wiederverpaarung mit dem Partnervogel des Vorjahres m\u00f6glich.<\/p>\n<p>L\u00e4nge: 38-44 cm\u00a0\u00a0 Spannweite: 97-105 cm\u00a0\u00a0 Gewicht: 160-310 g\u00a0\u00a0 Gelege: 2-3 Eier<\/p>\n<p>Zur Galerie <a title=\"M\u00f6wen\" href=\"http:\/\/woerrlein-naturfoto.de\/wordpress\/hauptseite-voegel\/voegel\/watvoegel\/moewen-2\/\">M\u00f6wen<\/a><\/p>\n<p>&nbsp;<\/p>\n<p><em>Quelle des Textauszuges und weitere Infos bei <\/em><a href=\"http:\/\/de.wikipedia.org\/wiki\/Lachm%C3%B6we\" target=\"_blank\">Wikipedia<\/a> <em>(<\/em><a href=\"http:\/\/www.gnu.org\/licenses\/fdl-1.3.txt\" target=\"_blank\">GNU-Lizenz<\/a><em>)<\/em> \u2013 <em>mein Dank gilt den<\/em> <a href=\"http:\/\/de.wikipedia.org\/w\/index.php?title=Lachm%C3%B6we&amp;action=history\" target=\"_blank\">Autoren<\/a>.<\/p>\n","protected":false},"excerpt":{"rendered":"<p>V\u00f6gel -&gt; Watv\u00f6gel -&gt; M\u00f6wen V\u00f6gel von A-Z Zur Galerie M\u00f6wen Die Lachm\u00f6we (Larus ridibundus) ist eine Vogelart aus der Familie der M\u00f6wen. Diese kleine M\u00f6wenart besiedelt weite Teile der n\u00f6rdlichen Pal\u00e4arktis von Island und Irland bis Kamtschatka. Lachm\u00f6wen br\u00fcten in den Verlandungszonen gr\u00f6\u00dferer Gew\u00e4sser vor allem im Binnenland, seit einiger Zeit jedoch auch zunehmend &hellip; <a href=\"https:\/\/woerrlein-naturfoto.de\/wordpress\/moewen-a-z\/lachmoewen\/\" class=\"more-link\"><span class=\"screen-reader-text\">Lachm\u00f6we<\/span> weiterlesen <span class=\"meta-nav\">&rarr;<\/span><\/a><\/p>\n","protected":false},"author":1,"featured_media":0,"parent":961,"menu_order":0,"comment_status":"closed","ping_status":"closed","template":"page-templates\/full-width.php","meta":{"footnotes":""},"class_list":["post-963","page","type-page","status-publish","hentry"],"_links":{"self":[{"href":"https:\/\/woerrlein-naturfoto.de\/wordpress\/wp-json\/wp\/v2\/pages\/963","targetHints":{"allow":["GET"]}}],"collection":[{"href":"https:\/\/woerrlein-naturfoto.de\/wordpress\/wp-json\/wp\/v2\/pages"}],"about":[{"href":"https:\/\/woerrlein-naturfoto.de\/wordpress\/wp-json\/wp\/v2\/types\/page"}],"author":[{"embeddable":true,"href":"https:\/\/woerrlein-naturfoto.de\/wordpress\/wp-json\/wp\/v2\/users\/1"}],"replies":[{"embeddable":true,"href":"https:\/\/woerrlein-naturfoto.de\/wordpress\/wp-json\/wp\/v2\/comments?post=963"}],"version-history":[{"count":17,"href":"https:\/\/woerrlein-naturfoto.de\/wordpress\/wp-json\/wp\/v2\/pages\/963\/revisions"}],"predecessor-version":[{"id":6246,"href":"https:\/\/woerrlein-naturfoto.de\/wordpress\/wp-json\/wp\/v2\/pages\/963\/revisions\/6246"}],"up":[{"embeddable":true,"href":"https:\/\/woerrlein-naturfoto.de\/wordpress\/wp-json\/wp\/v2\/pages\/961"}],"wp:attachment":[{"href":"https:\/\/woerrlein-naturfoto.de\/wordpress\/wp-json\/wp\/v2\/media?parent=963"}],"curies":[{"name":"wp","href":"https:\/\/api.w.org\/{rel}","templated":true}]}}