{"id":9537,"date":"2017-12-31T15:48:28","date_gmt":"2017-12-31T14:48:28","guid":{"rendered":"http:\/\/woerrlein-naturfoto.de\/wordpress\/?page_id=9537"},"modified":"2017-12-31T15:48:28","modified_gmt":"2017-12-31T14:48:28","slug":"europaeische-sumpfschildkroete","status":"publish","type":"page","link":"https:\/\/woerrlein-naturfoto.de\/wordpress\/reptilien-a-z\/europaeische-sumpfschildkroete\/","title":{"rendered":"Europ\u00e4ische Sumpfschildkr\u00f6te"},"content":{"rendered":"<p><a href=\"http:\/\/woerrlein-naturfoto.de\/wordpress\/hauptseite-sonstige-tiere\/sonstige-tiere\/\"><span style=\"color: #ffff66;\">sonstige Tiere<\/span> <\/a>-&gt;<a title=\"Reptilien\" href=\"http:\/\/woerrlein-naturfoto.de\/wordpress\/hauptseite-sonstige-tiere\/sonstige-tiere\/reptilien-2\/\"> <span style=\"color: #ffff66;\">Reptilien<\/span><\/a><br \/>\n<a href=\"http:\/\/woerrlein-naturfoto.de\/wordpress\/sonstige-tiere-von-a-z\/\">sonstige Tiere von A-Z<\/a><br \/>\nzur Galerie <a title=\"Reptilien\" href=\"http:\/\/woerrlein-naturfoto.de\/wordpress\/hauptseite-sonstige-tiere\/sonstige-tiere\/reptilien-2\/\">Reptilien<\/a><\/p>\n<p><img loading=\"lazy\" decoding=\"async\" class=\"alignleft wp-image-9536\" src=\"http:\/\/woerrlein-naturfoto.de\/wordpress\/wp-content\/uploads\/2015\/02\/EuropSumpfschildkroete_D150603_7022-600x400.jpg\" alt=\"\" width=\"600\" height=\"400\" srcset=\"https:\/\/woerrlein-naturfoto.de\/wordpress\/wp-content\/uploads\/2015\/02\/EuropSumpfschildkroete_D150603_7022-600x400.jpg 600w, https:\/\/woerrlein-naturfoto.de\/wordpress\/wp-content\/uploads\/2015\/02\/EuropSumpfschildkroete_D150603_7022-768x512.jpg 768w, https:\/\/woerrlein-naturfoto.de\/wordpress\/wp-content\/uploads\/2015\/02\/EuropSumpfschildkroete_D150603_7022-120x80.jpg 120w, https:\/\/woerrlein-naturfoto.de\/wordpress\/wp-content\/uploads\/2015\/02\/EuropSumpfschildkroete_D150603_7022.jpg 1000w\" sizes=\"auto, (max-width: 600px) 100vw, 600px\" \/>Die <b>Europ\u00e4ische Sumpfschildkr\u00f6te<\/b> (<i>Emys orbicularis<\/i>) ist eine kleine bis mittelgro\u00dfe, fleischfressende und \u00fcberwiegend im Wasser lebende Schildkr\u00f6te. Sie ist die einzige Schildkr\u00f6tenart, die \u2013 wenn auch selten \u2013 in Mitteleuropa (auch Deutschland) nat\u00fcrlich vorkommt. Ihr Verbreitungsgebiet geht aber weit dar\u00fcber hinaus, von Nordafrika im S\u00fcdwesten bis an den Aralsee im Nordosten. Die Europ\u00e4ische Sumpfschildkr\u00f6te lebt in stillen oder langsam flie\u00dfenden Gew\u00e4ssern, im Uferbereich von Binnenseen, in Teichen, Gr\u00e4ben und den Altarmen von Fl\u00fcssen. Im S\u00fcden des Verbreitungsgebietes werden auch B\u00e4che besiedelt. Entlang der Mittelmeerk\u00fcste dringt sie in die brackigen Zonen der Flussm\u00fcndungen vor.<br \/>\nDie Europ\u00e4ische Sumpfschildkr\u00f6te ern\u00e4hrt sich vor allem von Schnecken, Krebstieren, Insektenlarven und anderen wirbellosen Tieren. Aber auch Kaulquappen, tote Fische oder Aas werden gerne angenommen. Gr\u00f6\u00dfere Brocken packt sie mit ihren hornigen Kiefern und rei\u00dft sie mit den Klauen der Vorderbeine in St\u00fccke, die sie ganz verschlingt.<\/p>\n<p>Zur Galerie <a title=\"Reptilien\" href=\"http:\/\/woerrlein-naturfoto.de\/wordpress\/hauptseite-sonstige-tiere\/sonstige-tiere\/reptilien-2\/\">Reptilien<\/a><\/p>\n<p><em>Quelle des Textauszuges und weitere Infos bei <\/em><a href=\"https:\/\/de.wikipedia.org\/wiki\/Europ%C3%A4ische_Sumpfschildkr%C3%B6te\" target=\"_blank\" rel=\"noopener noreferrer\">Wikipedia<\/a><em> (<\/em><a href=\"http:\/\/www.gnu.org\/licenses\/fdl-1.3.txt\" target=\"_blank\" rel=\"noopener noreferrer\">GNU-Lizenz<\/a><em>)\u2013 mein Dank gilt den <\/em><a href=\"https:\/\/de.wikipedia.org\/w\/index.php?title=Europ%C3%A4ische_Sumpfschildkr%C3%B6te&amp;action=history\" target=\"_blank\" rel=\"noopener noreferrer\">Autoren<\/a><em>.<\/em><\/p>\n","protected":false},"excerpt":{"rendered":"<p>sonstige Tiere -&gt; Reptilien sonstige Tiere von A-Z zur Galerie Reptilien Die Europ\u00e4ische Sumpfschildkr\u00f6te (Emys orbicularis) ist eine kleine bis mittelgro\u00dfe, fleischfressende und \u00fcberwiegend im Wasser lebende Schildkr\u00f6te. Sie ist die einzige Schildkr\u00f6tenart, die \u2013 wenn auch selten \u2013 in Mitteleuropa (auch Deutschland) nat\u00fcrlich vorkommt. Ihr Verbreitungsgebiet geht aber weit dar\u00fcber hinaus, von Nordafrika im &hellip; <a href=\"https:\/\/woerrlein-naturfoto.de\/wordpress\/reptilien-a-z\/europaeische-sumpfschildkroete\/\" class=\"more-link\"><span class=\"screen-reader-text\">Europ\u00e4ische Sumpfschildkr\u00f6te<\/span> weiterlesen <span class=\"meta-nav\">&rarr;<\/span><\/a><\/p>\n","protected":false},"author":1,"featured_media":0,"parent":5452,"menu_order":0,"comment_status":"closed","ping_status":"closed","template":"page-templates\/full-width.php","meta":{"footnotes":""},"class_list":["post-9537","page","type-page","status-publish","hentry"],"_links":{"self":[{"href":"https:\/\/woerrlein-naturfoto.de\/wordpress\/wp-json\/wp\/v2\/pages\/9537","targetHints":{"allow":["GET"]}}],"collection":[{"href":"https:\/\/woerrlein-naturfoto.de\/wordpress\/wp-json\/wp\/v2\/pages"}],"about":[{"href":"https:\/\/woerrlein-naturfoto.de\/wordpress\/wp-json\/wp\/v2\/types\/page"}],"author":[{"embeddable":true,"href":"https:\/\/woerrlein-naturfoto.de\/wordpress\/wp-json\/wp\/v2\/users\/1"}],"replies":[{"embeddable":true,"href":"https:\/\/woerrlein-naturfoto.de\/wordpress\/wp-json\/wp\/v2\/comments?post=9537"}],"version-history":[{"count":1,"href":"https:\/\/woerrlein-naturfoto.de\/wordpress\/wp-json\/wp\/v2\/pages\/9537\/revisions"}],"predecessor-version":[{"id":9538,"href":"https:\/\/woerrlein-naturfoto.de\/wordpress\/wp-json\/wp\/v2\/pages\/9537\/revisions\/9538"}],"up":[{"embeddable":true,"href":"https:\/\/woerrlein-naturfoto.de\/wordpress\/wp-json\/wp\/v2\/pages\/5452"}],"wp:attachment":[{"href":"https:\/\/woerrlein-naturfoto.de\/wordpress\/wp-json\/wp\/v2\/media?parent=9537"}],"curies":[{"name":"wp","href":"https:\/\/api.w.org\/{rel}","templated":true}]}}