{"id":9362,"date":"2017-11-18T18:22:44","date_gmt":"2017-11-18T17:22:44","guid":{"rendered":"http:\/\/woerrlein-naturfoto.de\/wordpress\/?page_id=9362"},"modified":"2017-11-18T18:30:30","modified_gmt":"2017-11-18T17:30:30","slug":"grosser-bocksbart","status":"publish","type":"page","link":"https:\/\/woerrlein-naturfoto.de\/wordpress\/blueten-ii-a-z\/grosser-bocksbart\/","title":{"rendered":"Grosser Bocksbart"},"content":{"rendered":"<p><a href=\"http:\/\/woerrlein-naturfoto.de\/wordpress\/hauptseite-pflanzen\/pflanzen\/\"><span style=\"color: #ffff66;\">Pflanzen<\/span> <\/a>-&gt;<a href=\"http:\/\/woerrlein-naturfoto.de\/wordpress\/hauptseite-pflanzen\/pflanzen\/blueten-ii-sonstige-blueten\/\"> <span style=\"color: #ffff66;\">Bl\u00fcten II (sonstige Bl\u00fcten)<\/span><\/a><br \/>\n<a href=\"http:\/\/woerrlein-naturfoto.de\/wordpress\/pflanzen-von-a-z\/\">Pflanzen von A-Z<\/a><br \/>\nZur Galerie <a href=\"http:\/\/woerrlein-naturfoto.de\/wordpress\/hauptseite-pflanzen\/pflanzen\/blueten-ii-sonstige-blueten\/\">sonstige Bl\u00fcten<code><\/code><\/a><\/p>\n<p><a href=\"http:\/\/woerrlein-naturfoto.de\/wordpress\/hauptseite-pflanzen\/pflanzen\/blueten-ii-sonstige-blueten\/\"><img loading=\"lazy\" decoding=\"async\" class=\"alignleft wp-image-7244\" src=\"http:\/\/woerrlein-naturfoto.de\/wordpress\/wp-content\/uploads\/2015\/08\/D150529_4679-400x600.jpg\" alt=\"\" width=\"266\" height=\"400\" \/><\/a>Der <b>Gro\u00dfe Bocksbart<\/b> (<i>Tragopogon dubius<\/i>), auch <b>Gro\u00df-Bocksbart<\/b> genannt, ist eine Pflanzenart aus der Unterfamilie der Cichorioideae innerhalb der Familie der Korbbl\u00fctler.<br \/>\nDie ausdauernde Pflanze wird 20 bis 60 Zentimeter hoch. Am Grunde des St\u00e4ngels finden sich h\u00e4ufig Reste vorj\u00e4hriger Bl\u00e4tter. Die Bl\u00e4tter sind schmal lanzettlich, lang zugespitzt und ganzrandig. Die Stiele der Bl\u00fctenk\u00f6rbchen sind hohl und oberw\u00e4rts keulig verdickt. Der Gro\u00dfe Bocksbart bl\u00fcht von Mai bis Juli. Die hellgelben Bl\u00fctenst\u00e4nde (Korb) haben einen Durchmesser von 4 bis 6 Zentimeter. Sie \u00f6ffnen sich morgens um acht Uhr und schlie\u00dfen sich bereits mittags wieder. Die acht bis zw\u00f6lf H\u00fcllbl\u00e4tter sind \u00fcber dem Grund nicht eingeschn\u00fcrt und deutlich l\u00e4nger als die Zungenbl\u00fcten. Die K\u00f6rbchenstiele sind zur Fruchtzeit stark vergr\u00f6\u00dfert.<br \/>\nDie kalk- und w\u00e4rmeliebende Art w\u00e4chst auf Ruderalstellen, Wegen, D\u00e4mmen, in sonnigen Staudenfluren, auf Trockenrasen, beispielsweise in gest\u00f6rten <a title=\"Trespen\" href=\"https:\/\/de.wikipedia.org\/wiki\/Trespen\">Trespen<\/a>&#8211;<a class=\"mw-redirect\" title=\"Halbtrockenrasen\" href=\"https:\/\/de.wikipedia.org\/wiki\/Halbtrockenrasen\" target=\"_blank\" rel=\"noopener noreferrer\">Halbtrockenrasen<\/a>, in <a title=\"Mesophilie\" href=\"https:\/\/de.wikipedia.org\/wiki\/Mesophilie\" target=\"_blank\" rel=\"noopener noreferrer\">mesophilen<\/a>, <a title=\"Halbruderaler Trockenrasen\" href=\"https:\/\/de.wikipedia.org\/wiki\/Halbruderaler_Trockenrasen\" target=\"_blank\" rel=\"noopener noreferrer\">halbruderalen Quecken-Trockenfluren<\/a>, in Honigklee- und Natternkopf-Fluren und auf Eisenbahngel\u00e4nde. Sie kommt besonders in Gesellschaften des Verbands Dauco-Melilotion, aber auch des Mesobromion oder Convolvulo-Agropyrion vor. Das Verbreitungsgebiet liegt in Mitteleuropa, in S\u00fcdeuropa und Vorderasien.<\/p>\n<p><strong>Bl\u00fctezeit:<\/strong>\u00a0\u00a0\u00a0\u00a0 Mai bis Juli<\/p>\n<p>Zur Galerie <a title=\"Eulen\" href=\"http:\/\/woerrlein-naturfoto.de\/wordpress\/hauptseite-pflanzen\/pflanzen\/blueten-ii-sonstige-blueten\/\">sonstige Bl\u00fcten<\/a><\/p>\n<p><em>Quelle des Textauszuges und weitere Infos bei <\/em><a href=\"http:\/\/de.wikipedia.org\/wiki\/Acker-Hornkraut\" target=\"_blank\" rel=\"noopener noreferrer\">Wikipedia<\/a><em> (<\/em><a href=\"http:\/\/www.gnu.org\/licenses\/fdl-1.3.txt\" target=\"_blank\" rel=\"noopener noreferrer\">GNU-Lizenz<\/a><em>)\u2013 mein Dank gilt den <\/em><a href=\"http:\/\/de.wikipedia.org\/w\/index.php?title=Acker-Hornkraut&amp;action=history\" target=\"_blank\" rel=\"noopener noreferrer\">Autoren<\/a><em>.<\/em><\/p>\n","protected":false},"excerpt":{"rendered":"<p>Pflanzen -&gt; Bl\u00fcten II (sonstige Bl\u00fcten) Pflanzen von A-Z Zur Galerie sonstige Bl\u00fcten Der Gro\u00dfe Bocksbart (Tragopogon dubius), auch Gro\u00df-Bocksbart genannt, ist eine Pflanzenart aus der Unterfamilie der Cichorioideae innerhalb der Familie der Korbbl\u00fctler. Die ausdauernde Pflanze wird 20 bis 60 Zentimeter hoch. Am Grunde des St\u00e4ngels finden sich h\u00e4ufig Reste vorj\u00e4hriger Bl\u00e4tter. Die Bl\u00e4tter &hellip; <a href=\"https:\/\/woerrlein-naturfoto.de\/wordpress\/blueten-ii-a-z\/grosser-bocksbart\/\" class=\"more-link\"><span class=\"screen-reader-text\">Grosser Bocksbart<\/span> weiterlesen <span class=\"meta-nav\">&rarr;<\/span><\/a><\/p>\n","protected":false},"author":1,"featured_media":0,"parent":4851,"menu_order":0,"comment_status":"closed","ping_status":"closed","template":"page-templates\/full-width.php","meta":{"footnotes":""},"class_list":["post-9362","page","type-page","status-publish","hentry"],"_links":{"self":[{"href":"https:\/\/woerrlein-naturfoto.de\/wordpress\/wp-json\/wp\/v2\/pages\/9362","targetHints":{"allow":["GET"]}}],"collection":[{"href":"https:\/\/woerrlein-naturfoto.de\/wordpress\/wp-json\/wp\/v2\/pages"}],"about":[{"href":"https:\/\/woerrlein-naturfoto.de\/wordpress\/wp-json\/wp\/v2\/types\/page"}],"author":[{"embeddable":true,"href":"https:\/\/woerrlein-naturfoto.de\/wordpress\/wp-json\/wp\/v2\/users\/1"}],"replies":[{"embeddable":true,"href":"https:\/\/woerrlein-naturfoto.de\/wordpress\/wp-json\/wp\/v2\/comments?post=9362"}],"version-history":[{"count":5,"href":"https:\/\/woerrlein-naturfoto.de\/wordpress\/wp-json\/wp\/v2\/pages\/9362\/revisions"}],"predecessor-version":[{"id":9366,"href":"https:\/\/woerrlein-naturfoto.de\/wordpress\/wp-json\/wp\/v2\/pages\/9362\/revisions\/9366"}],"up":[{"embeddable":true,"href":"https:\/\/woerrlein-naturfoto.de\/wordpress\/wp-json\/wp\/v2\/pages\/4851"}],"wp:attachment":[{"href":"https:\/\/woerrlein-naturfoto.de\/wordpress\/wp-json\/wp\/v2\/media?parent=9362"}],"curies":[{"name":"wp","href":"https:\/\/api.w.org\/{rel}","templated":true}]}}