{"id":9356,"date":"2017-11-18T17:51:58","date_gmt":"2017-11-18T16:51:58","guid":{"rendered":"http:\/\/woerrlein-naturfoto.de\/wordpress\/?page_id=9356"},"modified":"2017-11-18T17:54:03","modified_gmt":"2017-11-18T16:54:03","slug":"waldmistkaefer","status":"publish","type":"page","link":"https:\/\/woerrlein-naturfoto.de\/wordpress\/kaefer-a-z\/waldmistkaefer\/","title":{"rendered":"Waldmistk\u00e4fer"},"content":{"rendered":"<p><a href=\"http:\/\/woerrlein-naturfoto.de\/wordpress\/insekten\/\"><span style=\"color: #ffff66;\">Insekten<\/span> <\/a>-&gt;<a href=\"http:\/\/woerrlein-naturfoto.de\/wordpress\/hauptseite-insekten\/insekten\/kaefer-2\/\"> <span style=\"color: #ffff66;\">K\u00e4fer<\/span><\/a><br \/>\n<a title=\"Insekten A-Z\" href=\"http:\/\/woerrlein-naturfoto.de\/wordpress\/insekten-a-z\/\">Insekten von A-Z<\/a><br \/>\nzur Galerie <a title=\"K\u00e4fer\" href=\"http:\/\/woerrlein-naturfoto.de\/wordpress\/hauptseite-insekten\/insekten\/kaefer-2\/\">K\u00e4fer<\/a><\/p>\n<p><img loading=\"lazy\" decoding=\"async\" class=\"alignleft wp-image-9355\" src=\"http:\/\/woerrlein-naturfoto.de\/wordpress\/wp-content\/uploads\/2015\/01\/Waldmistk\u00e4fer_D170917_4964-600x400.jpg\" alt=\"\" width=\"600\" height=\"400\" srcset=\"https:\/\/woerrlein-naturfoto.de\/wordpress\/wp-content\/uploads\/2015\/01\/Waldmistk\u00e4fer_D170917_4964-600x400.jpg 600w, https:\/\/woerrlein-naturfoto.de\/wordpress\/wp-content\/uploads\/2015\/01\/Waldmistk\u00e4fer_D170917_4964-768x512.jpg 768w, https:\/\/woerrlein-naturfoto.de\/wordpress\/wp-content\/uploads\/2015\/01\/Waldmistk\u00e4fer_D170917_4964-120x80.jpg 120w, https:\/\/woerrlein-naturfoto.de\/wordpress\/wp-content\/uploads\/2015\/01\/Waldmistk\u00e4fer_D170917_4964.jpg 1000w\" sizes=\"auto, (max-width: 600px) 100vw, 600px\" \/>Der <b>Waldmistk\u00e4fer<\/b> (<i>Anoplotrupes stercorosus<\/i>) ist ein K\u00e4fer aus der Familie der Mistk\u00e4fer. Er ist eine im Wald h\u00e4ufig vorkommende Art und ist in ganz Deutschland und in Europa zumeist in Buchenw\u00e4ldern heimisch.<br \/>\nDie Waldmistk\u00e4fer werden 12 bis 19 mm lang und erreichen somit nicht die L\u00e4nge des sehr \u00e4hnlichen Gemeinen Mistk\u00e4fers. Die K\u00e4fer sind schwarzblau, die Deckfl\u00fcgel sind seitlich blau, violett oder gr\u00fcn, das Halsschild ist bei manchen Tieren blauviolett. Die Unterseite des K\u00f6rpers ist metallblau, violett oder gr\u00fcn, die F\u00fchler sind rotbraun. Die Basis des Halsschildes ist vollst\u00e4ndig gerandet und unregelm\u00e4\u00dfig gepunktet. Der Endzahn der Vorderschienen ist leicht zugespitzt, und der vordere Schenkel des Beines besitzt vorne keinen Tomentfleck. Die Hinterschienen sind zudem nur mit zwei Querleisten versehen. Die Deckfl\u00fcgel besitzen keine Naht und haben je sieben leicht gepunktete L\u00e4ngsrillen.<\/p>\n<p>Zur Galerie <a title=\"K\u00e4fer\" href=\"http:\/\/woerrlein-naturfoto.de\/wordpress\/hauptseite-insekten\/insekten\/kaefer-2\/\">K\u00e4fer<\/a><\/p>\n<p><em>Quelle des Textauszuges und weitere Infos bei <\/em><a href=\"https:\/\/de.wikipedia.org\/wiki\/Waldmistk%C3%A4fer\" target=\"_blank\" rel=\"noopener noreferrer\">Wikipedia<\/a><em> (<\/em><a href=\"http:\/\/www.gnu.org\/licenses\/fdl-1.3.txt\" target=\"_blank\" rel=\"noopener noreferrer\">GNU-Lizenz<\/a><em>)\u2013 mein Dank gilt den <\/em><a href=\"https:\/\/de.wikipedia.org\/w\/index.php?title=Waldmistk%C3%A4fer&amp;action=history\" target=\"_blank\" rel=\"noopener noreferrer\">Autoren<\/a><em>.<\/em><\/p>\n","protected":false},"excerpt":{"rendered":"<p>Insekten -&gt; K\u00e4fer Insekten von A-Z zur Galerie K\u00e4fer Der Waldmistk\u00e4fer (Anoplotrupes stercorosus) ist ein K\u00e4fer aus der Familie der Mistk\u00e4fer. Er ist eine im Wald h\u00e4ufig vorkommende Art und ist in ganz Deutschland und in Europa zumeist in Buchenw\u00e4ldern heimisch. Die Waldmistk\u00e4fer werden 12 bis 19 mm lang und erreichen somit nicht die L\u00e4nge &hellip; <a href=\"https:\/\/woerrlein-naturfoto.de\/wordpress\/kaefer-a-z\/waldmistkaefer\/\" class=\"more-link\"><span class=\"screen-reader-text\">Waldmistk\u00e4fer<\/span> weiterlesen <span class=\"meta-nav\">&rarr;<\/span><\/a><\/p>\n","protected":false},"author":1,"featured_media":0,"parent":3789,"menu_order":0,"comment_status":"closed","ping_status":"closed","template":"page-templates\/full-width.php","meta":{"footnotes":""},"class_list":["post-9356","page","type-page","status-publish","hentry"],"_links":{"self":[{"href":"https:\/\/woerrlein-naturfoto.de\/wordpress\/wp-json\/wp\/v2\/pages\/9356","targetHints":{"allow":["GET"]}}],"collection":[{"href":"https:\/\/woerrlein-naturfoto.de\/wordpress\/wp-json\/wp\/v2\/pages"}],"about":[{"href":"https:\/\/woerrlein-naturfoto.de\/wordpress\/wp-json\/wp\/v2\/types\/page"}],"author":[{"embeddable":true,"href":"https:\/\/woerrlein-naturfoto.de\/wordpress\/wp-json\/wp\/v2\/users\/1"}],"replies":[{"embeddable":true,"href":"https:\/\/woerrlein-naturfoto.de\/wordpress\/wp-json\/wp\/v2\/comments?post=9356"}],"version-history":[{"count":2,"href":"https:\/\/woerrlein-naturfoto.de\/wordpress\/wp-json\/wp\/v2\/pages\/9356\/revisions"}],"predecessor-version":[{"id":9359,"href":"https:\/\/woerrlein-naturfoto.de\/wordpress\/wp-json\/wp\/v2\/pages\/9356\/revisions\/9359"}],"up":[{"embeddable":true,"href":"https:\/\/woerrlein-naturfoto.de\/wordpress\/wp-json\/wp\/v2\/pages\/3789"}],"wp:attachment":[{"href":"https:\/\/woerrlein-naturfoto.de\/wordpress\/wp-json\/wp\/v2\/media?parent=9356"}],"curies":[{"name":"wp","href":"https:\/\/api.w.org\/{rel}","templated":true}]}}