{"id":9339,"date":"2017-11-18T16:32:25","date_gmt":"2017-11-18T15:32:25","guid":{"rendered":"http:\/\/woerrlein-naturfoto.de\/wordpress\/?page_id=9339"},"modified":"2017-11-18T16:32:25","modified_gmt":"2017-11-18T15:32:25","slug":"goldfliege","status":"publish","type":"page","link":"https:\/\/woerrlein-naturfoto.de\/wordpress\/hautfluegler-zweifluegler-a-z\/goldfliege\/","title":{"rendered":"Goldfliege"},"content":{"rendered":"<p><a href=\"http:\/\/woerrlein-naturfoto.de\/wordpress\/insekten\/\"><span style=\"color: #ffff66;\">Insekten<\/span> <\/a>-&gt;<a href=\"http:\/\/woerrlein-naturfoto.de\/wordpress\/hauptseite-insekten\/insekten\/hautfluegler-zweifluegler-2\/\"> <span style=\"color: #ffff66;\">Hautfl\u00fcgler, Zweifl\u00fcgler<\/span><\/a><br \/>\n<a title=\"Insekten A-Z\" href=\"http:\/\/woerrlein-naturfoto.de\/wordpress\/insekten-a-z\/\">Insekten von A-Z<\/a><br \/>\nzur Galerie <a href=\"http:\/\/woerrlein-naturfoto.de\/wordpress\/hauptseite-insekten\/insekten\/hautfluegler-zweifluegler-2\/\">Hautfl\u00fcgler, Zweifl\u00fcgler<\/a><\/p>\n<p><img loading=\"lazy\" decoding=\"async\" class=\"alignleft wp-image-9338\" src=\"http:\/\/woerrlein-naturfoto.de\/wordpress\/wp-content\/uploads\/2015\/01\/Schmeissfliege_D150905_3531-600x400.jpg\" alt=\"\" width=\"600\" height=\"400\" srcset=\"https:\/\/woerrlein-naturfoto.de\/wordpress\/wp-content\/uploads\/2015\/01\/Schmeissfliege_D150905_3531-600x400.jpg 600w, https:\/\/woerrlein-naturfoto.de\/wordpress\/wp-content\/uploads\/2015\/01\/Schmeissfliege_D150905_3531-768x512.jpg 768w, https:\/\/woerrlein-naturfoto.de\/wordpress\/wp-content\/uploads\/2015\/01\/Schmeissfliege_D150905_3531-120x80.jpg 120w, https:\/\/woerrlein-naturfoto.de\/wordpress\/wp-content\/uploads\/2015\/01\/Schmeissfliege_D150905_3531.jpg 1000w\" sizes=\"auto, (max-width: 600px) 100vw, 600px\" \/><\/p>\n<p>Die <b>Goldfliege<\/b> (<i>Lucilia sericata<\/i>) ist eine Fliege aus der Familie der Schmei\u00dffliegen (Calliphoridae). Sie kommt in Europa und Asien vor.<br \/>\nDie Fliegen erreichen eine K\u00f6rperl\u00e4nge von 7 bis 11 Millimetern und haben einen gr\u00fcn-golden gl\u00e4nzenden K\u00f6rper. Die vierte L\u00e4ngsader der Fl\u00fcgel ist scharf abgeknickt.<\/p>\n<p>Zur Galerie <a href=\"http:\/\/woerrlein-naturfoto.de\/wordpress\/hauptseite-insekten\/insekten\/hautfluegler-zweifluegler-2\/\">Hautfl\u00fcgler, Zweifl\u00fcgler<\/a><\/p>\n<p><em>Quelle des Textauszuges und weitere Infos bei <\/em><a href=\"https:\/\/de.wikipedia.org\/wiki\/Goldfliege\" target=\"_blank\" rel=\"noopener noreferrer\">Wikipedia<\/a><em> (<\/em><a href=\"http:\/\/www.gnu.org\/licenses\/fdl-1.3.txt\" target=\"_blank\" rel=\"noopener noreferrer\">GNU-Lizenz<\/a><em>)\u2013 mein Dank gilt den <\/em><a href=\"https:\/\/de.wikipedia.org\/w\/index.php?title=Goldfliege&amp;action=history\" target=\"_blank\" rel=\"noopener noreferrer\">Autoren<\/a><em>.<\/em><\/p>\n","protected":false},"excerpt":{"rendered":"<p>Insekten -&gt; Hautfl\u00fcgler, Zweifl\u00fcgler Insekten von A-Z zur Galerie Hautfl\u00fcgler, Zweifl\u00fcgler Die Goldfliege (Lucilia sericata) ist eine Fliege aus der Familie der Schmei\u00dffliegen (Calliphoridae). Sie kommt in Europa und Asien vor. Die Fliegen erreichen eine K\u00f6rperl\u00e4nge von 7 bis 11 Millimetern und haben einen gr\u00fcn-golden gl\u00e4nzenden K\u00f6rper. Die vierte L\u00e4ngsader der Fl\u00fcgel ist scharf abgeknickt. &hellip; <a href=\"https:\/\/woerrlein-naturfoto.de\/wordpress\/hautfluegler-zweifluegler-a-z\/goldfliege\/\" class=\"more-link\"><span class=\"screen-reader-text\">Goldfliege<\/span> weiterlesen <span class=\"meta-nav\">&rarr;<\/span><\/a><\/p>\n","protected":false},"author":1,"featured_media":0,"parent":3739,"menu_order":0,"comment_status":"closed","ping_status":"closed","template":"page-templates\/full-width.php","meta":{"footnotes":""},"class_list":["post-9339","page","type-page","status-publish","hentry"],"_links":{"self":[{"href":"https:\/\/woerrlein-naturfoto.de\/wordpress\/wp-json\/wp\/v2\/pages\/9339","targetHints":{"allow":["GET"]}}],"collection":[{"href":"https:\/\/woerrlein-naturfoto.de\/wordpress\/wp-json\/wp\/v2\/pages"}],"about":[{"href":"https:\/\/woerrlein-naturfoto.de\/wordpress\/wp-json\/wp\/v2\/types\/page"}],"author":[{"embeddable":true,"href":"https:\/\/woerrlein-naturfoto.de\/wordpress\/wp-json\/wp\/v2\/users\/1"}],"replies":[{"embeddable":true,"href":"https:\/\/woerrlein-naturfoto.de\/wordpress\/wp-json\/wp\/v2\/comments?post=9339"}],"version-history":[{"count":1,"href":"https:\/\/woerrlein-naturfoto.de\/wordpress\/wp-json\/wp\/v2\/pages\/9339\/revisions"}],"predecessor-version":[{"id":9340,"href":"https:\/\/woerrlein-naturfoto.de\/wordpress\/wp-json\/wp\/v2\/pages\/9339\/revisions\/9340"}],"up":[{"embeddable":true,"href":"https:\/\/woerrlein-naturfoto.de\/wordpress\/wp-json\/wp\/v2\/pages\/3739"}],"wp:attachment":[{"href":"https:\/\/woerrlein-naturfoto.de\/wordpress\/wp-json\/wp\/v2\/media?parent=9339"}],"curies":[{"name":"wp","href":"https:\/\/api.w.org\/{rel}","templated":true}]}}