{"id":9294,"date":"2017-11-05T10:26:04","date_gmt":"2017-11-05T09:26:04","guid":{"rendered":"http:\/\/woerrlein-naturfoto.de\/wordpress\/?page_id=9294"},"modified":"2017-11-05T10:42:32","modified_gmt":"2017-11-05T09:42:32","slug":"mittlerer-sonnentau","status":"publish","type":"page","link":"https:\/\/woerrlein-naturfoto.de\/wordpress\/blueten-ii-a-z\/mittlerer-sonnentau\/","title":{"rendered":"Mittlerer Sonnentau"},"content":{"rendered":"<p><a href=\"http:\/\/woerrlein-naturfoto.de\/wordpress\/hauptseite-pflanzen\/pflanzen\/\"><span style=\"color: #ffff66;\">Pflanzen<\/span> <\/a>-&gt;<a href=\"http:\/\/woerrlein-naturfoto.de\/wordpress\/hauptseite-pflanzen\/pflanzen\/blueten-ii-sonstige-blueten\/\"> <span style=\"color: #ffff66;\">Bl\u00fcten II (sonstige Bl\u00fcten)<\/span><\/a><br \/>\n<a href=\"http:\/\/woerrlein-naturfoto.de\/wordpress\/pflanzen-von-a-z\/\">Pflanzen von A-Z<\/a><br \/>\nZur Galerie <a href=\"http:\/\/woerrlein-naturfoto.de\/wordpress\/hauptseite-pflanzen\/pflanzen\/blueten-ii-sonstige-blueten\/\">sonstige Bl\u00fcten<\/a><\/p>\n<p><img loading=\"lazy\" decoding=\"async\" class=\"alignleft wp-image-9285\" src=\"http:\/\/woerrlein-naturfoto.de\/wordpress\/wp-content\/uploads\/2017\/11\/MittlererSonnentau_D170619_7249-400x600.jpg\" alt=\"\" width=\"267\" height=\"400\" srcset=\"https:\/\/woerrlein-naturfoto.de\/wordpress\/wp-content\/uploads\/2017\/11\/MittlererSonnentau_D170619_7249-400x600.jpg 400w, https:\/\/woerrlein-naturfoto.de\/wordpress\/wp-content\/uploads\/2017\/11\/MittlererSonnentau_D170619_7249.jpg 567w\" sizes=\"auto, (max-width: 267px) 100vw, 267px\" \/>Der <b>Mittlere Sonnentau<\/b> (<i>Drosera intermedia<\/i>) ist eine Art aus der Gattung Sonnentau, einer Gattung fleischfressender Pflanzen.<br \/>\nDer Mittlere Sonnentau ist eine mehrj\u00e4hrige krautige Pflanze. Er bildet eine bodenst\u00e4ndige Rosette mit einer Gesamth\u00f6he von bis zu 10 cm. Die Pflanze erscheint im Fr\u00fchjahr aus einer Winterknospe, dem so genannten <a title=\"Hibernakel\" href=\"https:\/\/de.wikipedia.org\/wiki\/Hibernakel\" target=\"_blank\" rel=\"noopener noreferrer\">Hibernakel<\/a>.<br \/>\nEr zeichnet sich durch zahlreiche und haarfeine, mit einem klebrigen Sekret besetzte Tentakel auf den spateligen Fangbl\u00e4ttern mit einer zwei- bis viermal so langen wie breiten Blattspreite aus, die auf langen, glatten Blattstielen sitzen.<br \/>\nSie bl\u00fcht von Juli bis August mit 3 bis 8 wei\u00dfen Bl\u00fcten, die in einer einseitigen Traube an einem bis zu 15 cm hohen Bl\u00fctenstand sitzen. Nach der Bl\u00fcte und der Ausbildung von eif\u00f6rmigen, gefurchten Kapseln mit sehr vielen, kleinen Samen tritt die Pflanze im fr\u00fchen Herbst in die Winterruhe ein, indem sie wieder eine Winterknospe bildet und die Bl\u00e4tter einzieht.<br \/>\nDer Mittlere Sonnentau kommt auf der n\u00f6rdlichen Hemisph\u00e4re in Europa und im \u00f6stlichen Nord- wie im \u00f6stlichen S\u00fcdamerika vor. Neben dem <a title=\"Rundbl\u00e4ttriger Sonnentau\" href=\"http:\/\/woerrlein-naturfoto.de\/wordpress\/blueten-ii-a-z\/rundblaettriger-sonnentau\/\" target=\"_blank\" rel=\"noopener noreferrer\">Rundbl\u00e4ttrigen Sonnentau<\/a> (<i>Drosera rotundifolia<\/i>) und dem <a title=\"Langbl\u00e4ttriger Sonnentau\" href=\"http:\/\/woerrlein-naturfoto.de\/wordpress\/blueten-ii-a-z\/langblaettriger-sonnentau\/\" target=\"_blank\" rel=\"noopener noreferrer\">Langbl\u00e4ttrigen Sonnentau<\/a> (<i>Drosera anglica<\/i>) ist er der einzige in Europa heimische Vertreter der Gattung, wo er insbesondere in n\u00e4hrstoffarmen Mooren und Moorw\u00e4ldern sowie auf wechselnassen Anmoor-Sandb\u00f6den zu finden ist. Bevorzugte Standorte sind vollsonnige, staunasse B\u00f6den. Die Art ist in Deutschland gesch\u00fctzt.<\/p>\n<p><strong>Bl\u00fctezeit:<\/strong>\u00a0\u00a0\u00a0\u00a0 Juni bis August<\/p>\n<p>Zur Galerie <a title=\"Eulen\" href=\"http:\/\/woerrlein-naturfoto.de\/wordpress\/hauptseite-pflanzen\/pflanzen\/blueten-ii-sonstige-blueten\/\">sonstige Bl\u00fcten<\/a><\/p>\n<p><em>Quelle des Textauszuges und weitere Infos bei <\/em><a href=\"https:\/\/de.wikipedia.org\/wiki\/Mittlerer_Sonnentau\" target=\"_blank\" rel=\"noopener noreferrer\">Wikipedia<\/a><em> (<\/em><a href=\"http:\/\/www.gnu.org\/licenses\/fdl-1.3.txt\" target=\"_blank\" rel=\"noopener noreferrer\">GNU-Lizenz<\/a><em>)\u2013 mein Dank gilt den <\/em><a href=\"https:\/\/de.wikipedia.org\/w\/index.php?title=Mittlerer_Sonnentau&amp;action=history\" target=\"_blank\" rel=\"noopener noreferrer\">Autoren<\/a><em>.<\/em><\/p>\n","protected":false},"excerpt":{"rendered":"<p>Pflanzen -&gt; Bl\u00fcten II (sonstige Bl\u00fcten) Pflanzen von A-Z Zur Galerie sonstige Bl\u00fcten Der Mittlere Sonnentau (Drosera intermedia) ist eine Art aus der Gattung Sonnentau, einer Gattung fleischfressender Pflanzen. Der Mittlere Sonnentau ist eine mehrj\u00e4hrige krautige Pflanze. Er bildet eine bodenst\u00e4ndige Rosette mit einer Gesamth\u00f6he von bis zu 10 cm. Die Pflanze erscheint im Fr\u00fchjahr &hellip; <a href=\"https:\/\/woerrlein-naturfoto.de\/wordpress\/blueten-ii-a-z\/mittlerer-sonnentau\/\" class=\"more-link\"><span class=\"screen-reader-text\">Mittlerer Sonnentau<\/span> weiterlesen <span class=\"meta-nav\">&rarr;<\/span><\/a><\/p>\n","protected":false},"author":1,"featured_media":0,"parent":4851,"menu_order":0,"comment_status":"closed","ping_status":"closed","template":"page-templates\/full-width.php","meta":{"footnotes":""},"class_list":["post-9294","page","type-page","status-publish","hentry"],"_links":{"self":[{"href":"https:\/\/woerrlein-naturfoto.de\/wordpress\/wp-json\/wp\/v2\/pages\/9294","targetHints":{"allow":["GET"]}}],"collection":[{"href":"https:\/\/woerrlein-naturfoto.de\/wordpress\/wp-json\/wp\/v2\/pages"}],"about":[{"href":"https:\/\/woerrlein-naturfoto.de\/wordpress\/wp-json\/wp\/v2\/types\/page"}],"author":[{"embeddable":true,"href":"https:\/\/woerrlein-naturfoto.de\/wordpress\/wp-json\/wp\/v2\/users\/1"}],"replies":[{"embeddable":true,"href":"https:\/\/woerrlein-naturfoto.de\/wordpress\/wp-json\/wp\/v2\/comments?post=9294"}],"version-history":[{"count":6,"href":"https:\/\/woerrlein-naturfoto.de\/wordpress\/wp-json\/wp\/v2\/pages\/9294\/revisions"}],"predecessor-version":[{"id":9301,"href":"https:\/\/woerrlein-naturfoto.de\/wordpress\/wp-json\/wp\/v2\/pages\/9294\/revisions\/9301"}],"up":[{"embeddable":true,"href":"https:\/\/woerrlein-naturfoto.de\/wordpress\/wp-json\/wp\/v2\/pages\/4851"}],"wp:attachment":[{"href":"https:\/\/woerrlein-naturfoto.de\/wordpress\/wp-json\/wp\/v2\/media?parent=9294"}],"curies":[{"name":"wp","href":"https:\/\/api.w.org\/{rel}","templated":true}]}}