{"id":926,"date":"2014-08-23T18:42:49","date_gmt":"2014-08-23T16:42:49","guid":{"rendered":"http:\/\/woerrlein-naturfoto.de\/wordpress\/?page_id=926"},"modified":"2015-02-16T12:54:12","modified_gmt":"2015-02-16T11:54:12","slug":"trottellummen","status":"publish","type":"page","link":"https:\/\/woerrlein-naturfoto.de\/wordpress\/alkenvoegel-a-z\/trottellummen\/","title":{"rendered":"Trottellumme"},"content":{"rendered":"<p><a href=\"http:\/\/woerrlein-naturfoto.de\/wordpress\/voegel\/\"><span style=\"color: #ffff66;\">V\u00f6gel<\/span> <\/a>-&gt;<a href=\"http:\/\/woerrlein-naturfoto.de\/wordpress\/hauptseite-voegel\/voegel\/watvoegel-2\"> <span style=\"color: #ffff66;\">Watv\u00f6gel<\/span> <\/a>-&gt;<a href=\"http:\/\/woerrlein-naturfoto.de\/wordpress\/hauptseite-voegel\/voegel\/watvoegel\/alkenvoegel\/\"> <span style=\"color: #ffff66;\">Alkenv\u00f6gel<\/span><\/a><br \/>\n<a title=\"V\u00f6gel von A-Z\" href=\"http:\/\/woerrlein-naturfoto.de\/wordpress\/voegel\/voegel_von_a-z\/\">V\u00f6gel von A-Z<\/a><br \/>\nZur Galerie <a title=\"Alkenv\u00f6gel\" href=\"http:\/\/woerrlein-naturfoto.de\/wordpress\/hauptseite-voegel\/voegel\/watvoegel\/alkenvoegel\/\">Alkenv\u00f6gel<\/a><\/p>\n<p><img loading=\"lazy\" decoding=\"async\" class=\"alignleft wp-image-925\" src=\"http:\/\/woerrlein-naturfoto.de\/wordpress\/wp-content\/uploads\/Trottellummen_D140611_2118_v-600x400.jpg\" alt=\"Trottellummen_D140611_2118_v.jpg\" width=\"600\" height=\"400\" \/>Die <b>Trottellumme<\/b> (<i>Uria aalge<\/i>) ist eine von zwei Vogelarten der Gattung der Lummen. Sie h\u00e4lt sich nur zur Fortpflanzungszeit an Land auf. Gro\u00dfe Kolonien finden sich vor allem da, wo kalte und warme Meeresstr\u00f6mungen zusammentreffen. Ihre Brutpl\u00e4tze sind steile Felsklippen mit schmalen Felsb\u00e4ndern oder kleinen Vorspr\u00fcngen. Die Anzahl der Unterarten ist strittig. Es werden mindestens f\u00fcnf, von einigen Autoren aber auch sieben Unterarten unterschieden. Das Brutgebiet der tag- und d\u00e4mmerungsaktiven Trottellumme erstreckt sich \u00fcber die K\u00fcsten des Nordatlantik und Nordpazifik sowie \u00fcber die angrenzenden Eismeerk\u00fcsten.\u00a0Au\u00dferhalb der Brutzeit halten sich einige der Populationen der Trottellumme in der N\u00e4he ihrer Brutkolonien auf. Andere Populationen vollziehen dagegen zum Teil weite Wanderungen. Sie bewegen sich dabei in s\u00fcdlicher Richtung, um dem Meereis auszuweichen.<\/p>\n<p>L\u00e4nge: 38-41 cm\u00a0\u00a0 Spannweite: 64-70 cm\u00a0\u00a0 Gewicht: 650-1100 g\u00a0\u00a0 Gelege: 1 Ei<\/p>\n<p>Zur Galerie <a title=\"Alkenv\u00f6gel\" href=\"http:\/\/woerrlein-naturfoto.de\/wordpress\/hauptseite-voegel\/voegel\/watvoegel\/alkenvoegel\/\">Alkenv\u00f6gel<\/a><\/p>\n<p>&nbsp;<\/p>\n<p><em>Quelle des Textauszuges und weitere Infos bei <\/em><a href=\"http:\/\/de.wikipedia.org\/wiki\/Trottellumme\" target=\"_blank\">Wikipedia<\/a> <em>(<\/em><a href=\"http:\/\/www.gnu.org\/licenses\/fdl-1.3.txt\" target=\"_blank\">GNU-Lizenz<\/a><em>)<\/em> \u2013 <em>mein Dank gilt den<\/em> <a href=\"http:\/\/de.wikipedia.org\/w\/index.php?title=Trottellumme&amp;action=history\" target=\"_blank\">Autoren<\/a>.<\/p>\n","protected":false},"excerpt":{"rendered":"<p>V\u00f6gel -&gt; Watv\u00f6gel -&gt; Alkenv\u00f6gel V\u00f6gel von A-Z Zur Galerie Alkenv\u00f6gel Die Trottellumme (Uria aalge) ist eine von zwei Vogelarten der Gattung der Lummen. Sie h\u00e4lt sich nur zur Fortpflanzungszeit an Land auf. Gro\u00dfe Kolonien finden sich vor allem da, wo kalte und warme Meeresstr\u00f6mungen zusammentreffen. Ihre Brutpl\u00e4tze sind steile Felsklippen mit schmalen Felsb\u00e4ndern oder &hellip; <a href=\"https:\/\/woerrlein-naturfoto.de\/wordpress\/alkenvoegel-a-z\/trottellummen\/\" class=\"more-link\"><span class=\"screen-reader-text\">Trottellumme<\/span> weiterlesen <span class=\"meta-nav\">&rarr;<\/span><\/a><\/p>\n","protected":false},"author":1,"featured_media":0,"parent":911,"menu_order":0,"comment_status":"closed","ping_status":"closed","template":"page-templates\/full-width.php","meta":{"footnotes":""},"class_list":["post-926","page","type-page","status-publish","hentry"],"_links":{"self":[{"href":"https:\/\/woerrlein-naturfoto.de\/wordpress\/wp-json\/wp\/v2\/pages\/926","targetHints":{"allow":["GET"]}}],"collection":[{"href":"https:\/\/woerrlein-naturfoto.de\/wordpress\/wp-json\/wp\/v2\/pages"}],"about":[{"href":"https:\/\/woerrlein-naturfoto.de\/wordpress\/wp-json\/wp\/v2\/types\/page"}],"author":[{"embeddable":true,"href":"https:\/\/woerrlein-naturfoto.de\/wordpress\/wp-json\/wp\/v2\/users\/1"}],"replies":[{"embeddable":true,"href":"https:\/\/woerrlein-naturfoto.de\/wordpress\/wp-json\/wp\/v2\/comments?post=926"}],"version-history":[{"count":13,"href":"https:\/\/woerrlein-naturfoto.de\/wordpress\/wp-json\/wp\/v2\/pages\/926\/revisions"}],"predecessor-version":[{"id":6252,"href":"https:\/\/woerrlein-naturfoto.de\/wordpress\/wp-json\/wp\/v2\/pages\/926\/revisions\/6252"}],"up":[{"embeddable":true,"href":"https:\/\/woerrlein-naturfoto.de\/wordpress\/wp-json\/wp\/v2\/pages\/911"}],"wp:attachment":[{"href":"https:\/\/woerrlein-naturfoto.de\/wordpress\/wp-json\/wp\/v2\/media?parent=926"}],"curies":[{"name":"wp","href":"https:\/\/api.w.org\/{rel}","templated":true}]}}