{"id":9101,"date":"2017-09-24T11:06:42","date_gmt":"2017-09-24T09:06:42","guid":{"rendered":"http:\/\/woerrlein-naturfoto.de\/wordpress\/?page_id=9101"},"modified":"2017-09-24T11:22:30","modified_gmt":"2017-09-24T09:22:30","slug":"kleine-binsenjungfer","status":"publish","type":"page","link":"https:\/\/woerrlein-naturfoto.de\/wordpress\/teichjungfern-a-z\/kleine-binsenjungfer\/","title":{"rendered":"Kleine Binsenjungfer"},"content":{"rendered":"<p><a href=\"http:\/\/woerrlein-naturfoto.de\/wordpress\/insekten\/\"><span style=\"color: #ffff66;\">Insekten<\/span> <\/a>-&gt;<a href=\"http:\/\/woerrlein-naturfoto.de\/wordpress\/hauptseite-insekten\/insekten\/libellen\/\"> <span style=\"color: #ffff66;\">Libellen<\/span> <\/a>-&gt;<a href=\"http:\/\/woerrlein-naturfoto.de\/wordpress\/hauptseite-insekten\/insekten\/libellen\/teichjungfern-2\/\"> <span style=\"color: #ffff66;\">Teichjungfern<\/span><\/a><br \/>\n<a title=\"Insekten A-Z\" href=\"http:\/\/woerrlein-naturfoto.de\/wordpress\/insekten-a-z\/\">Insekten von A-Z<\/a><br \/>\nzur Galerie <a href=\"http:\/\/woerrlein-naturfoto.de\/wordpress\/hauptseite-insekten\/insekten\/libellen\/teichjungfern-2\/\">Teichjungfern<\/a><\/p>\n<p><img loading=\"lazy\" decoding=\"async\" class=\"alignleft wp-image-9088\" src=\"http:\/\/woerrlein-naturfoto.de\/wordpress\/wp-content\/uploads\/2015\/01\/KleineBinsenjungfer_D170820_4942-600x400.jpg\" alt=\"\" width=\"600\" height=\"400\" srcset=\"https:\/\/woerrlein-naturfoto.de\/wordpress\/wp-content\/uploads\/2015\/01\/KleineBinsenjungfer_D170820_4942-600x400.jpg 600w, https:\/\/woerrlein-naturfoto.de\/wordpress\/wp-content\/uploads\/2015\/01\/KleineBinsenjungfer_D170820_4942-768x512.jpg 768w, https:\/\/woerrlein-naturfoto.de\/wordpress\/wp-content\/uploads\/2015\/01\/KleineBinsenjungfer_D170820_4942-120x80.jpg 120w, https:\/\/woerrlein-naturfoto.de\/wordpress\/wp-content\/uploads\/2015\/01\/KleineBinsenjungfer_D170820_4942.jpg 1000w\" sizes=\"auto, (max-width: 600px) 100vw, 600px\" \/>Die <b>Kleine Binsenjungfer<\/b> (<i>Lestes virens<\/i>) ist eine Libelle der Gattung der Binsenjungfern und geh\u00f6rt zur Familie der Teichjungfern. Diese zierlichen Kleinlibellen erreichen eine Fl\u00fcgelspannweite von 3,5 bis 4 Zentimetern. Ihr Thorax ist im unteren Teil hellblau (unausgef\u00e4rbt: gelblich), oberseits metallisch-gr\u00fcn gef\u00e4rbt. Das Abdomen ist oben gr\u00fcnlich bis schwarz-gr\u00fcn. Die bl\u00e4uliche Wachsbereifung von Hinterleibsbasis sowie leicht verdicktem Abdomenende der M\u00e4nnchen ist gegen\u00fcber anderen <i>Lestes<\/i>-Arten vergleichsweise wenig ausgepr\u00e4gt und kann auch ganz fehlen. Am Hinterkopf f\u00e4llt eine scharfe Trennung der F\u00e4rbung auf \u2013 oben ist diese dunkler, w\u00e4hrend der untere Kopfteil hell-gelblich abgesetzt ist. Die Fl\u00fcgelmale sind bei ausgef\u00e4rbten Tieren braun und weisen an ihren schmalen Seiten hellere Abschl\u00fcsse auf.<br \/>\nKleine Binsenjungfern sind mit anderen Binsenjungfer-Arten (<i>Lestes<\/i> spec.) zu verwechseln, sind aber insgesamt zarter als diese gebaut. Auch die sonst \u00e4hnliche (unbereifte) Weidenjungfer ist deutlich kr\u00e4ftiger und weist zudem einheitlich helle Fl\u00fcgelmale auf. Das Pterostigma ist generell ein wichtiges Unterscheidungsmerkmal: Bei der Gemeinen und der Gl\u00e4nzenden Binsenjungfer ist dieses beispielsweise schwarz, bei der S\u00fcdlichen Binsenjungfer zweifarbig (innen braun, au\u00dfen heller).<\/p>\n<p><strong>Flugzeit:<\/strong>\u00a0\u00a0\u00a0\u00a0 Mitte Juni\/Juli bis Oktober<\/p>\n<p>Zur Galerie <a href=\"http:\/\/woerrlein-naturfoto.de\/wordpress\/hauptseite-insekten\/insekten\/libellen\/teichjungfern-2\/\">Teichjungfern<\/a><\/p>\n<p><em>Quelle des Textauszuges und weitere Infos bei <\/em><a href=\"https:\/\/de.wikipedia.org\/wiki\/Kleine_Binsenjungfer\" target=\"_blank\" rel=\"noopener noreferrer\">Wikipedia<\/a><em> (<\/em><a href=\"http:\/\/www.gnu.org\/licenses\/fdl-1.3.txt\" target=\"_blank\" rel=\"noopener noreferrer\">GNU-Lizenz<\/a><em>)\u2013 mein Dank gilt den <\/em><a href=\"https:\/\/de.wikipedia.org\/w\/index.php?title=Kleine_Binsenjungfer&amp;action=history\" target=\"_blank\" rel=\"noopener noreferrer\">Autoren<\/a><em>.<\/em><\/p>\n","protected":false},"excerpt":{"rendered":"<p>Insekten -&gt; Libellen -&gt; Teichjungfern Insekten von A-Z zur Galerie Teichjungfern Die Kleine Binsenjungfer (Lestes virens) ist eine Libelle der Gattung der Binsenjungfern und geh\u00f6rt zur Familie der Teichjungfern. Diese zierlichen Kleinlibellen erreichen eine Fl\u00fcgelspannweite von 3,5 bis 4 Zentimetern. Ihr Thorax ist im unteren Teil hellblau (unausgef\u00e4rbt: gelblich), oberseits metallisch-gr\u00fcn gef\u00e4rbt. Das Abdomen ist &hellip; <a href=\"https:\/\/woerrlein-naturfoto.de\/wordpress\/teichjungfern-a-z\/kleine-binsenjungfer\/\" class=\"more-link\"><span class=\"screen-reader-text\">Kleine Binsenjungfer<\/span> weiterlesen <span class=\"meta-nav\">&rarr;<\/span><\/a><\/p>\n","protected":false},"author":1,"featured_media":0,"parent":3616,"menu_order":0,"comment_status":"closed","ping_status":"closed","template":"page-templates\/full-width.php","meta":{"footnotes":""},"class_list":["post-9101","page","type-page","status-publish","hentry"],"_links":{"self":[{"href":"https:\/\/woerrlein-naturfoto.de\/wordpress\/wp-json\/wp\/v2\/pages\/9101","targetHints":{"allow":["GET"]}}],"collection":[{"href":"https:\/\/woerrlein-naturfoto.de\/wordpress\/wp-json\/wp\/v2\/pages"}],"about":[{"href":"https:\/\/woerrlein-naturfoto.de\/wordpress\/wp-json\/wp\/v2\/types\/page"}],"author":[{"embeddable":true,"href":"https:\/\/woerrlein-naturfoto.de\/wordpress\/wp-json\/wp\/v2\/users\/1"}],"replies":[{"embeddable":true,"href":"https:\/\/woerrlein-naturfoto.de\/wordpress\/wp-json\/wp\/v2\/comments?post=9101"}],"version-history":[{"count":6,"href":"https:\/\/woerrlein-naturfoto.de\/wordpress\/wp-json\/wp\/v2\/pages\/9101\/revisions"}],"predecessor-version":[{"id":9107,"href":"https:\/\/woerrlein-naturfoto.de\/wordpress\/wp-json\/wp\/v2\/pages\/9101\/revisions\/9107"}],"up":[{"embeddable":true,"href":"https:\/\/woerrlein-naturfoto.de\/wordpress\/wp-json\/wp\/v2\/pages\/3616"}],"wp:attachment":[{"href":"https:\/\/woerrlein-naturfoto.de\/wordpress\/wp-json\/wp\/v2\/media?parent=9101"}],"curies":[{"name":"wp","href":"https:\/\/api.w.org\/{rel}","templated":true}]}}