{"id":8928,"date":"2017-05-06T19:13:35","date_gmt":"2017-05-06T17:13:35","guid":{"rendered":"http:\/\/woerrlein-naturfoto.de\/wordpress\/?page_id=8928"},"modified":"2017-05-06T19:13:35","modified_gmt":"2017-05-06T17:13:35","slug":"rundblaettriger-sonnentau","status":"publish","type":"page","link":"https:\/\/woerrlein-naturfoto.de\/wordpress\/blueten-ii-a-z\/rundblaettriger-sonnentau\/","title":{"rendered":"Rundbl\u00e4ttriger Sonnentau"},"content":{"rendered":"<p><a href=\"http:\/\/woerrlein-naturfoto.de\/wordpress\/hauptseite-pflanzen\/pflanzen\/\"><span style=\"color: #ffff66;\">Pflanzen<\/span> <\/a>-&gt;<a href=\"http:\/\/woerrlein-naturfoto.de\/wordpress\/hauptseite-pflanzen\/pflanzen\/blueten-ii-sonstige-blueten\/\"> <span style=\"color: #ffff66;\">Bl\u00fcten II (sonstige Bl\u00fcten)<\/span><\/a><br \/>\n<a href=\"http:\/\/woerrlein-naturfoto.de\/wordpress\/pflanzen-von-a-z\/\">Pflanzen von A-Z<\/a><br \/>\nZur Galerie <a href=\"http:\/\/woerrlein-naturfoto.de\/wordpress\/hauptseite-pflanzen\/pflanzen\/blueten-ii-sonstige-blueten\/\">sonstige Bl\u00fcten<\/a><\/p>\n<p><img loading=\"lazy\" decoding=\"async\" class=\"alignleft wp-image-8707\" src=\"http:\/\/woerrlein-naturfoto.de\/wordpress\/wp-content\/uploads\/2016\/12\/Sonnentau_D160611_3288-1-400x600.jpg\" alt=\"\" width=\"267\" height=\"400\" srcset=\"https:\/\/woerrlein-naturfoto.de\/wordpress\/wp-content\/uploads\/2016\/12\/Sonnentau_D160611_3288-1-400x600.jpg 400w, https:\/\/woerrlein-naturfoto.de\/wordpress\/wp-content\/uploads\/2016\/12\/Sonnentau_D160611_3288-1.jpg 567w\" sizes=\"auto, (max-width: 267px) 100vw, 267px\" \/>Der <a class=\"mw-redirect\" title=\"Fleischfressende Pflanze\" href=\"https:\/\/de.wikipedia.org\/wiki\/Fleischfressende_Pflanze\" target=\"_blank\" rel=\"noopener noreferrer\">karnivore<\/a> <b>Rundbl\u00e4ttrige Sonnentau<\/b> (<i>Drosera rotundifolia<\/i>), auch <b>Himmelstau<\/b>, <b>Herrgottsl\u00f6ffel<\/b>, <b>Himmelsl\u00f6ffelkraut<\/b>, <b>Sp\u00f6lkrut<\/b>, <b>Brunstkraut<\/b>, <b>Bullenkraut<\/b> oder <b>Widdertod<\/b> genannt, ist eine Art aus der Familie der Sonnentaugew\u00e4chse. Die Art ist wie alle in Deutschland vorkommenden Sonnentauarten durch die Bundesartenschutzverordnung gesch\u00fctzt.<br \/>\nDer Rundbl\u00e4ttrige Sonnentau ist eine mehrj\u00e4hrige krautige Pflanze. Die Pflanze erscheint aus einer Winterknospe, dem so genannten Hibernakel, und bildet eine bodenst\u00e4ndige Rosette mit einer Wuchsh\u00f6he von 5 bis 20\u00a0cm. Nach der Bl\u00fcte setzt bereits im fr\u00fchen Herbst die Winterruhe der Pflanze ein, indem sie erneut eine Winterknospe bildet und ihre Bl\u00e4tter komplett einzieht. Das weniger auf N\u00e4hrstoffversorgung als auf Verankerung ausgerichtete Wurzelsystem der Pflanze ist schwach ausgepr\u00e4gt und reicht nur wenige Zentimeter tief.<br \/>\nDie Pflanzen tragen an 1 bis 7\u00a0cm langen Blattstielen stehende rundliche, horizontal ausgestreckte Fangbl\u00e4tter mit einem Durchmesser von 0,5 bis 1,8\u00a0cm. Die Bl\u00e4tter sind jeweils mit rund 200 haarfeinen r\u00f6tlichen Tentakeln besetzt, die an ihrem Ende ein klebriges Sekret ausscheiden, das zum Fang der Insekten dient. Mit diesen Bl\u00e4ttern f\u00e4ngt der Rundbl\u00e4ttrige Sonnentau zumeist kleine Insekten wie zum Beispiel M\u00fccken oder Fliegen, gelegentlich aber auch gr\u00f6\u00dfere Insekten wie Schmetterlinge oder Libellen, letztere mittels mehrerer Bl\u00e4tter zugleich.<\/p>\n<p><strong>Bl\u00fctezeit:<\/strong>\u00a0\u00a0\u00a0\u00a0 Juni bis August<\/p>\n<p>Zur Galerie <a title=\"Eulen\" href=\"http:\/\/woerrlein-naturfoto.de\/wordpress\/hauptseite-pflanzen\/pflanzen\/blueten-ii-sonstige-blueten\/\">sonstige Bl\u00fcten<\/a><\/p>\n<p><em>Quelle des Textauszuges und weitere Infos bei <\/em><a href=\"https:\/\/de.wikipedia.org\/wiki\/Rundbl%C3%A4ttriger_Sonnentau\" target=\"_blank\" rel=\"noopener noreferrer\">Wikipedia<\/a><em> (<\/em><a href=\"http:\/\/www.gnu.org\/licenses\/fdl-1.3.txt\" target=\"_blank\" rel=\"noopener noreferrer\">GNU-Lizenz<\/a><em>)\u2013 mein Dank gilt den <\/em><a href=\"https:\/\/de.wikipedia.org\/w\/index.php?title=Rundbl%C3%A4ttriger_Sonnentau&amp;action=history\" target=\"_blank\" rel=\"noopener noreferrer\">Autoren<\/a><em>.<\/em><\/p>\n","protected":false},"excerpt":{"rendered":"<p>Pflanzen -&gt; Bl\u00fcten II (sonstige Bl\u00fcten) Pflanzen von A-Z Zur Galerie sonstige Bl\u00fcten Der karnivore Rundbl\u00e4ttrige Sonnentau (Drosera rotundifolia), auch Himmelstau, Herrgottsl\u00f6ffel, Himmelsl\u00f6ffelkraut, Sp\u00f6lkrut, Brunstkraut, Bullenkraut oder Widdertod genannt, ist eine Art aus der Familie der Sonnentaugew\u00e4chse. Die Art ist wie alle in Deutschland vorkommenden Sonnentauarten durch die Bundesartenschutzverordnung gesch\u00fctzt. Der Rundbl\u00e4ttrige Sonnentau ist eine &hellip; <a href=\"https:\/\/woerrlein-naturfoto.de\/wordpress\/blueten-ii-a-z\/rundblaettriger-sonnentau\/\" class=\"more-link\"><span class=\"screen-reader-text\">Rundbl\u00e4ttriger Sonnentau<\/span> weiterlesen <span class=\"meta-nav\">&rarr;<\/span><\/a><\/p>\n","protected":false},"author":1,"featured_media":0,"parent":4851,"menu_order":0,"comment_status":"closed","ping_status":"closed","template":"page-templates\/full-width.php","meta":{"footnotes":""},"class_list":["post-8928","page","type-page","status-publish","hentry"],"_links":{"self":[{"href":"https:\/\/woerrlein-naturfoto.de\/wordpress\/wp-json\/wp\/v2\/pages\/8928","targetHints":{"allow":["GET"]}}],"collection":[{"href":"https:\/\/woerrlein-naturfoto.de\/wordpress\/wp-json\/wp\/v2\/pages"}],"about":[{"href":"https:\/\/woerrlein-naturfoto.de\/wordpress\/wp-json\/wp\/v2\/types\/page"}],"author":[{"embeddable":true,"href":"https:\/\/woerrlein-naturfoto.de\/wordpress\/wp-json\/wp\/v2\/users\/1"}],"replies":[{"embeddable":true,"href":"https:\/\/woerrlein-naturfoto.de\/wordpress\/wp-json\/wp\/v2\/comments?post=8928"}],"version-history":[{"count":1,"href":"https:\/\/woerrlein-naturfoto.de\/wordpress\/wp-json\/wp\/v2\/pages\/8928\/revisions"}],"predecessor-version":[{"id":8929,"href":"https:\/\/woerrlein-naturfoto.de\/wordpress\/wp-json\/wp\/v2\/pages\/8928\/revisions\/8929"}],"up":[{"embeddable":true,"href":"https:\/\/woerrlein-naturfoto.de\/wordpress\/wp-json\/wp\/v2\/pages\/4851"}],"wp:attachment":[{"href":"https:\/\/woerrlein-naturfoto.de\/wordpress\/wp-json\/wp\/v2\/media?parent=8928"}],"curies":[{"name":"wp","href":"https:\/\/api.w.org\/{rel}","templated":true}]}}