{"id":8796,"date":"2017-02-18T14:37:54","date_gmt":"2017-02-18T13:37:54","guid":{"rendered":"http:\/\/woerrlein-naturfoto.de\/wordpress\/?page_id=8796"},"modified":"2017-02-18T14:41:58","modified_gmt":"2017-02-18T13:41:58","slug":"pfeifente","status":"publish","type":"page","link":"https:\/\/woerrlein-naturfoto.de\/wordpress\/gruendelenten-a-z\/pfeifente\/","title":{"rendered":"Pfeifente"},"content":{"rendered":"<p><a href=\"http:\/\/woerrlein-naturfoto.de\/wordpress\/voegel\/\"><span style=\"color: #ffff66;\">V\u00f6gel<\/span> <\/a>-&gt;<a href=\"http:\/\/woerrlein-naturfoto.de\/wordpress\/voegel\/gaensevoegel\/\"> <span style=\"color: #ffff66;\">G\u00e4nsev\u00f6gel<\/span> <\/a>-&gt;<a href=\"http:\/\/woerrlein-naturfoto.de\/wordpress\/hauptseite-voegel\/voegel\/gaensevoegel-2\/gruendelenten\/\"> <span style=\"color: #ffff66;\">Gr\u00fcndelenten<\/span><\/a><a title=\"G\u00e4nsev\u00f6gel\" href=\"http:\/\/woerrlein-naturfoto.de\/wordpress\/voegel\/gaensevoegel\/\"><br \/>\n<\/a><a href=\"http:\/\/woerrlein-naturfoto.de\/wordpress\/voegel_von_a-z\/\">V\u00f6gel von A-Z<\/a><br \/>\nzur Galerie <a title=\"Gr\u00fcndelenten\" href=\"http:\/\/woerrlein-naturfoto.de\/wordpress\/hauptseite-voegel\/voegel\/gaensevoegel-2\/gruendelenten\/\">Gr\u00fcndelenten<\/a><\/p>\n<p><img loading=\"lazy\" decoding=\"async\" class=\"alignleft wp-image-8778\" src=\"http:\/\/woerrlein-naturfoto.de\/wordpress\/wp-content\/uploads\/2014\/12\/Pfeifente_D151013_7737_600px-600x400.jpg\" width=\"600\" height=\"400\" srcset=\"https:\/\/woerrlein-naturfoto.de\/wordpress\/wp-content\/uploads\/2014\/12\/Pfeifente_D151013_7737_600px.jpg 600w, https:\/\/woerrlein-naturfoto.de\/wordpress\/wp-content\/uploads\/2014\/12\/Pfeifente_D151013_7737_600px-120x80.jpg 120w\" sizes=\"auto, (max-width: 600px) 100vw, 600px\" \/>Die <b>Pfeifente<\/b> (<i>Anas penelope<\/i>) z\u00e4hlt in der Familie der Entenv\u00f6gel zur Gattung der Eigentlichen Schwimmenten. Ihr Brutgebiet erstreckt sich im Norden Eurasiens von Island bis zur Beringstra\u00dfe. Vor Einsetzen des Winterfrostes ziehen die Pfeifenten in gro\u00dfen Scharen nach Ostafrika, Zentralindien und Indochina.<br \/>\nPfeifenten sind Bodenbr\u00fcter. Das Nest wird im sch\u00fctzenden Uferdickicht angelegt und mit Federdunen ausgepolstert. Das Weibchen legt meist sechs bis zehn Eier, die eine L\u00e4nge von knapp 50 mm aufweisen. Die Brutdauer betr\u00e4gt etwa 22 Tage. Das M\u00e4nnchen h\u00e4lt sich die gesamte Zeit in der N\u00e4he des br\u00fctenden Weibchens auf. Die Eier sind nach etwa 24 bis 25 Tagen ausgebr\u00fctet.<br \/>\nPfeifenten sind sowohl tagaktiv als auch d\u00e4mmerungs- und nachtaktiv. In der Nacht k\u00f6nnen sie au\u00dferordentlich gut sehen, da die R\u00fcckseite der Augen eine Schicht enth\u00e4lt, die das einfallende Licht reflektiert. Die eigentlichen Sehnerven werden also doppelt vom Licht getroffen. Pfeifenten leben gesellig und sind stets in gr\u00f6\u00dferen Gruppen anzutreffen. Pfeifenten ern\u00e4hren sich grunds\u00e4tzlich rein vegetarisch. Die Nahrungssuche findet in der D\u00e4mmerung und in der Dunkelheit statt. Zum Nahrungsspektrum geh\u00f6ren neben Wasserpflanzen auch Gr\u00e4ser, S\u00e4mereien und Kr\u00e4uter an Land.<\/p>\n<p>L\u00e4nge: 45-51 cm\u00a0\u00a0 Spannweite: 75-85 cm\u00a0\u00a0 Gewicht: 600-900 g\u00a0\u00a0 Gelege: 6-12 Eier<\/p>\n<p>zur Galerie <a title=\"Gr\u00fcndelenten\" href=\"http:\/\/woerrlein-naturfoto.de\/wordpress\/hauptseite-voegel\/voegel\/gaensevoegel-2\/gruendelenten\/\">Gr\u00fcndelenten<\/a><code><br \/>\n<\/code><\/p>\n<p><em>Quelle des Textauszuges und weitere Infos bei <\/em><a href=\"https:\/\/de.wikipedia.org\/wiki\/Pfeifente\" target=\"_blank\">Wikipedia<\/a> <em>(<\/em><a href=\"http:\/\/www.gnu.org\/licenses\/fdl-1.3.txt\" target=\"_blank\">GNU-Lizenz<\/a><em>)<\/em> \u2013 <em>mein Dank gilt den<\/em> <a href=\"https:\/\/de.wikipedia.org\/w\/index.php?title=Pfeifente&amp;action=history\" target=\"_blank\">Autoren<\/a>.<\/p>\n","protected":false},"excerpt":{"rendered":"<p>V\u00f6gel -&gt; G\u00e4nsev\u00f6gel -&gt; Gr\u00fcndelenten V\u00f6gel von A-Z zur Galerie Gr\u00fcndelenten Die Pfeifente (Anas penelope) z\u00e4hlt in der Familie der Entenv\u00f6gel zur Gattung der Eigentlichen Schwimmenten. Ihr Brutgebiet erstreckt sich im Norden Eurasiens von Island bis zur Beringstra\u00dfe. Vor Einsetzen des Winterfrostes ziehen die Pfeifenten in gro\u00dfen Scharen nach Ostafrika, Zentralindien und Indochina. Pfeifenten sind &hellip; <a href=\"https:\/\/woerrlein-naturfoto.de\/wordpress\/gruendelenten-a-z\/pfeifente\/\" class=\"more-link\"><span class=\"screen-reader-text\">Pfeifente<\/span> weiterlesen <span class=\"meta-nav\">&rarr;<\/span><\/a><\/p>\n","protected":false},"author":1,"featured_media":0,"parent":2234,"menu_order":0,"comment_status":"closed","ping_status":"closed","template":"page-templates\/full-width.php","meta":{"footnotes":""},"class_list":["post-8796","page","type-page","status-publish","hentry"],"_links":{"self":[{"href":"https:\/\/woerrlein-naturfoto.de\/wordpress\/wp-json\/wp\/v2\/pages\/8796","targetHints":{"allow":["GET"]}}],"collection":[{"href":"https:\/\/woerrlein-naturfoto.de\/wordpress\/wp-json\/wp\/v2\/pages"}],"about":[{"href":"https:\/\/woerrlein-naturfoto.de\/wordpress\/wp-json\/wp\/v2\/types\/page"}],"author":[{"embeddable":true,"href":"https:\/\/woerrlein-naturfoto.de\/wordpress\/wp-json\/wp\/v2\/users\/1"}],"replies":[{"embeddable":true,"href":"https:\/\/woerrlein-naturfoto.de\/wordpress\/wp-json\/wp\/v2\/comments?post=8796"}],"version-history":[{"count":4,"href":"https:\/\/woerrlein-naturfoto.de\/wordpress\/wp-json\/wp\/v2\/pages\/8796\/revisions"}],"predecessor-version":[{"id":8800,"href":"https:\/\/woerrlein-naturfoto.de\/wordpress\/wp-json\/wp\/v2\/pages\/8796\/revisions\/8800"}],"up":[{"embeddable":true,"href":"https:\/\/woerrlein-naturfoto.de\/wordpress\/wp-json\/wp\/v2\/pages\/2234"}],"wp:attachment":[{"href":"https:\/\/woerrlein-naturfoto.de\/wordpress\/wp-json\/wp\/v2\/media?parent=8796"}],"curies":[{"name":"wp","href":"https:\/\/api.w.org\/{rel}","templated":true}]}}