{"id":8782,"date":"2017-02-18T13:49:11","date_gmt":"2017-02-18T12:49:11","guid":{"rendered":"http:\/\/woerrlein-naturfoto.de\/wordpress\/?page_id=8782"},"modified":"2022-01-09T15:22:28","modified_gmt":"2022-01-09T14:22:28","slug":"schellente","status":"publish","type":"page","link":"https:\/\/woerrlein-naturfoto.de\/wordpress\/meeresenten-a-z\/schellente\/","title":{"rendered":"Schellente"},"content":{"rendered":"<p><span style=\"color: #ffff00;\"><a style=\"color: #ffff00;\" href=\"http:\/\/woerrlein-naturfoto.de\/wordpress\/voegel\/\">V\u00f6gel <\/a><\/span>-&gt;<span style=\"color: #ffff00;\"><a style=\"color: #ffff00;\" href=\"http:\/\/woerrlein-naturfoto.de\/wordpress\/hauptseite-voegel\/voegel\/gaensevoegel-2\/\"> G\u00e4nsev\u00f6gel <\/a><\/span>-&gt;<span style=\"color: #ffff00;\"><a style=\"color: #ffff00;\" href=\"https:\/\/woerrlein-naturfoto.de\/wordpress\/hauptseite-voegel\/voegel\/gaensevoegel-2\/meeresenten\/\"> Meeresenten<\/a><\/span><br \/>\n<a href=\"http:\/\/woerrlein-naturfoto.de\/wordpress\/voegel_von_a-z\/\">V\u00f6gel von A-Z<\/a><br \/>\nzur Galerie <a title=\"Meeresenten\" href=\"http:\/\/woerrlein-naturfoto.de\/wordpress\/hauptseite-voegel\/voegel\/gaensevoegel-2\/meeresenten\/\">Meeresenten<\/a><\/p>\n<p><img loading=\"lazy\" decoding=\"async\" class=\"alignleft wp-image-14613\" src=\"https:\/\/woerrlein-naturfoto.de\/wordpress\/wp-content\/uploads\/2014\/12\/Schellenten_210403_3304-600x400.jpg\" alt=\"\" width=\"600\" height=\"400\" srcset=\"https:\/\/woerrlein-naturfoto.de\/wordpress\/wp-content\/uploads\/2014\/12\/Schellenten_210403_3304-600x400.jpg 600w, https:\/\/woerrlein-naturfoto.de\/wordpress\/wp-content\/uploads\/2014\/12\/Schellenten_210403_3304-768x512.jpg 768w, https:\/\/woerrlein-naturfoto.de\/wordpress\/wp-content\/uploads\/2014\/12\/Schellenten_210403_3304-120x80.jpg 120w, https:\/\/woerrlein-naturfoto.de\/wordpress\/wp-content\/uploads\/2014\/12\/Schellenten_210403_3304.jpg 1000w\" sizes=\"auto, (max-width: 600px) 100vw, 600px\" \/><\/p>\n<p>Die <b>Schellente<\/b> (<i>Bucephala clangula<\/i>) ist eine <a title=\"Holarktis\" href=\"https:\/\/de.wikipedia.org\/wiki\/Holarktis\" target=\"_blank\" rel=\"noopener\">holarktisch<\/a> verbreitete Vogelart aus der Familie der Entenv\u00f6gel. Ihr Verbreitungsgebiet ist die n\u00f6rdliche Nadelwaldzone. Die Kurzhalsigkeit und der relativ gro\u00dfe Kopf geben der Art ein gedrungenes Erscheinungsbild. Die Schellente kommt in zwei Unterarten von Europa \u00fcber Sibirien bis nach Amerika vor. Im Norden Mitteleuropas ist die Schellente ein verbreiteter, aber nicht h\u00e4ufiger Brut- und Sommer- und teilweise auch Jahresvogel. Sie ist au\u00dferdem ein h\u00e4ufiger Durchz\u00fcgler und Wintergast. Die Schellente ern\u00e4hrt sich von Schnecken, Krebstieren, Pflanzenteilen, kleinen Fischen, Insekten und deren Larven. Sie kann bis acht Meter tief tauchen, um dort ihre Mahlzeiten zu erbeuten.\u00a0 Sie kann mit ihrem zugespitzten, schmalen\u00a0 Schnabel auch in Spalten und L\u00fccken zwischen Steinen fassen. Ihre bevorzugten Nahrungsgr\u00fcnde sind deshalb Gew\u00e4sser mit kiesigem und steinigem Grund.<br \/>\nDie Schellente br\u00fctet in Baumh\u00f6hlen, alten Schwarzspechth\u00f6hlen und Nistk\u00e4sten. Das Loch in der H\u00f6hle sollte \u00fcber zehn Zentimeter gro\u00df sein und die H\u00f6hle etwa 45 Zentimeter tief sein. Geeignete Bruth\u00f6hlen finden sich in Mittel- und Osteuropa vor allem in alten Eichen. Schellenten nehmen Bruthilfen in Form k\u00fcnstlicher Nisth\u00f6hlen jedoch sehr gerne an und ziehen diese sogar nat\u00fcrlichen vor. Die Bruth\u00f6hle kann sich zwar unmittelbar \u00fcber dem Boden befindet, aber auch Bruth\u00f6hlen in einer H\u00f6he von acht bis zehn Meter werden von dieser Entenart angenommen.<\/p>\n<p>L\u00e4nge: 42-50 cm\u00a0\u00a0 Spannweite: 65-80 cm\u00a0\u00a0 Gewicht: 800-1000 g\u00a0\u00a0 Gelege: 8-11 Eier<\/p>\n<p>zur Galerie <a title=\"Meeresenten\" href=\"http:\/\/woerrlein-naturfoto.de\/wordpress\/hauptseite-voegel\/voegel\/gaensevoegel-2\/meeresenten\/\">Meeresenten<\/a><code><br \/>\n<\/code><\/p>\n<p><em>Quelle des Textauszuges und weitere Infos bei <\/em><a href=\"https:\/\/de.wikipedia.org\/wiki\/Schellente\" target=\"_blank\" rel=\"noopener\">Wikipedia<\/a> <em>(<\/em><a href=\"http:\/\/www.gnu.org\/licenses\/fdl-1.3.txt\" target=\"_blank\" rel=\"noopener\">GNU-Lizenz<\/a><em>)<\/em> \u2013 <em>mein Dank gilt den<\/em> <a href=\"https:\/\/de.wikipedia.org\/w\/index.php?title=Schellente&amp;action=history\" target=\"_blank\" rel=\"noopener\">Autoren<\/a>.<\/p>\n","protected":false},"excerpt":{"rendered":"<p>V\u00f6gel -&gt; G\u00e4nsev\u00f6gel -&gt; Meeresenten V\u00f6gel von A-Z zur Galerie Meeresenten Die Schellente (Bucephala clangula) ist eine holarktisch verbreitete Vogelart aus der Familie der Entenv\u00f6gel. Ihr Verbreitungsgebiet ist die n\u00f6rdliche Nadelwaldzone. Die Kurzhalsigkeit und der relativ gro\u00dfe Kopf geben der Art ein gedrungenes Erscheinungsbild. Die Schellente kommt in zwei Unterarten von Europa \u00fcber Sibirien bis &hellip; <a href=\"https:\/\/woerrlein-naturfoto.de\/wordpress\/meeresenten-a-z\/schellente\/\" class=\"more-link\"><span class=\"screen-reader-text\">Schellente<\/span> weiterlesen <span class=\"meta-nav\">&rarr;<\/span><\/a><\/p>\n","protected":false},"author":1,"featured_media":0,"parent":2296,"menu_order":0,"comment_status":"closed","ping_status":"closed","template":"page-templates\/full-width.php","meta":{"footnotes":""},"class_list":["post-8782","page","type-page","status-publish","hentry"],"_links":{"self":[{"href":"https:\/\/woerrlein-naturfoto.de\/wordpress\/wp-json\/wp\/v2\/pages\/8782","targetHints":{"allow":["GET"]}}],"collection":[{"href":"https:\/\/woerrlein-naturfoto.de\/wordpress\/wp-json\/wp\/v2\/pages"}],"about":[{"href":"https:\/\/woerrlein-naturfoto.de\/wordpress\/wp-json\/wp\/v2\/types\/page"}],"author":[{"embeddable":true,"href":"https:\/\/woerrlein-naturfoto.de\/wordpress\/wp-json\/wp\/v2\/users\/1"}],"replies":[{"embeddable":true,"href":"https:\/\/woerrlein-naturfoto.de\/wordpress\/wp-json\/wp\/v2\/comments?post=8782"}],"version-history":[{"count":12,"href":"https:\/\/woerrlein-naturfoto.de\/wordpress\/wp-json\/wp\/v2\/pages\/8782\/revisions"}],"predecessor-version":[{"id":14647,"href":"https:\/\/woerrlein-naturfoto.de\/wordpress\/wp-json\/wp\/v2\/pages\/8782\/revisions\/14647"}],"up":[{"embeddable":true,"href":"https:\/\/woerrlein-naturfoto.de\/wordpress\/wp-json\/wp\/v2\/pages\/2296"}],"wp:attachment":[{"href":"https:\/\/woerrlein-naturfoto.de\/wordpress\/wp-json\/wp\/v2\/media?parent=8782"}],"curies":[{"name":"wp","href":"https:\/\/api.w.org\/{rel}","templated":true}]}}