{"id":8747,"date":"2017-02-05T10:38:48","date_gmt":"2017-02-05T09:38:48","guid":{"rendered":"http:\/\/woerrlein-naturfoto.de\/wordpress\/?page_id=8747"},"modified":"2017-02-18T14:52:44","modified_gmt":"2017-02-18T13:52:44","slug":"ohrentaucher","status":"publish","type":"page","link":"https:\/\/woerrlein-naturfoto.de\/wordpress\/lappentaucher-a-z\/ohrentaucher\/","title":{"rendered":"Ohrentaucher"},"content":{"rendered":"<p><a href=\"http:\/\/woerrlein-naturfoto.de\/wordpress\/voegel\/\"><span style=\"color: #ffff66;\">V\u00f6gel<\/span> <\/a>-&gt;<a href=\"http:\/\/woerrlein-naturfoto.de\/wordpress\/hauptseite-voegel\/voegel\/lappentaucher-2\/\"> <span style=\"color: #ffff66;\">Lappentaucher<\/span><\/a><br \/>\n<a title=\"V\u00f6gel von A-Z\" href=\"http:\/\/woerrlein-naturfoto.de\/wordpress\/voegel\/voegel_von_a-z\/\">V\u00f6gel von A-Z<\/a><br \/>\nzur Galerie <a href=\"http:\/\/woerrlein-naturfoto.de\/wordpress\/hauptseite-voegel\/voegel\/lappentaucher-2\/ohrentaucher\/\">Ohrentaucher<\/a><\/p>\n<p><img loading=\"lazy\" decoding=\"async\" class=\"alignleft wp-image-8502\" src=\"http:\/\/woerrlein-naturfoto.de\/wordpress\/wp-content\/uploads\/2016\/12\/Ohrentaucher_D160614_3687-600x400.jpg\" width=\"600\" height=\"400\" srcset=\"https:\/\/woerrlein-naturfoto.de\/wordpress\/wp-content\/uploads\/2016\/12\/Ohrentaucher_D160614_3687-600x400.jpg 600w, https:\/\/woerrlein-naturfoto.de\/wordpress\/wp-content\/uploads\/2016\/12\/Ohrentaucher_D160614_3687-768x512.jpg 768w, https:\/\/woerrlein-naturfoto.de\/wordpress\/wp-content\/uploads\/2016\/12\/Ohrentaucher_D160614_3687-120x80.jpg 120w, https:\/\/woerrlein-naturfoto.de\/wordpress\/wp-content\/uploads\/2016\/12\/Ohrentaucher_D160614_3687.jpg 1000w\" sizes=\"auto, (max-width: 600px) 100vw, 600px\" \/>Der <b>Ohrentaucher<\/b> (<i>Podiceps auritus<\/i>) ist eine Vogelart aus der Familie der Lappentaucher (Podicipedidae). Sein Verbreitungsgebiet erstreckt sich \u00fcber Nordeuropa, Nordasien und das n\u00f6rdliche Nordamerika. Er ist der einzige Lappentaucher, der auch n\u00f6rdlich des Polarkreises br\u00fctet. Im Nordosten Mitteleuropas gibt es einige wenige Brutvorkommen dieser Art. In Mitteleuropa ist er au\u00dferdem regelm\u00e4\u00dfig in kleiner Zahl als Durchz\u00fcgler und Wintergast zu beobachten. Er tr\u00e4gt dann sein Schlichtkleid, in dem er mit dem in Mitteleuropa h\u00e4ufigeren <a href=\"http:\/\/woerrlein-naturfoto.de\/wordpress\/lappentaucher-a-z\/schwarzhalstaucher\/\" target=\"_blank\">Schwarzhalstaucher<\/a> leicht zu verwechseln ist.<br \/>\nOhrentaucher haben ein l\u00fcckenhaft zirkumpolares Verbreitungsgebiet. Ihre Brutgebiete liegen \u00fcberwiegend zwischen 50\u00b0 und 65\u00b0 n\u00f6rdlicher Breite. In Nordeuropa br\u00fcten Ohrentaucher im Nordosten von Norwegen, in Nord- und Mittelschweden, Finnland, Estland, den F\u00e4r\u00f6er-Inseln, im Norden von Schottland und auf Island. Eine hohe Siedlungsdichte ist vor allem in der \u00dcbergangszone zwischen lichtem Laub- oder Laubmischwald und <a class=\"mw-redirect\" title=\"Borealer Wald\" href=\"https:\/\/de.wikipedia.org\/wiki\/Borealer_Wald\" target=\"_blank\">borealem Nadelwald<\/a> zu beobachten. Der Ohrentaucher pr\u00e4feriert in dieser Region kleine bis mittelgro\u00dfe Teiche oder Seen. Ohrentaucher ern\u00e4hren sich von kleineren Fischen sowie Insekten und Krebstieren. Sie nehmen im Schnitt t\u00e4glich etwa 100 Gramm Nahrung zu sich. Ob Fische oder Insekten und Krebstiere den Hauptteil der Nahrung ausmachen, ist abh\u00e4ngig vom Lebensraum. Bei den europ\u00e4ischen Brutv\u00f6geln spielen Fische eine wichtige Rolle in der Ern\u00e4hrung. Gefressen werden Fische bis zu einer L\u00e4nge von zehn Zentimetern.<br \/>\nOhrentaucher verbringen den gr\u00f6\u00dften Teil des Tages auf dem Wasser schwimmend. Die weit hinten ansetzenden Beine stellen eine weitgehende Anpassung an das Leben im Wasser dar. F\u00fcr die Fortbewegung an Land sind sie jedoch schlecht geeignet. Au\u00dferhalb der Brutzeit verbringen sie auch die Nacht auf dem Wasser schlafend. Der Schnabel ruht dann links oder rechts vom Hals im Brustgefieder.<\/p>\n<p>L\u00e4nge: 31-38 cm\u00a0\u00a0 Spannweite: 60-65 cm\u00a0\u00a0 Gewicht: 350-450 g\u00a0\u00a0 Gelege: 4-5 Eier<\/p>\n<p>zur Galerie <a href=\"http:\/\/woerrlein-naturfoto.de\/wordpress\/hauptseite-voegel\/voegel\/lappentaucher-2\/ohrentaucher\/\">Ohrentaucher<\/a><code><br \/>\n<\/code><\/p>\n<p><em>Quelle des Textauszuges und weitere Infos bei <\/em><a href=\"https:\/\/de.wikipedia.org\/wiki\/Ohrentaucher\" target=\"_blank\">Wikipedia<\/a> <em>(<\/em><a href=\"http:\/\/www.gnu.org\/licenses\/fdl-1.3.txt\" target=\"_blank\">GNU-Lizenz<\/a><em>)<\/em> \u2013 <em>mein Dank gilt den<\/em> <a href=\"https:\/\/de.wikipedia.org\/w\/index.php?title=Ohrentaucher&amp;action=history\" target=\"_blank\">Autoren<\/a>.<\/p>\n","protected":false},"excerpt":{"rendered":"<p>V\u00f6gel -&gt; Lappentaucher V\u00f6gel von A-Z zur Galerie Ohrentaucher Der Ohrentaucher (Podiceps auritus) ist eine Vogelart aus der Familie der Lappentaucher (Podicipedidae). Sein Verbreitungsgebiet erstreckt sich \u00fcber Nordeuropa, Nordasien und das n\u00f6rdliche Nordamerika. Er ist der einzige Lappentaucher, der auch n\u00f6rdlich des Polarkreises br\u00fctet. Im Nordosten Mitteleuropas gibt es einige wenige Brutvorkommen dieser Art. In &hellip; <a href=\"https:\/\/woerrlein-naturfoto.de\/wordpress\/lappentaucher-a-z\/ohrentaucher\/\" class=\"more-link\"><span class=\"screen-reader-text\">Ohrentaucher<\/span> weiterlesen <span class=\"meta-nav\">&rarr;<\/span><\/a><\/p>\n","protected":false},"author":1,"featured_media":0,"parent":2461,"menu_order":0,"comment_status":"closed","ping_status":"closed","template":"page-templates\/full-width.php","meta":{"footnotes":""},"class_list":["post-8747","page","type-page","status-publish","hentry"],"_links":{"self":[{"href":"https:\/\/woerrlein-naturfoto.de\/wordpress\/wp-json\/wp\/v2\/pages\/8747","targetHints":{"allow":["GET"]}}],"collection":[{"href":"https:\/\/woerrlein-naturfoto.de\/wordpress\/wp-json\/wp\/v2\/pages"}],"about":[{"href":"https:\/\/woerrlein-naturfoto.de\/wordpress\/wp-json\/wp\/v2\/types\/page"}],"author":[{"embeddable":true,"href":"https:\/\/woerrlein-naturfoto.de\/wordpress\/wp-json\/wp\/v2\/users\/1"}],"replies":[{"embeddable":true,"href":"https:\/\/woerrlein-naturfoto.de\/wordpress\/wp-json\/wp\/v2\/comments?post=8747"}],"version-history":[{"count":7,"href":"https:\/\/woerrlein-naturfoto.de\/wordpress\/wp-json\/wp\/v2\/pages\/8747\/revisions"}],"predecessor-version":[{"id":8806,"href":"https:\/\/woerrlein-naturfoto.de\/wordpress\/wp-json\/wp\/v2\/pages\/8747\/revisions\/8806"}],"up":[{"embeddable":true,"href":"https:\/\/woerrlein-naturfoto.de\/wordpress\/wp-json\/wp\/v2\/pages\/2461"}],"wp:attachment":[{"href":"https:\/\/woerrlein-naturfoto.de\/wordpress\/wp-json\/wp\/v2\/media?parent=8747"}],"curies":[{"name":"wp","href":"https:\/\/api.w.org\/{rel}","templated":true}]}}