{"id":8657,"date":"2017-01-01T12:06:57","date_gmt":"2017-01-01T11:06:57","guid":{"rendered":"http:\/\/woerrlein-naturfoto.de\/wordpress\/?page_id=8657"},"modified":"2017-01-01T12:07:10","modified_gmt":"2017-01-01T11:07:10","slug":"maeusebussard","status":"publish","type":"page","link":"https:\/\/woerrlein-naturfoto.de\/wordpress\/greifvoegel-a-z\/maeusebussard\/","title":{"rendered":"M\u00e4usebussard"},"content":{"rendered":"<p><a href=\"http:\/\/woerrlein-naturfoto.de\/wordpress\/voegel\/\"><span style=\"color: #ffff66;\">V\u00f6gel<\/span> <\/a>-&gt;<a href=\"http:\/\/woerrlein-naturfoto.de\/wordpress\/hauptseite-voegel\/voegel\/greifvoegel\/\"> <span style=\"color: #ffff66;\">Greifv\u00f6gel<\/span><\/a><br \/>\n<a href=\"http:\/\/woerrlein-naturfoto.de\/wordpress\/voegel_von_a-z\/\">V\u00f6gel von A-Z<\/a><br \/>\nzur Galerie <a title=\"Greifv\u00f6gel\" href=\"http:\/\/woerrlein-naturfoto.de\/wordpress\/hauptseite-voegel\/voegel\/greifvoegel\/\">Greifv\u00f6gel<\/a><\/p>\n<p><img loading=\"lazy\" decoding=\"async\" class=\"alignleft wp-image-8656\" src=\"http:\/\/woerrlein-naturfoto.de\/wordpress\/wp-content\/uploads\/2014\/12\/Maeusebussard_D151019_8336-600x400.jpg\" width=\"600\" height=\"400\" \/><\/p>\n<p>Der <b>M\u00e4usebussard<\/b> (<i>Buteo buteo<\/i>) ist ein Greifvogel aus der Familie der Habichtartigen und der h\u00e4ufigste Vertreter dieser Familie in Mitteleuropa. Er ist mittelgro\u00df und kompakt, das Gefieder variiert von Dunkelbraun bis fast Wei\u00df. Er kann oft bei seinen kreisenden Segelfl\u00fcgen oder bei der Ansitzjagd beobachtet werden. Sein Lebensraum sind offene Landschaften wie Wiesen, \u00c4cker und Heide mit angrenzenden Waldgebieten, in denen er sein Nest baut.<br \/>\nSein Verbreitungsgebiet umfasst ganz Europa mit Ausnahme Islands und des Nordens von Skandinavien. Nach Osten reicht das Areal bis Zentralasien. Kleins\u00e4uger machen den Hauptteil seiner Nahrung aus, es geh\u00f6ren aber auch andere kleine Wirbeltiere, Insekten und Regenw\u00fcrmer zum Nahrungsspektrum. M\u00e4usebussarde sind \u00fcberwiegend Teilzieher. Die \u00dcberwinterungsgebiete liegen in Mitteleuropa, Nordafrika, dem Nahen Osten und Indien. Der M\u00e4usebussard ist nicht gef\u00e4hrdet, und seine Best\u00e4nde nehmen, nach starker Verfolgung bis ins 20. Jahrhundert hinein, wieder zu.<\/p>\n<p>L\u00e4nge: 50-65 cm\u00a0\u00a0 Spannweite: 130-150 cm\u00a0\u00a0 Gewicht: 800-1100 g\u00a0\u00a0 Gelege: 3-4 Eier<\/p>\n<p>zur Galerie <a title=\"Greifv\u00f6gel\" href=\"http:\/\/woerrlein-naturfoto.de\/wordpress\/hauptseite-voegel\/voegel\/greifvoegel\/\">Greifv\u00f6gel<\/a><code><br \/>\n<\/code><\/p>\n<p><em>Quelle des Textauszuges und weitere Infos bei <\/em><a href=\"https:\/\/de.wikipedia.org\/wiki\/M%C3%A4usebussard\" target=\"_blank\">Wikipedia<\/a> <em>(<\/em><a href=\"http:\/\/www.gnu.org\/licenses\/fdl-1.3.txt\" target=\"_blank\">GNU-Lizenz<\/a><em>)<\/em> \u2013 <em>mein Dank gilt den<\/em> <a href=\"https:\/\/de.wikipedia.org\/w\/index.php?title=M%C3%A4usebussard&amp;action=history\" target=\"_blank\">Autoren<\/a>.<\/p>\n","protected":false},"excerpt":{"rendered":"<p>V\u00f6gel -&gt; Greifv\u00f6gel V\u00f6gel von A-Z zur Galerie Greifv\u00f6gel Der M\u00e4usebussard (Buteo buteo) ist ein Greifvogel aus der Familie der Habichtartigen und der h\u00e4ufigste Vertreter dieser Familie in Mitteleuropa. Er ist mittelgro\u00df und kompakt, das Gefieder variiert von Dunkelbraun bis fast Wei\u00df. Er kann oft bei seinen kreisenden Segelfl\u00fcgen oder bei der Ansitzjagd beobachtet werden. &hellip; <a href=\"https:\/\/woerrlein-naturfoto.de\/wordpress\/greifvoegel-a-z\/maeusebussard\/\" class=\"more-link\"><span class=\"screen-reader-text\">M\u00e4usebussard<\/span> weiterlesen <span class=\"meta-nav\">&rarr;<\/span><\/a><\/p>\n","protected":false},"author":1,"featured_media":0,"parent":2362,"menu_order":0,"comment_status":"closed","ping_status":"closed","template":"page-templates\/full-width.php","meta":{"footnotes":""},"class_list":["post-8657","page","type-page","status-publish","hentry"],"_links":{"self":[{"href":"https:\/\/woerrlein-naturfoto.de\/wordpress\/wp-json\/wp\/v2\/pages\/8657","targetHints":{"allow":["GET"]}}],"collection":[{"href":"https:\/\/woerrlein-naturfoto.de\/wordpress\/wp-json\/wp\/v2\/pages"}],"about":[{"href":"https:\/\/woerrlein-naturfoto.de\/wordpress\/wp-json\/wp\/v2\/types\/page"}],"author":[{"embeddable":true,"href":"https:\/\/woerrlein-naturfoto.de\/wordpress\/wp-json\/wp\/v2\/users\/1"}],"replies":[{"embeddable":true,"href":"https:\/\/woerrlein-naturfoto.de\/wordpress\/wp-json\/wp\/v2\/comments?post=8657"}],"version-history":[{"count":1,"href":"https:\/\/woerrlein-naturfoto.de\/wordpress\/wp-json\/wp\/v2\/pages\/8657\/revisions"}],"predecessor-version":[{"id":8658,"href":"https:\/\/woerrlein-naturfoto.de\/wordpress\/wp-json\/wp\/v2\/pages\/8657\/revisions\/8658"}],"up":[{"embeddable":true,"href":"https:\/\/woerrlein-naturfoto.de\/wordpress\/wp-json\/wp\/v2\/pages\/2362"}],"wp:attachment":[{"href":"https:\/\/woerrlein-naturfoto.de\/wordpress\/wp-json\/wp\/v2\/media?parent=8657"}],"curies":[{"name":"wp","href":"https:\/\/api.w.org\/{rel}","templated":true}]}}