{"id":8651,"date":"2017-01-01T11:50:19","date_gmt":"2017-01-01T10:50:19","guid":{"rendered":"http:\/\/woerrlein-naturfoto.de\/wordpress\/?page_id=8651"},"modified":"2017-01-01T11:50:32","modified_gmt":"2017-01-01T10:50:32","slug":"gefleckter-schmalbock","status":"publish","type":"page","link":"https:\/\/woerrlein-naturfoto.de\/wordpress\/kaefer-a-z\/gefleckter-schmalbock\/","title":{"rendered":"Gefleckter Schmalbock"},"content":{"rendered":"<p><a href=\"http:\/\/woerrlein-naturfoto.de\/wordpress\/insekten\/\"><span style=\"color: #ffff66;\">Insekten<\/span> <\/a>-&gt;<a href=\"http:\/\/woerrlein-naturfoto.de\/wordpress\/hauptseite-insekten\/insekten\/kaefer-2\/\"> <span style=\"color: #ffff66;\">K\u00e4fer<\/span><\/a><br \/>\n<a title=\"Insekten A-Z\" href=\"http:\/\/woerrlein-naturfoto.de\/wordpress\/insekten-a-z\/\">Insekten von A-Z<\/a><br \/>\nzur Galerie <a title=\"K\u00e4fer\" href=\"http:\/\/woerrlein-naturfoto.de\/wordpress\/hauptseite-insekten\/insekten\/kaefer-2\/\">K\u00e4fer<\/a><\/p>\n<p><img loading=\"lazy\" decoding=\"async\" class=\"alignleft wp-image-8648\" src=\"http:\/\/woerrlein-naturfoto.de\/wordpress\/wp-content\/uploads\/2015\/01\/Gefleckter_Schmalbock_AW_49480_6900x4600-600x400.jpg\" width=\"600\" height=\"400\" \/><\/p>\n<p>Der <b>Gefleckte Schmalbock<\/b> (<i>Rutpela maculata<\/i>, fr\u00fcher <i>Strangalia maculata<\/i>, <i>Leptura maculata<\/i>) ist ein K\u00e4fer aus der Familie der Bockk\u00e4fer. Gefleckte Schmalb\u00f6cke werden 14 bis 20 Millimeter lang. Die Grundf\u00e4rbung des K\u00f6rpers ist schwarz, nur die Deckfl\u00fcgel sind gelb und haben vorne getrennte schwarze Flecken und dahinter mehr oder weniger zusammenh\u00e4ngende schwarze Querbinden. Diese Zeichnung variiert von Tier zu Tier und bewirkt, dass andere Tiere den K\u00e4fer f\u00fcr eine Wespe halten. Er betreibt also Mimikry. Der K\u00f6rper ist in die L\u00e4nge gestreckt und recht schlank gebaut. Er ist der einzige Vertreter der Bockk\u00e4fer, dessen lange fadenf\u00f6rmigen F\u00fchler und Beine abwechselnd gelb und schwarz gef\u00e4rbt sind.<br \/>\nBei den M\u00e4nnchen sind die Hinterschienen innen mit zwei gr\u00f6\u00dferen und mehreren kleineren Z\u00e4hnchen versehen. Die vordere schwarze Binde ist meist unterbrochen, beim Weibchen jedoch meist durchgehend.<br \/>\nDie K\u00e4fer sind in Mittel- und S\u00fcdeuropa sehr weit verbreitet. Au\u00dferdem kommen sie in Kleinasien vor. Sie bewohnen verschiedene Lebensr\u00e4ume, darunter offene Stellen in Laubw\u00e4ldern, Geb\u00fcsche und Wiesen.<\/p>\n<p>Zur Galerie <a title=\"K\u00e4fer\" href=\"http:\/\/woerrlein-naturfoto.de\/wordpress\/hauptseite-insekten\/insekten\/kaefer-2\/\">K\u00e4fer<\/a><\/p>\n<p><em>Quelle des Textauszuges und weitere Infos bei <\/em><a href=\"https:\/\/de.wikipedia.org\/wiki\/Gefleckter_Schmalbock\" target=\"_blank\">Wikipedia<\/a><em> (<\/em><a href=\"http:\/\/www.gnu.org\/licenses\/fdl-1.3.txt\" target=\"_blank\">GNU-Lizenz<\/a><em>)\u2013 mein Dank gilt den <\/em><a href=\"https:\/\/de.wikipedia.org\/w\/index.php?title=Gefleckter_Schmalbock&amp;action=history\" target=\"_blank\">Autoren<\/a><em>.<\/em><\/p>\n","protected":false},"excerpt":{"rendered":"<p>Insekten -&gt; K\u00e4fer Insekten von A-Z zur Galerie K\u00e4fer Der Gefleckte Schmalbock (Rutpela maculata, fr\u00fcher Strangalia maculata, Leptura maculata) ist ein K\u00e4fer aus der Familie der Bockk\u00e4fer. Gefleckte Schmalb\u00f6cke werden 14 bis 20 Millimeter lang. Die Grundf\u00e4rbung des K\u00f6rpers ist schwarz, nur die Deckfl\u00fcgel sind gelb und haben vorne getrennte schwarze Flecken und dahinter mehr &hellip; <a href=\"https:\/\/woerrlein-naturfoto.de\/wordpress\/kaefer-a-z\/gefleckter-schmalbock\/\" class=\"more-link\"><span class=\"screen-reader-text\">Gefleckter Schmalbock<\/span> weiterlesen <span class=\"meta-nav\">&rarr;<\/span><\/a><\/p>\n","protected":false},"author":1,"featured_media":0,"parent":3789,"menu_order":0,"comment_status":"closed","ping_status":"closed","template":"page-templates\/full-width.php","meta":{"footnotes":""},"class_list":["post-8651","page","type-page","status-publish","hentry"],"_links":{"self":[{"href":"https:\/\/woerrlein-naturfoto.de\/wordpress\/wp-json\/wp\/v2\/pages\/8651","targetHints":{"allow":["GET"]}}],"collection":[{"href":"https:\/\/woerrlein-naturfoto.de\/wordpress\/wp-json\/wp\/v2\/pages"}],"about":[{"href":"https:\/\/woerrlein-naturfoto.de\/wordpress\/wp-json\/wp\/v2\/types\/page"}],"author":[{"embeddable":true,"href":"https:\/\/woerrlein-naturfoto.de\/wordpress\/wp-json\/wp\/v2\/users\/1"}],"replies":[{"embeddable":true,"href":"https:\/\/woerrlein-naturfoto.de\/wordpress\/wp-json\/wp\/v2\/comments?post=8651"}],"version-history":[{"count":1,"href":"https:\/\/woerrlein-naturfoto.de\/wordpress\/wp-json\/wp\/v2\/pages\/8651\/revisions"}],"predecessor-version":[{"id":8652,"href":"https:\/\/woerrlein-naturfoto.de\/wordpress\/wp-json\/wp\/v2\/pages\/8651\/revisions\/8652"}],"up":[{"embeddable":true,"href":"https:\/\/woerrlein-naturfoto.de\/wordpress\/wp-json\/wp\/v2\/pages\/3789"}],"wp:attachment":[{"href":"https:\/\/woerrlein-naturfoto.de\/wordpress\/wp-json\/wp\/v2\/media?parent=8651"}],"curies":[{"name":"wp","href":"https:\/\/api.w.org\/{rel}","templated":true}]}}