{"id":8649,"date":"2017-01-01T11:43:36","date_gmt":"2017-01-01T10:43:36","guid":{"rendered":"http:\/\/woerrlein-naturfoto.de\/wordpress\/?page_id=8649"},"modified":"2017-01-01T11:51:24","modified_gmt":"2017-01-01T10:51:24","slug":"distelbock","status":"publish","type":"page","link":"https:\/\/woerrlein-naturfoto.de\/wordpress\/kaefer-a-z\/distelbock\/","title":{"rendered":"Distelbock"},"content":{"rendered":"<p><a href=\"http:\/\/woerrlein-naturfoto.de\/wordpress\/insekten\/\"><span style=\"color: #ffff66;\">Insekten<\/span> <\/a>-&gt;<a href=\"http:\/\/woerrlein-naturfoto.de\/wordpress\/hauptseite-insekten\/insekten\/kaefer-2\/\"> <span style=\"color: #ffff66;\">K\u00e4fer<\/span><\/a><br \/>\n<a title=\"Insekten A-Z\" href=\"http:\/\/woerrlein-naturfoto.de\/wordpress\/insekten-a-z\/\">Insekten von A-Z<\/a><br \/>\nzur Galerie <a title=\"K\u00e4fer\" href=\"http:\/\/woerrlein-naturfoto.de\/wordpress\/hauptseite-insekten\/insekten\/kaefer-2\/\">K\u00e4fer<\/a><\/p>\n<p><img loading=\"lazy\" decoding=\"async\" class=\"alignleft wp-image-8647\" src=\"http:\/\/woerrlein-naturfoto.de\/wordpress\/wp-content\/uploads\/2015\/01\/Distelbock_D150527_3903-600x400.jpg\" width=\"600\" height=\"400\" \/>Der <strong>Distelbock,<\/strong> <b>Scheckhorn-Distelbock<\/b>, <b>Nesselbock<\/b> oder <b>Linienhalsige Halmbock<\/b> (<i>Agapanthia villosoviridescens<\/i>) ist ein K\u00e4fer aus der Familie der Bockk\u00e4fer. Die K\u00e4fer sind 10 bis 23 Millimeter lang. Der Kopf und das Halsschild sind schwarz gelb l\u00e4ngs gestreift. Die Fl\u00fcgeldecken sind fein gelb und grau gemasert. Die F\u00fchler sind k\u00f6rperlang und abwechselnd grau und schwarz.<br \/>\nDie K\u00e4fer leben vor allem auf Brennnesseln, Disteln und Doldenbl\u00fctlern. Die Larven entwickeln sich in den St\u00e4ngeln dieser Pflanzen. Sie \u00fcberwintern dort und verpuppen sich erst im Fr\u00fchling. Die K\u00e4fer schl\u00fcpfen im Mai. Sie leben in Mittel- und S\u00fcdeuropa, im Kaukasus und Sibirien an R\u00e4ndern von Nadelmischw\u00e4ldern, Gebirgswiesen und Waldwegen aber auch auf Bahnd\u00e4mmen.<\/p>\n<p>Zur Galerie <a title=\"K\u00e4fer\" href=\"http:\/\/woerrlein-naturfoto.de\/wordpress\/hauptseite-insekten\/insekten\/kaefer-2\/\">K\u00e4fer<\/a><\/p>\n<p><em>Quelle des Textauszuges und weitere Infos bei <\/em><a href=\"https:\/\/de.wikipedia.org\/wiki\/Scheckhorn-Distelbock\" target=\"_blank\">Wikipedia<\/a><em> (<\/em><a href=\"http:\/\/www.gnu.org\/licenses\/fdl-1.3.txt\" target=\"_blank\">GNU-Lizenz<\/a><em>)\u2013 mein Dank gilt den <\/em><a href=\"https:\/\/de.wikipedia.org\/w\/index.php?title=Scheckhorn-Distelbock&amp;action=history\" target=\"_blank\">Autoren<\/a><em>.<\/em><\/p>\n","protected":false},"excerpt":{"rendered":"<p>Insekten -&gt; K\u00e4fer Insekten von A-Z zur Galerie K\u00e4fer Der Distelbock, Scheckhorn-Distelbock, Nesselbock oder Linienhalsige Halmbock (Agapanthia villosoviridescens) ist ein K\u00e4fer aus der Familie der Bockk\u00e4fer. Die K\u00e4fer sind 10 bis 23 Millimeter lang. Der Kopf und das Halsschild sind schwarz gelb l\u00e4ngs gestreift. Die Fl\u00fcgeldecken sind fein gelb und grau gemasert. Die F\u00fchler sind &hellip; <a href=\"https:\/\/woerrlein-naturfoto.de\/wordpress\/kaefer-a-z\/distelbock\/\" class=\"more-link\"><span class=\"screen-reader-text\">Distelbock<\/span> weiterlesen <span class=\"meta-nav\">&rarr;<\/span><\/a><\/p>\n","protected":false},"author":1,"featured_media":0,"parent":3789,"menu_order":0,"comment_status":"closed","ping_status":"closed","template":"page-templates\/full-width.php","meta":{"footnotes":""},"class_list":["post-8649","page","type-page","status-publish","hentry"],"_links":{"self":[{"href":"https:\/\/woerrlein-naturfoto.de\/wordpress\/wp-json\/wp\/v2\/pages\/8649","targetHints":{"allow":["GET"]}}],"collection":[{"href":"https:\/\/woerrlein-naturfoto.de\/wordpress\/wp-json\/wp\/v2\/pages"}],"about":[{"href":"https:\/\/woerrlein-naturfoto.de\/wordpress\/wp-json\/wp\/v2\/types\/page"}],"author":[{"embeddable":true,"href":"https:\/\/woerrlein-naturfoto.de\/wordpress\/wp-json\/wp\/v2\/users\/1"}],"replies":[{"embeddable":true,"href":"https:\/\/woerrlein-naturfoto.de\/wordpress\/wp-json\/wp\/v2\/comments?post=8649"}],"version-history":[{"count":2,"href":"https:\/\/woerrlein-naturfoto.de\/wordpress\/wp-json\/wp\/v2\/pages\/8649\/revisions"}],"predecessor-version":[{"id":8653,"href":"https:\/\/woerrlein-naturfoto.de\/wordpress\/wp-json\/wp\/v2\/pages\/8649\/revisions\/8653"}],"up":[{"embeddable":true,"href":"https:\/\/woerrlein-naturfoto.de\/wordpress\/wp-json\/wp\/v2\/pages\/3789"}],"wp:attachment":[{"href":"https:\/\/woerrlein-naturfoto.de\/wordpress\/wp-json\/wp\/v2\/media?parent=8649"}],"curies":[{"name":"wp","href":"https:\/\/api.w.org\/{rel}","templated":true}]}}