{"id":8638,"date":"2017-01-01T11:12:34","date_gmt":"2017-01-01T10:12:34","guid":{"rendered":"http:\/\/woerrlein-naturfoto.de\/wordpress\/?page_id=8638"},"modified":"2017-01-01T11:15:57","modified_gmt":"2017-01-01T10:15:57","slug":"weisse-federlibelle","status":"publish","type":"page","link":"https:\/\/woerrlein-naturfoto.de\/wordpress\/federlibellen-a-z\/weisse-federlibelle\/","title":{"rendered":"Wei\u00dfe Federlibelle"},"content":{"rendered":"<p><a href=\"http:\/\/woerrlein-naturfoto.de\/wordpress\/insekten\/\"><span style=\"color: #ffff66;\">Insekten<\/span> <\/a>-&gt;<a href=\"http:\/\/woerrlein-naturfoto.de\/wordpress\/hauptseite-insekten\/insekten\/libellen\/\"> <span style=\"color: #ffff66;\">Libellen<\/span> <\/a>-&gt;<a href=\"http:\/\/woerrlein-naturfoto.de\/wordpress\/hauptseite-insekten\/insekten\/libellen\/federlibellen-2\/\"><span style=\"color: #ffff66;\"> Federlibellen<\/span><\/a><br \/>\n<a title=\"Insekten A-Z\" href=\"http:\/\/woerrlein-naturfoto.de\/wordpress\/insekten-a-z\/\">Insekten von A-Z<\/a><br \/>\nzur Galerie <a title=\"Federlibellen\" href=\"http:\/\/woerrlein-naturfoto.de\/wordpress\/hauptseite-insekten\/insekten\/libellen\/federlibellen-2\/\">Federlibellen<\/a><\/p>\n<p id=\"cc-m-header-9024419321\"><img loading=\"lazy\" decoding=\"async\" class=\"alignleft wp-image-3377\" src=\"http:\/\/woerrlein-naturfoto.de\/wordpress\/wp-content\/uploads\/BlaueFederlibelle_18768L_v-600x400.jpg\" width=\"600\" height=\"400\" srcset=\"https:\/\/woerrlein-naturfoto.de\/wordpress\/wp-content\/uploads\/BlaueFederlibelle_18768L_v-600x400.jpg 600w, https:\/\/woerrlein-naturfoto.de\/wordpress\/wp-content\/uploads\/BlaueFederlibelle_18768L_v-120x80.jpg 120w, https:\/\/woerrlein-naturfoto.de\/wordpress\/wp-content\/uploads\/BlaueFederlibelle_18768L_v.jpg 1000w\" sizes=\"auto, (max-width: 600px) 100vw, 600px\" \/>Die <strong>Wei\u00dfe Federlibelle<\/strong> <em>(Platycnemis latipes) <\/em>besiedelt ein breites Spektrum von Habitattypen. Stark bewachsene Uferzonen von kleinen Teichen und Weihern werden ebenso als Lebensraum genutzt wie Verlandungszonen gr\u00f6\u00dferer Seen, sofern diese ausreichend besonnt sind. Flie\u00dfgew\u00e4sser unterschiedlicher Breite, etwa vom schmalen Wiesenbach bis zu einem mehrere Meter breiten Fluss mit einer moderaten Flie\u00dfgeschwindigkeit und \u00fcppigem Bewuchs dienen ebenfalls als Refugium der Art.<br \/>\nDas Vorkommen der Art ist auf S\u00fcdwesteuropa beschr\u00e4nkt. Ihr Hauptverbreitungsgebiet liegt in S\u00fcdfrankreich, in Gebieten entlang der Mittelmeerk\u00fcste. Von dort breitet sich ihr Areal weiter nach Nordwesten bis zur franz\u00f6sischen Atlantikk\u00fcste aus. Westlich der Pyren\u00e4en werden gro\u00dfe Teile der iberischen Halbinsel inklusive Portugals besiedelt. In Richtung Osten reicht ihr Verbreitungsgebiet bis etwa zur Grenze nach Italien.<br \/>\nDie Lebensweise der Wei\u00dfen Federlibelle entspricht weitestgehend unserer heimischen Blauen Federlibelle. Die Tiere schl\u00fcpfen\u00a0im Fr\u00fchjahr ab\u00a0Ende April \/ Anfang Mai. Die Schlupfperiode kann sich dabei bis in den August hinein ziehen. Nach dem Schl\u00fcpfen verbleiben die Jungtiere in unmittelbarer N\u00e4he des angestammten Gew\u00e4ssers um zu jagen und die Geschlechtsreife zu erlangen. Diese Zeitspanne ist bei den Federlibellen etwas gedehnt und dauert zwischen 11 und 25 Tagen. Die durchschnittliche Lebenserwartung erwachsener Tiere betr\u00e4gt etwa 20 Tage.<\/p>\n<p><strong>Flugzeit:<\/strong>\u00a0\u00a0\u00a0\u00a0 Ende April bis Anfang September<\/p>\n<p>Zur Galerie <a title=\"Federlibellen\" href=\"http:\/\/woerrlein-naturfoto.de\/wordpress\/hauptseite-insekten\/insekten\/libellen\/federlibellen-2\/\">Federlibellen<\/a><\/p>\n","protected":false},"excerpt":{"rendered":"<p>Insekten -&gt; Libellen -&gt; Federlibellen Insekten von A-Z zur Galerie Federlibellen Die Wei\u00dfe Federlibelle (Platycnemis latipes) besiedelt ein breites Spektrum von Habitattypen. Stark bewachsene Uferzonen von kleinen Teichen und Weihern werden ebenso als Lebensraum genutzt wie Verlandungszonen gr\u00f6\u00dferer Seen, sofern diese ausreichend besonnt sind. Flie\u00dfgew\u00e4sser unterschiedlicher Breite, etwa vom schmalen Wiesenbach bis zu einem mehrere &hellip; <a href=\"https:\/\/woerrlein-naturfoto.de\/wordpress\/federlibellen-a-z\/weisse-federlibelle\/\" class=\"more-link\"><span class=\"screen-reader-text\">Wei\u00dfe Federlibelle<\/span> weiterlesen <span class=\"meta-nav\">&rarr;<\/span><\/a><\/p>\n","protected":false},"author":1,"featured_media":0,"parent":3423,"menu_order":0,"comment_status":"closed","ping_status":"closed","template":"page-templates\/full-width.php","meta":{"footnotes":""},"class_list":["post-8638","page","type-page","status-publish","hentry"],"_links":{"self":[{"href":"https:\/\/woerrlein-naturfoto.de\/wordpress\/wp-json\/wp\/v2\/pages\/8638","targetHints":{"allow":["GET"]}}],"collection":[{"href":"https:\/\/woerrlein-naturfoto.de\/wordpress\/wp-json\/wp\/v2\/pages"}],"about":[{"href":"https:\/\/woerrlein-naturfoto.de\/wordpress\/wp-json\/wp\/v2\/types\/page"}],"author":[{"embeddable":true,"href":"https:\/\/woerrlein-naturfoto.de\/wordpress\/wp-json\/wp\/v2\/users\/1"}],"replies":[{"embeddable":true,"href":"https:\/\/woerrlein-naturfoto.de\/wordpress\/wp-json\/wp\/v2\/comments?post=8638"}],"version-history":[{"count":6,"href":"https:\/\/woerrlein-naturfoto.de\/wordpress\/wp-json\/wp\/v2\/pages\/8638\/revisions"}],"predecessor-version":[{"id":8644,"href":"https:\/\/woerrlein-naturfoto.de\/wordpress\/wp-json\/wp\/v2\/pages\/8638\/revisions\/8644"}],"up":[{"embeddable":true,"href":"https:\/\/woerrlein-naturfoto.de\/wordpress\/wp-json\/wp\/v2\/pages\/3423"}],"wp:attachment":[{"href":"https:\/\/woerrlein-naturfoto.de\/wordpress\/wp-json\/wp\/v2\/media?parent=8638"}],"curies":[{"name":"wp","href":"https:\/\/api.w.org\/{rel}","templated":true}]}}