{"id":855,"date":"2014-08-18T12:53:39","date_gmt":"2014-08-18T10:53:39","guid":{"rendered":"http:\/\/woerrlein-naturfoto.de\/wordpress\/?page_id=855"},"modified":"2018-05-26T15:35:38","modified_gmt":"2018-05-26T13:35:38","slug":"austernfischer-2","status":"publish","type":"page","link":"https:\/\/woerrlein-naturfoto.de\/wordpress\/austernfischer-a-z-2\/austernfischer-2\/","title":{"rendered":"Austernfischer"},"content":{"rendered":"<p><a href=\"http:\/\/woerrlein-naturfoto.de\/wordpress\/voegel\/\"><span style=\"color: #ffff66;\">V\u00f6gel<\/span> <\/a>-&gt;<a href=\"http:\/\/woerrlein-naturfoto.de\/wordpress\/hauptseite-voegel\/voegel\/watvoegel-2\"> <span style=\"color: #ffff66;\">Watv\u00f6gel<\/span> <\/a>-&gt;<a href=\"http:\/\/woerrlein-naturfoto.de\/wordpress\/hauptseite-voegel\/voegel\/watvoegel\/austernfischer\/\"> <span style=\"color: #ffff66;\">Austernfischer<\/span><\/a><br \/>\n<a title=\"V\u00f6gel von A-Z\" href=\"http:\/\/woerrlein-naturfoto.de\/wordpress\/voegel\/voegel_von_a-z\/\">V\u00f6gel von A-Z<\/a><br \/>\nZur Galerie <a title=\"Austernfischer\" href=\"http:\/\/woerrlein-naturfoto.de\/wordpress\/hauptseite-voegel\/voegel\/watvoegel\/austernfischer\/\">Austernfischer<\/a><\/p>\n<p><img loading=\"lazy\" decoding=\"async\" class=\"alignleft wp-image-9874\" src=\"http:\/\/woerrlein-naturfoto.de\/wordpress\/wp-content\/uploads\/2014\/08\/Austernfischer_AW13007L7293x4862-600x400.jpg\" alt=\"\" width=\"600\" height=\"400\" \/><\/p>\n<p>Der <b>Austernfischer<\/b> <i>(Haematopus ostralegus)<\/i> ist eine Vogelart aus der Ordnung der Wat-, M\u00f6wen- und Alkenv\u00f6gel (Charadriiformes) und der Gattung der Austernfischer. Er gilt als einer der charakteristischsten V\u00f6gel der Nordseek\u00fcste. Seine gr\u00f6\u00dfte Verbreitung in Europa hat er im Wattenmeer und dem k\u00fcstennahen Binnenland der Nordsee, wo er auch die scherzhafte Bezeichnung <i>Halligstorch<\/i> tr\u00e4gt.<br \/>\nAusgewachsene Austernfischer sind\u00a0 etwa so gro\u00df wie Kr\u00e4hen. Im Brutkleid sind sowohl der Kopf als auch die Brust, die K\u00f6rperoberseite und das Endband des Schwanzes schwarz gefiedert. Im Ruhekleid ist das Schwarz etwas dumpfer und an den Halsseiten ist ein wei\u00dfes Kehlband erkennbar. Zum unverwechselbaren Erscheinungsbild des Austernfischers tragen vor allem der lange, orangerote, seitlich etwas abgeflachte Schnabel und das schwarzwei\u00dfe K\u00f6rpergefieder bei. Rot sind au\u00dferdem die Beine und F\u00fc\u00dfe sowie die Augen. Die Geschlechter sind nur schwer zu unterscheiden und die Schnabell\u00e4nge ist insgesamt das beste Merkmal zur Geschlechtsdifferenzierung. Beim Weibchen ist der Schnabel im Durchschnitt etwas l\u00e4nger als beim M\u00e4nnchen.<\/p>\n<p>L\u00e4nge: 40-45 cm\u00a0\u00a0 Spannweite: 80-86 cm\u00a0\u00a0 Gewicht: 450-700 g\u00a0\u00a0 Gelege: 3 Eier<\/p>\n<p>Zur Galerie <a title=\"Austernfischer\" href=\"http:\/\/woerrlein-naturfoto.de\/wordpress\/hauptseite-voegel\/voegel\/watvoegel\/austernfischer\/\">Austernfischer<\/a><\/p>\n<p>&nbsp;<\/p>\n<p><em>Quelle des Textauszuges und weitere Infos bei <\/em><a href=\"http:\/\/de.wikipedia.org\/wiki\/Austernfischer\" target=\"_blank\" rel=\"noopener noreferrer\">Wikipedia<\/a> <em>(<\/em><a href=\"http:\/\/www.gnu.org\/licenses\/fdl-1.3.txt\" target=\"_blank\" rel=\"noopener noreferrer\">GNU-Lizenz<\/a><em>)<\/em> \u2013 <em>mein Dank gilt den<\/em> <a href=\"http:\/\/de.wikipedia.org\/w\/index.php?title=Austernfischer&amp;action=history\" target=\"_blank\" rel=\"noopener noreferrer\">Autoren<\/a>.<\/p>\n","protected":false},"excerpt":{"rendered":"<p>V\u00f6gel -&gt; Watv\u00f6gel -&gt; Austernfischer V\u00f6gel von A-Z Zur Galerie Austernfischer Der Austernfischer (Haematopus ostralegus) ist eine Vogelart aus der Ordnung der Wat-, M\u00f6wen- und Alkenv\u00f6gel (Charadriiformes) und der Gattung der Austernfischer. Er gilt als einer der charakteristischsten V\u00f6gel der Nordseek\u00fcste. Seine gr\u00f6\u00dfte Verbreitung in Europa hat er im Wattenmeer und dem k\u00fcstennahen Binnenland der &hellip; <a href=\"https:\/\/woerrlein-naturfoto.de\/wordpress\/austernfischer-a-z-2\/austernfischer-2\/\" class=\"more-link\"><span class=\"screen-reader-text\">Austernfischer<\/span> weiterlesen <span class=\"meta-nav\">&rarr;<\/span><\/a><\/p>\n","protected":false},"author":1,"featured_media":0,"parent":913,"menu_order":0,"comment_status":"closed","ping_status":"closed","template":"page-templates\/full-width.php","meta":{"footnotes":""},"class_list":["post-855","page","type-page","status-publish","hentry"],"_links":{"self":[{"href":"https:\/\/woerrlein-naturfoto.de\/wordpress\/wp-json\/wp\/v2\/pages\/855","targetHints":{"allow":["GET"]}}],"collection":[{"href":"https:\/\/woerrlein-naturfoto.de\/wordpress\/wp-json\/wp\/v2\/pages"}],"about":[{"href":"https:\/\/woerrlein-naturfoto.de\/wordpress\/wp-json\/wp\/v2\/types\/page"}],"author":[{"embeddable":true,"href":"https:\/\/woerrlein-naturfoto.de\/wordpress\/wp-json\/wp\/v2\/users\/1"}],"replies":[{"embeddable":true,"href":"https:\/\/woerrlein-naturfoto.de\/wordpress\/wp-json\/wp\/v2\/comments?post=855"}],"version-history":[{"count":20,"href":"https:\/\/woerrlein-naturfoto.de\/wordpress\/wp-json\/wp\/v2\/pages\/855\/revisions"}],"predecessor-version":[{"id":9883,"href":"https:\/\/woerrlein-naturfoto.de\/wordpress\/wp-json\/wp\/v2\/pages\/855\/revisions\/9883"}],"up":[{"embeddable":true,"href":"https:\/\/woerrlein-naturfoto.de\/wordpress\/wp-json\/wp\/v2\/pages\/913"}],"wp:attachment":[{"href":"https:\/\/woerrlein-naturfoto.de\/wordpress\/wp-json\/wp\/v2\/media?parent=855"}],"curies":[{"name":"wp","href":"https:\/\/api.w.org\/{rel}","templated":true}]}}