{"id":8474,"date":"2016-12-25T16:17:46","date_gmt":"2016-12-25T15:17:46","guid":{"rendered":"http:\/\/woerrlein-naturfoto.de\/wordpress\/?page_id=8474"},"modified":"2022-10-19T14:06:01","modified_gmt":"2022-10-19T12:06:01","slug":"specht-tindling","status":"publish","type":"page","link":"https:\/\/woerrlein-naturfoto.de\/wordpress\/pilze-a-z\/specht-tindling\/","title":{"rendered":"Specht-Tintling"},"content":{"rendered":"<p><a href=\"http:\/\/woerrlein-naturfoto.de\/wordpress\/hauptseite-pflanzen\/pflanzen\/\"><span style=\"color: #ffff66;\">Pflanzen<\/span> <\/a>-&gt;<a href=\"http:\/\/woerrlein-naturfoto.de\/wordpress\/hauptseite-pflanzen\/pflanzen\/pilze-2\/\"> <span style=\"color: #ffff66;\">Pilze<\/span><\/a><br \/>\n<a href=\"http:\/\/woerrlein-naturfoto.de\/wordpress\/pflanzen-von-a-z\/\">Pflanzen von A-Z<\/a><br \/>\nzur Galerie <a href=\"https:\/\/woerrlein-naturfoto.de\/wordpress\/hauptseite-pflanzen\/pflanzen\/pilze-2\/pilze-iii-s-bis-z\/\">Pilze III<\/a><\/p>\n<p><img loading=\"lazy\" decoding=\"async\" class=\"alignleft wp-image-8451\" src=\"http:\/\/woerrlein-naturfoto.de\/wordpress\/wp-content\/uploads\/2015\/01\/Specht_Tintling_AW_508194912x7360-401x600.jpg\" width=\"267\" height=\"400\" \/>Der <b>Specht-<\/b> oder <b>Elstern-Tintling<\/b> (<i>Coprinopsis picacea<\/i>, Syn.\u00a0<i>Coprinus picaceus<\/i>) ist eine Pilzart aus der Familie der M\u00fcrblingsverwandten .<br \/>\nDer Hut ist anfangs eif\u00f6rmig, wobei er eine Breite von 7\u00a0cm erreicht. Sp\u00e4ter spannt er sich auf und nimmt eine Glockenform an, die bis zu 8\u00a0cm breit wird. Der Hut ist gerieft und bei ganz jungen Pilzen wei\u00df gef\u00e4rbt. Er bricht mit zunehmendem Alter auf, so dass der beige- bis dunkelbraune Grund hervor tritt. Reste des wei\u00dfen, graulichen bis cremefarbenen Velums bleiben als Flocken auf dem Hut haften, wodurch der Eindruck eines Specht- oder Elstergefieders entsteht. Mit zunehmendem Alter rollt sich der Hutrand nach oben und l\u00f6st sich auf. Die Lamellen stehen sehr dicht und sind anfangs grauwei\u00dflich, dann rosa bis grau gef\u00e4rbt. Schlie\u00dflich zerflie\u00dfen sie tropfend und schwarz.<\/p>\n<p><strong>Vorkommen:<\/strong>\u00a0\u00a0\u00a0\u00a0\u00a0\u00a0\u00a0 August bis Oktober\/November<\/p>\n<p>zur Galerie <a href=\"https:\/\/woerrlein-naturfoto.de\/wordpress\/hauptseite-pflanzen\/pflanzen\/pilze-2\/pilze-iii-s-bis-z\/\">Pilze III<\/a><\/p>\n<p><em>Quelle des Textauszuges und weitere Infos bei <\/em><a href=\"https:\/\/de.wikipedia.org\/wiki\/Specht-Tintling\" target=\"_blank\" rel=\"noopener noreferrer\">Wikipedia<\/a><em> (<\/em><a href=\"http:\/\/www.gnu.org\/licenses\/fdl-1.3.txt\" target=\"_blank\" rel=\"noopener noreferrer\">GNU-Lizenz<\/a><em>)\u2013 mein Dank gilt den <\/em><a href=\"https:\/\/de.wikipedia.org\/w\/index.php?title=Specht-Tintling&amp;action=history\" target=\"_blank\" rel=\"noopener noreferrer\">Autoren<\/a><em>.<\/em><\/p>\n","protected":false},"excerpt":{"rendered":"<p>Pflanzen -&gt; Pilze Pflanzen von A-Z zur Galerie Pilze III Der Specht- oder Elstern-Tintling (Coprinopsis picacea, Syn.\u00a0Coprinus picaceus) ist eine Pilzart aus der Familie der M\u00fcrblingsverwandten . Der Hut ist anfangs eif\u00f6rmig, wobei er eine Breite von 7\u00a0cm erreicht. Sp\u00e4ter spannt er sich auf und nimmt eine Glockenform an, die bis zu 8\u00a0cm breit wird. &hellip; <a href=\"https:\/\/woerrlein-naturfoto.de\/wordpress\/pilze-a-z\/specht-tindling\/\" class=\"more-link\"><span class=\"screen-reader-text\">Specht-Tintling<\/span> weiterlesen <span class=\"meta-nav\">&rarr;<\/span><\/a><\/p>\n","protected":false},"author":1,"featured_media":0,"parent":5118,"menu_order":0,"comment_status":"closed","ping_status":"closed","template":"page-templates\/full-width.php","meta":{"footnotes":""},"class_list":["post-8474","page","type-page","status-publish","hentry"],"_links":{"self":[{"href":"https:\/\/woerrlein-naturfoto.de\/wordpress\/wp-json\/wp\/v2\/pages\/8474","targetHints":{"allow":["GET"]}}],"collection":[{"href":"https:\/\/woerrlein-naturfoto.de\/wordpress\/wp-json\/wp\/v2\/pages"}],"about":[{"href":"https:\/\/woerrlein-naturfoto.de\/wordpress\/wp-json\/wp\/v2\/types\/page"}],"author":[{"embeddable":true,"href":"https:\/\/woerrlein-naturfoto.de\/wordpress\/wp-json\/wp\/v2\/users\/1"}],"replies":[{"embeddable":true,"href":"https:\/\/woerrlein-naturfoto.de\/wordpress\/wp-json\/wp\/v2\/comments?post=8474"}],"version-history":[{"count":4,"href":"https:\/\/woerrlein-naturfoto.de\/wordpress\/wp-json\/wp\/v2\/pages\/8474\/revisions"}],"predecessor-version":[{"id":15559,"href":"https:\/\/woerrlein-naturfoto.de\/wordpress\/wp-json\/wp\/v2\/pages\/8474\/revisions\/15559"}],"up":[{"embeddable":true,"href":"https:\/\/woerrlein-naturfoto.de\/wordpress\/wp-json\/wp\/v2\/pages\/5118"}],"wp:attachment":[{"href":"https:\/\/woerrlein-naturfoto.de\/wordpress\/wp-json\/wp\/v2\/media?parent=8474"}],"curies":[{"name":"wp","href":"https:\/\/api.w.org\/{rel}","templated":true}]}}