{"id":8456,"date":"2016-12-25T15:26:31","date_gmt":"2016-12-25T14:26:31","guid":{"rendered":"http:\/\/woerrlein-naturfoto.de\/wordpress\/?page_id=8456"},"modified":"2022-10-19T12:53:16","modified_gmt":"2022-10-19T10:53:16","slug":"birkenporling","status":"publish","type":"page","link":"https:\/\/woerrlein-naturfoto.de\/wordpress\/pilze-a-z\/birkenporling\/","title":{"rendered":"Birkenporling"},"content":{"rendered":"<p><a href=\"http:\/\/woerrlein-naturfoto.de\/wordpress\/hauptseite-pflanzen\/pflanzen\/\"><span style=\"color: #ffff66;\">Pflanzen<\/span> <\/a>-&gt;<a href=\"http:\/\/woerrlein-naturfoto.de\/wordpress\/hauptseite-pflanzen\/pflanzen\/pilze-2\/\"> <span style=\"color: #ffff66;\">Pilze<\/span><\/a><br \/>\n<a href=\"http:\/\/woerrlein-naturfoto.de\/wordpress\/pflanzen-von-a-z\/\">Pflanzen von A-Z<\/a><br \/>\nzur Galerie <a href=\"https:\/\/woerrlein-naturfoto.de\/wordpress\/hauptseite-pflanzen\/pflanzen\/pilze-2\/pilze-i-a-bis-g\/\">Pilze I<\/a><\/p>\n<p><img loading=\"lazy\" decoding=\"async\" class=\"alignleft wp-image-8455\" src=\"http:\/\/woerrlein-naturfoto.de\/wordpress\/wp-content\/uploads\/2015\/01\/Birkenporling_AW_46783_4808x3205-600x400.jpg\" width=\"600\" height=\"400\" srcset=\"https:\/\/woerrlein-naturfoto.de\/wordpress\/wp-content\/uploads\/2015\/01\/Birkenporling_AW_46783_4808x3205-600x400.jpg 600w, https:\/\/woerrlein-naturfoto.de\/wordpress\/wp-content\/uploads\/2015\/01\/Birkenporling_AW_46783_4808x3205-768x511.jpg 768w, https:\/\/woerrlein-naturfoto.de\/wordpress\/wp-content\/uploads\/2015\/01\/Birkenporling_AW_46783_4808x3205-120x80.jpg 120w, https:\/\/woerrlein-naturfoto.de\/wordpress\/wp-content\/uploads\/2015\/01\/Birkenporling_AW_46783_4808x3205.jpg 1000w\" sizes=\"auto, (max-width: 600px) 100vw, 600px\" \/>Der <strong>Birkenporling<\/strong> <em>(<\/em><i>Piptoporus betulinus<\/i><em>)<\/em> bildet einj\u00e4hrige Fruchtk\u00f6rper, die sich von Juli\/August bis November ausbilden. Zumeist treten die Fruchtk\u00f6rper einzeln an Stammpartien auf, seltener auch dachziegelartig \u00fcbereinander. Die befallenen Partien zeigen \u00e4u\u00dferlich in der Regel keine weiteren Sch\u00e4den.<br \/>\nDer Hut des Birkenporlings ist zun\u00e4chst knollenartig geformt und w\u00e4chst sich mit der Zeit zu einer flachen, kissen- oder nierenf\u00f6rmigen Gestalt aus. Er erreicht eine Breite von bis zu 30\u00a0cm und ragt etwa 5\u221220\u00a0cm aus der Borke heraus. Die Dicke des Hutes betr\u00e4gt dabei ca. 2\u22127\u00a0cm. Die Ansatzstelle am Stamm ist stielartig verschm\u00e4lert und weist nicht selten einen Buckel nach oben auf. W\u00e4hrend die Huthaut zun\u00e4chst glatt und wei\u00dflich-cremefarben ist, wandelt sich ihr Farbton mit fortschreitendem Alter ins Ockerbraune; bisweilen erh\u00e4lt sie durch den Bewuchs mit Algen eine gr\u00fcnliche F\u00e4rbung. Sie l\u00e4sst sich abziehen und wird mit der Zeit feldrig rissig. Der Hutrand ist f\u00fcr gew\u00f6hnlich regelm\u00e4\u00dfig nach unten gew\u00f6lbt, in manchen F\u00e4llen auch wellig. Die Poren auf der Unterseite des Hutes sind jung wei\u00df, mit zunehmendem Alter nehmen sie einen gr\u00e4ulichen Farbton an.<\/p>\n<p><strong>Vorkommen:<\/strong>\u00a0\u00a0\u00a0\u00a0\u00a0\u00a0\u00a0 Ganzj\u00e4hrig<\/p>\n<p>zur Galerie <a href=\"https:\/\/woerrlein-naturfoto.de\/wordpress\/hauptseite-pflanzen\/pflanzen\/pilze-2\/pilze-i-a-bis-g\/\">Pilze I<\/a><\/p>\n<p><em>Quelle des Textauszuges und weitere Infos bei <\/em><a href=\"https:\/\/de.wikipedia.org\/wiki\/Birkenporling\" target=\"_blank\" rel=\"noopener noreferrer\">Wikipedia<\/a><em> (<\/em><a href=\"http:\/\/www.gnu.org\/licenses\/fdl-1.3.txt\" target=\"_blank\" rel=\"noopener noreferrer\">GNU-Lizenz<\/a><em>)\u2013 mein Dank gilt den <\/em><a href=\"https:\/\/de.wikipedia.org\/w\/index.php?title=Birkenporling&amp;action=history\" target=\"_blank\" rel=\"noopener noreferrer\">Autoren<\/a><em>.<\/em><\/p>\n","protected":false},"excerpt":{"rendered":"<p>Pflanzen -&gt; Pilze Pflanzen von A-Z zur Galerie Pilze I Der Birkenporling (Piptoporus betulinus) bildet einj\u00e4hrige Fruchtk\u00f6rper, die sich von Juli\/August bis November ausbilden. Zumeist treten die Fruchtk\u00f6rper einzeln an Stammpartien auf, seltener auch dachziegelartig \u00fcbereinander. Die befallenen Partien zeigen \u00e4u\u00dferlich in der Regel keine weiteren Sch\u00e4den. Der Hut des Birkenporlings ist zun\u00e4chst knollenartig geformt &hellip; <a href=\"https:\/\/woerrlein-naturfoto.de\/wordpress\/pilze-a-z\/birkenporling\/\" class=\"more-link\"><span class=\"screen-reader-text\">Birkenporling<\/span> weiterlesen <span class=\"meta-nav\">&rarr;<\/span><\/a><\/p>\n","protected":false},"author":1,"featured_media":0,"parent":5118,"menu_order":0,"comment_status":"closed","ping_status":"closed","template":"page-templates\/full-width.php","meta":{"footnotes":""},"class_list":["post-8456","page","type-page","status-publish","hentry"],"_links":{"self":[{"href":"https:\/\/woerrlein-naturfoto.de\/wordpress\/wp-json\/wp\/v2\/pages\/8456","targetHints":{"allow":["GET"]}}],"collection":[{"href":"https:\/\/woerrlein-naturfoto.de\/wordpress\/wp-json\/wp\/v2\/pages"}],"about":[{"href":"https:\/\/woerrlein-naturfoto.de\/wordpress\/wp-json\/wp\/v2\/types\/page"}],"author":[{"embeddable":true,"href":"https:\/\/woerrlein-naturfoto.de\/wordpress\/wp-json\/wp\/v2\/users\/1"}],"replies":[{"embeddable":true,"href":"https:\/\/woerrlein-naturfoto.de\/wordpress\/wp-json\/wp\/v2\/comments?post=8456"}],"version-history":[{"count":8,"href":"https:\/\/woerrlein-naturfoto.de\/wordpress\/wp-json\/wp\/v2\/pages\/8456\/revisions"}],"predecessor-version":[{"id":15510,"href":"https:\/\/woerrlein-naturfoto.de\/wordpress\/wp-json\/wp\/v2\/pages\/8456\/revisions\/15510"}],"up":[{"embeddable":true,"href":"https:\/\/woerrlein-naturfoto.de\/wordpress\/wp-json\/wp\/v2\/pages\/5118"}],"wp:attachment":[{"href":"https:\/\/woerrlein-naturfoto.de\/wordpress\/wp-json\/wp\/v2\/media?parent=8456"}],"curies":[{"name":"wp","href":"https:\/\/api.w.org\/{rel}","templated":true}]}}