{"id":8255,"date":"2016-09-18T11:58:17","date_gmt":"2016-09-18T09:58:17","guid":{"rendered":"http:\/\/woerrlein-naturfoto.de\/wordpress\/?page_id=8255"},"modified":"2019-10-02T15:34:01","modified_gmt":"2019-10-02T13:34:01","slug":"thymianbibernell-widderchen","status":"publish","type":"page","link":"https:\/\/woerrlein-naturfoto.de\/wordpress\/nachtfalter-a-z\/thymianbibernell-widderchen\/","title":{"rendered":"Thymian\/Bibernell-Widderchen"},"content":{"rendered":"<p><a href=\"http:\/\/woerrlein-naturfoto.de\/wordpress\/insekten\/\"><span style=\"color: #ffff66;\">Insekten<\/span> <\/a>-&gt;<a href=\"http:\/\/woerrlein-naturfoto.de\/wordpress\/hauptseite-insekten\/insekten\/schmetterlinge-2\/\"> <span style=\"color: #ffff66;\">Schmetterlinge<\/span><\/a>-&gt;<a href=\"https:\/\/woerrlein-naturfoto.de\/wordpress\/hauptseite-insekten\/insekten\/schmetterlinge-2\/nachtfalter\/\"><span style=\"color: #ffff66;\">Nachtfalter<\/span><\/a><br \/>\n<a title=\"Insekten A-Z\" href=\"http:\/\/woerrlein-naturfoto.de\/wordpress\/insekten-a-z\/\">Insekten von A-Z<\/a><br \/>\nzur Galerie <a href=\"https:\/\/woerrlein-naturfoto.de\/wordpress\/hauptseite-insekten\/insekten\/schmetterlinge-2\/nachtfalter\/\">Nachtfalter<\/a><\/p>\n<p><img loading=\"lazy\" decoding=\"async\" class=\"alignleft wp-image-8211\" src=\"http:\/\/woerrlein-naturfoto.de\/wordpress\/wp-content\/uploads\/2016\/09\/Thymianwidderchen_D160716_9445-400x600.jpg\" alt=\"thymianwidderchen_d160716_9445\" width=\"267\" height=\"400\" srcset=\"https:\/\/woerrlein-naturfoto.de\/wordpress\/wp-content\/uploads\/2016\/09\/Thymianwidderchen_D160716_9445-400x600.jpg 400w, https:\/\/woerrlein-naturfoto.de\/wordpress\/wp-content\/uploads\/2016\/09\/Thymianwidderchen_D160716_9445.jpg 567w\" sizes=\"auto, (max-width: 267px) 100vw, 267px\" \/>Das <b>Thymian-Widderchen<\/b> (<i>Zygaena purpuralis<\/i>) und das <strong>Bibernell-Widderchen<\/strong> <em>(Zygaena minos)<\/em> sind Schmetterlinge (Nachtfalter) aus der Familie der Widderchen. Die beiden Arten k\u00f6nnen nur durch eine <a title=\"Genitaluntersuchung (Entomologie)\" href=\"https:\/\/de.wikipedia.org\/wiki\/Genitaluntersuchung_%28Entomologie%29\" target=\"_blank\" rel=\"noopener noreferrer\">Genitaluntersuchung<\/a> unterschieden werden.<br \/>\nDie Falter erreichen eine Fl\u00fcgelspannweite von 28 bis 35 Millimetern. Die Vorderfl\u00fcgel haben je drei breite, rote L\u00e4ngsstreifen, von denen der Mittlere, der zur Fl\u00fcgelspitze hinweist, am Ende beilf\u00f6rmig verbreitert ist. Die F\u00fchler haben am Ende eine dicke abgestumpfte Keule. Die Weibchen besitzen eine wei\u00dfe Halskrause, die F\u00e4rbung der B\u00e4nder kann von einem leuchtenden Rot bis zu einem gelblichen Orange ver\u00e4ndert sein.<br \/>\nSie kommen in S\u00fcd- und Mitteleuropa bis \u00f6stlich zum <a title=\"Altai\" href=\"https:\/\/de.wikipedia.org\/wiki\/Altai\" target=\"_blank\" rel=\"noopener noreferrer\">Altai<\/a> und in Gro\u00dfbritannien, insbesondere im Bergland bis \u00fcber 2.000 Metern auf Kalkmagerrasen, Sandb\u00f6den und an anderen warmen und sonnigen Orten vor. Sie sind in S\u00fcd- und Mitteldeutschland stellenweise sehr h\u00e4ufig, im Norden eher selten. Ihr Vorkommen ist stark zur\u00fcckgegangen.<\/p>\n<p><strong>Flugzeit:<\/strong>\u00a0\u00a0\u00a0 Juni bis August, in einer Generation<\/p>\n<p>Zur Galerie <a href=\"https:\/\/woerrlein-naturfoto.de\/wordpress\/hauptseite-insekten\/insekten\/schmetterlinge-2\/nachtfalter\/\">Nachtfalter<\/a><\/p>\n<p><em>Quelle des Textauszuges und weitere Infos bei <\/em><a href=\"https:\/\/de.wikipedia.org\/wiki\/Thymian-Widderchen\" target=\"_blank\" rel=\"noopener noreferrer\">Wikipedia<\/a><em> (<\/em><a href=\"http:\/\/www.gnu.org\/licenses\/fdl-1.3.txt\" target=\"_blank\" rel=\"noopener noreferrer\">GNU-Lizenz<\/a><em>)\u2013 mein Dank gilt den <\/em><a href=\"https:\/\/de.wikipedia.org\/w\/index.php?title=Thymian-Widderchen&amp;action=history\" target=\"_blank\" rel=\"noopener noreferrer\">Autoren<\/a><em>.<\/em><\/p>\n","protected":false},"excerpt":{"rendered":"<p>Insekten -&gt; Schmetterlinge-&gt;Nachtfalter Insekten von A-Z zur Galerie Nachtfalter Das Thymian-Widderchen (Zygaena purpuralis) und das Bibernell-Widderchen (Zygaena minos) sind Schmetterlinge (Nachtfalter) aus der Familie der Widderchen. Die beiden Arten k\u00f6nnen nur durch eine Genitaluntersuchung unterschieden werden. Die Falter erreichen eine Fl\u00fcgelspannweite von 28 bis 35 Millimetern. Die Vorderfl\u00fcgel haben je drei breite, rote L\u00e4ngsstreifen, von &hellip; <a href=\"https:\/\/woerrlein-naturfoto.de\/wordpress\/nachtfalter-a-z\/thymianbibernell-widderchen\/\" class=\"more-link\"><span class=\"screen-reader-text\">Thymian\/Bibernell-Widderchen<\/span> weiterlesen <span class=\"meta-nav\">&rarr;<\/span><\/a><\/p>\n","protected":false},"author":1,"featured_media":0,"parent":11172,"menu_order":0,"comment_status":"closed","ping_status":"closed","template":"page-templates\/full-width.php","meta":{"footnotes":""},"class_list":["post-8255","page","type-page","status-publish","hentry"],"_links":{"self":[{"href":"https:\/\/woerrlein-naturfoto.de\/wordpress\/wp-json\/wp\/v2\/pages\/8255","targetHints":{"allow":["GET"]}}],"collection":[{"href":"https:\/\/woerrlein-naturfoto.de\/wordpress\/wp-json\/wp\/v2\/pages"}],"about":[{"href":"https:\/\/woerrlein-naturfoto.de\/wordpress\/wp-json\/wp\/v2\/types\/page"}],"author":[{"embeddable":true,"href":"https:\/\/woerrlein-naturfoto.de\/wordpress\/wp-json\/wp\/v2\/users\/1"}],"replies":[{"embeddable":true,"href":"https:\/\/woerrlein-naturfoto.de\/wordpress\/wp-json\/wp\/v2\/comments?post=8255"}],"version-history":[{"count":5,"href":"https:\/\/woerrlein-naturfoto.de\/wordpress\/wp-json\/wp\/v2\/pages\/8255\/revisions"}],"predecessor-version":[{"id":11202,"href":"https:\/\/woerrlein-naturfoto.de\/wordpress\/wp-json\/wp\/v2\/pages\/8255\/revisions\/11202"}],"up":[{"embeddable":true,"href":"https:\/\/woerrlein-naturfoto.de\/wordpress\/wp-json\/wp\/v2\/pages\/11172"}],"wp:attachment":[{"href":"https:\/\/woerrlein-naturfoto.de\/wordpress\/wp-json\/wp\/v2\/media?parent=8255"}],"curies":[{"name":"wp","href":"https:\/\/api.w.org\/{rel}","templated":true}]}}