{"id":8253,"date":"2016-09-18T11:39:30","date_gmt":"2016-09-18T09:39:30","guid":{"rendered":"http:\/\/woerrlein-naturfoto.de\/wordpress\/?page_id=8253"},"modified":"2019-10-02T15:33:37","modified_gmt":"2019-10-02T13:33:37","slug":"seerosenzuensler","status":"publish","type":"page","link":"https:\/\/woerrlein-naturfoto.de\/wordpress\/nachtfalter-a-z\/seerosenzuensler\/","title":{"rendered":"Seerosenz\u00fcnsler"},"content":{"rendered":"<p><a href=\"http:\/\/woerrlein-naturfoto.de\/wordpress\/insekten\/\"><span style=\"color: #ffff66;\">Insekten<\/span> <\/a>-&gt;<a href=\"http:\/\/woerrlein-naturfoto.de\/wordpress\/hauptseite-insekten\/insekten\/schmetterlinge-2\/\"> <span style=\"color: #ffff66;\">Schmetterlinge<\/span><\/a>-&gt;<a href=\"https:\/\/woerrlein-naturfoto.de\/wordpress\/hauptseite-insekten\/insekten\/schmetterlinge-2\/nachtfalter\/\"><span style=\"color: #ffff66;\">Nachtfalter<\/span><\/a><br \/>\n<a title=\"Insekten A-Z\" href=\"http:\/\/woerrlein-naturfoto.de\/wordpress\/insekten-a-z\/\">Insekten von A-Z<\/a><br \/>\nzur Galerie <a href=\"https:\/\/woerrlein-naturfoto.de\/wordpress\/hauptseite-insekten\/insekten\/schmetterlinge-2\/nachtfalter\/\">Nachtfalter<\/a><\/p>\n<p><img loading=\"lazy\" decoding=\"async\" class=\"alignleft wp-image-10088\" src=\"http:\/\/woerrlein-naturfoto.de\/wordpress\/wp-content\/uploads\/2015\/01\/Seerosenzuensler_AW_50417_5375x3583-600x400.jpg\" alt=\"\" width=\"600\" height=\"400\" srcset=\"https:\/\/woerrlein-naturfoto.de\/wordpress\/wp-content\/uploads\/2015\/01\/Seerosenzuensler_AW_50417_5375x3583-600x400.jpg 600w, https:\/\/woerrlein-naturfoto.de\/wordpress\/wp-content\/uploads\/2015\/01\/Seerosenzuensler_AW_50417_5375x3583-768x511.jpg 768w, https:\/\/woerrlein-naturfoto.de\/wordpress\/wp-content\/uploads\/2015\/01\/Seerosenzuensler_AW_50417_5375x3583-120x80.jpg 120w, https:\/\/woerrlein-naturfoto.de\/wordpress\/wp-content\/uploads\/2015\/01\/Seerosenzuensler_AW_50417_5375x3583.jpg 1000w\" sizes=\"auto, (max-width: 600px) 100vw, 600px\" \/>Der <b>Seerosenz\u00fcnsler<\/b> oder <b>Laichkraut-Z\u00fcnsler<\/b> (<i>Elophila nymphaeata<\/i>), ist ein Schmetterling (Nachtfalter) aus der Familie der <a title=\"Crambidae\" href=\"https:\/\/de.wikipedia.org\/wiki\/Crambidae\" target=\"_blank\" rel=\"noopener noreferrer\">Crambidae<\/a> und geh\u00f6rt in deren Unterfamilie <a title=\"Acentropinae\" href=\"https:\/\/de.wikipedia.org\/wiki\/Acentropinae\" target=\"_blank\" rel=\"noopener noreferrer\">Acentropinae<\/a>. Die Raupen entwickeln sich, f\u00fcr Schmetterlinge ungew\u00f6hnlich, \u00fcberwiegend unter Wasser. Die Fl\u00fcgelspannweite betr\u00e4gt 17 bis 28 Millimeter. Die Grundfarbe der Vorderfl\u00fcgeloberseite ist wei\u00df mit einer hellbraunen bis dunkelbraunen Zeichnung aus Querlinien, dunkel gerandeten Flecken und gezackten Binden.<\/p>\n<p><strong>Flugzeit:<\/strong>\u00a0\u00a0\u00a0 erste Generation im Juni; zweite Generation August\/September<\/p>\n<p>Zur Galerie <a href=\"https:\/\/woerrlein-naturfoto.de\/wordpress\/hauptseite-insekten\/insekten\/schmetterlinge-2\/nachtfalter\/\">Nachtfalter<\/a><\/p>\n<p><em>Quelle des Textauszuges und weitere Infos bei <\/em><a href=\"https:\/\/de.wikipedia.org\/wiki\/Seerosenz%C3%BCnsler\" target=\"_blank\" rel=\"noopener noreferrer\">Wikipedia<\/a><em> (<\/em><a href=\"http:\/\/www.gnu.org\/licenses\/fdl-1.3.txt\" target=\"_blank\" rel=\"noopener noreferrer\">GNU-Lizenz<\/a><em>)\u2013 mein Dank gilt den <\/em><a href=\"https:\/\/de.wikipedia.org\/w\/index.php?title=Seerosenz%C3%BCnsler&amp;action=history\" target=\"_blank\" rel=\"noopener noreferrer\">Autoren<\/a><em>.<\/em><\/p>\n","protected":false},"excerpt":{"rendered":"<p>Insekten -&gt; Schmetterlinge-&gt;Nachtfalter Insekten von A-Z zur Galerie Nachtfalter Der Seerosenz\u00fcnsler oder Laichkraut-Z\u00fcnsler (Elophila nymphaeata), ist ein Schmetterling (Nachtfalter) aus der Familie der Crambidae und geh\u00f6rt in deren Unterfamilie Acentropinae. Die Raupen entwickeln sich, f\u00fcr Schmetterlinge ungew\u00f6hnlich, \u00fcberwiegend unter Wasser. Die Fl\u00fcgelspannweite betr\u00e4gt 17 bis 28 Millimeter. Die Grundfarbe der Vorderfl\u00fcgeloberseite ist wei\u00df mit einer &hellip; <a href=\"https:\/\/woerrlein-naturfoto.de\/wordpress\/nachtfalter-a-z\/seerosenzuensler\/\" class=\"more-link\"><span class=\"screen-reader-text\">Seerosenz\u00fcnsler<\/span> weiterlesen <span class=\"meta-nav\">&rarr;<\/span><\/a><\/p>\n","protected":false},"author":1,"featured_media":0,"parent":11172,"menu_order":0,"comment_status":"closed","ping_status":"closed","template":"page-templates\/full-width.php","meta":{"footnotes":""},"class_list":["post-8253","page","type-page","status-publish","hentry"],"_links":{"self":[{"href":"https:\/\/woerrlein-naturfoto.de\/wordpress\/wp-json\/wp\/v2\/pages\/8253","targetHints":{"allow":["GET"]}}],"collection":[{"href":"https:\/\/woerrlein-naturfoto.de\/wordpress\/wp-json\/wp\/v2\/pages"}],"about":[{"href":"https:\/\/woerrlein-naturfoto.de\/wordpress\/wp-json\/wp\/v2\/types\/page"}],"author":[{"embeddable":true,"href":"https:\/\/woerrlein-naturfoto.de\/wordpress\/wp-json\/wp\/v2\/users\/1"}],"replies":[{"embeddable":true,"href":"https:\/\/woerrlein-naturfoto.de\/wordpress\/wp-json\/wp\/v2\/comments?post=8253"}],"version-history":[{"count":5,"href":"https:\/\/woerrlein-naturfoto.de\/wordpress\/wp-json\/wp\/v2\/pages\/8253\/revisions"}],"predecessor-version":[{"id":11201,"href":"https:\/\/woerrlein-naturfoto.de\/wordpress\/wp-json\/wp\/v2\/pages\/8253\/revisions\/11201"}],"up":[{"embeddable":true,"href":"https:\/\/woerrlein-naturfoto.de\/wordpress\/wp-json\/wp\/v2\/pages\/11172"}],"wp:attachment":[{"href":"https:\/\/woerrlein-naturfoto.de\/wordpress\/wp-json\/wp\/v2\/media?parent=8253"}],"curies":[{"name":"wp","href":"https:\/\/api.w.org\/{rel}","templated":true}]}}