{"id":8250,"date":"2016-09-18T11:26:23","date_gmt":"2016-09-18T09:26:23","guid":{"rendered":"http:\/\/woerrlein-naturfoto.de\/wordpress\/?page_id=8250"},"modified":"2022-07-20T15:02:46","modified_gmt":"2022-07-20T13:02:46","slug":"kreuzdornzipfelfalter","status":"publish","type":"page","link":"https:\/\/woerrlein-naturfoto.de\/wordpress\/blaeulinge-a-z\/kreuzdornzipfelfalter\/","title":{"rendered":"Kreuzdorn-Zipfelfalter"},"content":{"rendered":"<p><a href=\"http:\/\/woerrlein-naturfoto.de\/wordpress\/insekten\/\"><span style=\"color: #ffff66;\">Insekten<\/span> <\/a>-&gt;<a href=\"http:\/\/woerrlein-naturfoto.de\/wordpress\/hauptseite-insekten\/insekten\/schmetterlinge-2\/\"> <span style=\"color: #ffff66;\">Schmetterlinge<\/span><\/a><br \/>\n<a title=\"Insekten A-Z\" href=\"http:\/\/woerrlein-naturfoto.de\/wordpress\/insekten-a-z\/\">Insekten von A-Z<\/a><br \/>\nzur Galerie <a href=\"https:\/\/woerrlein-naturfoto.de\/wordpress\/hauptseite-insekten\/insekten\/schmetterlinge-2\/blaeulinge-ii-feuerfalter-zipfelfalter\/\">Bl\u00e4ulinge II<\/a><\/p>\n<p><img loading=\"lazy\" decoding=\"async\" class=\"alignleft wp-image-14964\" src=\"https:\/\/woerrlein-naturfoto.de\/wordpress\/wp-content\/uploads\/2022\/07\/Kreuzdorn-Zipfelfalter_220628_7564-600x400.jpg\" alt=\"\" width=\"600\" height=\"400\" srcset=\"https:\/\/woerrlein-naturfoto.de\/wordpress\/wp-content\/uploads\/2022\/07\/Kreuzdorn-Zipfelfalter_220628_7564-600x400.jpg 600w, https:\/\/woerrlein-naturfoto.de\/wordpress\/wp-content\/uploads\/2022\/07\/Kreuzdorn-Zipfelfalter_220628_7564-768x512.jpg 768w, https:\/\/woerrlein-naturfoto.de\/wordpress\/wp-content\/uploads\/2022\/07\/Kreuzdorn-Zipfelfalter_220628_7564-120x80.jpg 120w, https:\/\/woerrlein-naturfoto.de\/wordpress\/wp-content\/uploads\/2022\/07\/Kreuzdorn-Zipfelfalter_220628_7564.jpg 1000w\" sizes=\"auto, (max-width: 600px) 100vw, 600px\" \/>Der <b>Kreuzdorn-Zipfelfalter<\/b> (<i>Satyrium spini<\/i>), ist ein Schmetterling (Tagfalter) aus der Familie der Bl\u00e4ulinge. Oberseits sind die Fl\u00fcgel dunkelgraubraun mit schwachen orangen Flecken im <a title=\"Fl\u00fcgel (Schmetterling)\" href=\"https:\/\/de.wikipedia.org\/wiki\/Fl%C3%BCgel_%28Schmetterling%29#R.C3.A4nder\" target=\"_blank\" rel=\"noopener noreferrer\">Analwinkel<\/a>. Bei Weibchen sind die orangen Flecken deutlicher ausgepr\u00e4gt, auf dem Vorderfl\u00fcgel ist ein oranger Schimmer zu erkennen. Auf der graubraunen Fl\u00fcgelunterseite f\u00e4llt eine wei\u00dfe, unterbrochene Linie in der <a title=\"Fl\u00fcgel (Schmetterling)\" href=\"https:\/\/de.wikipedia.org\/wiki\/Fl%C3%BCgel_%28Schmetterling%29#Regionen\" target=\"_blank\" rel=\"noopener noreferrer\">Postdiskalregion<\/a> auf, sowie eine nach oben auslaufende orange Submarginalbinde, in der unterhalb des namensgebenden Fl\u00fcgelfortsatzes, dem \u201eZipfel\u201c, ein gro\u00dfer Silberfleck zu sehen ist. Man findet ihn an trockenen bis sehr trockenen, hei\u00dfen Standorten mit reichlichen Vorkommen an Kr\u00fcppelschlehen, die idealerweise \u00fcber Ger\u00f6ll stehen.<\/p>\n<p><strong>Flugzeit:<\/strong>\u00a0\u00a0\u00a0\u00a0 Ende Mai bis Juli\/August, in einer Generation.<\/p>\n<p>Zur Galerie <a href=\"https:\/\/woerrlein-naturfoto.de\/wordpress\/hauptseite-insekten\/insekten\/schmetterlinge-2\/blaeulinge-ii-feuerfalter-zipfelfalter\/\">Bl\u00e4ulinge II<\/a><\/p>\n<p><em>Quelle des Textauszuges und weitere Infos bei <\/em><a href=\"https:\/\/de.wikipedia.org\/wiki\/Kreuzdorn-Zipfelfalter\" target=\"_blank\" rel=\"noopener noreferrer\">Wikipedia<\/a><em> (<\/em><a href=\"http:\/\/www.gnu.org\/licenses\/fdl-1.3.txt\" target=\"_blank\" rel=\"noopener noreferrer\">GNU-Lizenz<\/a><em>)\u2013 mein Dank gilt den <\/em><a href=\"https:\/\/de.wikipedia.org\/w\/index.php?title=Kreuzdorn-Zipfelfalter&amp;action=history\" target=\"_blank\" rel=\"noopener noreferrer\">Autoren<\/a><em>.<\/em><\/p>\n","protected":false},"excerpt":{"rendered":"<p>Insekten -&gt; Schmetterlinge Insekten von A-Z zur Galerie Bl\u00e4ulinge II Der Kreuzdorn-Zipfelfalter (Satyrium spini), ist ein Schmetterling (Tagfalter) aus der Familie der Bl\u00e4ulinge. Oberseits sind die Fl\u00fcgel dunkelgraubraun mit schwachen orangen Flecken im Analwinkel. Bei Weibchen sind die orangen Flecken deutlicher ausgepr\u00e4gt, auf dem Vorderfl\u00fcgel ist ein oranger Schimmer zu erkennen. Auf der graubraunen Fl\u00fcgelunterseite &hellip; <a href=\"https:\/\/woerrlein-naturfoto.de\/wordpress\/blaeulinge-a-z\/kreuzdornzipfelfalter\/\" class=\"more-link\"><span class=\"screen-reader-text\">Kreuzdorn-Zipfelfalter<\/span> weiterlesen <span class=\"meta-nav\">&rarr;<\/span><\/a><\/p>\n","protected":false},"author":1,"featured_media":0,"parent":11125,"menu_order":0,"comment_status":"closed","ping_status":"closed","template":"page-templates\/full-width.php","meta":{"footnotes":""},"class_list":["post-8250","page","type-page","status-publish","hentry"],"_links":{"self":[{"href":"https:\/\/woerrlein-naturfoto.de\/wordpress\/wp-json\/wp\/v2\/pages\/8250","targetHints":{"allow":["GET"]}}],"collection":[{"href":"https:\/\/woerrlein-naturfoto.de\/wordpress\/wp-json\/wp\/v2\/pages"}],"about":[{"href":"https:\/\/woerrlein-naturfoto.de\/wordpress\/wp-json\/wp\/v2\/types\/page"}],"author":[{"embeddable":true,"href":"https:\/\/woerrlein-naturfoto.de\/wordpress\/wp-json\/wp\/v2\/users\/1"}],"replies":[{"embeddable":true,"href":"https:\/\/woerrlein-naturfoto.de\/wordpress\/wp-json\/wp\/v2\/comments?post=8250"}],"version-history":[{"count":7,"href":"https:\/\/woerrlein-naturfoto.de\/wordpress\/wp-json\/wp\/v2\/pages\/8250\/revisions"}],"predecessor-version":[{"id":15007,"href":"https:\/\/woerrlein-naturfoto.de\/wordpress\/wp-json\/wp\/v2\/pages\/8250\/revisions\/15007"}],"up":[{"embeddable":true,"href":"https:\/\/woerrlein-naturfoto.de\/wordpress\/wp-json\/wp\/v2\/pages\/11125"}],"wp:attachment":[{"href":"https:\/\/woerrlein-naturfoto.de\/wordpress\/wp-json\/wp\/v2\/media?parent=8250"}],"curies":[{"name":"wp","href":"https:\/\/api.w.org\/{rel}","templated":true}]}}