{"id":8244,"date":"2016-09-18T10:59:53","date_gmt":"2016-09-18T08:59:53","guid":{"rendered":"http:\/\/woerrlein-naturfoto.de\/wordpress\/?page_id=8244"},"modified":"2022-07-20T15:14:14","modified_gmt":"2022-07-20T13:14:14","slug":"klener-feuerfalter","status":"publish","type":"page","link":"https:\/\/woerrlein-naturfoto.de\/wordpress\/blaeulinge-a-z\/klener-feuerfalter\/","title":{"rendered":"Kleiner Feuerfalter"},"content":{"rendered":"<p><a href=\"http:\/\/woerrlein-naturfoto.de\/wordpress\/insekten\/\"><span style=\"color: #ffff66;\">Insekten<\/span> <\/a>-&gt;<a href=\"http:\/\/woerrlein-naturfoto.de\/wordpress\/hauptseite-insekten\/insekten\/schmetterlinge-2\/\"> <span style=\"color: #ffff66;\">Schmetterlinge<\/span><\/a><br \/>\n<a title=\"Insekten A-Z\" href=\"http:\/\/woerrlein-naturfoto.de\/wordpress\/insekten-a-z\/\">Insekten von A-Z<\/a><br \/>\nzur Galerie <a href=\"https:\/\/woerrlein-naturfoto.de\/wordpress\/hauptseite-insekten\/insekten\/schmetterlinge-2\/blaeulinge-ii-feuerfalter-zipfelfalter\/\">Bl\u00e4ulinge II<\/a><\/p>\n<p><img loading=\"lazy\" decoding=\"async\" class=\"alignleft wp-image-8225\" src=\"http:\/\/woerrlein-naturfoto.de\/wordpress\/wp-content\/uploads\/2016\/09\/KleinerFeuerfalter_20583-600x400.jpg\" alt=\"kleinerfeuerfalter_20583\" width=\"600\" height=\"400\" srcset=\"https:\/\/woerrlein-naturfoto.de\/wordpress\/wp-content\/uploads\/2016\/09\/KleinerFeuerfalter_20583-600x400.jpg 600w, https:\/\/woerrlein-naturfoto.de\/wordpress\/wp-content\/uploads\/2016\/09\/KleinerFeuerfalter_20583-768x512.jpg 768w, https:\/\/woerrlein-naturfoto.de\/wordpress\/wp-content\/uploads\/2016\/09\/KleinerFeuerfalter_20583-120x80.jpg 120w, https:\/\/woerrlein-naturfoto.de\/wordpress\/wp-content\/uploads\/2016\/09\/KleinerFeuerfalter_20583.jpg 1000w\" sizes=\"auto, (max-width: 600px) 100vw, 600px\" \/>Der <b>Kleine Feuerfalter<\/b> (<i>Lycaena phlaeas<\/i>) ist ein Schmetterling (Tagfalter) aus der Familie der Bl\u00e4ulinge. Die Falter erreichen eine Fl\u00fcgelspannweite von 22 bis 27 Millimetern. Im Gegensatz zu den meisten anderen Bl\u00e4ulingen sind beide Geschlechter gleich gef\u00e4rbt. Ihre Vorderfl\u00fcgeloberseiten sind orangerot gef\u00e4rbt und haben einen breiten, dunkelbraunen Au\u00dfenrand (Saumbinde). Nahe diesem Rand sind mehrere dunkle W\u00fcrfelflecken erkennbar. Die Hinterfl\u00fcgel sind dunkelbraun gef\u00e4rbt und haben eine orangefarbene Binde knapp am Au\u00dfenrand. Der Rand selber ist gewellt braun gef\u00e4rbt und, gleich den Vorderfl\u00fcgeln, hell gefranst. Die Unterseite der Vorderfl\u00fcgel ist \u00e4hnlich wie die Oberseite gef\u00e4rbt, an die Stelle des Brauns tritt jedoch ein Graubraun und ihre F\u00e4rbung ist matter. Die Unterseite der Hinterfl\u00fcgel ist braungrau, hat kleine, schwarze Punkte und nahe dem Au\u00dfenrand eine feine, orange gepunktete Binde.<br \/>\nDer Kleine Feuerfalter ist ein h\u00e4ufig anzutreffender <a class=\"mw-redirect\" title=\"R-Stratege\" href=\"https:\/\/de.wikipedia.org\/wiki\/R-Stratege\" target=\"_blank\" rel=\"noopener noreferrer\">r-Stratege<\/a>, der in weiten Teilen der Nordhalbkugel vorkommt. Man findet ihn vom Nordosten Nordamerikas \u00fcber ganz Europa und Nordafrika bis in die gem\u00e4\u00dfigten Breiten Asiens und Japans. Er lebt in den verschiedensten Lebensr\u00e4umen, vor allem aber in locker bewachsenen und offenen Gegenden, wie z.\u00a0B. in Sandgruben, auf Binnend\u00fcnen, an Wegr\u00e4ndern, auf Brachen und in sandigen Gebieten. In kalkigen Gegenden sind sie eher selten.<br \/>\nDie Falter saugen u.\u00a0a. an Bl\u00fcten der Berg-Aster (<i>Aster amellus<\/i>), Ro\u00df-Minze (<i>Mentha longifolia<\/i>) und Tauben-Skabiose (<i>Scabiosa columbaria<\/i>). Das M\u00e4nnchen verteidigt sein Territorium gegen andere M\u00e4nnchen und verjagt auch deutlich gr\u00f6\u00dfere Falter wie zum Beispiel das Tagpfauenauge.<sup id=\"cite_ref-Bellmann_1-2\" class=\"reference\"><\/sup><\/p>\n<p><strong>Flugzeit:<\/strong>\u00a0\u00a0\u00a0\u00a0 Je nach Region von Februar\/April bis Ende Oktober, in zwei bis vier Generationen &#8211; auf den Kanaren Ganzj\u00e4hrig in vielen Generationen.<\/p>\n<p>Zur Galerie <a href=\"https:\/\/woerrlein-naturfoto.de\/wordpress\/hauptseite-insekten\/insekten\/schmetterlinge-2\/blaeulinge-ii-feuerfalter-zipfelfalter\/\">Bl\u00e4ulinge II<\/a><\/p>\n<p><em>Quelle des Textauszuges und weitere Infos bei <\/em><a href=\"https:\/\/de.wikipedia.org\/wiki\/Kleiner_Feuerfalter\" target=\"_blank\" rel=\"noopener noreferrer\">Wikipedia<\/a><em> (<\/em><a href=\"http:\/\/www.gnu.org\/licenses\/fdl-1.3.txt\" target=\"_blank\" rel=\"noopener noreferrer\">GNU-Lizenz<\/a><em>)\u2013 mein Dank gilt den <\/em><a href=\"https:\/\/de.wikipedia.org\/w\/index.php?title=Kleiner_Feuerfalter&amp;action=history\" target=\"_blank\" rel=\"noopener noreferrer\">Autoren<\/a><em>.<\/em><\/p>\n","protected":false},"excerpt":{"rendered":"<p>Insekten -&gt; Schmetterlinge Insekten von A-Z zur Galerie Bl\u00e4ulinge II Der Kleine Feuerfalter (Lycaena phlaeas) ist ein Schmetterling (Tagfalter) aus der Familie der Bl\u00e4ulinge. Die Falter erreichen eine Fl\u00fcgelspannweite von 22 bis 27 Millimetern. Im Gegensatz zu den meisten anderen Bl\u00e4ulingen sind beide Geschlechter gleich gef\u00e4rbt. Ihre Vorderfl\u00fcgeloberseiten sind orangerot gef\u00e4rbt und haben einen breiten, &hellip; <a href=\"https:\/\/woerrlein-naturfoto.de\/wordpress\/blaeulinge-a-z\/klener-feuerfalter\/\" class=\"more-link\"><span class=\"screen-reader-text\">Kleiner Feuerfalter<\/span> weiterlesen <span class=\"meta-nav\">&rarr;<\/span><\/a><\/p>\n","protected":false},"author":1,"featured_media":0,"parent":11125,"menu_order":0,"comment_status":"closed","ping_status":"closed","template":"page-templates\/full-width.php","meta":{"footnotes":""},"class_list":["post-8244","page","type-page","status-publish","hentry"],"_links":{"self":[{"href":"https:\/\/woerrlein-naturfoto.de\/wordpress\/wp-json\/wp\/v2\/pages\/8244","targetHints":{"allow":["GET"]}}],"collection":[{"href":"https:\/\/woerrlein-naturfoto.de\/wordpress\/wp-json\/wp\/v2\/pages"}],"about":[{"href":"https:\/\/woerrlein-naturfoto.de\/wordpress\/wp-json\/wp\/v2\/types\/page"}],"author":[{"embeddable":true,"href":"https:\/\/woerrlein-naturfoto.de\/wordpress\/wp-json\/wp\/v2\/users\/1"}],"replies":[{"embeddable":true,"href":"https:\/\/woerrlein-naturfoto.de\/wordpress\/wp-json\/wp\/v2\/comments?post=8244"}],"version-history":[{"count":5,"href":"https:\/\/woerrlein-naturfoto.de\/wordpress\/wp-json\/wp\/v2\/pages\/8244\/revisions"}],"predecessor-version":[{"id":15017,"href":"https:\/\/woerrlein-naturfoto.de\/wordpress\/wp-json\/wp\/v2\/pages\/8244\/revisions\/15017"}],"up":[{"embeddable":true,"href":"https:\/\/woerrlein-naturfoto.de\/wordpress\/wp-json\/wp\/v2\/pages\/11125"}],"wp:attachment":[{"href":"https:\/\/woerrlein-naturfoto.de\/wordpress\/wp-json\/wp\/v2\/media?parent=8244"}],"curies":[{"name":"wp","href":"https:\/\/api.w.org\/{rel}","templated":true}]}}