{"id":8198,"date":"2016-08-23T21:50:36","date_gmt":"2016-08-23T19:50:36","guid":{"rendered":"http:\/\/woerrlein-naturfoto.de\/wordpress\/?page_id=8198"},"modified":"2021-12-19T14:16:12","modified_gmt":"2021-12-19T13:16:12","slug":"falkenlibelle","status":"publish","type":"page","link":"https:\/\/woerrlein-naturfoto.de\/wordpress\/sonstige-libellen-a-z\/falkenlibelle\/","title":{"rendered":"Falkenlibelle"},"content":{"rendered":"<p><span style=\"color: #ffff00;\"><a style=\"color: #ffff00;\" href=\"http:\/\/woerrlein-naturfoto.de\/wordpress\/insekten\/\">Insekten <\/a><\/span>-&gt;<span style=\"color: #ffff00;\"><a style=\"color: #ffff00;\" href=\"http:\/\/woerrlein-naturfoto.de\/wordpress\/hauptseite-insekten\/insekten\/libellen\/\"> Libellen <\/a><\/span>-&gt;<span style=\"color: #ffff00;\"> <a style=\"color: #ffff00;\" href=\"http:\/\/woerrlein-naturfoto.de\/wordpress\/hauptseite-insekten\/insekten\/libellen\/wildes-durcheinander\/\">wildes Durcheinander<\/a><\/span><br \/>\n<a title=\"Insekten A-Z\" href=\"http:\/\/woerrlein-naturfoto.de\/wordpress\/insekten-a-z\/\">Insekten von A-Z<\/a><br \/>\nzur Galerie <a title=\"wildes Durcheinander\" href=\"http:\/\/woerrlein-naturfoto.de\/wordpress\/hauptseite-insekten\/insekten\/libellen\/wildes-durcheinander\/\">sonstige Libellen<\/a><\/p>\n<p><img loading=\"lazy\" decoding=\"async\" class=\"alignleft wp-image-8176\" src=\"http:\/\/woerrlein-naturfoto.de\/wordpress\/wp-content\/uploads\/2015\/01\/Falkenlibelle_D160530_0522-600x400.jpg\" alt=\"Falkenlibelle_D160530_0522\" width=\"600\" height=\"400\" srcset=\"https:\/\/woerrlein-naturfoto.de\/wordpress\/wp-content\/uploads\/2015\/01\/Falkenlibelle_D160530_0522-600x400.jpg 600w, https:\/\/woerrlein-naturfoto.de\/wordpress\/wp-content\/uploads\/2015\/01\/Falkenlibelle_D160530_0522-768x512.jpg 768w, https:\/\/woerrlein-naturfoto.de\/wordpress\/wp-content\/uploads\/2015\/01\/Falkenlibelle_D160530_0522-120x80.jpg 120w, https:\/\/woerrlein-naturfoto.de\/wordpress\/wp-content\/uploads\/2015\/01\/Falkenlibelle_D160530_0522.jpg 1000w\" sizes=\"auto, (max-width: 600px) 100vw, 600px\" \/>Die <b>Falkenlibelle<\/b> oder auch <b>Gemeine Smaragdlibelle<\/b> (<i>Cordulia aenea<\/i>) ist eine Art aus der Familie der Falkenlibellen. Das <a title=\"Epitheton\" href=\"https:\/\/de.wikipedia.org\/wiki\/Epitheton\" target=\"_blank\" rel=\"noopener\">Epitheton<\/a> des wissenschaftlichen Artnamens wird viersilbig ausgesprochen und auf der zweiten Silbe betont (<i>a-<u>e<\/u>-ne-a<\/i>). Es handelt sich um die namensgebende Spezies der Familie Corduliidae.<br \/>\nDie Art \u00e4hnelt im Aussehen den Vertretern der Gattung <i><a class=\"mw-redirect\" title=\"Somatochlora\" href=\"https:\/\/de.wikipedia.org\/wiki\/Somatochlora\" target=\"_blank\" rel=\"noopener\">Somatochlora<\/a><\/i> (Smaragdlibellen), hat aber eine einfarbig gr\u00fcne Stirn (<i>Somatochlora<\/i> mit gelben Flecken). Die Falkenlibelle wird f\u00fcnf bis f\u00fcnfeinhalb Zentimeter lang und hat eine Fl\u00fcgelspannweite von 7,5 cm. Ihre Fl\u00fcgel sind verschieden gebaut: Die Hinterfl\u00fcgel haben eine verbreiterte Basis. Der K\u00f6rper gl\u00e4nzt metallisch-gr\u00fcn bis kupferfarben, die Augen sind gr\u00fcn. Bei den M\u00e4nnchen ist das Abdomen hinten keulenartig verbreitert, wobei die gr\u00f6\u00dfte Breite am 7. und 8. Segment erreicht wird. Ein weiterer Unterschied zur recht \u00e4hnlichen <a title=\"Gl\u00e4nzende Smaragdlibelle\" href=\"https:\/\/de.wikipedia.org\/wiki\/Gl%C3%A4nzende_Smaragdlibelle\" target=\"_blank\" rel=\"noopener\">Gl\u00e4nzenden Smaragdlibelle<\/a> (<i>Somatochlora metallica<\/i>) besteht darin, dass die Weibchen ein zylindrisches Abdomen ohne auffallend abstehende Leger\u00f6hre haben. Auch wirkt <i>Cordulia<\/i> am Thorax etwas st\u00e4rker behaart und hat eine fr\u00fchere Flugzeit. Die Falkenlibelle bewohnt kleinere, krautreiche, vorzugsweise <a class=\"mw-redirect\" title=\"Dystroph\" href=\"https:\/\/de.wikipedia.org\/wiki\/Dystroph\" target=\"_blank\" rel=\"noopener\">dystrophe<\/a> Seen und Weiher sowie extensiv bewirtschaftete Fischteiche, die bestimmte Habitatstrukturen bieten. Schwerpunktm\u00e4\u00dfig werden auch Auwaldgew\u00e4sser besiedelt.<\/p>\n<p><strong>Flugzeit:<\/strong>\u00a0\u00a0\u00a0\u00a0 Juni bis August<\/p>\n<p>Zur Galerie <a title=\"wildes Durcheinander\" href=\"http:\/\/woerrlein-naturfoto.de\/wordpress\/hauptseite-insekten\/insekten\/libellen\/wildes-durcheinander\/\">sonstige Libellen<\/a><\/p>\n<p>&nbsp;<\/p>\n<p><em>Quelle des Textauszuges und weitere Infos bei <\/em><a href=\"https:\/\/de.wikipedia.org\/wiki\/Falkenlibelle_(Art)\" target=\"_blank\" rel=\"noopener\">Wikipedia<\/a><em> (<\/em><a href=\"http:\/\/www.gnu.org\/licenses\/fdl-1.3.txt\" target=\"_blank\" rel=\"noopener\">GNU-Lizenz<\/a><em>)\u2013 mein Dank gilt den <\/em><a href=\"https:\/\/de.wikipedia.org\/w\/index.php?title=Falkenlibelle_(Art)&amp;action=history\" target=\"_blank\" rel=\"noopener\">Autoren<\/a><em>.<\/em><\/p>\n","protected":false},"excerpt":{"rendered":"<p>Insekten -&gt; Libellen -&gt; wildes Durcheinander Insekten von A-Z zur Galerie sonstige Libellen Die Falkenlibelle oder auch Gemeine Smaragdlibelle (Cordulia aenea) ist eine Art aus der Familie der Falkenlibellen. Das Epitheton des wissenschaftlichen Artnamens wird viersilbig ausgesprochen und auf der zweiten Silbe betont (a-e-ne-a). Es handelt sich um die namensgebende Spezies der Familie Corduliidae. Die &hellip; <a href=\"https:\/\/woerrlein-naturfoto.de\/wordpress\/sonstige-libellen-a-z\/falkenlibelle\/\" class=\"more-link\"><span class=\"screen-reader-text\">Falkenlibelle<\/span> weiterlesen <span class=\"meta-nav\">&rarr;<\/span><\/a><\/p>\n","protected":false},"author":1,"featured_media":0,"parent":3655,"menu_order":0,"comment_status":"closed","ping_status":"closed","template":"page-templates\/full-width.php","meta":{"footnotes":""},"class_list":["post-8198","page","type-page","status-publish","hentry"],"_links":{"self":[{"href":"https:\/\/woerrlein-naturfoto.de\/wordpress\/wp-json\/wp\/v2\/pages\/8198","targetHints":{"allow":["GET"]}}],"collection":[{"href":"https:\/\/woerrlein-naturfoto.de\/wordpress\/wp-json\/wp\/v2\/pages"}],"about":[{"href":"https:\/\/woerrlein-naturfoto.de\/wordpress\/wp-json\/wp\/v2\/types\/page"}],"author":[{"embeddable":true,"href":"https:\/\/woerrlein-naturfoto.de\/wordpress\/wp-json\/wp\/v2\/users\/1"}],"replies":[{"embeddable":true,"href":"https:\/\/woerrlein-naturfoto.de\/wordpress\/wp-json\/wp\/v2\/comments?post=8198"}],"version-history":[{"count":4,"href":"https:\/\/woerrlein-naturfoto.de\/wordpress\/wp-json\/wp\/v2\/pages\/8198\/revisions"}],"predecessor-version":[{"id":14494,"href":"https:\/\/woerrlein-naturfoto.de\/wordpress\/wp-json\/wp\/v2\/pages\/8198\/revisions\/14494"}],"up":[{"embeddable":true,"href":"https:\/\/woerrlein-naturfoto.de\/wordpress\/wp-json\/wp\/v2\/pages\/3655"}],"wp:attachment":[{"href":"https:\/\/woerrlein-naturfoto.de\/wordpress\/wp-json\/wp\/v2\/media?parent=8198"}],"curies":[{"name":"wp","href":"https:\/\/api.w.org\/{rel}","templated":true}]}}