{"id":8140,"date":"2016-07-29T19:03:48","date_gmt":"2016-07-29T17:03:48","guid":{"rendered":"http:\/\/woerrlein-naturfoto.de\/wordpress\/?page_id=8140"},"modified":"2021-12-15T15:27:32","modified_gmt":"2021-12-15T14:27:32","slug":"helm-knabenkraut","status":"publish","type":"page","link":"https:\/\/woerrlein-naturfoto.de\/wordpress\/knabenkraeuter-iii-orchis-a-z\/helm-knabenkraut\/","title":{"rendered":"Helm-Knabenkraut"},"content":{"rendered":"<p><span style=\"color: #ffff66;\"><a style=\"color: #ffff66;\" href=\"http:\/\/woerrlein-naturfoto.de\/wordpress\/hauptseite-pflanzen\/pflanzen\/\"><span style=\"color: #ffff00;\">Pflanzen<\/span><\/a> <\/span>-&gt;<span style=\"color: #ffff66;\"><a style=\"color: #ffff66;\" href=\"http:\/\/woerrlein-naturfoto.de\/wordpress\/hauptseite-pflanzen\/pflanzen\/blueten-i-orchideen-2\/\"><span style=\"color: #ffff00;\">Orchideen <\/span><\/a><\/span>-&gt;\u00a0<span style=\"color: #ffff00;\"><a style=\"color: #ffff00;\" href=\"http:\/\/woerrlein-naturfoto.de\/wordpress\/hauptseite-pflanzen\/pflanzen\/blueten-i-orchideen-2\/knabenkraeuter-iii-orchis\/\">Knabenkr\u00e4uter III (Orchis)<\/a><\/span><br \/>\n<a href=\"http:\/\/woerrlein-naturfoto.de\/wordpress\/pflanzen-von-a-z\/\">Pflanzen von A-Z<\/a><br \/>\nZur Galerie <a href=\"http:\/\/woerrlein-naturfoto.de\/wordpress\/hauptseite-pflanzen\/pflanzen\/blueten-i-orchideen-2\/knabenkraeuter-iii-orchis\/\">Knabenkr\u00e4uter III<\/a><code><\/code><code><br \/>\n<\/code><\/p>\n<p><img loading=\"lazy\" decoding=\"async\" class=\"alignleft wp-image-8131\" src=\"http:\/\/woerrlein-naturfoto.de\/wordpress\/wp-content\/uploads\/2015\/07\/Helmknabenkraut_D160526_8603-400x600.jpg\" alt=\"Helmknabenkraut_D160526_8603\" width=\"267\" height=\"400\" \/><\/p>\n<p>Das <b>Helm-Knabenkraut<\/b> (<i>Orchis militaris<\/i>) ist eine Pflanzen-Art aus der Gattung der Knabenkr\u00e4uter (<i>Orchis<\/i>) in der Familie der Orchideengew\u00e4chse.<br \/>\nDie Pflanze erreicht Wuchsh\u00f6hen von 20 bis 50 Zentimetern, gelegentlich werden kr\u00e4ftige Exemplare auch bis \u00fcber 60 Zentimeter hoch. Die zwei bis sechs Laubbl\u00e4tter sind hellgr\u00fcn mit einem leichten Glanz, ungefleckt, elliptisch bis lanzettlich und stehen aufrecht in einer Rosette am St\u00e4ngelgrund. Sie sind etwa acht bis 17 Zentimeter lang und etwa drei bis f\u00fcnf Zentimeter breit. Ein bis zwei Bl\u00e4tter umfassen den St\u00e4ngel scheidig. Die Tragbl\u00e4tter liegen h\u00e4utig am Fruchtknoten an und sind etwa ein Viertel so lang wie der Fruchtknoten.<br \/>\nDer \u00e4hrige Bl\u00fctenstand tr\u00e4gt etwa zehn bis 50 Bl\u00fcten. In der Aufbl\u00fchphase ist er kegelf\u00f6rmig, w\u00e4hrend der Hochbl\u00fcte zylindrisch geformt. Die neun bis 15 Millimeter langen Bl\u00fctenh\u00fcllbl\u00e4tter des \u00e4u\u00dferen und die zwei sechs bis zehn Millimeter langen, oberen Bl\u00fctenh\u00fcllbl\u00e4tter des inneren Kreises des <a class=\"mw-redirect\" title=\"Perigon\" href=\"https:\/\/de.wikipedia.org\/wiki\/Perigon\" target=\"_blank\" rel=\"noopener noreferrer\">Perigon<\/a> bilden einen Helm, wobei die beiden inneren Bl\u00fctenbl\u00e4tter kaum zu sehen sind. An der Au\u00dfenseite sind die Bl\u00fctenh\u00fcllbl\u00e4tter des \u00e4u\u00dferen Kreises sehr hell wei\u00dflich-rosa gef\u00e4rbt, an der Innenseite auch geringf\u00fcgig dunkler, entlang der Nervenbahnen sind deutliche, dunklere Linien erkennbar.<br \/>\nIn Deutschland ist das Helm-Knabenkraut am st\u00e4rksten in der S\u00fcdh\u00e4lfte bis ins s\u00fcdliche Niedersachsen verbreitet, selten ist es in Sachsen und Nordrhein-Westfalen. Weiter n\u00f6rdlich gibt es nur noch wenige Nachweise. Etwas isoliert liegt ein weiteres Verbreitungsgebiet in Brandenburg. Als kalkliebende Art kommt es zum Beispiel im Bayerischen Wald und im zentralen Schwarzwald nicht vor.<\/p>\n<p><strong>Bl\u00fctezeit:<\/strong>\u00a0\u00a0\u00a0\u00a0 Mai bis Juni<\/p>\n<p>Zur Galerie <a href=\"http:\/\/woerrlein-naturfoto.de\/wordpress\/hauptseite-pflanzen\/pflanzen\/blueten-i-orchideen-2\/knabenkraeuter-iii-orchis\/\">Knabenkr\u00e4uter III<\/a><code><\/code><code><\/code><br \/>\n<code><\/code><\/p>\n<p><em>Quelle des Textauszuges und weitere Infos bei <\/em><a href=\"https:\/\/de.wikipedia.org\/wiki\/Helm-Knabenkraut\" target=\"_blank\" rel=\"noopener noreferrer\">Wikipedia<\/a><em> (<\/em><a href=\"http:\/\/www.gnu.org\/licenses\/fdl-1.3.txt\" target=\"_blank\" rel=\"noopener noreferrer\">GNU-Lizenz<\/a><em>)\u2013 mein Dank gilt den <\/em><a href=\"https:\/\/de.wikipedia.org\/w\/index.php?title=Helm-Knabenkraut&amp;action=history\" target=\"_blank\" rel=\"noopener noreferrer\">Autoren<\/a><em>.<\/em><\/p>\n<p>&nbsp;<\/p>\n","protected":false},"excerpt":{"rendered":"<p>Pflanzen -&gt;Orchideen -&gt;\u00a0Knabenkr\u00e4uter III (Orchis) Pflanzen von A-Z Zur Galerie Knabenkr\u00e4uter III Das Helm-Knabenkraut (Orchis militaris) ist eine Pflanzen-Art aus der Gattung der Knabenkr\u00e4uter (Orchis) in der Familie der Orchideengew\u00e4chse. Die Pflanze erreicht Wuchsh\u00f6hen von 20 bis 50 Zentimetern, gelegentlich werden kr\u00e4ftige Exemplare auch bis \u00fcber 60 Zentimeter hoch. Die zwei bis sechs Laubbl\u00e4tter sind &hellip; <a href=\"https:\/\/woerrlein-naturfoto.de\/wordpress\/knabenkraeuter-iii-orchis-a-z\/helm-knabenkraut\/\" class=\"more-link\"><span class=\"screen-reader-text\">Helm-Knabenkraut<\/span> weiterlesen <span class=\"meta-nav\">&rarr;<\/span><\/a><\/p>\n","protected":false},"author":1,"featured_media":0,"parent":14212,"menu_order":0,"comment_status":"closed","ping_status":"closed","template":"page-templates\/full-width.php","meta":{"footnotes":""},"class_list":["post-8140","page","type-page","status-publish","hentry"],"_links":{"self":[{"href":"https:\/\/woerrlein-naturfoto.de\/wordpress\/wp-json\/wp\/v2\/pages\/8140","targetHints":{"allow":["GET"]}}],"collection":[{"href":"https:\/\/woerrlein-naturfoto.de\/wordpress\/wp-json\/wp\/v2\/pages"}],"about":[{"href":"https:\/\/woerrlein-naturfoto.de\/wordpress\/wp-json\/wp\/v2\/types\/page"}],"author":[{"embeddable":true,"href":"https:\/\/woerrlein-naturfoto.de\/wordpress\/wp-json\/wp\/v2\/users\/1"}],"replies":[{"embeddable":true,"href":"https:\/\/woerrlein-naturfoto.de\/wordpress\/wp-json\/wp\/v2\/comments?post=8140"}],"version-history":[{"count":7,"href":"https:\/\/woerrlein-naturfoto.de\/wordpress\/wp-json\/wp\/v2\/pages\/8140\/revisions"}],"predecessor-version":[{"id":14259,"href":"https:\/\/woerrlein-naturfoto.de\/wordpress\/wp-json\/wp\/v2\/pages\/8140\/revisions\/14259"}],"up":[{"embeddable":true,"href":"https:\/\/woerrlein-naturfoto.de\/wordpress\/wp-json\/wp\/v2\/pages\/14212"}],"wp:attachment":[{"href":"https:\/\/woerrlein-naturfoto.de\/wordpress\/wp-json\/wp\/v2\/media?parent=8140"}],"curies":[{"name":"wp","href":"https:\/\/api.w.org\/{rel}","templated":true}]}}