{"id":8133,"date":"2016-07-29T18:51:09","date_gmt":"2016-07-29T16:51:09","guid":{"rendered":"http:\/\/woerrlein-naturfoto.de\/wordpress\/?page_id=8133"},"modified":"2021-12-15T15:55:06","modified_gmt":"2021-12-15T14:55:06","slug":"blasses-knabenkraut","status":"publish","type":"page","link":"https:\/\/woerrlein-naturfoto.de\/wordpress\/knabenkraeuter-iii-orchis-a-z\/blasses-knabenkraut\/","title":{"rendered":"Blasses Knabenkraut"},"content":{"rendered":"<p><span style=\"color: #ffff00;\"><a style=\"color: #ffff00;\" href=\"http:\/\/woerrlein-naturfoto.de\/wordpress\/hauptseite-pflanzen\/pflanzen\/\">Pflanzen<\/a> <\/span>-&gt;<span style=\"color: #ffff00;\"><a style=\"color: #ffff00;\" href=\"http:\/\/woerrlein-naturfoto.de\/wordpress\/hauptseite-pflanzen\/pflanzen\/blueten-i-orchideen-2\/\">Orchideen <\/a><\/span>-&gt; <span style=\"color: #ffff00;\"><a style=\"color: #ffff00;\" href=\"http:\/\/woerrlein-naturfoto.de\/wordpress\/hauptseite-pflanzen\/pflanzen\/knabenkraeuter-iii-orchis\/\">Knabenkr\u00e4uter III (Orchis)<\/a><\/span><br \/>\n<a href=\"http:\/\/woerrlein-naturfoto.de\/wordpress\/pflanzen-von-a-z\/\">Pflanzen von A-Z<\/a><br \/>\nZur Galerie <a href=\"http:\/\/woerrlein-naturfoto.de\/wordpress\/hauptseite-pflanzen\/pflanzen\/knabenkraeuter-iii-orchis\/\">Knabenkr\u00e4uter III\u00a0<\/a><\/p>\n<p><img loading=\"lazy\" decoding=\"async\" class=\"alignleft wp-image-8150\" src=\"http:\/\/woerrlein-naturfoto.de\/wordpress\/wp-content\/uploads\/2016\/07\/Bleiches-Knabenkraut_D160505_7489-400x600.jpg\" alt=\"\" width=\"267\" height=\"400\" srcset=\"https:\/\/woerrlein-naturfoto.de\/wordpress\/wp-content\/uploads\/2016\/07\/Bleiches-Knabenkraut_D160505_7489-400x600.jpg 400w, https:\/\/woerrlein-naturfoto.de\/wordpress\/wp-content\/uploads\/2016\/07\/Bleiches-Knabenkraut_D160505_7489.jpg 567w\" sizes=\"auto, (max-width: 267px) 100vw, 267px\" \/>Das <b>Blasse Knabenkraut<\/b> (<i>Orchis pallens<\/i>) oder auch <b>Bleiches Knabenkraut<\/b> ist eine der wenigen gelbbl\u00fchenden Arten der Gattung Knabenkr\u00e4uter (<i>Orchis<\/i>) in der Familie der Orchideen. Es ist die am fr\u00fchesten bl\u00fchende heimische Orchidee. Das Blasse Knabenkraut ist eine ausdauernde, krautige Pflanze, die Wuchsh\u00f6hen von 15 bis 40 Zentimeter erreicht. Dieser <a class=\"mw-redirect\" title=\"Geophyt\" href=\"https:\/\/de.wikipedia.org\/wiki\/Geophyt\" target=\"_blank\" rel=\"noopener noreferrer\">Geophyt<\/a> bildet zwei eirunde Knollen als \u00dcberdauerungsorgan.<br \/>\nDie Anzahl der Laubbl\u00e4tter schwankt zwischen vier und sechs, wovon zwei bis vier am Grunde des St\u00e4ngels rosettig geh\u00e4uft sind. Die Rosettenbl\u00e4tter sind gl\u00e4nzend, ungefleckt und hellgr\u00fcn, 8 bis 15 Zentimeter lang und 2 bis 5 Zentimeter breit.<br \/>\nDas Blase Knabenkraut wurde von den <a class=\"mw-redirect\" title=\"Arbeitskreis Heimische Orchideen\" href=\"https:\/\/de.wikipedia.org\/wiki\/Arbeitskreis_Heimische_Orchideen\" target=\"_blank\" rel=\"noopener noreferrer\">Arbeitskreisen Heimische Orchideen<\/a> (AHO) zur <a title=\"Orchidee des Jahres\" href=\"https:\/\/de.wikipedia.org\/wiki\/Orchidee_des_Jahres\" target=\"_blank\" rel=\"noopener noreferrer\">Orchidee des Jahres<\/a> 2012gew\u00e4hlt.<\/p>\n<p><strong>Bl\u00fctezeit:<\/strong>\u00a0\u00a0\u00a0\u00a0 Mitte April bis Mitte Juni (in Gebirgslagen)<\/p>\n<p>Zur Galerie <a href=\"http:\/\/woerrlein-naturfoto.de\/wordpress\/hauptseite-pflanzen\/pflanzen\/knabenkraeuter-iii-orchis\/\">Knabenkr\u00e4uter III<\/a><code><\/code><\/p>\n<p><em>Quelle des Textauszuges und weitere Infos bei <\/em><a href=\"https:\/\/de.wikipedia.org\/wiki\/Blasses_Knabenkraut\" target=\"_blank\" rel=\"noopener noreferrer\">Wikipedia<\/a><em> (<\/em><a href=\"http:\/\/www.gnu.org\/licenses\/fdl-1.3.txt\" target=\"_blank\" rel=\"noopener noreferrer\">GNU-Lizenz<\/a><em>)\u2013 mein Dank gilt den <\/em><a href=\"https:\/\/de.wikipedia.org\/w\/index.php?title=Blasses_Knabenkraut&amp;action=history\" target=\"_blank\" rel=\"noopener noreferrer\">Autoren<\/a><em>.<\/em><\/p>\n","protected":false},"excerpt":{"rendered":"<p>Pflanzen -&gt;Orchideen -&gt; Knabenkr\u00e4uter III (Orchis) Pflanzen von A-Z Zur Galerie Knabenkr\u00e4uter III\u00a0 Das Blasse Knabenkraut (Orchis pallens) oder auch Bleiches Knabenkraut ist eine der wenigen gelbbl\u00fchenden Arten der Gattung Knabenkr\u00e4uter (Orchis) in der Familie der Orchideen. Es ist die am fr\u00fchesten bl\u00fchende heimische Orchidee. Das Blasse Knabenkraut ist eine ausdauernde, krautige Pflanze, die Wuchsh\u00f6hen &hellip; <a href=\"https:\/\/woerrlein-naturfoto.de\/wordpress\/knabenkraeuter-iii-orchis-a-z\/blasses-knabenkraut\/\" class=\"more-link\"><span class=\"screen-reader-text\">Blasses Knabenkraut<\/span> weiterlesen <span class=\"meta-nav\">&rarr;<\/span><\/a><\/p>\n","protected":false},"author":1,"featured_media":0,"parent":14212,"menu_order":0,"comment_status":"closed","ping_status":"closed","template":"page-templates\/full-width.php","meta":{"footnotes":""},"class_list":["post-8133","page","type-page","status-publish","hentry"],"_links":{"self":[{"href":"https:\/\/woerrlein-naturfoto.de\/wordpress\/wp-json\/wp\/v2\/pages\/8133","targetHints":{"allow":["GET"]}}],"collection":[{"href":"https:\/\/woerrlein-naturfoto.de\/wordpress\/wp-json\/wp\/v2\/pages"}],"about":[{"href":"https:\/\/woerrlein-naturfoto.de\/wordpress\/wp-json\/wp\/v2\/types\/page"}],"author":[{"embeddable":true,"href":"https:\/\/woerrlein-naturfoto.de\/wordpress\/wp-json\/wp\/v2\/users\/1"}],"replies":[{"embeddable":true,"href":"https:\/\/woerrlein-naturfoto.de\/wordpress\/wp-json\/wp\/v2\/comments?post=8133"}],"version-history":[{"count":18,"href":"https:\/\/woerrlein-naturfoto.de\/wordpress\/wp-json\/wp\/v2\/pages\/8133\/revisions"}],"predecessor-version":[{"id":14272,"href":"https:\/\/woerrlein-naturfoto.de\/wordpress\/wp-json\/wp\/v2\/pages\/8133\/revisions\/14272"}],"up":[{"embeddable":true,"href":"https:\/\/woerrlein-naturfoto.de\/wordpress\/wp-json\/wp\/v2\/pages\/14212"}],"wp:attachment":[{"href":"https:\/\/woerrlein-naturfoto.de\/wordpress\/wp-json\/wp\/v2\/media?parent=8133"}],"curies":[{"name":"wp","href":"https:\/\/api.w.org\/{rel}","templated":true}]}}