{"id":8119,"date":"2016-07-24T14:29:34","date_gmt":"2016-07-24T12:29:34","guid":{"rendered":"http:\/\/woerrlein-naturfoto.de\/wordpress\/?page_id=8119"},"modified":"2021-12-19T13:39:00","modified_gmt":"2021-12-19T12:39:00","slug":"purpurknabenkraut","status":"publish","type":"page","link":"https:\/\/woerrlein-naturfoto.de\/wordpress\/knabenkraeuter-iii-orchis-a-z\/purpurknabenkraut\/","title":{"rendered":"Purpur-Knabenkraut"},"content":{"rendered":"<p><span style=\"color: #ffff66;\"><a style=\"color: #ffff66;\" href=\"http:\/\/woerrlein-naturfoto.de\/wordpress\/hauptseite-pflanzen\/pflanzen\/\"><span style=\"color: #ffff00;\">Pflanzen<\/span><\/a> <\/span>-&gt;<span style=\"color: #ffff66;\"><a style=\"color: #ffff66;\" href=\"http:\/\/woerrlein-naturfoto.de\/wordpress\/hauptseite-pflanzen\/pflanzen\/blueten-i-orchideen-2\/\"><span style=\"color: #ffff00;\">Orchideen <\/span><\/a><\/span>-&gt;<span style=\"color: #ffff00;\">\u00a0<a style=\"color: #ffff00;\" href=\"http:\/\/woerrlein-naturfoto.de\/wordpress\/hauptseite-pflanzen\/pflanzen\/blueten-i-orchideen-2\/knabenkraeuter-iii-orchis\/\">Knabenkr\u00e4uter III (Orchis)<\/a><\/span><br \/>\n<a href=\"http:\/\/woerrlein-naturfoto.de\/wordpress\/pflanzen-von-a-z\/\">Pflanzen von A-Z<\/a><br \/>\nZur Galerie <a href=\"http:\/\/woerrlein-naturfoto.de\/wordpress\/hauptseite-pflanzen\/pflanzen\/blueten-i-orchideen-2\/knabenkraeuter-iii-orchis\/\">Knabenkr\u00e4uter III<\/a><code><\/code><code><\/code><\/p>\n<p><img loading=\"lazy\" decoding=\"async\" class=\"alignleft wp-image-8113\" src=\"http:\/\/woerrlein-naturfoto.de\/wordpress\/wp-content\/uploads\/2015\/07\/Purpurknabenkraut_D160522_8265-400x600.jpg\" alt=\"Purpurknabenkraut_D160522_8265\" width=\"267\" height=\"400\" \/>Das <b>Purpur-Knabenkraut<\/b> (<i>Orchis purpurea<\/i>) ist eine der gr\u00f6\u00dften heimischen Orchideen. Die\u00a0 ausdauernde krautige Pflanze erreicht Wuchsh\u00f6hen von 25 bis 80 cm, teilweise auch dar\u00fcber. Die drei bis sechs Laubbl\u00e4tter, die fast oder ganz am Boden anliegen, sind bis zu 20 cm lang.<br \/>\nDer dichte Bl\u00fctenstand ist reichbl\u00fctig. Kelch- und Kronbl\u00e4tter helmf\u00f6rmig zusammengeneigt, br\u00e4unlichpurpur gef\u00e4rbt. Lippe dreilappig, variabel in Form und Farbe, 10 bis 20 mm lang. Wei\u00df bis selten nahezu vollst\u00e4ndig hell purpur gef\u00e4rbt. Die Punkte auf der Lippe bestehen aus kleinen Haarb\u00fcscheln. Die mitteleurop\u00e4ische Bl\u00fctezeit des Purpur-Knabenkrauts beginnt gelegentlich schon Ende April, in der Regel aber ab Anfang Mai und endet Anfang Juni. Es besiedelt dort lichte W\u00e4lder und Geb\u00fcsche, die im Sommer trocken, im Winter aber gut durchfeuchtet sein sollten.<br \/>\nDas Purpur-Knabenkraut ist gef\u00e4hrdet. Um auf die besondere Schutzw\u00fcrdigkeit dieser seltenen Art hinzuweisen, wurde das Purpur-Knabenkraut von den <a title=\"Arbeitskreise Heimische Orchideen\" href=\"https:\/\/de.wikipedia.org\/wiki\/Arbeitskreise_Heimische_Orchideen\" target=\"_blank\" rel=\"noopener noreferrer\">Arbeitskreisen Heimische Orchideen<\/a> (AHO) zur <a title=\"Orchidee des Jahres\" href=\"https:\/\/de.wikipedia.org\/wiki\/Orchidee_des_Jahres\" target=\"_blank\" rel=\"noopener noreferrer\">Orchidee des Jahres<\/a> 2013 gew\u00e4hlt.<\/p>\n<p><strong>Bl\u00fctezeit:<\/strong>\u00a0\u00a0\u00a0\u00a0 gelegentlich ab Ende April bis Anfang Juni<\/p>\n<p>Zur Galerie <a href=\"http:\/\/woerrlein-naturfoto.de\/wordpress\/hauptseite-pflanzen\/pflanzen\/blueten-i-orchideen-2\/knabenkraeuter-iii-orchis\/\">Knabenkr\u00e4uter III<\/a><code><\/code><code><\/code><\/p>\n<p><em>Quelle des Textauszuges und weitere Infos bei <\/em><a href=\"https:\/\/de.wikipedia.org\/wiki\/Purpur-Knabenkraut\" target=\"_blank\" rel=\"noopener noreferrer\">Wikipedia<\/a><em> (<\/em><a href=\"http:\/\/www.gnu.org\/licenses\/fdl-1.3.txt\" target=\"_blank\" rel=\"noopener noreferrer\">GNU-Lizenz<\/a><em>)\u2013 mein Dank gilt den <\/em><a href=\"https:\/\/de.wikipedia.org\/w\/index.php?title=Purpur-Knabenkraut&amp;action=history\" target=\"_blank\" rel=\"noopener noreferrer\">Autoren<\/a><em>.<\/em><\/p>\n","protected":false},"excerpt":{"rendered":"<p>Pflanzen -&gt;Orchideen -&gt;\u00a0Knabenkr\u00e4uter III (Orchis) Pflanzen von A-Z Zur Galerie Knabenkr\u00e4uter III Das Purpur-Knabenkraut (Orchis purpurea) ist eine der gr\u00f6\u00dften heimischen Orchideen. Die\u00a0 ausdauernde krautige Pflanze erreicht Wuchsh\u00f6hen von 25 bis 80 cm, teilweise auch dar\u00fcber. Die drei bis sechs Laubbl\u00e4tter, die fast oder ganz am Boden anliegen, sind bis zu 20 cm lang. Der &hellip; <a href=\"https:\/\/woerrlein-naturfoto.de\/wordpress\/knabenkraeuter-iii-orchis-a-z\/purpurknabenkraut\/\" class=\"more-link\"><span class=\"screen-reader-text\">Purpur-Knabenkraut<\/span> weiterlesen <span class=\"meta-nav\">&rarr;<\/span><\/a><\/p>\n","protected":false},"author":1,"featured_media":0,"parent":14212,"menu_order":0,"comment_status":"closed","ping_status":"closed","template":"page-templates\/full-width.php","meta":{"footnotes":""},"class_list":["post-8119","page","type-page","status-publish","hentry"],"_links":{"self":[{"href":"https:\/\/woerrlein-naturfoto.de\/wordpress\/wp-json\/wp\/v2\/pages\/8119","targetHints":{"allow":["GET"]}}],"collection":[{"href":"https:\/\/woerrlein-naturfoto.de\/wordpress\/wp-json\/wp\/v2\/pages"}],"about":[{"href":"https:\/\/woerrlein-naturfoto.de\/wordpress\/wp-json\/wp\/v2\/types\/page"}],"author":[{"embeddable":true,"href":"https:\/\/woerrlein-naturfoto.de\/wordpress\/wp-json\/wp\/v2\/users\/1"}],"replies":[{"embeddable":true,"href":"https:\/\/woerrlein-naturfoto.de\/wordpress\/wp-json\/wp\/v2\/comments?post=8119"}],"version-history":[{"count":10,"href":"https:\/\/woerrlein-naturfoto.de\/wordpress\/wp-json\/wp\/v2\/pages\/8119\/revisions"}],"predecessor-version":[{"id":14457,"href":"https:\/\/woerrlein-naturfoto.de\/wordpress\/wp-json\/wp\/v2\/pages\/8119\/revisions\/14457"}],"up":[{"embeddable":true,"href":"https:\/\/woerrlein-naturfoto.de\/wordpress\/wp-json\/wp\/v2\/pages\/14212"}],"wp:attachment":[{"href":"https:\/\/woerrlein-naturfoto.de\/wordpress\/wp-json\/wp\/v2\/media?parent=8119"}],"curies":[{"name":"wp","href":"https:\/\/api.w.org\/{rel}","templated":true}]}}