{"id":8024,"date":"2016-03-25T17:43:17","date_gmt":"2016-03-25T16:43:17","guid":{"rendered":"http:\/\/woerrlein-naturfoto.de\/wordpress\/?page_id=8024"},"modified":"2016-03-25T17:46:12","modified_gmt":"2016-03-25T16:46:12","slug":"elster","status":"publish","type":"page","link":"https:\/\/woerrlein-naturfoto.de\/wordpress\/kraehen-a-z\/elster\/","title":{"rendered":"Elster"},"content":{"rendered":"<p><a href=\"http:\/\/woerrlein-naturfoto.de\/wordpress\/voegel\/\"><span style=\"color: #ffff66;\">V\u00f6gel<\/span> <\/a>-&gt;<a href=\"http:\/\/woerrlein-naturfoto.de\/wordpress\/voegel\/sperlingsvoegel\/\"> <span style=\"color: #ffff66;\">Sperlingsv\u00f6gel<\/span> <\/a>-&gt;<a href=\"http:\/\/woerrlein-naturfoto.de\/wordpress\/hauptseite-voegel\/voegel\/sperlingsvoegel-2\/kraehen\/\"> <span style=\"color: #ffff66;\">Kr\u00e4hen<\/span><\/a><br \/>\n<a href=\"http:\/\/woerrlein-naturfoto.de\/wordpress\/voegel_von_a-z\/\">V\u00f6gel von A-Z<\/a><br \/>\nZur Galerie <a title=\"Kr\u00e4hen\" href=\"http:\/\/woerrlein-naturfoto.de\/wordpress\/hauptseite-voegel\/voegel\/sperlingsvoegel-2\/kraehen\/\">Kr\u00e4hen<\/a><\/p>\n<p><img loading=\"lazy\" decoding=\"async\" class=\"alignleft wp-image-7991\" src=\"http:\/\/woerrlein-naturfoto.de\/wordpress\/wp-content\/uploads\/2016\/03\/Elster_D160319_5268-600x400.jpg\" alt=\"Elster_D160319_5268\" width=\"600\" height=\"400\" srcset=\"https:\/\/woerrlein-naturfoto.de\/wordpress\/wp-content\/uploads\/2016\/03\/Elster_D160319_5268-600x400.jpg 600w, https:\/\/woerrlein-naturfoto.de\/wordpress\/wp-content\/uploads\/2016\/03\/Elster_D160319_5268-768x512.jpg 768w, https:\/\/woerrlein-naturfoto.de\/wordpress\/wp-content\/uploads\/2016\/03\/Elster_D160319_5268-120x80.jpg 120w, https:\/\/woerrlein-naturfoto.de\/wordpress\/wp-content\/uploads\/2016\/03\/Elster_D160319_5268.jpg 1000w\" sizes=\"auto, (max-width: 600px) 100vw, 600px\" \/><\/p>\n<p>Die <b>Elster<\/b> (<i>Pica pica<\/i>) ist eine Vogelart aus der Familie der Rabenv\u00f6gel. Sie besiedelt weite Teile Europas und Asiens sowie das n\u00f6rdliche Nordafrika. In Europa ist sie vor allem im Siedlungsraum h\u00e4ufig. Aufgrund ihres charakteristischen schwarz-wei\u00dfen Gefieders mit den auffallend langen Schwanzfedern ist sie auch f\u00fcr den vogelkundlichen Laien unverwechselbar.<br \/>\nIn der germanischen Mythologie war die Elster sowohl G\u00f6tterbote als auch der Vogel der Todesg\u00f6ttin Hel, so dass sie in Europa den Ruf des Unheilsboten bekam. Als \u201ediebische\u201c Elster war sie auch im Mittelalter als Hexentier und Galgenvogel unbeliebt. Im Gegensatz dazu gilt sie in Asien traditionell als Gl\u00fccksbringer und die lange Zeit als Unterart gef\u00fchrte nordamerikanische Hudsonelster (<i>Pica hudsonia<\/i>) ist bei den Indianern ein Geistwesen, das mit den Menschen befreundet ist.<br \/>\nDie Elster kommt sowohl im Flachland wie im Gebirge vor. Sie ist weltweit in H\u00f6hen bis 2500\u00a0m zu finden. Die Elster besiedelt vor allem gut strukturierte, teilweise offene Landschaften mit Wiesen, Hecken, B\u00fcschen und einzelnen Baumgruppen. Sie lebt auch an Waldr\u00e4ndern, in der N\u00e4he von Gew\u00e4ssern und in S\u00fcmpfen mit R\u00f6hricht, Weidengeb\u00fcschen und Gestr\u00fcpp. Mehr als die H\u00e4lfte des Bestandes in Europa br\u00fctet heute Sch\u00e4tzungen zufolge in und am Rand von bebauten Bereichen. Sie besiedelt insbesondere Einfamilienhausbereiche mit kurz geschnittenen Rasenfl\u00e4chen, daneben Parkanlagen, Alleen, Friedh\u00f6fe und gro\u00dfe Hausg\u00e4rten. Fr\u00fcher war sie dagegen auch in Europa ein charakteristischer Vogel der Agrarlandschaft mit Hecken und Feldgeh\u00f6lzen, Alleen oder alten Obstg\u00e4rten.<\/p>\n<p>L\u00e4nge: 44-46 cm\u00a0\u00a0 Spannweite: 56-60 cm\u00a0\u00a0 Gewicht: 190-240 g\u00a0\u00a0 Gelege: 5-7 Eier<\/p>\n<p>Zur Galerie <a title=\"Kr\u00e4hen\" href=\"http:\/\/woerrlein-naturfoto.de\/wordpress\/hauptseite-voegel\/voegel\/sperlingsvoegel-2\/kraehen\/\">Kr\u00e4hen<\/a><\/p>\n<p><em>Quelle des Textauszuges und weitere Infos bei <\/em><a href=\"https:\/\/de.wikipedia.org\/wiki\/Elster\" target=\"_blank\">Wikipedia<\/a> <em>(<\/em><a href=\"http:\/\/www.gnu.org\/licenses\/fdl-1.3.txt\" target=\"_blank\">GNU-Lizenz<\/a><em>)<\/em> \u2013 <em>mein Dank gilt den<\/em> <a href=\"https:\/\/de.wikipedia.org\/w\/index.php?title=Elster&amp;action=history\" target=\"_blank\">Autoren<\/a>.<\/p>\n","protected":false},"excerpt":{"rendered":"<p>V\u00f6gel -&gt; Sperlingsv\u00f6gel -&gt; Kr\u00e4hen V\u00f6gel von A-Z Zur Galerie Kr\u00e4hen Die Elster (Pica pica) ist eine Vogelart aus der Familie der Rabenv\u00f6gel. Sie besiedelt weite Teile Europas und Asiens sowie das n\u00f6rdliche Nordafrika. In Europa ist sie vor allem im Siedlungsraum h\u00e4ufig. Aufgrund ihres charakteristischen schwarz-wei\u00dfen Gefieders mit den auffallend langen Schwanzfedern ist sie &hellip; <a href=\"https:\/\/woerrlein-naturfoto.de\/wordpress\/kraehen-a-z\/elster\/\" class=\"more-link\"><span class=\"screen-reader-text\">Elster<\/span> weiterlesen <span class=\"meta-nav\">&rarr;<\/span><\/a><\/p>\n","protected":false},"author":1,"featured_media":0,"parent":2813,"menu_order":0,"comment_status":"closed","ping_status":"closed","template":"page-templates\/full-width.php","meta":{"footnotes":""},"class_list":["post-8024","page","type-page","status-publish","hentry"],"_links":{"self":[{"href":"https:\/\/woerrlein-naturfoto.de\/wordpress\/wp-json\/wp\/v2\/pages\/8024","targetHints":{"allow":["GET"]}}],"collection":[{"href":"https:\/\/woerrlein-naturfoto.de\/wordpress\/wp-json\/wp\/v2\/pages"}],"about":[{"href":"https:\/\/woerrlein-naturfoto.de\/wordpress\/wp-json\/wp\/v2\/types\/page"}],"author":[{"embeddable":true,"href":"https:\/\/woerrlein-naturfoto.de\/wordpress\/wp-json\/wp\/v2\/users\/1"}],"replies":[{"embeddable":true,"href":"https:\/\/woerrlein-naturfoto.de\/wordpress\/wp-json\/wp\/v2\/comments?post=8024"}],"version-history":[{"count":3,"href":"https:\/\/woerrlein-naturfoto.de\/wordpress\/wp-json\/wp\/v2\/pages\/8024\/revisions"}],"predecessor-version":[{"id":8027,"href":"https:\/\/woerrlein-naturfoto.de\/wordpress\/wp-json\/wp\/v2\/pages\/8024\/revisions\/8027"}],"up":[{"embeddable":true,"href":"https:\/\/woerrlein-naturfoto.de\/wordpress\/wp-json\/wp\/v2\/pages\/2813"}],"wp:attachment":[{"href":"https:\/\/woerrlein-naturfoto.de\/wordpress\/wp-json\/wp\/v2\/media?parent=8024"}],"curies":[{"name":"wp","href":"https:\/\/api.w.org\/{rel}","templated":true}]}}