{"id":8013,"date":"2016-03-25T16:54:44","date_gmt":"2016-03-25T15:54:44","guid":{"rendered":"http:\/\/woerrlein-naturfoto.de\/wordpress\/?page_id=8013"},"modified":"2016-03-25T17:01:01","modified_gmt":"2016-03-25T16:01:01","slug":"heckenbraunelle","status":"publish","type":"page","link":"https:\/\/woerrlein-naturfoto.de\/wordpress\/wildes-durcheinander-a-z\/heckenbraunelle\/","title":{"rendered":"Heckenbraunelle"},"content":{"rendered":"<p><a href=\"http:\/\/woerrlein-naturfoto.de\/wordpress\/voegel\/\"><span style=\"color: #ffff66;\">V\u00f6gel<\/span> <\/a>-&gt;<a href=\"http:\/\/woerrlein-naturfoto.de\/wordpress\/hauptseite-voegel\/voegel\/wildes-durcheinander\/\"> <span style=\"color: #ffff66;\">wildes Durcheinander<\/span><\/a><br \/>\n<a title=\"V\u00f6gel von A-Z\" href=\"http:\/\/woerrlein-naturfoto.de\/wordpress\/voegel\/voegel_von_a-z\/\">V\u00f6gel von A-Z<\/a><br \/>\nZur Galerie <a title=\"wildes Durcheinander\" href=\"http:\/\/woerrlein-naturfoto.de\/wordpress\/hauptseite-voegel\/voegel\/wildes-durcheinander\/\">sonstiger Vogelarten<\/a><\/p>\n<p><img loading=\"lazy\" decoding=\"async\" class=\"alignleft wp-image-7985\" src=\"http:\/\/woerrlein-naturfoto.de\/wordpress\/wp-content\/uploads\/2016\/03\/Heckenbraunelle_25383-600x400.jpg\" alt=\"Heckenbraunelle_25383\" width=\"600\" height=\"400\" srcset=\"https:\/\/woerrlein-naturfoto.de\/wordpress\/wp-content\/uploads\/2016\/03\/Heckenbraunelle_25383-600x400.jpg 600w, https:\/\/woerrlein-naturfoto.de\/wordpress\/wp-content\/uploads\/2016\/03\/Heckenbraunelle_25383-768x512.jpg 768w, https:\/\/woerrlein-naturfoto.de\/wordpress\/wp-content\/uploads\/2016\/03\/Heckenbraunelle_25383-120x80.jpg 120w, https:\/\/woerrlein-naturfoto.de\/wordpress\/wp-content\/uploads\/2016\/03\/Heckenbraunelle_25383.jpg 1000w\" sizes=\"auto, (max-width: 600px) 100vw, 600px\" \/>Die <b>Heckenbraunelle<\/b> (<i>Prunella modularis<\/i>) ist eine Vogelart aus der Gattung Braunellen, der einzigen Gattung in der gleichnamigen Familie Braunellen (Prunellidae). Die Heckenbraunelle ist in Mitteleuropa ein weit verbreiteter und h\u00e4ufiger Brut- und Sommervogel, der wegen des unauff\u00e4lligen Gefieders aber meist nur durch seine Laut\u00e4u\u00dferungen auff\u00e4llt. In einigen Gebieten Mitteleuropas ist sie sogar ein Jahresvogel. Heckenbraunellen sind besonders in jungen Fichtenbest\u00e4nden anzutreffen. Im Gebirge kommen sie bis in die Knieholzregion vor.<br \/>\nDie Heckenbraunelle ist knapp 15\u00a0cm lang und damit etwas kleiner als ein Sperling. Sie wiegt durchschnittlich 20 Gramm. Brust und Kopf sind bleigrau bis schiefergrau; R\u00fccken und Fl\u00fcgel sind satt dunkelbraun und schwarz gestreift. Der dunkle, d\u00fcnne Schnabel ist charakteristisch. M\u00e4nnchen und Weibchen sehen gleich aus. Der Ruf ist ein d\u00fcnnes, hohes \u201eziht\u201c; der Gesang besteht aus einem eiligen, schlichten, nicht lauten, auf- und absteigenden Klirren.<\/p>\n<p>L\u00e4nge: 14-15 cm\u00a0\u00a0 Spannweite: 19-21 cm\u00a0\u00a0 Gewicht: 15-25 g\u00a0\u00a0 Gelege: 4-5 Eier<\/p>\n<p>Zur Galerie <a title=\"wildes Durcheinander\" href=\"http:\/\/woerrlein-naturfoto.de\/wordpress\/hauptseite-voegel\/voegel\/wildes-durcheinander\/\">sonstiger Vogelarten<\/a><\/p>\n<p><em>Quelle des Textauszuges und weitere Infos bei <\/em><a href=\"https:\/\/de.wikipedia.org\/wiki\/Heckenbraunelle\" target=\"_blank\">Wikipedia<\/a><em> (<\/em><a href=\"http:\/\/www.gnu.org\/licenses\/fdl-1.3.txt\" target=\"_blank\">GNU-Lizenz<\/a><em>)\u2013 mein Dank gilt den <\/em><a href=\"https:\/\/de.wikipedia.org\/w\/index.php?title=Heckenbraunelle&amp;action=history\" target=\"_blank\">Autoren<\/a><em>.<\/em><\/p>\n","protected":false},"excerpt":{"rendered":"<p>V\u00f6gel -&gt; wildes Durcheinander V\u00f6gel von A-Z Zur Galerie sonstiger Vogelarten Die Heckenbraunelle (Prunella modularis) ist eine Vogelart aus der Gattung Braunellen, der einzigen Gattung in der gleichnamigen Familie Braunellen (Prunellidae). Die Heckenbraunelle ist in Mitteleuropa ein weit verbreiteter und h\u00e4ufiger Brut- und Sommervogel, der wegen des unauff\u00e4lligen Gefieders aber meist nur durch seine Laut\u00e4u\u00dferungen &hellip; <a href=\"https:\/\/woerrlein-naturfoto.de\/wordpress\/wildes-durcheinander-a-z\/heckenbraunelle\/\" class=\"more-link\"><span class=\"screen-reader-text\">Heckenbraunelle<\/span> weiterlesen <span class=\"meta-nav\">&rarr;<\/span><\/a><\/p>\n","protected":false},"author":1,"featured_media":0,"parent":3118,"menu_order":0,"comment_status":"closed","ping_status":"closed","template":"page-templates\/full-width.php","meta":{"footnotes":""},"class_list":["post-8013","page","type-page","status-publish","hentry"],"_links":{"self":[{"href":"https:\/\/woerrlein-naturfoto.de\/wordpress\/wp-json\/wp\/v2\/pages\/8013","targetHints":{"allow":["GET"]}}],"collection":[{"href":"https:\/\/woerrlein-naturfoto.de\/wordpress\/wp-json\/wp\/v2\/pages"}],"about":[{"href":"https:\/\/woerrlein-naturfoto.de\/wordpress\/wp-json\/wp\/v2\/types\/page"}],"author":[{"embeddable":true,"href":"https:\/\/woerrlein-naturfoto.de\/wordpress\/wp-json\/wp\/v2\/users\/1"}],"replies":[{"embeddable":true,"href":"https:\/\/woerrlein-naturfoto.de\/wordpress\/wp-json\/wp\/v2\/comments?post=8013"}],"version-history":[{"count":5,"href":"https:\/\/woerrlein-naturfoto.de\/wordpress\/wp-json\/wp\/v2\/pages\/8013\/revisions"}],"predecessor-version":[{"id":8018,"href":"https:\/\/woerrlein-naturfoto.de\/wordpress\/wp-json\/wp\/v2\/pages\/8013\/revisions\/8018"}],"up":[{"embeddable":true,"href":"https:\/\/woerrlein-naturfoto.de\/wordpress\/wp-json\/wp\/v2\/pages\/3118"}],"wp:attachment":[{"href":"https:\/\/woerrlein-naturfoto.de\/wordpress\/wp-json\/wp\/v2\/media?parent=8013"}],"curies":[{"name":"wp","href":"https:\/\/api.w.org\/{rel}","templated":true}]}}