{"id":8007,"date":"2016-03-25T16:42:53","date_gmt":"2016-03-25T15:42:53","guid":{"rendered":"http:\/\/woerrlein-naturfoto.de\/wordpress\/?page_id=8007"},"modified":"2024-08-02T11:46:10","modified_gmt":"2024-08-02T09:46:10","slug":"mittelspecht","status":"publish","type":"page","link":"https:\/\/woerrlein-naturfoto.de\/wordpress\/spechte-a-z\/mittelspecht\/","title":{"rendered":"Mittelspecht"},"content":{"rendered":"<p><a href=\"http:\/\/woerrlein-naturfoto.de\/wordpress\/voegel\/\"><span style=\"color: #ffff66;\">V\u00f6gel<\/span> <\/a>-&gt;<a href=\"http:\/\/woerrlein-naturfoto.de\/wordpress\/hauptseite-voegel\/voegel\/spechte\/\"> <span style=\"color: #ffff66;\">Spechte<\/span><\/a><br \/>\n<a title=\"V\u00f6gel von A-Z\" href=\"http:\/\/woerrlein-naturfoto.de\/wordpress\/voegel\/voegel_von_a-z\/\">V\u00f6gel von A-Z<br \/>\n<\/a>zur Galerie <a title=\"Spechte\" href=\"http:\/\/woerrlein-naturfoto.de\/wordpress\/hauptseite-voegel\/voegel\/spechte\/\">Spechte<\/a><\/p>\n<p><img loading=\"lazy\" decoding=\"async\" class=\"alignleft wp-image-18663\" src=\"https:\/\/woerrlein-naturfoto.de\/wordpress\/wp-content\/uploads\/2014\/12\/Mittelspecht_AW_92242-600x400.jpg\" alt=\"\" width=\"600\" height=\"400\" srcset=\"https:\/\/woerrlein-naturfoto.de\/wordpress\/wp-content\/uploads\/2014\/12\/Mittelspecht_AW_92242-600x400.jpg 600w, https:\/\/woerrlein-naturfoto.de\/wordpress\/wp-content\/uploads\/2014\/12\/Mittelspecht_AW_92242-768x512.jpg 768w, https:\/\/woerrlein-naturfoto.de\/wordpress\/wp-content\/uploads\/2014\/12\/Mittelspecht_AW_92242-120x80.jpg 120w, https:\/\/woerrlein-naturfoto.de\/wordpress\/wp-content\/uploads\/2014\/12\/Mittelspecht_AW_92242.jpg 1000w\" sizes=\"auto, (max-width: 600px) 100vw, 600px\" \/><\/p>\n<p>Der <b>Mittelspecht<\/b> (<i>Leiopicus medius<\/i>, Syn. <i>Dendrocopos medius<\/i>), ist eine in Mitteleuropa relativ seltene Vogelart aus der Familie der Spechte (Picidae). Sie ist in einem vergleichsweise kleinen Gebiet der West- und S\u00fcdwestpal\u00e4arktis verbreitet. Die Art ben\u00f6tigt zur Nahrungssuche Baumkronen mit grobrindigen \u00c4sten und Stammbereichen. In weiten Teilen des Verbreitungsgebietes zeigt der Mittelspecht daher eine Bindung an alte Eichenw\u00e4lder, wurde aber in den letzten Jahren auch in naturnahen Laubmischw\u00e4ldern ohne wesentlichen Eichenanteil festgestellt.<br \/>\nMittelspechte sind Standv\u00f6gel, die ihre Jungen in selbst gezimmerten Baumh\u00f6hlen gro\u00dfziehen. Sie geh\u00f6ren zu den wenigen Buntspechten, bei denen die Geschlechtsunterschiede sehr schwach ausgepr\u00e4gt sind. In ihrem Verbreitungsgebiet sind sie die einzige Art, bei der beide Geschlechter etwa gleich gro\u00dfe rote Kopfkappen aufweisen.<br \/>\nDer Mittelspecht ist eine gut zu bestimmende Buntspechtart, obwohl er bei ungen\u00fcgenden Beobachtungsverh\u00e4ltnissen leicht mit dem Gro\u00dfen Buntspecht, dem <a title=\"Blutspecht\" href=\"https:\/\/de.wikipedia.org\/wiki\/Blutspecht\" target=\"_blank\" rel=\"noopener\">Blutspecht<\/a> oder dem <a title=\"Wei\u00dfr\u00fcckenspecht\" href=\"https:\/\/de.wikipedia.org\/wiki\/Wei%C3%9Fr%C3%BCckenspecht\" target=\"_blank\" rel=\"noopener\">Wei\u00dfr\u00fcckenspecht<\/a> verwechselt werden kann. Wichtigstes Erkennungszeichen ist die rote Scheitel- und Nackenpartie sowie die nur sp\u00e4rliche Schwarzzeichnung des Gesichtes des Mittelspechts. Bei allen anderen Buntspechten tragen nur die M\u00e4nnchen einen roten Hinterhauptfleck, die Schwarzzeichnungen im Gesicht sind bei ihnen viel gro\u00dffl\u00e4chiger, vor allem reicht bei allen anderen das schwarze Z\u00fcgelband bis zur Schnabelwurzel. Schwieriger sind Jungv\u00f6gel des Buntspechtes und des Blutspechtes von adulten Mittelspechten zu unterscheiden, da auch diese in beiden Geschlechtern eine rote Scheitelplatte tragen.<\/p>\n<p>L\u00e4nge: 20-22 cm\u00a0\u00a0 Spannweite: 33-34 cm\u00a0\u00a0 Gewicht: 55-80 g\u00a0\u00a0 Gelege: 4-7 Eier<\/p>\n<p>Zur Galerie <a title=\"Spechte\" href=\"http:\/\/woerrlein-naturfoto.de\/wordpress\/hauptseite-voegel\/voegel\/spechte\/\">Spechte<\/a><\/p>\n<p><em>Quelle des Textauszuges und weitere Infos bei <\/em><a href=\"https:\/\/de.wikipedia.org\/wiki\/Mittelspecht\" target=\"_blank\" rel=\"noopener\">Wikipedia<\/a> <em>(<\/em><a href=\"http:\/\/www.gnu.org\/licenses\/fdl-1.3.txt\" target=\"_blank\" rel=\"noopener\">GNU-Lizenz<\/a><em>)<\/em> \u2013 <em>mein Dank gilt den<\/em> <a href=\"https:\/\/de.wikipedia.org\/w\/index.php?title=Mittelspecht&amp;action=history\" target=\"_blank\" rel=\"noopener\">Autoren<\/a>.<\/p>\n","protected":false},"excerpt":{"rendered":"<p>V\u00f6gel -&gt; Spechte V\u00f6gel von A-Z zur Galerie Spechte Der Mittelspecht (Leiopicus medius, Syn. Dendrocopos medius), ist eine in Mitteleuropa relativ seltene Vogelart aus der Familie der Spechte (Picidae). Sie ist in einem vergleichsweise kleinen Gebiet der West- und S\u00fcdwestpal\u00e4arktis verbreitet. Die Art ben\u00f6tigt zur Nahrungssuche Baumkronen mit grobrindigen \u00c4sten und Stammbereichen. In weiten Teilen &hellip; <a href=\"https:\/\/woerrlein-naturfoto.de\/wordpress\/spechte-a-z\/mittelspecht\/\" class=\"more-link\"><span class=\"screen-reader-text\">Mittelspecht<\/span> weiterlesen <span class=\"meta-nav\">&rarr;<\/span><\/a><\/p>\n","protected":false},"author":1,"featured_media":0,"parent":2630,"menu_order":0,"comment_status":"closed","ping_status":"closed","template":"page-templates\/full-width.php","meta":{"footnotes":""},"class_list":["post-8007","page","type-page","status-publish","hentry"],"_links":{"self":[{"href":"https:\/\/woerrlein-naturfoto.de\/wordpress\/wp-json\/wp\/v2\/pages\/8007","targetHints":{"allow":["GET"]}}],"collection":[{"href":"https:\/\/woerrlein-naturfoto.de\/wordpress\/wp-json\/wp\/v2\/pages"}],"about":[{"href":"https:\/\/woerrlein-naturfoto.de\/wordpress\/wp-json\/wp\/v2\/types\/page"}],"author":[{"embeddable":true,"href":"https:\/\/woerrlein-naturfoto.de\/wordpress\/wp-json\/wp\/v2\/users\/1"}],"replies":[{"embeddable":true,"href":"https:\/\/woerrlein-naturfoto.de\/wordpress\/wp-json\/wp\/v2\/comments?post=8007"}],"version-history":[{"count":5,"href":"https:\/\/woerrlein-naturfoto.de\/wordpress\/wp-json\/wp\/v2\/pages\/8007\/revisions"}],"predecessor-version":[{"id":18720,"href":"https:\/\/woerrlein-naturfoto.de\/wordpress\/wp-json\/wp\/v2\/pages\/8007\/revisions\/18720"}],"up":[{"embeddable":true,"href":"https:\/\/woerrlein-naturfoto.de\/wordpress\/wp-json\/wp\/v2\/pages\/2630"}],"wp:attachment":[{"href":"https:\/\/woerrlein-naturfoto.de\/wordpress\/wp-json\/wp\/v2\/media?parent=8007"}],"curies":[{"name":"wp","href":"https:\/\/api.w.org\/{rel}","templated":true}]}}