{"id":7942,"date":"2016-01-23T18:01:43","date_gmt":"2016-01-23T17:01:43","guid":{"rendered":"http:\/\/woerrlein-naturfoto.de\/wordpress\/?page_id=7942"},"modified":"2016-01-23T18:01:43","modified_gmt":"2016-01-23T17:01:43","slug":"kernbeisser","status":"publish","type":"page","link":"https:\/\/woerrlein-naturfoto.de\/wordpress\/finken-a-z\/kernbeisser\/","title":{"rendered":"Kernbei\u00dfer"},"content":{"rendered":"<p><a href=\"http:\/\/woerrlein-naturfoto.de\/wordpress\/voegel\/\"><span style=\"color: #ffff66;\">V\u00f6gel<\/span> <\/a>-&gt;<a href=\"http:\/\/woerrlein-naturfoto.de\/wordpress\/voegel\/sperlingsvoegel\/\"> <span style=\"color: #ffff66;\">Sperlingsv\u00f6gel<\/span> <\/a>-&gt;<a href=\"http:\/\/woerrlein-naturfoto.de\/wordpress\/hauptseite-voegel\/voegel\/sperlingsvoegel-2\/finken\/\"> <span style=\"color: #ffff66;\">Finken<\/span><\/a><br \/>\n<a title=\"V\u00f6gel von A-Z\" href=\"http:\/\/woerrlein-naturfoto.de\/wordpress\/voegel\/voegel_von_a-z\/\">V\u00f6gel von A-Z<\/a><br \/>\nzur Galerie <a title=\"Finken\" href=\"http:\/\/woerrlein-naturfoto.de\/wordpress\/hauptseite-voegel\/voegel\/sperlingsvoegel-2\/finken\/\">Finken<\/a><\/p>\n<p><img loading=\"lazy\" decoding=\"async\" class=\"alignleft wp-image-7938\" src=\"http:\/\/woerrlein-naturfoto.de\/wordpress\/wp-content\/uploads\/2014\/12\/Kernbeisser_D160114_4359-600x400.jpg\" alt=\"Kernbeisser_D160114_4359\" width=\"600\" height=\"400\" srcset=\"https:\/\/woerrlein-naturfoto.de\/wordpress\/wp-content\/uploads\/2014\/12\/Kernbeisser_D160114_4359-600x400.jpg 600w, https:\/\/woerrlein-naturfoto.de\/wordpress\/wp-content\/uploads\/2014\/12\/Kernbeisser_D160114_4359-768x512.jpg 768w, https:\/\/woerrlein-naturfoto.de\/wordpress\/wp-content\/uploads\/2014\/12\/Kernbeisser_D160114_4359-120x80.jpg 120w, https:\/\/woerrlein-naturfoto.de\/wordpress\/wp-content\/uploads\/2014\/12\/Kernbeisser_D160114_4359.jpg 1000w\" sizes=\"auto, (max-width: 600px) 100vw, 600px\" \/>Der <b>Kernbei\u00dfer<\/b> (<i>Coccothraustes coccothraustes<\/i>) ist die gr\u00f6\u00dfte in Europa heimische Art der Finken. Der gro\u00dfe und kr\u00e4ftige Kegelschnabel des sogenannten \u201eFinkenk\u00f6nigs\u201c stellt ein auff\u00e4lliges Merkmal dar. Die Schneiden des Oberschnabels und die ausgeh\u00f6hlte F\u00fchrung des Unterschnabels erm\u00f6glichen in Verbindung mit der entsprechenden Muskulatur das Aufspalten von Obstkernen, wozu ein erheblicher Druck aufgewendet werden muss. Der Kernbei\u00dfer besiedelt Europa, Nordafrika sowie ostw\u00e4rts die Gebiete bis Ostasien und Japan. Seine Nahrung setzt sich vor allem aus Samen von Laubb\u00e4umen und Fr\u00fcchten, aber auch aus Insekten und deren Larven zusammen. Die Art gilt derzeit als nicht gef\u00e4hrdet.<\/p>\n<p>L\u00e4nge: 18 cm\u00a0\u00a0 Spannweite: 29-32 cm\u00a0\u00a0 Gewicht: 48-62 g\u00a0\u00a0 Gelege: 4-6 Eier<\/p>\n<p>Zur Galerie <a title=\"Finken\" href=\"http:\/\/woerrlein-naturfoto.de\/wordpress\/hauptseite-voegel\/voegel\/sperlingsvoegel-2\/finken\/\">Finken<\/a><\/p>\n<p><em>Quelle des Textauszuges und weitere Infos bei <\/em><a href=\"https:\/\/de.wikipedia.org\/wiki\/Kernbei%C3%9Fer_%28Art%29\" target=\"_blank\">Wikipedia<\/a> <em>(<\/em><a href=\"http:\/\/www.gnu.org\/licenses\/fdl-1.3.txt\" target=\"_blank\">GNU-Lizenz<\/a><em>)<\/em> \u2013 <em>mein Dank gilt den<\/em> <a href=\"https:\/\/de.wikipedia.org\/w\/index.php?title=Kernbei%C3%9Fer_%28Art%29&amp;action=history\" target=\"_blank\">Autoren<\/a>.<\/p>\n","protected":false},"excerpt":{"rendered":"<p>V\u00f6gel -&gt; Sperlingsv\u00f6gel -&gt; Finken V\u00f6gel von A-Z zur Galerie Finken Der Kernbei\u00dfer (Coccothraustes coccothraustes) ist die gr\u00f6\u00dfte in Europa heimische Art der Finken. Der gro\u00dfe und kr\u00e4ftige Kegelschnabel des sogenannten \u201eFinkenk\u00f6nigs\u201c stellt ein auff\u00e4lliges Merkmal dar. Die Schneiden des Oberschnabels und die ausgeh\u00f6hlte F\u00fchrung des Unterschnabels erm\u00f6glichen in Verbindung mit der entsprechenden Muskulatur das &hellip; <a href=\"https:\/\/woerrlein-naturfoto.de\/wordpress\/finken-a-z\/kernbeisser\/\" class=\"more-link\"><span class=\"screen-reader-text\">Kernbei\u00dfer<\/span> weiterlesen <span class=\"meta-nav\">&rarr;<\/span><\/a><\/p>\n","protected":false},"author":1,"featured_media":0,"parent":2744,"menu_order":0,"comment_status":"closed","ping_status":"closed","template":"page-templates\/full-width.php","meta":{"footnotes":""},"class_list":["post-7942","page","type-page","status-publish","hentry"],"_links":{"self":[{"href":"https:\/\/woerrlein-naturfoto.de\/wordpress\/wp-json\/wp\/v2\/pages\/7942","targetHints":{"allow":["GET"]}}],"collection":[{"href":"https:\/\/woerrlein-naturfoto.de\/wordpress\/wp-json\/wp\/v2\/pages"}],"about":[{"href":"https:\/\/woerrlein-naturfoto.de\/wordpress\/wp-json\/wp\/v2\/types\/page"}],"author":[{"embeddable":true,"href":"https:\/\/woerrlein-naturfoto.de\/wordpress\/wp-json\/wp\/v2\/users\/1"}],"replies":[{"embeddable":true,"href":"https:\/\/woerrlein-naturfoto.de\/wordpress\/wp-json\/wp\/v2\/comments?post=7942"}],"version-history":[{"count":1,"href":"https:\/\/woerrlein-naturfoto.de\/wordpress\/wp-json\/wp\/v2\/pages\/7942\/revisions"}],"predecessor-version":[{"id":7943,"href":"https:\/\/woerrlein-naturfoto.de\/wordpress\/wp-json\/wp\/v2\/pages\/7942\/revisions\/7943"}],"up":[{"embeddable":true,"href":"https:\/\/woerrlein-naturfoto.de\/wordpress\/wp-json\/wp\/v2\/pages\/2744"}],"wp:attachment":[{"href":"https:\/\/woerrlein-naturfoto.de\/wordpress\/wp-json\/wp\/v2\/media?parent=7942"}],"curies":[{"name":"wp","href":"https:\/\/api.w.org\/{rel}","templated":true}]}}