{"id":7884,"date":"2016-01-02T17:29:42","date_gmt":"2016-01-02T16:29:42","guid":{"rendered":"http:\/\/woerrlein-naturfoto.de\/wordpress\/?page_id=7884"},"modified":"2016-01-02T17:29:42","modified_gmt":"2016-01-02T16:29:42","slug":"kraehenscharbe","status":"publish","type":"page","link":"https:\/\/woerrlein-naturfoto.de\/wordpress\/ruderfuesser-a-z\/kraehenscharbe\/","title":{"rendered":"Kr\u00e4henscharbe"},"content":{"rendered":"<p><a href=\"http:\/\/woerrlein-naturfoto.de\/wordpress\/voegel\/\"><span style=\"color: #ffff66;\">V\u00f6gel<\/span> <\/a>-&gt;<a href=\"http:\/\/woerrlein-naturfoto.de\/wordpress\/hauptseite-voegel\/voegel\/ruderfuesser\/\"> <span style=\"color: #ffff66;\">Ruderf\u00fc\u00dfer<\/span><\/a><br \/>\n<a title=\"V\u00f6gel von A-Z\" href=\"http:\/\/woerrlein-naturfoto.de\/wordpress\/voegel\/voegel_von_a-z\/\">V\u00f6gel von A-Z<\/a><br \/>\nZur Galerie <a title=\"Ruderf\u00fc\u00dfer\" href=\"http:\/\/woerrlein-naturfoto.de\/wordpress\/hauptseite-voegel\/voegel\/ruderfuesser\/\">Ruderf\u00fc\u00dfer<\/a><\/p>\n<p><img loading=\"lazy\" decoding=\"async\" class=\"alignleft wp-image-7882\" src=\"http:\/\/woerrlein-naturfoto.de\/wordpress\/wp-content\/uploads\/2014\/08\/Kraehenscharbe_02248L-400x600.jpg\" alt=\"Kraehenscharbe_02248L\" width=\"267\" height=\"400\" \/>Die <b>Kr\u00e4henscharbe<\/b> (<i>Phalacrocorax aristotelis<\/i>) ist ein Vogel aus der Familie der Kormorane. Von der nahe verwandten Art des Kormorans unterscheiden sich Kr\u00e4henscharben durch das v\u00f6llige Fehlen von Wei\u00df am K\u00f6rper.<br \/>\nDas Hauptgefieder ist gl\u00e4nzend gr\u00fcnlich-schwarz. Auff\u00e4llig ist das Brutkleid: Die Scheitelfeder sind dann verl\u00e4ngert und bilden einen nach vorn gedrehten Schopf. Schnabel und F\u00fc\u00dfe der Kr\u00e4henscharbe sind schwarz gef\u00e4rbt, die nackte Haut um den Schnabel ist gelb und auf der Kehle schwarz mit gelben Tupfen.<\/p>\n<p>L\u00e4nge: 65-80 cm\u00a0\u00a0 Spannweite: 90-105 cm\u00a0\u00a0 Gewicht: 1,8-1,9 kg\u00a0\u00a0 Gelege: 3 Eier<\/p>\n<p>Zur Galerie <a title=\"Ruderf\u00fc\u00dfer\" href=\"http:\/\/woerrlein-naturfoto.de\/wordpress\/voegel\/ruderfuesser\/\">Ruderf\u00fc\u00dfer<\/a><\/p>\n<p><em>Quelle des Textauszuges und weitere Infos bei <\/em><a href=\"https:\/\/de.wikipedia.org\/wiki\/Kr%C3%A4henscharbe\" target=\"_blank\">Wikipedia<\/a> <em>(<\/em><a href=\"http:\/\/www.gnu.org\/licenses\/fdl-1.3.txt\" target=\"_blank\">GNU-Lizenz<\/a><em>)<\/em> \u2013 <em>mein Dank gilt den<\/em> <a href=\"https:\/\/de.wikipedia.org\/w\/index.php?title=Kr%C3%A4henscharbe&amp;action=history\" target=\"_blank\">Autoren<\/a>.<\/p>\n","protected":false},"excerpt":{"rendered":"<p>V\u00f6gel -&gt; Ruderf\u00fc\u00dfer V\u00f6gel von A-Z Zur Galerie Ruderf\u00fc\u00dfer Die Kr\u00e4henscharbe (Phalacrocorax aristotelis) ist ein Vogel aus der Familie der Kormorane. Von der nahe verwandten Art des Kormorans unterscheiden sich Kr\u00e4henscharben durch das v\u00f6llige Fehlen von Wei\u00df am K\u00f6rper. Das Hauptgefieder ist gl\u00e4nzend gr\u00fcnlich-schwarz. Auff\u00e4llig ist das Brutkleid: Die Scheitelfeder sind dann verl\u00e4ngert und bilden &hellip; <a href=\"https:\/\/woerrlein-naturfoto.de\/wordpress\/ruderfuesser-a-z\/kraehenscharbe\/\" class=\"more-link\"><span class=\"screen-reader-text\">Kr\u00e4henscharbe<\/span> weiterlesen <span class=\"meta-nav\">&rarr;<\/span><\/a><\/p>\n","protected":false},"author":1,"featured_media":0,"parent":730,"menu_order":0,"comment_status":"closed","ping_status":"closed","template":"page-templates\/full-width.php","meta":{"footnotes":""},"class_list":["post-7884","page","type-page","status-publish","hentry"],"_links":{"self":[{"href":"https:\/\/woerrlein-naturfoto.de\/wordpress\/wp-json\/wp\/v2\/pages\/7884","targetHints":{"allow":["GET"]}}],"collection":[{"href":"https:\/\/woerrlein-naturfoto.de\/wordpress\/wp-json\/wp\/v2\/pages"}],"about":[{"href":"https:\/\/woerrlein-naturfoto.de\/wordpress\/wp-json\/wp\/v2\/types\/page"}],"author":[{"embeddable":true,"href":"https:\/\/woerrlein-naturfoto.de\/wordpress\/wp-json\/wp\/v2\/users\/1"}],"replies":[{"embeddable":true,"href":"https:\/\/woerrlein-naturfoto.de\/wordpress\/wp-json\/wp\/v2\/comments?post=7884"}],"version-history":[{"count":1,"href":"https:\/\/woerrlein-naturfoto.de\/wordpress\/wp-json\/wp\/v2\/pages\/7884\/revisions"}],"predecessor-version":[{"id":7885,"href":"https:\/\/woerrlein-naturfoto.de\/wordpress\/wp-json\/wp\/v2\/pages\/7884\/revisions\/7885"}],"up":[{"embeddable":true,"href":"https:\/\/woerrlein-naturfoto.de\/wordpress\/wp-json\/wp\/v2\/pages\/730"}],"wp:attachment":[{"href":"https:\/\/woerrlein-naturfoto.de\/wordpress\/wp-json\/wp\/v2\/media?parent=7884"}],"curies":[{"name":"wp","href":"https:\/\/api.w.org\/{rel}","templated":true}]}}