{"id":7851,"date":"2015-12-31T12:01:57","date_gmt":"2015-12-31T11:01:57","guid":{"rendered":"http:\/\/woerrlein-naturfoto.de\/wordpress\/?page_id=7851"},"modified":"2024-10-13T10:18:22","modified_gmt":"2024-10-13T08:18:22","slug":"zwergstrandlaeufer","status":"publish","type":"page","link":"https:\/\/woerrlein-naturfoto.de\/wordpress\/schnepfen_a-z\/zwergstrandlaeufer\/","title":{"rendered":"Zwergstrandl\u00e4ufer"},"content":{"rendered":"<p><a href=\"http:\/\/woerrlein-naturfoto.de\/wordpress\/voegel\/\"><span style=\"color: #ffff66;\">V\u00f6gel<\/span> <\/a>-&gt;<a href=\"http:\/\/woerrlein-naturfoto.de\/wordpress\/hauptseite-voegel\/voegel\/watvoegel-2\"> <span style=\"color: #ffff66;\">Watv\u00f6gel<\/span> <\/a><br \/>\n<a title=\"V\u00f6gel von A-Z\" href=\"http:\/\/woerrlein-naturfoto.de\/wordpress\/voegel\/voegel_von_a-z\/\">V\u00f6gel von A-Z<\/a><br \/>\nZur Galerie <a title=\"Schnepfenv\u00f6gel\" href=\"https:\/\/woerrlein-naturfoto.de\/wordpress\/hauptseite-voegel\/voegel\/watvoegel-2\/schnepfenvoegel-ii-strandlaeufer\/\">Schnepfen II<\/a><\/p>\n<p><img loading=\"lazy\" decoding=\"async\" class=\"alignleft wp-image-18914\" src=\"https:\/\/woerrlein-naturfoto.de\/wordpress\/wp-content\/uploads\/2024\/10\/Zwergstrandlaeufer_231002_7481-600x400.jpg\" alt=\"\" width=\"600\" height=\"400\" srcset=\"https:\/\/woerrlein-naturfoto.de\/wordpress\/wp-content\/uploads\/2024\/10\/Zwergstrandlaeufer_231002_7481-600x400.jpg 600w, https:\/\/woerrlein-naturfoto.de\/wordpress\/wp-content\/uploads\/2024\/10\/Zwergstrandlaeufer_231002_7481-768x512.jpg 768w, https:\/\/woerrlein-naturfoto.de\/wordpress\/wp-content\/uploads\/2024\/10\/Zwergstrandlaeufer_231002_7481-120x80.jpg 120w, https:\/\/woerrlein-naturfoto.de\/wordpress\/wp-content\/uploads\/2024\/10\/Zwergstrandlaeufer_231002_7481.jpg 1000w\" sizes=\"auto, (max-width: 600px) 100vw, 600px\" \/>Der sperlingsgro\u00dfe <b>Zwergstrandl\u00e4ufer<\/b> (<i>Calidris minuta<\/i>) ist eine <a title=\"Monotypisch\" href=\"https:\/\/de.wikipedia.org\/wiki\/Monotypisch\" target=\"_blank\" rel=\"noopener\">monotypische<\/a> Art aus der Familie der Schnepfenv\u00f6gel und geh\u00f6rt zu den weltweit kleinsten Watv\u00f6geln. Er br\u00fctet im Norden Eurasiens. In Mitteleuropa ist er sowohl an der Nordseek\u00fcste als auch im Binnenland w\u00e4hrend der Zugzeiten regelm\u00e4\u00dfig zu beobachten.<br \/>\nDer Zwergstrandl\u00e4ufer br\u00fctet an feuchten Stellen oder an der K\u00fcste der Arktis und Subarktis. Meist h\u00e4lt er sich in der N\u00e4he von S\u00fc\u00dfwassert\u00fcmpeln auf. W\u00e4hrend des Zuges und im Winter h\u00e4lt er sich bevorzugt auf vegetationslosen Schlick-, Sand- und Schlammfl\u00e4chen an der K\u00fcste und an Binnengew\u00e4ssern auf. Dabei nutzt er mitunter auch Kleingew\u00e4sser. Die Weibchen sind sukzessive Bigamisten und pflanzen sich w\u00e4hrend einer Fortpflanzungssaison mit zwei M\u00e4nnchen fort. Es werden zwei Gelege angelegt, wovon das erste vom ersten M\u00e4nnchen, das zweite vom Weibchen bebr\u00fctet wird. Die Brutzeit beginnt im Juni. Die Hauptlegezeit ist in der zweiten H\u00e4lfte des Juni. Die Gelegegr\u00f6\u00dfe betr\u00e4gt durchschnittlich vier Eier. Diese sind oval bis kreiself\u00f6rmig und weisen wei\u00dfliche, hellolivfarbene, violettbraune, dunkelbraune und grauviolette Sprenkel und Kleksel auf. Die Brutdauer betr\u00e4gt zwanzig bis 21 Tage.<\/p>\n<p>L\u00e4nge: 12-14 cm\u00a0\u00a0 Spannweite: 28-35 cm\u00a0\u00a0 Gewicht: 20-40 g\u00a0\u00a0 Gelege: 4 Eier<\/p>\n<p>Zur Galerie <a title=\"Schnepfenv\u00f6gel\" href=\"https:\/\/woerrlein-naturfoto.de\/wordpress\/hauptseite-voegel\/voegel\/watvoegel-2\/schnepfenvoegel-ii-strandlaeufer\/\">Schnepfen II<\/a><\/p>\n<p><em>Quelle des Textauszuges und weitere Infos bei <\/em><a href=\"https:\/\/de.wikipedia.org\/wiki\/Zwergstrandl%C3%A4ufer\" target=\"_blank\" rel=\"noopener\">Wikipedia<\/a> <em>(<\/em><a href=\"http:\/\/www.gnu.org\/licenses\/fdl-1.3.txt\" target=\"_blank\" rel=\"noopener\">GNU-Lizenz<\/a><em>)<\/em> \u2013 <em>mein Dank gilt den<\/em> <a href=\"https:\/\/de.wikipedia.org\/w\/index.php?title=Zwergstrandl%C3%A4ufer&amp;action=history\" target=\"_blank\" rel=\"noopener\">Autoren<\/a>.<\/p>\n","protected":false},"excerpt":{"rendered":"<p>V\u00f6gel -&gt; Watv\u00f6gel V\u00f6gel von A-Z Zur Galerie Schnepfen II Der sperlingsgro\u00dfe Zwergstrandl\u00e4ufer (Calidris minuta) ist eine monotypische Art aus der Familie der Schnepfenv\u00f6gel und geh\u00f6rt zu den weltweit kleinsten Watv\u00f6geln. Er br\u00fctet im Norden Eurasiens. In Mitteleuropa ist er sowohl an der Nordseek\u00fcste als auch im Binnenland w\u00e4hrend der Zugzeiten regelm\u00e4\u00dfig zu beobachten. Der &hellip; <a href=\"https:\/\/woerrlein-naturfoto.de\/wordpress\/schnepfen_a-z\/zwergstrandlaeufer\/\" class=\"more-link\"><span class=\"screen-reader-text\">Zwergstrandl\u00e4ufer<\/span> weiterlesen <span class=\"meta-nav\">&rarr;<\/span><\/a><\/p>\n","protected":false},"author":1,"featured_media":0,"parent":1143,"menu_order":0,"comment_status":"closed","ping_status":"closed","template":"page-templates\/full-width.php","meta":{"footnotes":""},"class_list":["post-7851","page","type-page","status-publish","hentry"],"_links":{"self":[{"href":"https:\/\/woerrlein-naturfoto.de\/wordpress\/wp-json\/wp\/v2\/pages\/7851","targetHints":{"allow":["GET"]}}],"collection":[{"href":"https:\/\/woerrlein-naturfoto.de\/wordpress\/wp-json\/wp\/v2\/pages"}],"about":[{"href":"https:\/\/woerrlein-naturfoto.de\/wordpress\/wp-json\/wp\/v2\/types\/page"}],"author":[{"embeddable":true,"href":"https:\/\/woerrlein-naturfoto.de\/wordpress\/wp-json\/wp\/v2\/users\/1"}],"replies":[{"embeddable":true,"href":"https:\/\/woerrlein-naturfoto.de\/wordpress\/wp-json\/wp\/v2\/comments?post=7851"}],"version-history":[{"count":5,"href":"https:\/\/woerrlein-naturfoto.de\/wordpress\/wp-json\/wp\/v2\/pages\/7851\/revisions"}],"predecessor-version":[{"id":18960,"href":"https:\/\/woerrlein-naturfoto.de\/wordpress\/wp-json\/wp\/v2\/pages\/7851\/revisions\/18960"}],"up":[{"embeddable":true,"href":"https:\/\/woerrlein-naturfoto.de\/wordpress\/wp-json\/wp\/v2\/pages\/1143"}],"wp:attachment":[{"href":"https:\/\/woerrlein-naturfoto.de\/wordpress\/wp-json\/wp\/v2\/media?parent=7851"}],"curies":[{"name":"wp","href":"https:\/\/api.w.org\/{rel}","templated":true}]}}