{"id":7764,"date":"2015-12-18T19:56:47","date_gmt":"2015-12-18T18:56:47","guid":{"rendered":"http:\/\/woerrlein-naturfoto.de\/wordpress\/?page_id=7764"},"modified":"2015-12-18T19:57:02","modified_gmt":"2015-12-18T18:57:02","slug":"rotfussfalke","status":"publish","type":"page","link":"https:\/\/woerrlein-naturfoto.de\/wordpress\/greifvoegel-a-z\/rotfussfalke\/","title":{"rendered":"Rotfu\u00dffalke"},"content":{"rendered":"<p><a href=\"http:\/\/woerrlein-naturfoto.de\/wordpress\/voegel\/\"><span style=\"color: #ffff66;\">V\u00f6gel<\/span> <\/a>-&gt;<a href=\"http:\/\/woerrlein-naturfoto.de\/wordpress\/hauptseite-voegel\/voegel\/greifvoegel\/\"> <span style=\"color: #ffff66;\">Greifv\u00f6gel<\/span><\/a><br \/>\n<a href=\"http:\/\/woerrlein-naturfoto.de\/wordpress\/voegel_von_a-z\/\">V\u00f6gel von A-Z<\/a><br \/>\nzur Galerie <a title=\"Greifv\u00f6gel\" href=\"http:\/\/woerrlein-naturfoto.de\/wordpress\/hauptseite-voegel\/voegel\/greifvoegel\/\">Greifv\u00f6gel<\/a><\/p>\n<p><img loading=\"lazy\" decoding=\"async\" class=\"alignleft wp-image-7762\" src=\"http:\/\/woerrlein-naturfoto.de\/wordpress\/wp-content\/uploads\/2014\/12\/Rotfussfalke_D150602_6774-600x400.jpg\" alt=\"Rotfussfalke_D150602_6774\" width=\"600\" height=\"400\" srcset=\"https:\/\/woerrlein-naturfoto.de\/wordpress\/wp-content\/uploads\/2014\/12\/Rotfussfalke_D150602_6774-600x400.jpg 600w, https:\/\/woerrlein-naturfoto.de\/wordpress\/wp-content\/uploads\/2014\/12\/Rotfussfalke_D150602_6774-120x80.jpg 120w, https:\/\/woerrlein-naturfoto.de\/wordpress\/wp-content\/uploads\/2014\/12\/Rotfussfalke_D150602_6774.jpg 1000w\" sizes=\"auto, (max-width: 600px) 100vw, 600px\" \/>Der <b>Rotfu\u00dffalke<\/b> (<i>Falco vespertinus<\/i>) ist ein kleiner Vertreter der Eigentlichen Falken innerhalb der Familie der Falkenartigen. Bei den dunkel blaugrauen M\u00e4nnchen f\u00e4llt die rostrote Befiederung der roten Beine besonders auf. Bei den Weibchen kontrastiert das dunkle Obergefieder mit dem orangebraunen Kopf und Untergefieder. Das geschlossene Verbreitungsgebiet der Art reicht von Ungarn ostw\u00e4rts bis ins Baikalgebiet. Seit den 1960er Jahren gehen die Best\u00e4nde des Rotfu\u00dffalken fast im gesamten Verbreitungsgebiet der Art zur\u00fcck. Der Rotfu\u00dffalke ist ein Bewohner weitgehend offener, von Baumgruppen bestandener, oder mit kleinen W\u00e4ldchen durchsetzter Landschaften. Neben einem reichlichen Angebot an Gro\u00dfinsekten und Kleins\u00e4ugern, ist die Art auf das Vorhandensein von geeigneten Nistm\u00f6glichkeiten, insbesondere von alten Saatkr\u00e4hen- und Elsternestern angewiesen.<\/p>\n<p>L\u00e4nge: 28-31 cm\u00a0\u00a0 Spannweite: 67-75 cm\u00a0\u00a0 Gewicht: 130-200 g\u00a0\u00a0 Gelege: 3-4 Eier<\/p>\n<p>zur Galerie <a title=\"Greifv\u00f6gel\" href=\"http:\/\/woerrlein-naturfoto.de\/wordpress\/hauptseite-voegel\/voegel\/greifvoegel\/\">Greifv\u00f6gel<\/a><code><br \/>\n<\/code><\/p>\n<p><em>Quelle des Textauszuges und weitere Infos bei <\/em><a href=\"https:\/\/de.wikipedia.org\/wiki\/Rotfu%C3%9Ffalke\" target=\"_blank\">Wikipedia<\/a> <em>(<\/em><a href=\"http:\/\/www.gnu.org\/licenses\/fdl-1.3.txt\" target=\"_blank\">GNU-Lizenz<\/a><em>)<\/em> \u2013 <em>mein Dank gilt den<\/em> <a href=\"https:\/\/de.wikipedia.org\/w\/index.php?title=Rotfu%C3%9Ffalke&amp;action=history\" target=\"_blank\">Autoren<\/a>.<\/p>\n","protected":false},"excerpt":{"rendered":"<p>V\u00f6gel -&gt; Greifv\u00f6gel V\u00f6gel von A-Z zur Galerie Greifv\u00f6gel Der Rotfu\u00dffalke (Falco vespertinus) ist ein kleiner Vertreter der Eigentlichen Falken innerhalb der Familie der Falkenartigen. Bei den dunkel blaugrauen M\u00e4nnchen f\u00e4llt die rostrote Befiederung der roten Beine besonders auf. Bei den Weibchen kontrastiert das dunkle Obergefieder mit dem orangebraunen Kopf und Untergefieder. Das geschlossene Verbreitungsgebiet &hellip; <a href=\"https:\/\/woerrlein-naturfoto.de\/wordpress\/greifvoegel-a-z\/rotfussfalke\/\" class=\"more-link\"><span class=\"screen-reader-text\">Rotfu\u00dffalke<\/span> weiterlesen <span class=\"meta-nav\">&rarr;<\/span><\/a><\/p>\n","protected":false},"author":1,"featured_media":0,"parent":2362,"menu_order":0,"comment_status":"closed","ping_status":"closed","template":"page-templates\/full-width.php","meta":{"footnotes":""},"class_list":["post-7764","page","type-page","status-publish","hentry"],"_links":{"self":[{"href":"https:\/\/woerrlein-naturfoto.de\/wordpress\/wp-json\/wp\/v2\/pages\/7764","targetHints":{"allow":["GET"]}}],"collection":[{"href":"https:\/\/woerrlein-naturfoto.de\/wordpress\/wp-json\/wp\/v2\/pages"}],"about":[{"href":"https:\/\/woerrlein-naturfoto.de\/wordpress\/wp-json\/wp\/v2\/types\/page"}],"author":[{"embeddable":true,"href":"https:\/\/woerrlein-naturfoto.de\/wordpress\/wp-json\/wp\/v2\/users\/1"}],"replies":[{"embeddable":true,"href":"https:\/\/woerrlein-naturfoto.de\/wordpress\/wp-json\/wp\/v2\/comments?post=7764"}],"version-history":[{"count":1,"href":"https:\/\/woerrlein-naturfoto.de\/wordpress\/wp-json\/wp\/v2\/pages\/7764\/revisions"}],"predecessor-version":[{"id":7765,"href":"https:\/\/woerrlein-naturfoto.de\/wordpress\/wp-json\/wp\/v2\/pages\/7764\/revisions\/7765"}],"up":[{"embeddable":true,"href":"https:\/\/woerrlein-naturfoto.de\/wordpress\/wp-json\/wp\/v2\/pages\/2362"}],"wp:attachment":[{"href":"https:\/\/woerrlein-naturfoto.de\/wordpress\/wp-json\/wp\/v2\/media?parent=7764"}],"curies":[{"name":"wp","href":"https:\/\/api.w.org\/{rel}","templated":true}]}}