{"id":7747,"date":"2015-12-05T17:47:07","date_gmt":"2015-12-05T16:47:07","guid":{"rendered":"http:\/\/woerrlein-naturfoto.de\/wordpress\/?page_id=7747"},"modified":"2020-08-30T16:13:01","modified_gmt":"2020-08-30T14:13:01","slug":"resedafalter","status":"publish","type":"page","link":"https:\/\/woerrlein-naturfoto.de\/wordpress\/weisslinge-a-z\/resedafalter\/","title":{"rendered":"Resedafalter"},"content":{"rendered":"<p><a href=\"http:\/\/woerrlein-naturfoto.de\/wordpress\/insekten\/\"><span style=\"color: #ffff66;\">Insekten<\/span> <\/a>-&gt;<a href=\"http:\/\/woerrlein-naturfoto.de\/wordpress\/hauptseite-insekten\/insekten\/schmetterlinge-2\/\"> <span style=\"color: #ffff66;\">Schmetterlinge<\/span><\/a><br \/>\n<a title=\"Insekten A-Z\" href=\"http:\/\/woerrlein-naturfoto.de\/wordpress\/insekten-a-z\/\">Insekten von A-Z<\/a><br \/>\nzur Galerie <a href=\"https:\/\/woerrlein-naturfoto.de\/wordpress\/hauptseite-insekten\/insekten\/schmetterlinge-2\/weisslinge-2\/\">Wei\u00dflinge<\/a><\/p>\n<p><img loading=\"lazy\" decoding=\"async\" class=\"alignleft wp-image-7280\" src=\"http:\/\/woerrlein-naturfoto.de\/wordpress\/wp-content\/uploads\/2015\/08\/ResedaWeissling_D150531_5690-600x400.jpg\" alt=\"ResedaWeissling_D150531_5690.jpg\" width=\"600\" height=\"400\" \/>Der <b>Resedafalter<\/b> (<i>Pontia edusa<\/i>) ist ein Schmetterling (Tagfalter) aus der Familie der Wei\u00dflinge.<br \/>\nDer Resedafalter ist ein kleiner bis mittelgro\u00dfer <a title=\"Wanderfalter\" href=\"https:\/\/de.wikipedia.org\/wiki\/Wanderfalter\" target=\"_blank\" rel=\"noopener noreferrer\">Wanderfalter<\/a>, der sich von den meisten anderen Wei\u00dflingen durch seine gr\u00fcngrauen Flecken auf den Hinterfl\u00fcgelunterseiten unterscheidet. Eine \u00e4hnliche Musterung findet sich beim <a title=\"Aurorafalter\" href=\"https:\/\/de.wikipedia.org\/wiki\/Aurorafalter\" target=\"_blank\" rel=\"noopener noreferrer\">Aurorafalter<\/a>, jedoch weitaus zerteilter, und beim <a title=\"Alpen-Wei\u00dfling\" href=\"https:\/\/de.wikipedia.org\/wiki\/Alpen-Wei%C3%9Fling\" target=\"_blank\" rel=\"noopener noreferrer\">Alpen-Wei\u00dfling<\/a>, wo sie aber der Aderung folgt.<br \/>\nDer Resedafalter wird in Mitteleuropa, Italien und S\u00fcdosteuropa bis hin in den asiatischen Raum gefunden.<\/p>\n<p><strong>Flugzeit:<\/strong>\u00a0\u00a0\u00a0 Fr\u00fchjahr bis in den Herbst in mehreren Generationen.<\/p>\n<p>Zur Galerie <a href=\"https:\/\/woerrlein-naturfoto.de\/wordpress\/hauptseite-insekten\/insekten\/schmetterlinge-2\/weisslinge-2\/\">Wei\u00dflinge<\/a><\/p>\n<p><em>Quelle des Textauszuges und weitere Infos bei <\/em><a href=\"https:\/\/de.wikipedia.org\/wiki\/Resedafalter\" target=\"_blank\" rel=\"noopener noreferrer\">Wikipedia<\/a><em> (<\/em><a href=\"http:\/\/www.gnu.org\/licenses\/fdl-1.3.txt\" target=\"_blank\" rel=\"noopener noreferrer\">GNU-Lizenz<\/a><em>)\u2013 mein Dank gilt den <\/em><a href=\"https:\/\/de.wikipedia.org\/w\/index.php?title=Resedafalter&amp;action=history\" target=\"_blank\" rel=\"noopener noreferrer\">Autoren<\/a><em>.<\/em><\/p>\n","protected":false},"excerpt":{"rendered":"<p>Insekten -&gt; Schmetterlinge Insekten von A-Z zur Galerie Wei\u00dflinge Der Resedafalter (Pontia edusa) ist ein Schmetterling (Tagfalter) aus der Familie der Wei\u00dflinge. Der Resedafalter ist ein kleiner bis mittelgro\u00dfer Wanderfalter, der sich von den meisten anderen Wei\u00dflingen durch seine gr\u00fcngrauen Flecken auf den Hinterfl\u00fcgelunterseiten unterscheidet. Eine \u00e4hnliche Musterung findet sich beim Aurorafalter, jedoch weitaus zerteilter, &hellip; <a href=\"https:\/\/woerrlein-naturfoto.de\/wordpress\/weisslinge-a-z\/resedafalter\/\" class=\"more-link\"><span class=\"screen-reader-text\">Resedafalter<\/span> weiterlesen <span class=\"meta-nav\">&rarr;<\/span><\/a><\/p>\n","protected":false},"author":1,"featured_media":0,"parent":12524,"menu_order":0,"comment_status":"closed","ping_status":"closed","template":"page-templates\/full-width.php","meta":{"footnotes":""},"class_list":["post-7747","page","type-page","status-publish","hentry"],"_links":{"self":[{"href":"https:\/\/woerrlein-naturfoto.de\/wordpress\/wp-json\/wp\/v2\/pages\/7747","targetHints":{"allow":["GET"]}}],"collection":[{"href":"https:\/\/woerrlein-naturfoto.de\/wordpress\/wp-json\/wp\/v2\/pages"}],"about":[{"href":"https:\/\/woerrlein-naturfoto.de\/wordpress\/wp-json\/wp\/v2\/types\/page"}],"author":[{"embeddable":true,"href":"https:\/\/woerrlein-naturfoto.de\/wordpress\/wp-json\/wp\/v2\/users\/1"}],"replies":[{"embeddable":true,"href":"https:\/\/woerrlein-naturfoto.de\/wordpress\/wp-json\/wp\/v2\/comments?post=7747"}],"version-history":[{"count":4,"href":"https:\/\/woerrlein-naturfoto.de\/wordpress\/wp-json\/wp\/v2\/pages\/7747\/revisions"}],"predecessor-version":[{"id":12528,"href":"https:\/\/woerrlein-naturfoto.de\/wordpress\/wp-json\/wp\/v2\/pages\/7747\/revisions\/12528"}],"up":[{"embeddable":true,"href":"https:\/\/woerrlein-naturfoto.de\/wordpress\/wp-json\/wp\/v2\/pages\/12524"}],"wp:attachment":[{"href":"https:\/\/woerrlein-naturfoto.de\/wordpress\/wp-json\/wp\/v2\/media?parent=7747"}],"curies":[{"name":"wp","href":"https:\/\/api.w.org\/{rel}","templated":true}]}}