{"id":7739,"date":"2015-12-05T16:50:06","date_gmt":"2015-12-05T15:50:06","guid":{"rendered":"http:\/\/woerrlein-naturfoto.de\/wordpress\/?page_id=7739"},"modified":"2022-07-20T15:10:20","modified_gmt":"2022-07-20T13:10:20","slug":"birken-zipfelfalter","status":"publish","type":"page","link":"https:\/\/woerrlein-naturfoto.de\/wordpress\/blaeulinge-a-z\/birken-zipfelfalter\/","title":{"rendered":"Birken-Zipfelfalter"},"content":{"rendered":"<p><a href=\"http:\/\/woerrlein-naturfoto.de\/wordpress\/insekten\/\"><span style=\"color: #ffff66;\">Insekten<\/span> <\/a>-&gt;<a href=\"http:\/\/woerrlein-naturfoto.de\/wordpress\/hauptseite-insekten\/insekten\/schmetterlinge-2\/\"> <span style=\"color: #ffff66;\">Schmetterlinge<\/span><\/a><br \/>\n<a title=\"Insekten A-Z\" href=\"http:\/\/woerrlein-naturfoto.de\/wordpress\/insekten-a-z\/\">Insekten von A-Z<\/a><br \/>\nzur Galerie <a href=\"https:\/\/woerrlein-naturfoto.de\/wordpress\/hauptseite-insekten\/insekten\/schmetterlinge-2\/blaeulinge-ii-feuerfalter-zipfelfalter\/\">Bl\u00e4ulinge II<\/a><\/p>\n<p><img loading=\"lazy\" decoding=\"async\" class=\"alignleft wp-image-7738\" src=\"http:\/\/woerrlein-naturfoto.de\/wordpress\/wp-content\/uploads\/2015\/01\/BirkenZipfelfalter_D150823_3455-600x400.jpg\" alt=\"BirkenZipfelfalter_D150823_3455\" width=\"600\" height=\"400\" \/>Der\u00a0 <b>Birken-Zipfelfalter <\/b>(<i>Thecla betulae<\/i>), auch <b>Nierenfleck-Zipfelfalter<\/b> genannt, ist ein Schmetterling (Tagfalter) aus der Familie der Bl\u00e4ulinge. Die Falter haben eine Fl\u00fcgelspannweite von 30 bis 40 Millimeter. Ihre Fl\u00fcgel sind oberseits dunkelbraun mit orangen Flecken im <a title=\"Fl\u00fcgel (Schmetterling)\" href=\"https:\/\/de.wikipedia.org\/wiki\/Fl%C3%BCgel_%28Schmetterling%29#Regionen\" target=\"_blank\" rel=\"noopener noreferrer\">Analwinkel<\/a>, die Weibchen tragen zudem die namensgebenden gro\u00dfen nierenf\u00f6rmigen Flecke auf dem Vorderfl\u00fcgel. Auf der orangebraunen Fl\u00fcgelunterseite befinden sich wei\u00df eingerahmte, s\u00e4belzahnf\u00f6rmige, dunkelorangebraune Flecke, die vom Oberrand in Richtung Unterrand zeigen. Der Nierenfleck-Zipfelfalter kann kaum, allenfalls mit anderen Zipfelfaltern verwechselt werden, die Unterschiede sind jedoch eindeutig (\u201eS\u00e4belzahnzeichnung\u201c) und lassen einen fotografischen Nachweis zu.<br \/>\nDie Raupen haben einen gr\u00fcnen K\u00f6rper mit gelben Streifen.<br \/>\nFutterpflanzen sind Str\u00e4ucher aus der Familie der Rosengew\u00e4chse, vor allem Schlehdorn, Zwetschge und andere <a title=\"Prunus\" href=\"https:\/\/de.wikipedia.org\/wiki\/Prunus\" target=\"_blank\" rel=\"noopener noreferrer\">Prunus<\/a>-Arten. Die Angabe der Birken (<i>Betula<\/i>) als Futterpflanzen ist laut Bellmann falsch.<\/p>\n<p><strong>Flugzeit:<\/strong>\u00a0\u00a0\u00a0\u00a0 Ende Juli bis Oktober, in einer Generation.<\/p>\n<p>Zur Galerie <a href=\"https:\/\/woerrlein-naturfoto.de\/wordpress\/hauptseite-insekten\/insekten\/schmetterlinge-2\/blaeulinge-ii-feuerfalter-zipfelfalter\/\">Bl\u00e4ulinge II<\/a><\/p>\n<p><em>Quelle des Textauszuges und weitere Infos bei <\/em><a href=\"https:\/\/de.wikipedia.org\/wiki\/Nierenfleck-Zipfelfalter\" target=\"_blank\" rel=\"noopener noreferrer\">Wikipedia<\/a><em> (<\/em><a href=\"http:\/\/www.gnu.org\/licenses\/fdl-1.3.txt\" target=\"_blank\" rel=\"noopener noreferrer\">GNU-Lizenz<\/a><em>)\u2013 mein Dank gilt den <\/em><a href=\"https:\/\/de.wikipedia.org\/w\/index.php?title=Nierenfleck-Zipfelfalter&amp;action=history\" target=\"_blank\" rel=\"noopener noreferrer\">Autoren<\/a><em>.<\/em><\/p>\n","protected":false},"excerpt":{"rendered":"<p>Insekten -&gt; Schmetterlinge Insekten von A-Z zur Galerie Bl\u00e4ulinge II Der\u00a0 Birken-Zipfelfalter (Thecla betulae), auch Nierenfleck-Zipfelfalter genannt, ist ein Schmetterling (Tagfalter) aus der Familie der Bl\u00e4ulinge. Die Falter haben eine Fl\u00fcgelspannweite von 30 bis 40 Millimeter. Ihre Fl\u00fcgel sind oberseits dunkelbraun mit orangen Flecken im Analwinkel, die Weibchen tragen zudem die namensgebenden gro\u00dfen nierenf\u00f6rmigen Flecke &hellip; <a href=\"https:\/\/woerrlein-naturfoto.de\/wordpress\/blaeulinge-a-z\/birken-zipfelfalter\/\" class=\"more-link\"><span class=\"screen-reader-text\">Birken-Zipfelfalter<\/span> weiterlesen <span class=\"meta-nav\">&rarr;<\/span><\/a><\/p>\n","protected":false},"author":1,"featured_media":0,"parent":11125,"menu_order":0,"comment_status":"closed","ping_status":"closed","template":"page-templates\/full-width.php","meta":{"footnotes":""},"class_list":["post-7739","page","type-page","status-publish","hentry"],"_links":{"self":[{"href":"https:\/\/woerrlein-naturfoto.de\/wordpress\/wp-json\/wp\/v2\/pages\/7739","targetHints":{"allow":["GET"]}}],"collection":[{"href":"https:\/\/woerrlein-naturfoto.de\/wordpress\/wp-json\/wp\/v2\/pages"}],"about":[{"href":"https:\/\/woerrlein-naturfoto.de\/wordpress\/wp-json\/wp\/v2\/types\/page"}],"author":[{"embeddable":true,"href":"https:\/\/woerrlein-naturfoto.de\/wordpress\/wp-json\/wp\/v2\/users\/1"}],"replies":[{"embeddable":true,"href":"https:\/\/woerrlein-naturfoto.de\/wordpress\/wp-json\/wp\/v2\/comments?post=7739"}],"version-history":[{"count":6,"href":"https:\/\/woerrlein-naturfoto.de\/wordpress\/wp-json\/wp\/v2\/pages\/7739\/revisions"}],"predecessor-version":[{"id":15011,"href":"https:\/\/woerrlein-naturfoto.de\/wordpress\/wp-json\/wp\/v2\/pages\/7739\/revisions\/15011"}],"up":[{"embeddable":true,"href":"https:\/\/woerrlein-naturfoto.de\/wordpress\/wp-json\/wp\/v2\/pages\/11125"}],"wp:attachment":[{"href":"https:\/\/woerrlein-naturfoto.de\/wordpress\/wp-json\/wp\/v2\/media?parent=7739"}],"curies":[{"name":"wp","href":"https:\/\/api.w.org\/{rel}","templated":true}]}}