{"id":7699,"date":"2015-11-08T22:46:09","date_gmt":"2015-11-08T21:46:09","guid":{"rendered":"http:\/\/woerrlein-naturfoto.de\/wordpress\/?page_id=7699"},"modified":"2017-01-21T14:11:23","modified_gmt":"2017-01-21T13:11:23","slug":"schwarzkehlchen","status":"publish","type":"page","link":"https:\/\/woerrlein-naturfoto.de\/wordpress\/drosseln_a-z\/schwarzkehlchen\/","title":{"rendered":"Schwarzkehlchen"},"content":{"rendered":"<p><a href=\"http:\/\/woerrlein-naturfoto.de\/wordpress\/voegel\/\"><span style=\"color: #ffff66;\">V\u00f6gel<\/span> <\/a>-&gt;<a href=\"http:\/\/woerrlein-naturfoto.de\/wordpress\/voegel\/sperlingsvoegel\/\"> <span style=\"color: #ffff66;\">Sperlingsv\u00f6gel<\/span><\/a> -&gt;<a href=\"http:\/\/woerrlein-naturfoto.de\/wordpress\/hauptseite-voegel\/voegel\/sperlingsvoegel\/drosseln\"> <span style=\"color: #ffff66;\">Drosseln<\/span><\/a><a href=\"http:\/\/woerrlein-naturfoto.de\/wordpress\/voegel\/sperlingsvoegel\/drosseln\"><br \/>\n<\/a><a title=\"V\u00f6gel von A-Z\" href=\"http:\/\/woerrlein-naturfoto.de\/wordpress\/voegel\/voegel_von_a-z\/\">V\u00f6gel von A-Z<\/a><br \/>\nZur Galerie <a href=\"http:\/\/woerrlein-naturfoto.de\/wordpress\/hauptseite-voegel\/voegel\/sperlingsvoegel\/drosseln\">Drosseln<\/a><\/p>\n<p><img loading=\"lazy\" decoding=\"async\" class=\"alignleft wp-image-7927\" src=\"http:\/\/woerrlein-naturfoto.de\/wordpress\/wp-content\/uploads\/2014\/03\/Schwarzkehlchen_11105La-600x400.jpg\" width=\"600\" height=\"400\" \/><\/p>\n<p>Das <b>Europ\u00e4ische Schwarzkehlchen<\/b> (<i>Saxicola rubicola<\/i>) ist ein kleiner Singvogel aus der Gattung der Wiesenschm\u00e4tzer und der Familie der Fliegenschn\u00e4pper, die in vielen B\u00fcchern zu den Drosseln gez\u00e4hlt werden.<br \/>\nDas Europ\u00e4ische Schwarzkehlchen gilt regional als ein stark gef\u00e4hrdeter Vogel. Der Gesamtbestand ist aber mit 2.000.000 \u2013 4.000.000 Brutpaaren (Birdlife International) derzeit nicht gef\u00e4hrdet. Es lebt auf offenen Fl\u00e4chen mit einzelnen B\u00fcschen, zum Beispiel auf Hochmooren und Heiden. Sein Winterquartier hat es in S\u00fcd- und Westeuropa. In Mittel- und Osteuropa ist das Europ\u00e4ische Schwarzkehlchen von M\u00e4rz bis November anwesend. Es ern\u00e4hrt sich von Insekten, Spinnen und W\u00fcrmern, die meist auf dem Boden gefangen werden. In der Brutzeit von M\u00e4rz bis August werden zwei Bruten gro\u00dfgezogen. Das Nest wird gut versteckt, vertieft am Boden, aus Gras, Halmen, Moos und Wurzeln gebaut.<\/p>\n<p>L\u00e4nge: 12,5 cm\u00a0\u00a0 Spannweite: 18-21 cm\u00a0\u00a0 Gewicht: 13-18 g\u00a0\u00a0 Gelege: 4-6 Eier<\/p>\n<p>Zur Galerie <a href=\"http:\/\/woerrlein-naturfoto.de\/wordpress\/hauptseite-voegel\/voegel\/sperlingsvoegel\/drosseln\">Drosseln<\/a><\/p>\n<p><em>Quelle des Textauszuges und weitere Infos bei <\/em><a href=\"https:\/\/de.wikipedia.org\/wiki\/Schwarzkehlchen\" target=\"_blank\">Wikipedia<\/a> <em>(<\/em><a href=\"http:\/\/www.gnu.org\/licenses\/fdl-1.3.txt\" target=\"_blank\">GNU-Lizenz<\/a><em>)<\/em> \u2013 <em>mein Dank gilt den<\/em> <a href=\"https:\/\/de.wikipedia.org\/w\/index.php?title=Schwarzkehlchen&amp;action=history\" target=\"_blank\">Autoren<\/a>.<\/p>\n","protected":false},"excerpt":{"rendered":"<p>V\u00f6gel -&gt; Sperlingsv\u00f6gel -&gt; Drosseln V\u00f6gel von A-Z Zur Galerie Drosseln Das Europ\u00e4ische Schwarzkehlchen (Saxicola rubicola) ist ein kleiner Singvogel aus der Gattung der Wiesenschm\u00e4tzer und der Familie der Fliegenschn\u00e4pper, die in vielen B\u00fcchern zu den Drosseln gez\u00e4hlt werden. Das Europ\u00e4ische Schwarzkehlchen gilt regional als ein stark gef\u00e4hrdeter Vogel. Der Gesamtbestand ist aber mit 2.000.000 &hellip; <a href=\"https:\/\/woerrlein-naturfoto.de\/wordpress\/drosseln_a-z\/schwarzkehlchen\/\" class=\"more-link\"><span class=\"screen-reader-text\">Schwarzkehlchen<\/span> weiterlesen <span class=\"meta-nav\">&rarr;<\/span><\/a><\/p>\n","protected":false},"author":1,"featured_media":0,"parent":211,"menu_order":0,"comment_status":"closed","ping_status":"closed","template":"page-templates\/full-width.php","meta":{"footnotes":""},"class_list":["post-7699","page","type-page","status-publish","hentry"],"_links":{"self":[{"href":"https:\/\/woerrlein-naturfoto.de\/wordpress\/wp-json\/wp\/v2\/pages\/7699","targetHints":{"allow":["GET"]}}],"collection":[{"href":"https:\/\/woerrlein-naturfoto.de\/wordpress\/wp-json\/wp\/v2\/pages"}],"about":[{"href":"https:\/\/woerrlein-naturfoto.de\/wordpress\/wp-json\/wp\/v2\/types\/page"}],"author":[{"embeddable":true,"href":"https:\/\/woerrlein-naturfoto.de\/wordpress\/wp-json\/wp\/v2\/users\/1"}],"replies":[{"embeddable":true,"href":"https:\/\/woerrlein-naturfoto.de\/wordpress\/wp-json\/wp\/v2\/comments?post=7699"}],"version-history":[{"count":4,"href":"https:\/\/woerrlein-naturfoto.de\/wordpress\/wp-json\/wp\/v2\/pages\/7699\/revisions"}],"predecessor-version":[{"id":8699,"href":"https:\/\/woerrlein-naturfoto.de\/wordpress\/wp-json\/wp\/v2\/pages\/7699\/revisions\/8699"}],"up":[{"embeddable":true,"href":"https:\/\/woerrlein-naturfoto.de\/wordpress\/wp-json\/wp\/v2\/pages\/211"}],"wp:attachment":[{"href":"https:\/\/woerrlein-naturfoto.de\/wordpress\/wp-json\/wp\/v2\/media?parent=7699"}],"curies":[{"name":"wp","href":"https:\/\/api.w.org\/{rel}","templated":true}]}}