{"id":7689,"date":"2015-11-08T11:40:29","date_gmt":"2015-11-08T10:40:29","guid":{"rendered":"http:\/\/woerrlein-naturfoto.de\/wordpress\/?page_id=7689"},"modified":"2024-10-13T10:09:00","modified_gmt":"2024-10-13T08:09:00","slug":"pfuhlschnepfe","status":"publish","type":"page","link":"https:\/\/woerrlein-naturfoto.de\/wordpress\/schnepfen_a-z\/pfuhlschnepfe\/","title":{"rendered":"Pfuhlschnepfe"},"content":{"rendered":"<p><a href=\"http:\/\/woerrlein-naturfoto.de\/wordpress\/voegel\/\"><span style=\"color: #ffff66;\">V\u00f6gel<\/span> <\/a>-&gt;<a href=\"http:\/\/woerrlein-naturfoto.de\/wordpress\/hauptseite-voegel\/voegel\/watvoegel-2\"> <span style=\"color: #ffff66;\">Watv\u00f6gel<\/span> <\/a><br \/>\n<a title=\"V\u00f6gel von A-Z\" href=\"http:\/\/woerrlein-naturfoto.de\/wordpress\/voegel\/voegel_von_a-z\/\">V\u00f6gel von A-Z<\/a><br \/>\nZur Galerie <a title=\"Schnepfenv\u00f6gel\" href=\"http:\/\/woerrlein-naturfoto.de\/wordpress\/hauptseite-voegel\/voegel\/watvoegel\/schnepfenvoegel\/\">Schnepfen I<\/a><\/p>\n<p><img loading=\"lazy\" decoding=\"async\" class=\"alignleft wp-image-7688\" src=\"http:\/\/woerrlein-naturfoto.de\/wordpress\/wp-content\/uploads\/2014\/08\/Pfuhlschnepfe_6292L-600x400.jpg\" alt=\"Pfuhlschnepfe_6292L\" width=\"600\" height=\"400\" srcset=\"https:\/\/woerrlein-naturfoto.de\/wordpress\/wp-content\/uploads\/2014\/08\/Pfuhlschnepfe_6292L-600x400.jpg 600w, https:\/\/woerrlein-naturfoto.de\/wordpress\/wp-content\/uploads\/2014\/08\/Pfuhlschnepfe_6292L-120x80.jpg 120w, https:\/\/woerrlein-naturfoto.de\/wordpress\/wp-content\/uploads\/2014\/08\/Pfuhlschnepfe_6292L.jpg 1000w\" sizes=\"auto, (max-width: 600px) 100vw, 600px\" \/>Die <b>Pfuhlschnepfe<\/b> (<i>Limosa lapponica<\/i>) ist eine Vogelart aus der Familie der Schnepfenv\u00f6gel. Im mitteleurop\u00e4ischen Wattenmeer ist die Pfuhlschnepfe ein regelm\u00e4\u00dfiger und h\u00e4ufiger Durchz\u00fcgler und Wintergast. Die Pfuhlschnepfe ist ein Brutvogel der feuchten arktischen Tundra und ist vom n\u00f6rdlichen Rand der Waldzone in Lappland \u00fcber Eurasien bis nach Westalaska verbreitet.<br \/>\nIm Wattenmeer Mitteleuropas ist die Pfuhlschnepfe h\u00e4ufig in Scharen von Zehntausenden von V\u00f6geln zu sehen, wenn sie in ihre Winterquartiere in Westeuropa und der Atlantikk\u00fcste Afrikas ziehen. <a title=\"Wetlands International\" href=\"https:\/\/de.wikipedia.org\/wiki\/Wetlands_International\" target=\"_blank\" rel=\"noopener\">Wetlands International<\/a> stuft diese Region als den europaweit wichtigsten Rastplatz ein, weil sich hier zu verschiedenen Zeiten des Jahres der gr\u00f6\u00dfte Teil der Nominatform und der westlichen Population der Unterart <i>Limosa lapponica taymyrensis<\/i> versammeln. Sie halten sich dort vor allem in den Monaten von Juli bis Oktober und von Ende M\u00e4rz bis Mitte Mai auf. Pfuhlschnepfen \u00fcberwintern allerdings auch in Vorderasien und sogar in Neuseeland.<br \/>\nDie Pfuhlschnepfe gilt als eine der Arten, die vom Klimawandel besonders betroffen sein wird. Ein Forschungsteam, das im Auftrag der britischen Umweltbeh\u00f6rde und der <a class=\"mw-redirect\" title=\"RSPB\" href=\"https:\/\/de.wikipedia.org\/wiki\/RSPB\" target=\"_blank\" rel=\"noopener\">RSPB<\/a> die zuk\u00fcnftige Verbreitungsentwicklung von europ\u00e4ischen Brutv\u00f6geln auf Basis von Klimamodellen untersuchte, geht davon aus, dass bis zum Ende des 21. Jahrhunderts die Pfuhlschnepfe in ihrem heutigen europ\u00e4ischen Verbreitungsgebiet vollst\u00e4ndig verschwinden wird. Gr\u00f6\u00dfenm\u00e4\u00dfig wird sich das Verbreitungsareal um 75 Prozent verkleinern.<\/p>\n<p>L\u00e4nge: 33-42 cm\u00a0\u00a0 Spannweite: 70-80 cm\u00a0\u00a0 Gewicht: 240-380 g\u00a0\u00a0 Gelege: 3-4 Eier<\/p>\n<p>Zur Galerie <a title=\"Schnepfenv\u00f6gel\" href=\"http:\/\/woerrlein-naturfoto.de\/wordpress\/hauptseite-voegel\/voegel\/watvoegel\/schnepfenvoegel\/\">Schnepfen I<\/a><\/p>\n<p><em>Quelle des Textauszuges und weitere Infos bei <\/em><a href=\"https:\/\/de.wikipedia.org\/wiki\/Pfuhlschnepfe\" target=\"_blank\" rel=\"noopener\">Wikipedia<\/a> <em>(<\/em><a href=\"http:\/\/www.gnu.org\/licenses\/fdl-1.3.txt\" target=\"_blank\" rel=\"noopener\">GNU-Lizenz<\/a><em>)<\/em> \u2013 <em>mein Dank gilt den<\/em> <a href=\"https:\/\/de.wikipedia.org\/w\/index.php?title=Pfuhlschnepfe&amp;action=history\" target=\"_blank\" rel=\"noopener\">Autoren<\/a>.<\/p>\n","protected":false},"excerpt":{"rendered":"<p>V\u00f6gel -&gt; Watv\u00f6gel V\u00f6gel von A-Z Zur Galerie Schnepfen I Die Pfuhlschnepfe (Limosa lapponica) ist eine Vogelart aus der Familie der Schnepfenv\u00f6gel. Im mitteleurop\u00e4ischen Wattenmeer ist die Pfuhlschnepfe ein regelm\u00e4\u00dfiger und h\u00e4ufiger Durchz\u00fcgler und Wintergast. Die Pfuhlschnepfe ist ein Brutvogel der feuchten arktischen Tundra und ist vom n\u00f6rdlichen Rand der Waldzone in Lappland \u00fcber Eurasien &hellip; <a href=\"https:\/\/woerrlein-naturfoto.de\/wordpress\/schnepfen_a-z\/pfuhlschnepfe\/\" class=\"more-link\"><span class=\"screen-reader-text\">Pfuhlschnepfe<\/span> weiterlesen <span class=\"meta-nav\">&rarr;<\/span><\/a><\/p>\n","protected":false},"author":1,"featured_media":0,"parent":1143,"menu_order":0,"comment_status":"closed","ping_status":"closed","template":"page-templates\/full-width.php","meta":{"footnotes":""},"class_list":["post-7689","page","type-page","status-publish","hentry"],"_links":{"self":[{"href":"https:\/\/woerrlein-naturfoto.de\/wordpress\/wp-json\/wp\/v2\/pages\/7689","targetHints":{"allow":["GET"]}}],"collection":[{"href":"https:\/\/woerrlein-naturfoto.de\/wordpress\/wp-json\/wp\/v2\/pages"}],"about":[{"href":"https:\/\/woerrlein-naturfoto.de\/wordpress\/wp-json\/wp\/v2\/types\/page"}],"author":[{"embeddable":true,"href":"https:\/\/woerrlein-naturfoto.de\/wordpress\/wp-json\/wp\/v2\/users\/1"}],"replies":[{"embeddable":true,"href":"https:\/\/woerrlein-naturfoto.de\/wordpress\/wp-json\/wp\/v2\/comments?post=7689"}],"version-history":[{"count":7,"href":"https:\/\/woerrlein-naturfoto.de\/wordpress\/wp-json\/wp\/v2\/pages\/7689\/revisions"}],"predecessor-version":[{"id":18952,"href":"https:\/\/woerrlein-naturfoto.de\/wordpress\/wp-json\/wp\/v2\/pages\/7689\/revisions\/18952"}],"up":[{"embeddable":true,"href":"https:\/\/woerrlein-naturfoto.de\/wordpress\/wp-json\/wp\/v2\/pages\/1143"}],"wp:attachment":[{"href":"https:\/\/woerrlein-naturfoto.de\/wordpress\/wp-json\/wp\/v2\/media?parent=7689"}],"curies":[{"name":"wp","href":"https:\/\/api.w.org\/{rel}","templated":true}]}}