{"id":7623,"date":"2015-10-20T21:58:20","date_gmt":"2015-10-20T19:58:20","guid":{"rendered":"http:\/\/woerrlein-naturfoto.de\/wordpress\/?page_id=7623"},"modified":"2015-10-20T22:14:33","modified_gmt":"2015-10-20T20:14:33","slug":"haubenlerche","status":"publish","type":"page","link":"https:\/\/woerrlein-naturfoto.de\/wordpress\/wildes-durcheinander-a-z\/haubenlerche\/","title":{"rendered":"Haubenlerche"},"content":{"rendered":"<p><a href=\"http:\/\/woerrlein-naturfoto.de\/wordpress\/voegel\/\"><span style=\"color: #ffff66;\">V\u00f6gel<\/span> <\/a>-&gt;<a href=\"http:\/\/woerrlein-naturfoto.de\/wordpress\/hauptseite-voegel\/voegel\/wildes-durcheinander\/\"> <span style=\"color: #ffff66;\">wildes Durcheinander<\/span><\/a><br \/>\n<a title=\"V\u00f6gel von A-Z\" href=\"http:\/\/woerrlein-naturfoto.de\/wordpress\/voegel\/voegel_von_a-z\/\">V\u00f6gel von A-Z<\/a><br \/>\nZur Galerie <a title=\"wildes Durcheinander\" href=\"http:\/\/woerrlein-naturfoto.de\/wordpress\/hauptseite-voegel\/voegel\/wildes-durcheinander\/\">sonstiger Vogelarten<\/a><\/p>\n<p><img loading=\"lazy\" decoding=\"async\" class=\"alignleft wp-image-7614\" src=\"http:\/\/woerrlein-naturfoto.de\/wordpress\/wp-content\/uploads\/2015\/10\/Haubenlerche_AW01454L_3313x2209-600x400.jpg\" alt=\"Haubenlerche_AW01454L_3313x2209\" width=\"600\" height=\"400\" srcset=\"https:\/\/woerrlein-naturfoto.de\/wordpress\/wp-content\/uploads\/2015\/10\/Haubenlerche_AW01454L_3313x2209-600x400.jpg 600w, https:\/\/woerrlein-naturfoto.de\/wordpress\/wp-content\/uploads\/2015\/10\/Haubenlerche_AW01454L_3313x2209-120x80.jpg 120w, https:\/\/woerrlein-naturfoto.de\/wordpress\/wp-content\/uploads\/2015\/10\/Haubenlerche_AW01454L_3313x2209.jpg 1000w\" sizes=\"auto, (max-width: 600px) 100vw, 600px\" \/>Die <b>Haubenlerche<\/b> (<i>Galerida cristata<\/i>) ist eine Vogelart aus der Familie der Lerchen. Die Haubenlerche wird etwa 18\u00a0cm gro\u00df und ca. 45\u00a0g schwer. Sie ist unauff\u00e4llig gef\u00e4rbt, von gedrungener Gestalt, hat einen kr\u00e4ftigen, gebogenen Schnabel, mittelhohe F\u00fc\u00dfe, gro\u00dfe, breite Fl\u00fcgel und eine Federhaube auf dem Kopf. Die F\u00e4rbung des Federkleids ist dunkel-grau gestreift, die Unterseite ist wei\u00df und im Bereich der Fl\u00fcgel r\u00f6tlich. Ihr Schwanz weist einen rostbraunen Au\u00dfensaum auf.<br \/>\nDie Haubenlerche steht als europ\u00e4ische Vogelart unter dem Schutz der Vogelschutzrichtlinie der Europ\u00e4ischen Union. In der Bundesrepublik Deutschland z\u00e4hlt sie gem. \u00a7 7 Abs. 2 Nr. 14 c) Bundesnaturschutzgesetz zu den streng gesch\u00fctzten Arten. Trotz g\u00fcnstiger klimatischer Bedingungen im 20. Jahrhundert hat es keine Wiederausbreitung der Art gegeben. Hauptgef\u00e4hrdungsursachen sind offensichtlich Nahrungsmangel und Habitatver\u00e4nderungen. Ruderal-, \u00d6d- und Brachfl\u00e4chen stehen vielfach nur noch in geringem Ma\u00dfe und \u00fcber relativ kurze Zeitr\u00e4ume zur Verf\u00fcgung. Freifl\u00e4chen beispielsweise in Stadtgebieten, die zu Beginn des 20. Jahrhunderts von Haubenlerchen besiedelt wurden, werden heute zunehmend begr\u00fcnt, ged\u00fcngt und dicht bepflanzt. Auch andere Rohbodenfl\u00e4chen werden sofort eingegr\u00fcnt. Hinzu kommt eine Intensivierung der Landwirtschaft und eine Aufgabe der extensiven Weidewirtschaft bei gleichzeitiger Versiegelung der Landschaft und Verlust breiter, unbehandelter Ackerrandstreifen und -raine. Dadurch fehlen Wildkr\u00e4uter, die f\u00fcr die Samennahrung wichtig sind. Gleichzeitig besteht kein ausreichendes Insektenangebot zur Brutzeit mehr.<sup id=\"cite_ref-16\" class=\"reference\"><\/sup><\/p>\n<p>L\u00e4nge: 17-19 cm\u00a0\u00a0 Spannweite: 30-35 cm\u00a0\u00a0 Gewicht: 35-45 g\u00a0\u00a0 Gelege: 2-5 Eier<\/p>\n<p>Zur Galerie <a title=\"wildes Durcheinander\" href=\"http:\/\/woerrlein-naturfoto.de\/wordpress\/hauptseite-voegel\/voegel\/wildes-durcheinander\/\">sonstiger Vogelarten<\/a><\/p>\n<p><em>Quelle des Textauszuges und weitere Infos bei <\/em><a href=\"https:\/\/de.wikipedia.org\/wiki\/Haubenlerche\" target=\"_blank\">Wikipedia<\/a><em> (<\/em><a href=\"http:\/\/www.gnu.org\/licenses\/fdl-1.3.txt\" target=\"_blank\">GNU-Lizenz<\/a><em>)\u2013 mein Dank gilt den <\/em><a href=\"https:\/\/de.wikipedia.org\/w\/index.php?title=Haubenlerche&amp;action=history\" target=\"_blank\">Autoren<\/a><em>.<\/em><\/p>\n","protected":false},"excerpt":{"rendered":"<p>V\u00f6gel -&gt; wildes Durcheinander V\u00f6gel von A-Z Zur Galerie sonstiger Vogelarten Die Haubenlerche (Galerida cristata) ist eine Vogelart aus der Familie der Lerchen. Die Haubenlerche wird etwa 18\u00a0cm gro\u00df und ca. 45\u00a0g schwer. Sie ist unauff\u00e4llig gef\u00e4rbt, von gedrungener Gestalt, hat einen kr\u00e4ftigen, gebogenen Schnabel, mittelhohe F\u00fc\u00dfe, gro\u00dfe, breite Fl\u00fcgel und eine Federhaube auf dem &hellip; <a href=\"https:\/\/woerrlein-naturfoto.de\/wordpress\/wildes-durcheinander-a-z\/haubenlerche\/\" class=\"more-link\"><span class=\"screen-reader-text\">Haubenlerche<\/span> weiterlesen <span class=\"meta-nav\">&rarr;<\/span><\/a><\/p>\n","protected":false},"author":1,"featured_media":0,"parent":3118,"menu_order":0,"comment_status":"closed","ping_status":"closed","template":"page-templates\/full-width.php","meta":{"footnotes":""},"class_list":["post-7623","page","type-page","status-publish","hentry"],"_links":{"self":[{"href":"https:\/\/woerrlein-naturfoto.de\/wordpress\/wp-json\/wp\/v2\/pages\/7623","targetHints":{"allow":["GET"]}}],"collection":[{"href":"https:\/\/woerrlein-naturfoto.de\/wordpress\/wp-json\/wp\/v2\/pages"}],"about":[{"href":"https:\/\/woerrlein-naturfoto.de\/wordpress\/wp-json\/wp\/v2\/types\/page"}],"author":[{"embeddable":true,"href":"https:\/\/woerrlein-naturfoto.de\/wordpress\/wp-json\/wp\/v2\/users\/1"}],"replies":[{"embeddable":true,"href":"https:\/\/woerrlein-naturfoto.de\/wordpress\/wp-json\/wp\/v2\/comments?post=7623"}],"version-history":[{"count":6,"href":"https:\/\/woerrlein-naturfoto.de\/wordpress\/wp-json\/wp\/v2\/pages\/7623\/revisions"}],"predecessor-version":[{"id":7630,"href":"https:\/\/woerrlein-naturfoto.de\/wordpress\/wp-json\/wp\/v2\/pages\/7623\/revisions\/7630"}],"up":[{"embeddable":true,"href":"https:\/\/woerrlein-naturfoto.de\/wordpress\/wp-json\/wp\/v2\/pages\/3118"}],"wp:attachment":[{"href":"https:\/\/woerrlein-naturfoto.de\/wordpress\/wp-json\/wp\/v2\/media?parent=7623"}],"curies":[{"name":"wp","href":"https:\/\/api.w.org\/{rel}","templated":true}]}}