{"id":76,"date":"2014-03-30T11:40:13","date_gmt":"2014-03-30T09:40:13","guid":{"rendered":"http:\/\/woerrlein-naturfoto.de\/wordpress\/?page_id=76"},"modified":"2021-12-13T11:41:42","modified_gmt":"2021-12-13T10:41:42","slug":"impressum","status":"publish","type":"page","link":"https:\/\/woerrlein-naturfoto.de\/wordpress\/impressum\/","title":{"rendered":"IMPRESSUM"},"content":{"rendered":"<p>Das Ziel dieser privaten Fotoseite ist, unsere Fotos anderen Menschen zu zeigen, und dadurch beim Betrachter Interesse an der Natur und deren Erhalt zu wecken\u00a0 .<\/p>\n<h3><span style=\"text-decoration: underline;\">Kontaktadresse<\/span><\/h3>\n<p><img loading=\"lazy\" decoding=\"async\" class=\"alignnone wp-image-2050\" src=\"http:\/\/woerrlein-naturfoto.de\/wordpress\/wp-content\/uploads\/Kontaktdaten_w12-600x272.png\" alt=\"Kontaktdaten_w1\" width=\"242\" height=\"110\" srcset=\"https:\/\/woerrlein-naturfoto.de\/wordpress\/wp-content\/uploads\/Kontaktdaten_w12-600x272.png 600w, https:\/\/woerrlein-naturfoto.de\/wordpress\/wp-content\/uploads\/Kontaktdaten_w12.png 875w\" sizes=\"auto, (max-width: 242px) 100vw, 242px\" \/><\/p>\n<h3><span style=\"text-decoration: underline;\"><b>Nutzungsbedingungen<\/b><\/span><\/h3>\n<p>Bitte beachten sie, dass alle Bilder dieser Webseite dem Urheberrecht unterliegen und die Rechte beim jeweiligen Fotografen liegen (siehe Wasserzeichen im Bild). S\u00e4mtliche Bilder d\u00fcrfen ohne schriftliche Genehmigung des jeweiligen Autors, oder dem Betreiber dieser Seite, weder anderweitig verwendet, verarbeitet noch verlinkt werden. Die kostenfreie Verwendung f\u00fcr private oder schulische, nicht kommerzielle Zwecke ist dann zul\u00e4ssig, wenn vorher die Erlaubnis eingeholt und bei dem Bild der Urheber vermerkt wird. Wenn eine kostenpflichtige Nutzung von Bildern f\u00fcr kommerzielle Zwecke erlaubt wird, kann eine Quittung aber keine Rechnung ausgestellt werden.<br \/>\nBei vielen der verwendeten Texte handelt es sich um Ausz\u00fcge aus Artikeln der freien Enzyklop\u00e4die <a href=\"http:\/\/de.wikipedia.org\/wiki\/Wikipedia:Hauptseite\" target=\"_blank\" rel=\"noopener noreferrer\">Wikipedia<\/a>. Diese Texte sind als solche gekennzeichnet und stehen unter der Doppellizenz <a title=\"GNU Free Documentation License\" href=\"http:\/\/www.gnu.org\/licenses\/fdl-1.3.txt\" target=\"_blank\" rel=\"noopener noreferrer\">GNU-Lizenz f\u00fcr freie Dokumentation<\/a> und <a href=\"http:\/\/creativecommons.org\/licenses\/by-sa\/3.0\/legalcode\" target=\"_blank\" rel=\"noopener noreferrer\">Creative Commons CC-BY-SA 3.0 Unported<\/a> (<a href=\"http:\/\/creativecommons.org\/licenses\/by-sa\/3.0\/deed.de\" target=\"_blank\" rel=\"noopener noreferrer\">Kurzfassung<\/a>).<\/p>\n<h3><span style=\"text-decoration: underline;\">Haftungsausschluss<\/span><\/h3>\n<p>Der Betreiber \u00fcbernimmt keinerlei Gew\u00e4hr f\u00fcr die Aktualit\u00e4t, Korrektheit, Vollst\u00e4ndigkeit oder Qualit\u00e4t der bereitgestellten Informationen. Haftungsanspr\u00fcche gegen den Betreiber, welche sich auf Sch\u00e4den materieller oder ideeller Art beziehen, die durch die Nutzung oder Nichtnutzung der dargebotenen Informationen bzw. durch die Nutzung fehlerhafter oder unvollst\u00e4ndiger Informationen verursacht wurden sind grunds\u00e4tzlich ausgeschlossen, sofern seitens des Betreibers kein nachweislich vors\u00e4tzliches oder grob fahrl\u00e4ssiges Verschulden vorliegt. Der Betreiber beh\u00e4lt es sich ausdr\u00fccklich vor, Teile der Seiten oder das gesamte Angebot ohne gesonderte Ank\u00fcndigung zu ver\u00e4ndern, zu erg\u00e4nzen, zu l\u00f6schen oder die Ver\u00f6ffentlichung zeitweise oder endg\u00fcltig einzustellen. Trotz sorgf\u00e4ltiger inhaltlicher Kontrolle \u00fcbernimmt der Betreiber keine Haftung f\u00fcr die Inhalte externer Links. F\u00fcr den Inhalt der verlinkten Seiten ist ausschlie\u00dflich deren Betreiber verantwortlich.<br \/>\nDieser Haftungsausschluss ist als Teil des Internetangebotes zu betrachten, von dem auf diese Seite verwiesen wurde. Sofern Teile oder einzelne Formulierungen dieses Textes nicht, nicht mehr oder nicht vollst\u00e4ndig entsprechen sollten, bleiben die \u00fcbrigen Teile des Dokumentes in ihrem Inhalt und ihrer G\u00fcltigkeit davon unber\u00fchrt.<\/p>\n<h3>\u00a0<span style=\"text-decoration: underline;\">Verantwortlicher<\/span><\/h3>\n<p>Technisch Verantwortlicher so wie Inhaltlich Verantwortlicher gem\u00e4\u00df \u00a7 55 Abs. 2 RStV: Dieter W\u00f6rrlein (Kontakt siehe oben)<\/p>\n<p><a href=\"javascript:history.back()\">zur&uuml;ck<\/a><\/p>\n","protected":false},"excerpt":{"rendered":"<p>Das Ziel dieser privaten Fotoseite ist, unsere Fotos anderen Menschen zu zeigen, und dadurch beim Betrachter Interesse an der Natur und deren Erhalt zu wecken\u00a0 . Kontaktadresse Nutzungsbedingungen Bitte beachten sie, dass alle Bilder dieser Webseite dem Urheberrecht unterliegen und die Rechte beim jeweiligen Fotografen liegen (siehe Wasserzeichen im Bild). S\u00e4mtliche Bilder d\u00fcrfen ohne schriftliche &hellip; <a href=\"https:\/\/woerrlein-naturfoto.de\/wordpress\/impressum\/\" class=\"more-link\"><span class=\"screen-reader-text\">IMPRESSUM<\/span> weiterlesen <span class=\"meta-nav\">&rarr;<\/span><\/a><\/p>\n","protected":false},"author":1,"featured_media":0,"parent":0,"menu_order":0,"comment_status":"closed","ping_status":"closed","template":"","meta":{"footnotes":""},"class_list":["post-76","page","type-page","status-publish","hentry"],"_links":{"self":[{"href":"https:\/\/woerrlein-naturfoto.de\/wordpress\/wp-json\/wp\/v2\/pages\/76","targetHints":{"allow":["GET"]}}],"collection":[{"href":"https:\/\/woerrlein-naturfoto.de\/wordpress\/wp-json\/wp\/v2\/pages"}],"about":[{"href":"https:\/\/woerrlein-naturfoto.de\/wordpress\/wp-json\/wp\/v2\/types\/page"}],"author":[{"embeddable":true,"href":"https:\/\/woerrlein-naturfoto.de\/wordpress\/wp-json\/wp\/v2\/users\/1"}],"replies":[{"embeddable":true,"href":"https:\/\/woerrlein-naturfoto.de\/wordpress\/wp-json\/wp\/v2\/comments?post=76"}],"version-history":[{"count":79,"href":"https:\/\/woerrlein-naturfoto.de\/wordpress\/wp-json\/wp\/v2\/pages\/76\/revisions"}],"predecessor-version":[{"id":14197,"href":"https:\/\/woerrlein-naturfoto.de\/wordpress\/wp-json\/wp\/v2\/pages\/76\/revisions\/14197"}],"wp:attachment":[{"href":"https:\/\/woerrlein-naturfoto.de\/wordpress\/wp-json\/wp\/v2\/media?parent=76"}],"curies":[{"name":"wp","href":"https:\/\/api.w.org\/{rel}","templated":true}]}}