{"id":7470,"date":"2015-09-27T19:54:31","date_gmt":"2015-09-27T17:54:31","guid":{"rendered":"http:\/\/woerrlein-naturfoto.de\/wordpress\/?page_id=7470"},"modified":"2015-09-27T19:56:37","modified_gmt":"2015-09-27T17:56:37","slug":"zilpzalp","status":"publish","type":"page","link":"https:\/\/woerrlein-naturfoto.de\/wordpress\/zweigsaenger-a-z\/zilpzalp\/","title":{"rendered":"Zilpzalp"},"content":{"rendered":"<p><a href=\"http:\/\/woerrlein-naturfoto.de\/wordpress\/voegel\/\"><span style=\"color: #ffff66;\">V\u00f6gel<\/span> <\/a>-&gt;<a href=\"http:\/\/woerrlein-naturfoto.de\/wordpress\/voegel\/sperlingsvoegel\/\"> <span style=\"color: #ffff66;\">Sperlingsv\u00f6gel<\/span> <\/a>-&gt;<a href=\"http:\/\/woerrlein-naturfoto.de\/wordpress\/hauptseite-voegel\/voegel\/sperlingsvoegel-2\/zweigsaenger\/\"> <span style=\"color: #ffff66;\">Zweigs\u00e4nger<\/span><\/a><br \/>\n<a title=\"V\u00f6gel von A-Z\" href=\"http:\/\/woerrlein-naturfoto.de\/wordpress\/voegel\/voegel_von_a-z\/\">V\u00f6gel von A-Z<\/a><br \/>\nzur Galerie <a title=\"Zweigs\u00e4nger\" href=\"http:\/\/woerrlein-naturfoto.de\/wordpress\/hauptseite-voegel\/voegel\/sperlingsvoegel-2\/zweigsaenger\/\">Zweigs\u00e4nger<\/a><\/p>\n<p><img loading=\"lazy\" decoding=\"async\" class=\"alignleft wp-image-7469\" src=\"http:\/\/woerrlein-naturfoto.de\/wordpress\/wp-content\/uploads\/2015\/09\/Zilpzalp_D150927_3637-600x400.jpg\" alt=\"Zilpzalp_D150927_3637\" width=\"600\" height=\"400\" srcset=\"https:\/\/woerrlein-naturfoto.de\/wordpress\/wp-content\/uploads\/2015\/09\/Zilpzalp_D150927_3637-600x400.jpg 600w, https:\/\/woerrlein-naturfoto.de\/wordpress\/wp-content\/uploads\/2015\/09\/Zilpzalp_D150927_3637-120x80.jpg 120w, https:\/\/woerrlein-naturfoto.de\/wordpress\/wp-content\/uploads\/2015\/09\/Zilpzalp_D150927_3637.jpg 1000w\" sizes=\"auto, (max-width: 600px) 100vw, 600px\" \/>Der <b>Zilpzalp<\/b> oder <b>Weidenlaubs\u00e4nger<\/b> (<i>Phylloscopus collybita<\/i>) ist eine Vogelart aus der Familie der Grasm\u00fcckenartigen. Dieser Laubs\u00e4nger besiedelt gro\u00dfe Teile der Pal\u00e4arktis vom Nordosten Spaniens und Irland nach Osten bis zur Kolyma in Sibirien. Zilpzalpe sind klein, ohne auffallende Zeichnungen und bewegen sich meist gedeckt in h\u00f6herer Vegetation. Sie fallen daher am ehesten durch den markanten Gesang auf, dem die Art ihren lautmalenden deutschen Namen verdankt. Die Tiere bewohnen ein weites Spektrum bewaldeter Habitate und kommen auch h\u00e4ufig in Parks und den durchgr\u00fcnten Randbereichen von St\u00e4dten vor. Die Nahrung besteht vor allem aus kleinen und weichh\u00e4utigen Insekten. Der Zilpzalp ist je nach geografischer Verbreitung Kurz- bis Langstreckenzieher. Europ\u00e4ische V\u00f6gel \u00fcberwintern im Bereich des Persischen Golfs, im Mittelmeerraum, in den Oasen der Sahara, in der Trockensavanne s\u00fcdlich der Sahara sowie im ostafrikanischen Hochland. Die Art ist in Europa ein sehr h\u00e4ufiger Brutvogel und nicht gef\u00e4hrdet.<\/p>\n<p>L\u00e4nge: 10-11 cm\u00a0\u00a0 Spannweite: 15-21 cm\u00a0\u00a0 Gewicht: 7-8 g\u00a0\u00a0 Gelege: 4-9, meist 5-6 Eier<\/p>\n<p>Zur Galerie <a title=\"Zweigs\u00e4nger\" href=\"http:\/\/woerrlein-naturfoto.de\/wordpress\/hauptseite-voegel\/voegel\/sperlingsvoegel-2\/zweigsaenger\/\">Zweigs\u00e4nger<\/a><\/p>\n<p><em>Quelle des Textauszuges und weitere Infos bei <\/em><a href=\"https:\/\/de.wikipedia.org\/wiki\/Zilpzalp\" target=\"_blank\">Wikipedia<\/a> <em>(<\/em><a href=\"http:\/\/www.gnu.org\/licenses\/fdl-1.3.txt\" target=\"_blank\">GNU-Lizenz<\/a><em>)<\/em> \u2013 <em>mein Dank gilt den<\/em> <a href=\"https:\/\/de.wikipedia.org\/w\/index.php?title=Zilpzalp&amp;action=history\" target=\"_blank\">Autoren<\/a>.<\/p>\n","protected":false},"excerpt":{"rendered":"<p>V\u00f6gel -&gt; Sperlingsv\u00f6gel -&gt; Zweigs\u00e4nger V\u00f6gel von A-Z zur Galerie Zweigs\u00e4nger Der Zilpzalp oder Weidenlaubs\u00e4nger (Phylloscopus collybita) ist eine Vogelart aus der Familie der Grasm\u00fcckenartigen. Dieser Laubs\u00e4nger besiedelt gro\u00dfe Teile der Pal\u00e4arktis vom Nordosten Spaniens und Irland nach Osten bis zur Kolyma in Sibirien. Zilpzalpe sind klein, ohne auffallende Zeichnungen und bewegen sich meist gedeckt &hellip; <a href=\"https:\/\/woerrlein-naturfoto.de\/wordpress\/zweigsaenger-a-z\/zilpzalp\/\" class=\"more-link\"><span class=\"screen-reader-text\">Zilpzalp<\/span> weiterlesen <span class=\"meta-nav\">&rarr;<\/span><\/a><\/p>\n","protected":false},"author":1,"featured_media":0,"parent":3021,"menu_order":0,"comment_status":"closed","ping_status":"closed","template":"page-templates\/full-width.php","meta":{"footnotes":""},"class_list":["post-7470","page","type-page","status-publish","hentry"],"_links":{"self":[{"href":"https:\/\/woerrlein-naturfoto.de\/wordpress\/wp-json\/wp\/v2\/pages\/7470","targetHints":{"allow":["GET"]}}],"collection":[{"href":"https:\/\/woerrlein-naturfoto.de\/wordpress\/wp-json\/wp\/v2\/pages"}],"about":[{"href":"https:\/\/woerrlein-naturfoto.de\/wordpress\/wp-json\/wp\/v2\/types\/page"}],"author":[{"embeddable":true,"href":"https:\/\/woerrlein-naturfoto.de\/wordpress\/wp-json\/wp\/v2\/users\/1"}],"replies":[{"embeddable":true,"href":"https:\/\/woerrlein-naturfoto.de\/wordpress\/wp-json\/wp\/v2\/comments?post=7470"}],"version-history":[{"count":2,"href":"https:\/\/woerrlein-naturfoto.de\/wordpress\/wp-json\/wp\/v2\/pages\/7470\/revisions"}],"predecessor-version":[{"id":7472,"href":"https:\/\/woerrlein-naturfoto.de\/wordpress\/wp-json\/wp\/v2\/pages\/7470\/revisions\/7472"}],"up":[{"embeddable":true,"href":"https:\/\/woerrlein-naturfoto.de\/wordpress\/wp-json\/wp\/v2\/pages\/3021"}],"wp:attachment":[{"href":"https:\/\/woerrlein-naturfoto.de\/wordpress\/wp-json\/wp\/v2\/media?parent=7470"}],"curies":[{"name":"wp","href":"https:\/\/api.w.org\/{rel}","templated":true}]}}