{"id":7453,"date":"2015-09-13T23:00:34","date_gmt":"2015-09-13T21:00:34","guid":{"rendered":"http:\/\/woerrlein-naturfoto.de\/wordpress\/?page_id=7453"},"modified":"2019-10-02T15:31:58","modified_gmt":"2019-10-02T13:31:58","slug":"pappelschwaermer","status":"publish","type":"page","link":"https:\/\/woerrlein-naturfoto.de\/wordpress\/nachtfalter-a-z\/pappelschwaermer\/","title":{"rendered":"Pappelschw\u00e4rmer"},"content":{"rendered":"<p><a href=\"http:\/\/woerrlein-naturfoto.de\/wordpress\/insekten\/\"><span style=\"color: #ffff66;\">Insekten<\/span> <\/a>-&gt;<a href=\"http:\/\/woerrlein-naturfoto.de\/wordpress\/hauptseite-insekten\/insekten\/schmetterlinge-2\/\"> <span style=\"color: #ffff66;\">Schmetterlinge<\/span><\/a>-&gt;<a href=\"https:\/\/woerrlein-naturfoto.de\/wordpress\/hauptseite-insekten\/insekten\/schmetterlinge-2\/nachtfalter\/\"><span style=\"color: #ffff66;\">Nachtfalter<\/span><\/a><br \/>\n<a title=\"Insekten A-Z\" href=\"http:\/\/woerrlein-naturfoto.de\/wordpress\/insekten-a-z\/\">Insekten von A-Z<\/a><br \/>\nzur Galerie <a href=\"https:\/\/woerrlein-naturfoto.de\/wordpress\/hauptseite-insekten\/insekten\/schmetterlinge-2\/nachtfalter\/\">Nachtfalter<\/a><\/p>\n<p><img loading=\"lazy\" decoding=\"async\" class=\"alignleft wp-image-7442\" src=\"http:\/\/woerrlein-naturfoto.de\/wordpress\/wp-content\/uploads\/2015\/09\/Pappelschwaermer_D150602_6491-600x400.jpg\" alt=\"Pappelschwaermer_D150602_6491\" width=\"600\" height=\"400\" srcset=\"https:\/\/woerrlein-naturfoto.de\/wordpress\/wp-content\/uploads\/2015\/09\/Pappelschwaermer_D150602_6491-600x400.jpg 600w, https:\/\/woerrlein-naturfoto.de\/wordpress\/wp-content\/uploads\/2015\/09\/Pappelschwaermer_D150602_6491-120x80.jpg 120w, https:\/\/woerrlein-naturfoto.de\/wordpress\/wp-content\/uploads\/2015\/09\/Pappelschwaermer_D150602_6491.jpg 1000w\" sizes=\"auto, (max-width: 600px) 100vw, 600px\" \/>Der <b>Pappelschw\u00e4rmer<\/b> (<i>Laothoe populi<\/i>) ist ein Schmetterling (Nachtfalter) aus der Familie der Schw\u00e4rmer. Mit einer Fl\u00fcgelspannweite von 72 bis 92 Millimetern geh\u00f6rt er zu den gr\u00f6\u00dferen Faltern Mitteleuropas. Durch seine graue Farbe ist er nachts ideal getarnt. In Ruhehaltung sind die Fl\u00fcgel seitlich abgespreizt, wobei die Hinterfl\u00fcgel vorn unter den Vorderfl\u00fcgeln hervorragen. Bei Gefahr wird der rote Fleck, der sich auf dem Hinterfl\u00fcgel befindet, pr\u00e4sentiert.\u00a0 Das Geschlecht l\u00e4sst sich ausschlie\u00dflich an der F\u00fchlerform feststellen: Die M\u00e4nnchen haben behaarte, die Weibchen unbehaarte F\u00fchler.<\/p>\n<p><strong>Flugzeit:<\/strong>\u00a0\u00a0\u00a0\u00a0 Die erste Generation von Pappelschw\u00e4rmern fliegt von Mai bis Juli, bei g\u00fcnstigen klimatischen Bedingungen wird auch eine zweite Generation gebildet, die von August bis September fliegt.<\/p>\n<p>Zur Galerie <a href=\"https:\/\/woerrlein-naturfoto.de\/wordpress\/hauptseite-insekten\/insekten\/schmetterlinge-2\/nachtfalter\/\">Nachtfalter<\/a><\/p>\n<p><em>Quelle des Textauszuges und weitere Infos bei <\/em><a href=\"https:\/\/de.wikipedia.org\/wiki\/Pappelschw%C3%A4rmer\" target=\"_blank\" rel=\"noopener noreferrer\">Wikipedia<\/a><em> (<\/em><a href=\"http:\/\/www.gnu.org\/licenses\/fdl-1.3.txt\" target=\"_blank\" rel=\"noopener noreferrer\">GNU-Lizenz<\/a><em>)\u2013 mein Dank gilt den <\/em><a href=\"https:\/\/de.wikipedia.org\/w\/index.php?title=Pappelschw%C3%A4rmer&amp;action=history\" target=\"_blank\" rel=\"noopener noreferrer\">Autoren<\/a><em>.<\/em><\/p>\n","protected":false},"excerpt":{"rendered":"<p>Insekten -&gt; Schmetterlinge-&gt;Nachtfalter Insekten von A-Z zur Galerie Nachtfalter Der Pappelschw\u00e4rmer (Laothoe populi) ist ein Schmetterling (Nachtfalter) aus der Familie der Schw\u00e4rmer. Mit einer Fl\u00fcgelspannweite von 72 bis 92 Millimetern geh\u00f6rt er zu den gr\u00f6\u00dferen Faltern Mitteleuropas. Durch seine graue Farbe ist er nachts ideal getarnt. In Ruhehaltung sind die Fl\u00fcgel seitlich abgespreizt, wobei die &hellip; <a href=\"https:\/\/woerrlein-naturfoto.de\/wordpress\/nachtfalter-a-z\/pappelschwaermer\/\" class=\"more-link\"><span class=\"screen-reader-text\">Pappelschw\u00e4rmer<\/span> weiterlesen <span class=\"meta-nav\">&rarr;<\/span><\/a><\/p>\n","protected":false},"author":1,"featured_media":0,"parent":11172,"menu_order":0,"comment_status":"closed","ping_status":"closed","template":"page-templates\/full-width.php","meta":{"footnotes":""},"class_list":["post-7453","page","type-page","status-publish","hentry"],"_links":{"self":[{"href":"https:\/\/woerrlein-naturfoto.de\/wordpress\/wp-json\/wp\/v2\/pages\/7453","targetHints":{"allow":["GET"]}}],"collection":[{"href":"https:\/\/woerrlein-naturfoto.de\/wordpress\/wp-json\/wp\/v2\/pages"}],"about":[{"href":"https:\/\/woerrlein-naturfoto.de\/wordpress\/wp-json\/wp\/v2\/types\/page"}],"author":[{"embeddable":true,"href":"https:\/\/woerrlein-naturfoto.de\/wordpress\/wp-json\/wp\/v2\/users\/1"}],"replies":[{"embeddable":true,"href":"https:\/\/woerrlein-naturfoto.de\/wordpress\/wp-json\/wp\/v2\/comments?post=7453"}],"version-history":[{"count":3,"href":"https:\/\/woerrlein-naturfoto.de\/wordpress\/wp-json\/wp\/v2\/pages\/7453\/revisions"}],"predecessor-version":[{"id":11197,"href":"https:\/\/woerrlein-naturfoto.de\/wordpress\/wp-json\/wp\/v2\/pages\/7453\/revisions\/11197"}],"up":[{"embeddable":true,"href":"https:\/\/woerrlein-naturfoto.de\/wordpress\/wp-json\/wp\/v2\/pages\/11172"}],"wp:attachment":[{"href":"https:\/\/woerrlein-naturfoto.de\/wordpress\/wp-json\/wp\/v2\/media?parent=7453"}],"curies":[{"name":"wp","href":"https:\/\/api.w.org\/{rel}","templated":true}]}}