{"id":7451,"date":"2015-09-13T22:47:07","date_gmt":"2015-09-13T20:47:07","guid":{"rendered":"http:\/\/woerrlein-naturfoto.de\/wordpress\/?page_id=7451"},"modified":"2019-10-02T15:30:57","modified_gmt":"2019-10-02T13:30:57","slug":"kiefernspanner","status":"publish","type":"page","link":"https:\/\/woerrlein-naturfoto.de\/wordpress\/nachtfalter-a-z\/kiefernspanner\/","title":{"rendered":"Kiefernspanner"},"content":{"rendered":"<p><a href=\"http:\/\/woerrlein-naturfoto.de\/wordpress\/insekten\/\"><span style=\"color: #ffff66;\">Insekten<\/span> <\/a>-&gt;<a href=\"http:\/\/woerrlein-naturfoto.de\/wordpress\/hauptseite-insekten\/insekten\/schmetterlinge-2\/\"> <span style=\"color: #ffff66;\">Schmetterlinge<\/span><\/a>-&gt;<a href=\"https:\/\/woerrlein-naturfoto.de\/wordpress\/hauptseite-insekten\/insekten\/schmetterlinge-2\/nachtfalter\/\"><span style=\"color: #ffff66;\">Nachtfalter<\/span><\/a><br \/>\n<a title=\"Insekten A-Z\" href=\"http:\/\/woerrlein-naturfoto.de\/wordpress\/insekten-a-z\/\">Insekten von A-Z<\/a><br \/>\nzur Galerie <a href=\"https:\/\/woerrlein-naturfoto.de\/wordpress\/hauptseite-insekten\/insekten\/schmetterlinge-2\/nachtfalter\/\">Nachtfalter<\/a><\/p>\n<p><img loading=\"lazy\" decoding=\"async\" class=\"alignleft wp-image-7441\" src=\"http:\/\/woerrlein-naturfoto.de\/wordpress\/wp-content\/uploads\/2015\/09\/Kiefernspinner_D150602_6501-400x600.jpg\" alt=\"Kiefernspinner_D150602_6501\" width=\"267\" height=\"400\" srcset=\"https:\/\/woerrlein-naturfoto.de\/wordpress\/wp-content\/uploads\/2015\/09\/Kiefernspinner_D150602_6501-400x600.jpg 400w, https:\/\/woerrlein-naturfoto.de\/wordpress\/wp-content\/uploads\/2015\/09\/Kiefernspinner_D150602_6501.jpg 567w\" sizes=\"auto, (max-width: 267px) 100vw, 267px\" \/>Der <b>Kiefernspanner<\/b> (<i>Bupalus piniaria<\/i>), auch <b>Gemeiner Kiefernspanner<\/b> oder <b>Gemeiner Lichtwald-Kiefernspanner<\/b> ist ein Schmetterling (Nachtfalter) aus der Familie der Spanner.<br \/>\nDie m\u00e4nnlichen Falter haben eine Fl\u00fcgelspannweite von 30 bis 35 Millimetern, die Weibchen von 31 bis 34 mm. M\u00e4nnchen und Weibchen zeigen au\u00dferdem einen <a title=\"Sexualdimorphismus\" href=\"https:\/\/de.wikipedia.org\/wiki\/Sexualdimorphismus\" target=\"_blank\" rel=\"noopener noreferrer\">Sexualdimorphismus<\/a> in F\u00e4rbung und Zeichnung. Die Vorderfl\u00fcgel der M\u00e4nnchen weisen meist eine wei\u00dfe bis hellgelbe Grundfarbe auf, die beim M\u00e4nnchen durch braune Flecke mehr oder weniger stark verdunkelt ist.<\/p>\n<p><strong>Flugzeit:<\/strong>\u00a0\u00a0\u00a0\u00a0 Mai bis Juli<\/p>\n<p>Zur Galerie <a href=\"https:\/\/woerrlein-naturfoto.de\/wordpress\/hauptseite-insekten\/insekten\/schmetterlinge-2\/nachtfalter\/\">Nachtfalter<\/a><\/p>\n<p><em>Quelle des Textauszuges und weitere Infos bei <\/em><a href=\"https:\/\/de.wikipedia.org\/wiki\/Kiefernspanner\" target=\"_blank\" rel=\"noopener noreferrer\">Wikipedia<\/a><em> (<\/em><a href=\"http:\/\/www.gnu.org\/licenses\/fdl-1.3.txt\" target=\"_blank\" rel=\"noopener noreferrer\">GNU-Lizenz<\/a><em>)\u2013 mein Dank gilt den <\/em><a href=\"https:\/\/de.wikipedia.org\/w\/index.php?title=Kiefernspanner&amp;action=history\" target=\"_blank\" rel=\"noopener noreferrer\">Autoren<\/a><em>.<\/em><\/p>\n","protected":false},"excerpt":{"rendered":"<p>Insekten -&gt; Schmetterlinge-&gt;Nachtfalter Insekten von A-Z zur Galerie Nachtfalter Der Kiefernspanner (Bupalus piniaria), auch Gemeiner Kiefernspanner oder Gemeiner Lichtwald-Kiefernspanner ist ein Schmetterling (Nachtfalter) aus der Familie der Spanner. Die m\u00e4nnlichen Falter haben eine Fl\u00fcgelspannweite von 30 bis 35 Millimetern, die Weibchen von 31 bis 34 mm. M\u00e4nnchen und Weibchen zeigen au\u00dferdem einen Sexualdimorphismus in F\u00e4rbung &hellip; <a href=\"https:\/\/woerrlein-naturfoto.de\/wordpress\/nachtfalter-a-z\/kiefernspanner\/\" class=\"more-link\"><span class=\"screen-reader-text\">Kiefernspanner<\/span> weiterlesen <span class=\"meta-nav\">&rarr;<\/span><\/a><\/p>\n","protected":false},"author":1,"featured_media":0,"parent":11172,"menu_order":0,"comment_status":"closed","ping_status":"closed","template":"page-templates\/full-width.php","meta":{"footnotes":""},"class_list":["post-7451","page","type-page","status-publish","hentry"],"_links":{"self":[{"href":"https:\/\/woerrlein-naturfoto.de\/wordpress\/wp-json\/wp\/v2\/pages\/7451","targetHints":{"allow":["GET"]}}],"collection":[{"href":"https:\/\/woerrlein-naturfoto.de\/wordpress\/wp-json\/wp\/v2\/pages"}],"about":[{"href":"https:\/\/woerrlein-naturfoto.de\/wordpress\/wp-json\/wp\/v2\/types\/page"}],"author":[{"embeddable":true,"href":"https:\/\/woerrlein-naturfoto.de\/wordpress\/wp-json\/wp\/v2\/users\/1"}],"replies":[{"embeddable":true,"href":"https:\/\/woerrlein-naturfoto.de\/wordpress\/wp-json\/wp\/v2\/comments?post=7451"}],"version-history":[{"count":3,"href":"https:\/\/woerrlein-naturfoto.de\/wordpress\/wp-json\/wp\/v2\/pages\/7451\/revisions"}],"predecessor-version":[{"id":11194,"href":"https:\/\/woerrlein-naturfoto.de\/wordpress\/wp-json\/wp\/v2\/pages\/7451\/revisions\/11194"}],"up":[{"embeddable":true,"href":"https:\/\/woerrlein-naturfoto.de\/wordpress\/wp-json\/wp\/v2\/pages\/11172"}],"wp:attachment":[{"href":"https:\/\/woerrlein-naturfoto.de\/wordpress\/wp-json\/wp\/v2\/media?parent=7451"}],"curies":[{"name":"wp","href":"https:\/\/api.w.org\/{rel}","templated":true}]}}