{"id":7374,"date":"2015-08-23T11:05:24","date_gmt":"2015-08-23T09:05:24","guid":{"rendered":"http:\/\/woerrlein-naturfoto.de\/wordpress\/?page_id=7374"},"modified":"2015-08-23T11:05:48","modified_gmt":"2015-08-23T09:05:48","slug":"blauracke","status":"publish","type":"page","link":"https:\/\/woerrlein-naturfoto.de\/wordpress\/rackenvoegel-a-z\/blauracke\/","title":{"rendered":"Blauracke"},"content":{"rendered":"<p><a href=\"http:\/\/woerrlein-naturfoto.de\/wordpress\/voegel\/\"><span style=\"color: #ffff66;\">V\u00f6gel<\/span> <\/a>-&gt;<a href=\"http:\/\/woerrlein-naturfoto.de\/wordpress\/hauptseite-voegel\/voegel\/rackenvoegel-2\/\"> <span style=\"color: #ffff66;\">Rackenv\u00f6gel<\/span><\/a><a href=\"http:\/\/woerrlein-naturfoto.de\/wordpress\/voegel\/sperlingsvoegel\/drosseln\"><br \/>\n<\/a><a title=\"V\u00f6gel von A-Z\" href=\"http:\/\/woerrlein-naturfoto.de\/wordpress\/voegel\/voegel_von_a-z\/\">V\u00f6gel von A-Z<\/a><br \/>\nZur Galerie <a title=\"Eulen\" href=\"http:\/\/woerrlein-naturfoto.de\/wordpress\/hauptseite-voegel\/voegel\/rackenvoegel-2\/\">Rackenv\u00f6gel<\/a><\/p>\n<p><img loading=\"lazy\" decoding=\"async\" class=\"alignleft wp-image-7375\" src=\"http:\/\/woerrlein-naturfoto.de\/wordpress\/wp-content\/uploads\/2015\/08\/Blauracke_D150601_62081-400x600.jpg\" alt=\"Blauracke_D150601_6208\" width=\"267\" height=\"400\" srcset=\"https:\/\/woerrlein-naturfoto.de\/wordpress\/wp-content\/uploads\/2015\/08\/Blauracke_D150601_62081-400x600.jpg 400w, https:\/\/woerrlein-naturfoto.de\/wordpress\/wp-content\/uploads\/2015\/08\/Blauracke_D150601_62081.jpg 567w\" sizes=\"auto, (max-width: 267px) 100vw, 267px\" \/><\/p>\n<p>Die <b>Blauracke<\/b> oder <b>Mandelkr\u00e4he<\/b> (<i>Coracias garrulus<\/i>) ist ein etwa h\u00e4hergro\u00dfer Vertreter der Racken. Der mit t\u00fcrkisfarbenen und azurblauen Gefiederbereichen sehr auffallend gef\u00e4rbte Vogel ist in Europa der einzige Vertreter dieser Familie. Blauracken sind Weitstreckenzieher, das hei\u00dft alle verlassen im Sp\u00e4tsommer und Fr\u00fchherbst ihre Brutgebiete in der westlichen, s\u00fcdlichen und zentralen Pal\u00e4arktis, um vor allem im \u00f6stlichen und s\u00fcdlichen Afrika zu \u00fcberwintern.<br \/>\nBlauracken br\u00fcten in nat\u00fcrlichen Baumh\u00f6hlen, in ger\u00e4umigen Spechth\u00f6hlen oder graben in Sand- oder L\u00f6ssabbr\u00fcche Brutr\u00f6hren. Sie ern\u00e4hren sich von gro\u00dfen Insekten, vor allem von K\u00e4fern, die von einem Ansitz aus ersp\u00e4ht und am Boden erbeutet werden.<br \/>\nDer Gesamtbestand der Blauracke wird momentan als <i>nahezu gef\u00e4hrdet<\/i> (NT = Near Threatened \u2013 Vorwarnstufe) bewertet. In Mitteleuropa war die Blauracke bis zur Mitte des 19. Jh. zwar nicht h\u00e4ufig, aber weit verbreitet. Heute ist sie hier bis auf wenige Restvorkommen ausgestorben, in Nordosteuropa und neuerdings auch in S\u00fcdosteuropa und der T\u00fcrkei sind signifikante Bestandsr\u00fcckg\u00e4nge zu verzeichnen.<\/p>\n<p>L\u00e4nge: 30-32 cm\u00a0\u00a0 Spannweite: 66-73 cm\u00a0\u00a0 Gewicht: 100-160 g\u00a0\u00a0 Gelege: 3-5 Eier<\/p>\n<p>zur Galerie <a title=\"Eulen\" href=\"http:\/\/woerrlein-naturfoto.de\/wordpress\/hauptseite-voegel\/voegel\/rackenvoegel-2\/\">Rackenv\u00f6gel<\/a><code><br \/>\n<\/code><\/p>\n<p>&nbsp;<\/p>\n<p><em>Quelle des Textauszuges und weitere Infos bei <\/em><a href=\"https:\/\/de.wikipedia.org\/wiki\/Blauracke\" target=\"_blank\">Wikipedia<\/a> <em>(<\/em><a href=\"http:\/\/www.gnu.org\/licenses\/fdl-1.3.txt\" target=\"_blank\">GNU-Lizenz<\/a><em>)<\/em> \u2013 <em>mein Dank gilt den<\/em> <a href=\"https:\/\/de.wikipedia.org\/w\/index.php?title=Blauracke&amp;action=history\" target=\"_blank\">Autoren<\/a>.<\/p>\n","protected":false},"excerpt":{"rendered":"<p>V\u00f6gel -&gt; Rackenv\u00f6gel V\u00f6gel von A-Z Zur Galerie Rackenv\u00f6gel Die Blauracke oder Mandelkr\u00e4he (Coracias garrulus) ist ein etwa h\u00e4hergro\u00dfer Vertreter der Racken. Der mit t\u00fcrkisfarbenen und azurblauen Gefiederbereichen sehr auffallend gef\u00e4rbte Vogel ist in Europa der einzige Vertreter dieser Familie. Blauracken sind Weitstreckenzieher, das hei\u00dft alle verlassen im Sp\u00e4tsommer und Fr\u00fchherbst ihre Brutgebiete in der &hellip; <a href=\"https:\/\/woerrlein-naturfoto.de\/wordpress\/rackenvoegel-a-z\/blauracke\/\" class=\"more-link\"><span class=\"screen-reader-text\">Blauracke<\/span> weiterlesen <span class=\"meta-nav\">&rarr;<\/span><\/a><\/p>\n","protected":false},"author":1,"featured_media":0,"parent":7359,"menu_order":0,"comment_status":"closed","ping_status":"closed","template":"page-templates\/full-width.php","meta":{"footnotes":""},"class_list":["post-7374","page","type-page","status-publish","hentry"],"_links":{"self":[{"href":"https:\/\/woerrlein-naturfoto.de\/wordpress\/wp-json\/wp\/v2\/pages\/7374","targetHints":{"allow":["GET"]}}],"collection":[{"href":"https:\/\/woerrlein-naturfoto.de\/wordpress\/wp-json\/wp\/v2\/pages"}],"about":[{"href":"https:\/\/woerrlein-naturfoto.de\/wordpress\/wp-json\/wp\/v2\/types\/page"}],"author":[{"embeddable":true,"href":"https:\/\/woerrlein-naturfoto.de\/wordpress\/wp-json\/wp\/v2\/users\/1"}],"replies":[{"embeddable":true,"href":"https:\/\/woerrlein-naturfoto.de\/wordpress\/wp-json\/wp\/v2\/comments?post=7374"}],"version-history":[{"count":1,"href":"https:\/\/woerrlein-naturfoto.de\/wordpress\/wp-json\/wp\/v2\/pages\/7374\/revisions"}],"predecessor-version":[{"id":7376,"href":"https:\/\/woerrlein-naturfoto.de\/wordpress\/wp-json\/wp\/v2\/pages\/7374\/revisions\/7376"}],"up":[{"embeddable":true,"href":"https:\/\/woerrlein-naturfoto.de\/wordpress\/wp-json\/wp\/v2\/pages\/7359"}],"wp:attachment":[{"href":"https:\/\/woerrlein-naturfoto.de\/wordpress\/wp-json\/wp\/v2\/media?parent=7374"}],"curies":[{"name":"wp","href":"https:\/\/api.w.org\/{rel}","templated":true}]}}