{"id":7357,"date":"2015-08-23T09:44:51","date_gmt":"2015-08-23T07:44:51","guid":{"rendered":"http:\/\/woerrlein-naturfoto.de\/wordpress\/?page_id=7357"},"modified":"2015-08-23T10:24:06","modified_gmt":"2015-08-23T08:24:06","slug":"bienenfresser","status":"publish","type":"page","link":"https:\/\/woerrlein-naturfoto.de\/wordpress\/rackenvoegel-a-z\/bienenfresser\/","title":{"rendered":"Bienenfresser"},"content":{"rendered":"<p><a href=\"http:\/\/woerrlein-naturfoto.de\/wordpress\/voegel\/\"><span style=\"color: #ffff66;\">V\u00f6gel<\/span> <\/a>-&gt;<a href=\"http:\/\/woerrlein-naturfoto.de\/wordpress\/hauptseite-voegel\/voegel\/rackenvoegel-2\/\"> <span style=\"color: #ffff66;\">Rackenv\u00f6gel<\/span><\/a><a href=\"http:\/\/woerrlein-naturfoto.de\/wordpress\/voegel\/sperlingsvoegel\/drosseln\"><br \/>\n<\/a><a title=\"V\u00f6gel von A-Z\" href=\"http:\/\/woerrlein-naturfoto.de\/wordpress\/voegel\/voegel_von_a-z\/\">V\u00f6gel von A-Z<\/a><br \/>\nZur Galerie <a title=\"Eulen\" href=\"http:\/\/woerrlein-naturfoto.de\/wordpress\/hauptseite-voegel\/voegel\/rackenvoegel-2\/\">Rackenv\u00f6gel<\/a><\/p>\n<p><img loading=\"lazy\" decoding=\"async\" class=\"alignleft wp-image-7368\" src=\"http:\/\/woerrlein-naturfoto.de\/wordpress\/wp-content\/uploads\/2015\/08\/Bienenfresser_D150601_58951-600x400.jpg\" alt=\"Bienenfresser_D150601_5895\" width=\"600\" height=\"400\" srcset=\"https:\/\/woerrlein-naturfoto.de\/wordpress\/wp-content\/uploads\/2015\/08\/Bienenfresser_D150601_58951-600x400.jpg 600w, https:\/\/woerrlein-naturfoto.de\/wordpress\/wp-content\/uploads\/2015\/08\/Bienenfresser_D150601_58951-120x80.jpg 120w, https:\/\/woerrlein-naturfoto.de\/wordpress\/wp-content\/uploads\/2015\/08\/Bienenfresser_D150601_58951.jpg 1000w\" sizes=\"auto, (max-width: 600px) 100vw, 600px\" \/>Der <b>Bienenfresser<\/b> (<i>Merops apiaster<\/i>) ist ein auffallend bunter Vogel aus der gleichnamigen Familie der Bienenfresser (Meropidae). Er geh\u00f6rt zu den in Afrika \u00fcberwinternden Zugv\u00f6geln. Der Bienenfresser bevorzugt warmes Klima. Sein Verbreitungsgebiet reicht von S\u00fcdwest- und Vorderasien, Nordwestafrika sowie S\u00fcd- und S\u00fcdosteuropa nordw\u00e4rts bis S\u00fcdostpolen. In Deutschland galt er Ende der 1980er Jahre als ausgestorben, seit 1990 wandert er jedoch wieder ein. Er hat sich zu Beginn des 21. Jahrhunderts im Bereich um den Kaiserstuhl in Deutschland angesiedelt. 2011 lebte die H\u00e4lfte der in Deutschland br\u00fctenden Paare im s\u00fcdlichen Sachsen-Anhalt bei Merseburg.<br \/>\nDer Bienenfresser erbeutet im Flug vor allem die Hautfl\u00fcgler Bienen, Wespen, Hummeln, Hornissen, aber auch Libellen, Zikaden und fliegende K\u00e4fer. Da viele wehrhaft sind, fliegt er nach Ergreifen des Insektes zun\u00e4chst zu einer nahegelegenen Sitzwarte. Dort wird es mit kr\u00e4ftigen Hieben auf die Unterlage get\u00f6tet und durchgeknetet, wobei sich die Giftdr\u00fcse des Stachels entleert. Erst dann wird das Beutetier verschluckt oder an die Jungen weitergegeben.<\/p>\n<p>L\u00e4nge: 27-29 cm\u00a0\u00a0 Spannweite: 44-49 cm\u00a0\u00a0 Gewicht: 45-75 g\u00a0\u00a0 Gelege: 6-7 Eier<\/p>\n<p>zur Galerie <a title=\"Eulen\" href=\"http:\/\/woerrlein-naturfoto.de\/wordpress\/hauptseite-voegel\/voegel\/rackenvoegel-2\/\">Rackenv\u00f6gel<\/a><code><br \/>\n<\/code><\/p>\n<p>&nbsp;<\/p>\n<p><em>Quelle des Textauszuges und weitere Infos bei <\/em><a href=\"https:\/\/de.wikipedia.org\/wiki\/Bienenfresser_%28Art%29\" target=\"_blank\">Wikipedia<\/a> <em>(<\/em><a href=\"http:\/\/www.gnu.org\/licenses\/fdl-1.3.txt\" target=\"_blank\">GNU-Lizenz<\/a><em>)<\/em> \u2013 <em>mein Dank gilt den<\/em> <a href=\"https:\/\/de.wikipedia.org\/w\/index.php?title=Bienenfresser_%28Art%29&amp;action=history\" target=\"_blank\">Autoren<\/a>.<\/p>\n","protected":false},"excerpt":{"rendered":"<p>V\u00f6gel -&gt; Rackenv\u00f6gel V\u00f6gel von A-Z Zur Galerie Rackenv\u00f6gel Der Bienenfresser (Merops apiaster) ist ein auffallend bunter Vogel aus der gleichnamigen Familie der Bienenfresser (Meropidae). Er geh\u00f6rt zu den in Afrika \u00fcberwinternden Zugv\u00f6geln. Der Bienenfresser bevorzugt warmes Klima. Sein Verbreitungsgebiet reicht von S\u00fcdwest- und Vorderasien, Nordwestafrika sowie S\u00fcd- und S\u00fcdosteuropa nordw\u00e4rts bis S\u00fcdostpolen. In Deutschland &hellip; <a href=\"https:\/\/woerrlein-naturfoto.de\/wordpress\/rackenvoegel-a-z\/bienenfresser\/\" class=\"more-link\"><span class=\"screen-reader-text\">Bienenfresser<\/span> weiterlesen <span class=\"meta-nav\">&rarr;<\/span><\/a><\/p>\n","protected":false},"author":1,"featured_media":0,"parent":7359,"menu_order":0,"comment_status":"closed","ping_status":"closed","template":"page-templates\/full-width.php","meta":{"footnotes":""},"class_list":["post-7357","page","type-page","status-publish","hentry"],"_links":{"self":[{"href":"https:\/\/woerrlein-naturfoto.de\/wordpress\/wp-json\/wp\/v2\/pages\/7357","targetHints":{"allow":["GET"]}}],"collection":[{"href":"https:\/\/woerrlein-naturfoto.de\/wordpress\/wp-json\/wp\/v2\/pages"}],"about":[{"href":"https:\/\/woerrlein-naturfoto.de\/wordpress\/wp-json\/wp\/v2\/types\/page"}],"author":[{"embeddable":true,"href":"https:\/\/woerrlein-naturfoto.de\/wordpress\/wp-json\/wp\/v2\/users\/1"}],"replies":[{"embeddable":true,"href":"https:\/\/woerrlein-naturfoto.de\/wordpress\/wp-json\/wp\/v2\/comments?post=7357"}],"version-history":[{"count":5,"href":"https:\/\/woerrlein-naturfoto.de\/wordpress\/wp-json\/wp\/v2\/pages\/7357\/revisions"}],"predecessor-version":[{"id":7371,"href":"https:\/\/woerrlein-naturfoto.de\/wordpress\/wp-json\/wp\/v2\/pages\/7357\/revisions\/7371"}],"up":[{"embeddable":true,"href":"https:\/\/woerrlein-naturfoto.de\/wordpress\/wp-json\/wp\/v2\/pages\/7359"}],"wp:attachment":[{"href":"https:\/\/woerrlein-naturfoto.de\/wordpress\/wp-json\/wp\/v2\/media?parent=7357"}],"curies":[{"name":"wp","href":"https:\/\/api.w.org\/{rel}","templated":true}]}}